{"id":6838,"date":"2023-10-15T08:45:49","date_gmt":"2023-10-15T08:45:49","guid":{"rendered":"https:\/\/kiemmi.com\/?post_type=product&#038;p=6838"},"modified":"2025-09-15T12:13:03","modified_gmt":"2025-09-15T12:13:03","slug":"drewniany-uchwyt-na-telefon-komorkowy-z-wygrawerowanymi-psami","status":"publish","type":"product","link":"https:\/\/kiemmi.com\/pl\/shop\/soportes-para-moviles\/soporte-para-moviles-de-madera-grabado-con-perros\/","title":{"rendered":"Drewniany uchwyt na telefon kom\u00f3rkowy z wygrawerowanym psem"},"content":{"rendered":"<p>Szukasz wyj\u0105tkowego i ekologicznego uchwytu na telefon kom\u00f3rkowy ze spersonalizowanym akcentem dla mi\u0142o\u015bnik\u00f3w ps\u00f3w? Nie szukaj dalej! Przedstawiamy nasz r\u0119cznie wyci\u0119ty laserowo i grawerowany drewniany uchwyt na telefon, ozdobiony uroczymi motywami ps\u00f3w.<\/p>\n<p>Nasz uchwyt na telefon kom\u00f3rkowy \u0142\u0105czy ciep\u0142o i pi\u0119kno drewna z precyzj\u0105 grawerowania laserowego, aby zapewni\u0107 Ci naprawd\u0119 wyj\u0105tkowe akcesorium. Ka\u017cdy element jest starannie wykonany r\u0119cznie, co oznacza, \u017ce nie ma dw\u00f3ch takich samych uchwyt\u00f3w, co czyni go wyj\u0105tkowym i wyj\u0105tkowym prezentem.<\/p>\n<p><strong>Wyr\u00f3\u017cnione funkcje:<\/strong><\/p>\n<ul>\n<li><strong>Zr\u00f3wnowa\u017cone drewno:<\/strong> Stojak ten wykonany jest z drewna pozyskiwanego w spos\u00f3b zr\u00f3wnowa\u017cony, co czyni go wyborem przyjaznym dla \u015brodowiska.<\/li>\n<li><strong>Wzory ps\u00f3w:<\/strong> Nadruki z psami dodaj\u0105 uroczego, osobistego akcentu, kt\u00f3ry wywo\u0142a u\u015bmiech na twarzy ka\u017cdego mi\u0142o\u015bnika ps\u00f3w.<\/li>\n<li><strong>Stabilno\u015b\u0107 i funkcjonalno\u015b\u0107:<\/strong> Nasz uchwyt na telefon zapewnia solidn\u0105 podstaw\u0119 dla Twojego urz\u0105dzenia, dzi\u0119ki czemu mo\u017cesz cieszy\u0107 si\u0119 zestawem g\u0142o\u015bnom\u00f3wi\u0105cym w dowolnym miejscu i czasie.<\/li>\n<li><strong>Idealny na prezent:<\/strong> Ten stojak jest idealnym prezentem dla tych, kt\u00f3rzy uwielbiaj\u0105 swoich psich towarzyszy. To gest uczu\u0107, kt\u00f3ry zostanie doceniony przez d\u0142ugi czas.<\/li>\n<\/ul>\n<p>Niezale\u017cnie od tego, czy chodzi o u\u017cytek osobisty, czy jako znacz\u0105cy prezent, nasz drewniany uchwyt na telefon kom\u00f3rkowy to idealny wyb\u00f3r. Za ka\u017cdym razem, gdy go u\u017cyjesz, przypomnisz sobie pi\u0119kno naturalnego drewna i mi\u0142o\u015b\u0107 do ps\u00f3w.<\/p>\n<p>Dodaj odrobin\u0119 elegancji i \u015bwiadomo\u015bci ekologicznej do swojego codziennego \u017cycia dzi\u0119ki naszemu drewnianemu uchwytowi na telefon. Z\u0142\u00f3\u017c zam\u00f3wienie ju\u017c teraz i poczuj magi\u0119 rzemios\u0142a i pasj\u0119 do ps\u00f3w w ka\u017cdym szczeg\u00f3le!<\/p>\n<p><strong>Wymiary:<\/strong><\/p>\n<ul>\n<li>Szeroko\u015b\u0107: 8cm<\/li>\n<li>Wysoko\u015b\u0107: 15cm<\/li>\n<li>Grubo\u015b\u0107: 3mm<\/li>\n<\/ul>\n<p><strong>Tworzywo:<\/strong><\/p>\n<ul>\n<li>Sklejka brzozowa<\/li>\n<\/ul>","protected":false},"excerpt":{"rendered":"<p>Szukasz ekologicznego uchwytu na telefon kom\u00f3rkowy z grawerem psa? Odkryj nasz r\u0119cznie robiony, wyj\u0105tkowy i trwa\u0142y drewniany stojak. Idealny na prezent lub dla mi\u0142o\u015bnik\u00f3w ps\u00f3w, ka\u017cdy egzemplarz jest wyj\u0105tkowy. Oferujemy stabilno\u015b\u0107 i funkcjonalno\u015b\u0107, \u0142\u0105cz\u0105c pi\u0119kno drewna z mi\u0142o\u015bci\u0105 do k\u0142\u00f3w. Dodaj odrobin\u0119 elegancji i \u015bwiadomo\u015bci ekologicznej do swojego codziennego \u017cycia dzi\u0119ki naszemu drewnianemu uchwytowi na telefon. Zam\u00f3w ju\u017c dzi\u015b!<\/p>","protected":false},"featured_media":6839,"template":"","meta":{"_seopress_robots_primary_cat":"34","_seopress_titles_title":"%%title%%","_seopress_titles_desc":"Soporte para m\u00f3viles de madera grabada con laser con dise\u00f1os de perros. Eco-friendly y \u00fanico, ideal para regalos y amantes de perros.","_seopress_robots_index":"","_seopress_analysis_target_kw":"","site-sidebar-layout":"default","site-content-layout":"","ast-site-content-layout":"default","site-content-style":"default","site-sidebar-style":"default","ast-global-header-display":"","ast-banner-title-visibility":"","ast-main-header-display":"","ast-hfb-above-header-display":"","ast-hfb-below-header-display":"","ast-hfb-mobile-header-display":"","site-post-title":"","ast-breadcrumbs-content":"","ast-featured-img":"","footer-sml-layout":"","ast-disable-related-posts":"","theme-transparent-header-meta":"","adv-header-id-meta":"","stick-header-meta":"","header-above-stick-meta":"","header-main-stick-meta":"","header-below-stick-meta":"","astra-migrate-meta-layouts":"default","ast-page-background-enabled":"default","ast-page-background-meta":{"desktop":{"background-color":"","background-image":"","background-repeat":"repeat","background-position":"center center","background-size":"auto","background-attachment":"scroll","background-type":"","background-media":"","overlay-type":"","overlay-color":"","overlay-opacity":"","overlay-gradient":""},"tablet":{"background-color":"","background-image":"","background-repeat":"repeat","background-position":"center center","background-size":"auto","background-attachment":"scroll","background-type":"","background-media":"","overlay-type":"","overlay-color":"","overlay-opacity":"","overlay-gradient":""},"mobile":{"background-color":"","background-image":"","background-repeat":"repeat","background-position":"center center","background-size":"auto","background-attachment":"scroll","background-type":"","background-media":"","overlay-type":"","overlay-color":"","overlay-opacity":"","overlay-gradient":""}},"ast-content-background-meta":{"desktop":{"background-color":"var(--ast-global-color-5)","background-image":"","background-repeat":"repeat","background-position":"center center","background-size":"auto","background-attachment":"scroll","background-type":"","background-media":"","overlay-type":"","overlay-color":"","overlay-opacity":"","overlay-gradient":""},"tablet":{"background-color":"var(--ast-global-color-5)","background-image":"","background-repeat":"repeat","background-position":"center center","background-size":"auto","background-attachment":"scroll","background-type":"","background-media":"","overlay-type":"","overlay-color":"","overlay-opacity":"","overlay-gradient":""},"mobile":{"background-color":"var(--ast-global-color-5)","background-image":"","background-repeat":"repeat","background-position":"center center","background-size":"auto","background-attachment":"scroll","background-type":"","background-media":"","overlay-type":"","overlay-color":"","overlay-opacity":"","overlay-gradient":""}}},"product_brand":[],"product_cat":[87,49,34],"product_tag":[],"class_list":{"0":"post-6838","1":"product","2":"type-product","3":"status-publish","4":"has-post-thumbnail","6":"product_cat-mascotas","7":"product_cat-regalos-originales","8":"product_cat-soportes-para-moviles","9":"desktop-align-center","10":"tablet-align-left","11":"mobile-align-center","12":"ast-product-gallery-layout-horizontal","13":"ast-magnify-disabled","14":"ast-product-tabs-layout-horizontal","15":"tm-no-options","17":"first","18":"instock","19":"taxable","20":"shipping-taxable","21":"purchasable","22":"product-type-simple"},"_links":{"self":[{"href":"https:\/\/kiemmi.com\/pl\/wp-json\/wp\/v2\/product\/6838","targetHints":{"allow":["GET"]}}],"collection":[{"href":"https:\/\/kiemmi.com\/pl\/wp-json\/wp\/v2\/product"}],"about":[{"href":"https:\/\/kiemmi.com\/pl\/wp-json\/wp\/v2\/types\/product"}],"version-history":[{"count":0,"href":"https:\/\/kiemmi.com\/pl\/wp-json\/wp\/v2\/product\/6838\/revisions"}],"wp:featuredmedia":[{"embeddable":true,"href":"https:\/\/kiemmi.com\/pl\/wp-json\/wp\/v2\/media\/6839"}],"wp:attachment":[{"href":"https:\/\/kiemmi.com\/pl\/wp-json\/wp\/v2\/media?parent=6838"}],"wp:term":[{"taxonomy":"product_brand","embeddable":true,"href":"https:\/\/kiemmi.com\/pl\/wp-json\/wp\/v2\/product_brand?post=6838"},{"taxonomy":"product_cat","embeddable":true,"href":"https:\/\/kiemmi.com\/pl\/wp-json\/wp\/v2\/product_cat?post=6838"},{"taxonomy":"product_tag","embeddable":true,"href":"https:\/\/kiemmi.com\/pl\/wp-json\/wp\/v2\/product_tag?post=6838"}],"curies":[{"name":"wp","href":"https:\/\/api.w.org\/{rel}","templated":true}]}}