{"id":6829,"date":"2023-10-15T07:38:48","date_gmt":"2023-10-15T07:38:48","guid":{"rendered":"https:\/\/kiemmi.com\/?post_type=product&#038;p=6829"},"modified":"2024-10-08T06:59:08","modified_gmt":"2024-10-08T06:59:08","slug":"drewniany-uchwyt-na-telefon-komorkowy-z-wygrawerowanymi-kotami-idealny-dla-milosnikow-kotow","status":"publish","type":"product","link":"https:\/\/kiemmi.com\/pl\/shop\/soportes-para-moviles\/soporte-para-moviles-de-madera-grabado-con-gatos-ideal-para-catlovers\/","title":{"rendered":"Drewniany uchwyt na telefon kom\u00f3rkowy z wygrawerowanym kotem \u2013 idealny dla mi\u0142o\u015bnik\u00f3w kot\u00f3w"},"content":{"rendered":"<p>Odkryj elegancj\u0119 i oryginalno\u015b\u0107 w jednym produkcie: naszym drewnianym stojaku na telefon z wygrawerowanymi uroczymi motywami kot\u00f3w. Ka\u017cdy z tych stojak\u00f3w zosta\u0142 starannie wykonany r\u0119cznie, z mi\u0142o\u015bci\u0105 i precyzj\u0105, co czyni go prawdziwym dzie\u0142em sztuki przyjaznej dla \u015brodowiska.<\/p>\n<p><strong>Wyr\u00f3\u017cnione funkcje:<\/strong><\/p>\n<ul>\n<li><strong>Unikalny projekt kot\u00f3w:<\/strong> Mi\u0142o\u015bnicy kot\u00f3w b\u0119d\u0105 zafascynowani wysokiej jako\u015bci grawerami laserowymi zdobi\u0105cymi ten stojak. Ka\u017cdy szczeg\u00f3\u0142 kot\u00f3w zosta\u0142 podkre\u015blony z wyj\u0105tkow\u0105 precyzj\u0105, dzi\u0119ki czemu jest to idealny prezent dla ka\u017cdego mi\u0142o\u015bnika kot\u00f3w.<\/li>\n<li><strong>Ekologiczne:<\/strong> Wykonane z drewna pochodz\u0105cego z odnawialnych \u017ar\u00f3de\u0142 i proces\u00f3w produkcyjnych przyjaznych dla \u015brodowiska, stoisko to jest \u015bwiadomym wyborem dla tych, kt\u00f3rzy dbaj\u0105 o planet\u0119.<\/li>\n<li><strong>Dost\u0119pne dostosowanie:<\/strong> W niekt\u00f3rych modelach oferujemy mo\u017cliwo\u015b\u0107 personalizacji tego wsparcia za pomoc\u0105 tekstu wed\u0142ug w\u0142asnych upodoba\u0144. Dodaj imi\u0119, specjaln\u0105 dat\u0119 lub osobist\u0105 wiadomo\u015b\u0107, aby uczyni\u0107 j\u0105 jeszcze bardziej znacz\u0105c\u0105!<\/li>\n<li><strong>R\u0119cznie robione z pasj\u0105:<\/strong> Ka\u017cde stoisko jest wizyt\u00f3wk\u0105 sztuki rzemie\u015blniczej, a zaanga\u017cowanie naszych rzemie\u015blnik\u00f3w znajduje odzwierciedlenie w ka\u017cdym egzemplarzu.<\/li>\n<li><strong>Wszechstronna funkcjonalno\u015b\u0107:<\/strong> Uchwyt jest kompatybilny z szerok\u0105 gam\u0105 urz\u0105dze\u0144 mobilnych i mo\u017cna go regulowa\u0107, aby zapewni\u0107 idealny k\u0105t widzenia. Niezale\u017cnie od tego, czy ogl\u0105dasz filmy, prowadzisz rozmowy wideo, czy po prostu \u0142adujesz urz\u0105dzenie, ten stojak jest idealnym towarzyszem.<\/li>\n<li><strong>Wyj\u0105tkowy prezent:<\/strong> Ten uchwyt na telefon to wyj\u0105tkowy prezent, kt\u00f3ry zachwyci ka\u017cdego mi\u0142o\u015bnika kot\u00f3w. Niezale\u017cnie od tego, czy chodzi o urodziny, rocznic\u0119, czy po prostu wyraz uczu\u0107, ten przedmiot wyr\u00f3\u017cnia si\u0119 jako niezapomniany prezent.<\/li>\n<\/ul>\n<p>Dodaj odrobin\u0119 elegancji i charakteru do swojego codziennego \u017cycia dzi\u0119ki temu drewnianemu uchwytowi na telefon z wygrawerowanym kotem. Z\u0142\u00f3\u017c zam\u00f3wienie ju\u017c dzi\u015b i poznaj idealne po\u0142\u0105czenie funkcjonalno\u015bci i sztuki w ekologicznym produkcie. Idealny prezent dla mi\u0142o\u015bnik\u00f3w kot\u00f3w, pasjonat\u00f3w natury i kot\u00f3w.<\/p>\n<p>Nie przegap okazji, aby mie\u0107 swoje w\u0142asne dzie\u0142o sztuki w swoich r\u0119kach. Zam\u00f3w teraz i zabierz do domu ten wyj\u0105tkowy uchwyt na telefon!<\/p>\n<p><strong>Wymiary:<\/strong><\/p>\n<ul>\n<li>Szeroko\u015b\u0107: 8cm<\/li>\n<li>Wysoko\u015b\u0107: 15cm<\/li>\n<li>Grubo\u015b\u0107: 3mm<\/li>\n<\/ul>\n<p><strong>Tworzywo:<\/strong><\/p>\n<ul>\n<li>Sklejka brzozowa<\/li>\n<\/ul>","protected":false},"excerpt":{"rendered":"<p>Odkryj nasz drewniany uchwyt na telefon z wygrawerowanym kotem, ekologiczny i idealny dla mi\u0142o\u015bnik\u00f3w kot\u00f3w. Produkt ten wyr\u00f3\u017cnia si\u0119 niepowtarzalnym designem oraz mo\u017cliwo\u015bci\u0105 personalizacji specjalnym tekstem. Wykonany z trwa\u0142ego drewna i pe\u0142nego pasji rzemios\u0142a, jest \u015bwiadomym wyborem i wyj\u0105tkowym prezentem. Oferuje wszechstronno\u015b\u0107 dla urz\u0105dze\u0144 mobilnych i regulacj\u0119 k\u0105ta widzenia, \u0142\u0105cz\u0105c funkcjonalno\u015b\u0107 i kunszt w jednym produkcie. Zam\u00f3w to dzie\u0142o sztuki ju\u017c dzi\u015b i dodaj elegancji swojemu codziennemu \u017cyciu.<\/p>","protected":false},"featured_media":6830,"template":"","meta":{"_seopress_robots_primary_cat":"34","_seopress_titles_title":"Soportes para m\u00f3viles de madera con gatos - Personalizable","_seopress_titles_desc":"Soporte de madera con gatos grabados, ecofriendly y personalizable. El regalo perfecto para catlovers. \u00a1Ordena ahora y sorprende!","_seopress_robots_index":"","_seopress_analysis_target_kw":"","site-sidebar-layout":"default","site-content-layout":"","ast-site-content-layout":"default","site-content-style":"default","site-sidebar-style":"default","ast-global-header-display":"","ast-banner-title-visibility":"","ast-main-header-display":"","ast-hfb-above-header-display":"","ast-hfb-below-header-display":"","ast-hfb-mobile-header-display":"","site-post-title":"","ast-breadcrumbs-content":"","ast-featured-img":"","footer-sml-layout":"","ast-disable-related-posts":"","theme-transparent-header-meta":"","adv-header-id-meta":"","stick-header-meta":"","header-above-stick-meta":"","header-main-stick-meta":"","header-below-stick-meta":"","astra-migrate-meta-layouts":"default","ast-page-background-enabled":"default","ast-page-background-meta":{"desktop":{"background-color":"","background-image":"","background-repeat":"repeat","background-position":"center center","background-size":"auto","background-attachment":"scroll","background-type":"","background-media":"","overlay-type":"","overlay-color":"","overlay-opacity":"","overlay-gradient":""},"tablet":{"background-color":"","background-image":"","background-repeat":"repeat","background-position":"center center","background-size":"auto","background-attachment":"scroll","background-type":"","background-media":"","overlay-type":"","overlay-color":"","overlay-opacity":"","overlay-gradient":""},"mobile":{"background-color":"","background-image":"","background-repeat":"repeat","background-position":"center center","background-size":"auto","background-attachment":"scroll","background-type":"","background-media":"","overlay-type":"","overlay-color":"","overlay-opacity":"","overlay-gradient":""}},"ast-content-background-meta":{"desktop":{"background-color":"var(--ast-global-color-5)","background-image":"","background-repeat":"repeat","background-position":"center center","background-size":"auto","background-attachment":"scroll","background-type":"","background-media":"","overlay-type":"","overlay-color":"","overlay-opacity":"","overlay-gradient":""},"tablet":{"background-color":"var(--ast-global-color-5)","background-image":"","background-repeat":"repeat","background-position":"center center","background-size":"auto","background-attachment":"scroll","background-type":"","background-media":"","overlay-type":"","overlay-color":"","overlay-opacity":"","overlay-gradient":""},"mobile":{"background-color":"var(--ast-global-color-5)","background-image":"","background-repeat":"repeat","background-position":"center center","background-size":"auto","background-attachment":"scroll","background-type":"","background-media":"","overlay-type":"","overlay-color":"","overlay-opacity":"","overlay-gradient":""}}},"product_brand":[],"product_cat":[87,49,34],"product_tag":[],"class_list":{"0":"post-6829","1":"product","2":"type-product","3":"status-publish","4":"has-post-thumbnail","6":"product_cat-mascotas","7":"product_cat-regalos-originales","8":"product_cat-soportes-para-moviles","9":"desktop-align-center","10":"tablet-align-left","11":"mobile-align-center","12":"ast-product-gallery-layout-horizontal","13":"ast-magnify-disabled","14":"ast-product-tabs-layout-horizontal","15":"tm-has-options","17":"first","18":"instock","19":"taxable","20":"shipping-taxable","21":"purchasable","22":"product-type-simple"},"_links":{"self":[{"href":"https:\/\/kiemmi.com\/pl\/wp-json\/wp\/v2\/product\/6829","targetHints":{"allow":["GET"]}}],"collection":[{"href":"https:\/\/kiemmi.com\/pl\/wp-json\/wp\/v2\/product"}],"about":[{"href":"https:\/\/kiemmi.com\/pl\/wp-json\/wp\/v2\/types\/product"}],"version-history":[{"count":0,"href":"https:\/\/kiemmi.com\/pl\/wp-json\/wp\/v2\/product\/6829\/revisions"}],"wp:featuredmedia":[{"embeddable":true,"href":"https:\/\/kiemmi.com\/pl\/wp-json\/wp\/v2\/media\/6830"}],"wp:attachment":[{"href":"https:\/\/kiemmi.com\/pl\/wp-json\/wp\/v2\/media?parent=6829"}],"wp:term":[{"taxonomy":"product_brand","embeddable":true,"href":"https:\/\/kiemmi.com\/pl\/wp-json\/wp\/v2\/product_brand?post=6829"},{"taxonomy":"product_cat","embeddable":true,"href":"https:\/\/kiemmi.com\/pl\/wp-json\/wp\/v2\/product_cat?post=6829"},{"taxonomy":"product_tag","embeddable":true,"href":"https:\/\/kiemmi.com\/pl\/wp-json\/wp\/v2\/product_tag?post=6829"}],"curies":[{"name":"wp","href":"https:\/\/api.w.org\/{rel}","templated":true}]}}