{"id":6726,"date":"2023-10-11T06:42:58","date_gmt":"2023-10-11T06:42:58","guid":{"rendered":"https:\/\/kiemmi.com\/?post_type=product&#038;p=6726"},"modified":"2025-09-12T06:19:20","modified_gmt":"2025-09-12T06:19:20","slug":"nie-przeszkadzac-tabliczka-na-drzwi-w-ksztalcie-psa","status":"publish","type":"product","link":"https:\/\/kiemmi.com\/pl\/shop\/decoracion-del-hogar\/letrero-colgante-para-puerta\/cartel-no-molestar-para-puerta-en-forma-de-perro\/","title":{"rendered":"Tabliczka na drzwi \u201eNie przeszkadza\u0107\u201d w kszta\u0142cie psa"},"content":{"rendered":"<p>Szukasz wyj\u0105tkowego i uroczego sposobu na personalizacj\u0119 drzwi wej\u015bciowych lub dodanie specjalnego akcentu do pokoju dziecka? Nasza tabliczka na drzwi w kszta\u0142cie psa, starannie wykonana r\u0119cznie z naturalnego drewna metod\u0105 ci\u0119cia i grawerowania laserowego, jest idealn\u0105 odpowiedzi\u0105.<\/p>\n<p>Ka\u017cdy z naszych znak\u00f3w zosta\u0142 zaprojektowany z mi\u0142o\u015bci\u0105 i dba\u0142o\u015bci\u0105 o szczeg\u00f3\u0142y, dzi\u0119ki czemu jest naprawd\u0119 wyj\u0105tkowym elementem wystroju. Mo\u017cliwo\u015b\u0107 personalizacji tekstu pozwala doda\u0107 osobisty i znacz\u0105cy akcent do Twojego domu. Twoja wyobra\u017ania jest granic\u0105!<\/p>\n<p>Ten znak nie tylko doda odrobin\u0119 uroku ka\u017cdemu pomieszczeniu, ale tak\u017ce stworzy ujmuj\u0105c\u0105 atmosfer\u0119, kt\u00f3r\u0105 doceni\u0105 wszyscy mi\u0142o\u015bnicy ps\u00f3w i zwierz\u0105t domowych. Jest to idealny dodatek do ka\u017cdej przestrzeni, od pokoju dzieci\u0119cego po salon, a nawet drzwi wej\u015bciowe.<\/p>\n<p>Jako\u015b\u0107 i trwa\u0142o\u015b\u0107 s\u0105 dla nas podstaw\u0105. Dlatego zabezpieczyli\u015bmy drewno lakierem wodnym, kt\u00f3ry gwarantuje, \u017ce Tw\u00f3j znak na d\u0142ugo zachowa swoje pi\u0119kno i urok.<\/p>\n<p>Chcesz sprawi\u0107 wyj\u0105tkowy prezent mi\u0142o\u015bnikowi ps\u00f3w? Ten znak to doskona\u0142y wyb\u00f3r. To wyj\u0105tkowy spos\u00f3b na okazanie uznania i mi\u0142o\u015bci futrzanym przyjacio\u0142om, kt\u00f3rzy rozja\u015bniaj\u0105 nasze \u017cycie.<\/p>\n<p>Dodaj ciep\u0142a i osobowo\u015bci do swojego domu dzi\u0119ki naszej spersonalizowanej tabliczce na drzwi w kszta\u0142cie psa. Udekoruj ze stylem i poka\u017c swoj\u0105 mi\u0142o\u015b\u0107 do zwierz\u0105t!<\/p>\n<p><b>Charakterystyka<\/b><strong>:<\/strong><\/p>\n<ul>\n<li>Materia\u0142: drewno naturalne (obustronnie lakierowane produktami ekologicznymi)<\/li>\n<li>Wymiary: 12 cm szeroko\u015bci x 24,4 cm wysoko\u015bci x 0,3 cm grubo\u015bci<\/li>\n<\/ul>","protected":false},"excerpt":{"rendered":"<p>Nasz spersonalizowany znak na drzwi w kszta\u0142cie psa, wykonany r\u0119cznie z naturalnego drewna metod\u0105 wycinania i grawerowania laserem, to idealna opcja na udekorowanie Twojego domu w niepowtarzalny spos\u00f3b. Idealnie nadaje si\u0119 do pokoju dzieci\u0119cego lub innego pomieszczenia, kt\u00f3re chcesz uczyni\u0107 wyj\u0105tkowym. Tworzy ujmuj\u0105c\u0105 atmosfer\u0119 i jest pi\u0119knym prezentem dla mi\u0142o\u015bnik\u00f3w ps\u00f3w i zwierz\u0105t domowych. Drewno jest zabezpieczone lakierem na bazie wody, aby zapewni\u0107 jego trwa\u0142o\u015b\u0107 w czasie. Dodaj odrobin\u0119 ciep\u0142a i osobowo\u015bci do swojego domu dzi\u0119ki temu pi\u0119knemu elementowi wystroju.<\/p>","protected":false},"featured_media":6727,"template":"","meta":{"_seopress_robots_primary_cat":"57","_seopress_titles_title":"%%title%% %%page%%","_seopress_titles_desc":"Personaliza tu puerta con encanto \u00fanico: Cartel de puerta de madera con forma de perro grabado l\u00e1ser. Ideal para amantes de mascotas. \u00a1Compra hoy!","_seopress_robots_index":"","_seopress_analysis_target_kw":"","site-sidebar-layout":"default","site-content-layout":"","ast-site-content-layout":"default","site-content-style":"default","site-sidebar-style":"default","ast-global-header-display":"","ast-banner-title-visibility":"","ast-main-header-display":"","ast-hfb-above-header-display":"","ast-hfb-below-header-display":"","ast-hfb-mobile-header-display":"","site-post-title":"","ast-breadcrumbs-content":"","ast-featured-img":"","footer-sml-layout":"","ast-disable-related-posts":"","theme-transparent-header-meta":"default","adv-header-id-meta":"","stick-header-meta":"default","header-above-stick-meta":"","header-main-stick-meta":"","header-below-stick-meta":"","astra-migrate-meta-layouts":"set","ast-page-background-enabled":"default","ast-page-background-meta":{"desktop":{"background-color":"","background-image":"","background-repeat":"repeat","background-position":"center center","background-size":"auto","background-attachment":"scroll","background-type":"","background-media":"","overlay-type":"","overlay-color":"","overlay-opacity":"","overlay-gradient":""},"tablet":{"background-color":"","background-image":"","background-repeat":"repeat","background-position":"center center","background-size":"auto","background-attachment":"scroll","background-type":"","background-media":"","overlay-type":"","overlay-color":"","overlay-opacity":"","overlay-gradient":""},"mobile":{"background-color":"","background-image":"","background-repeat":"repeat","background-position":"center center","background-size":"auto","background-attachment":"scroll","background-type":"","background-media":"","overlay-type":"","overlay-color":"","overlay-opacity":"","overlay-gradient":""}},"ast-content-background-meta":{"desktop":{"background-color":"var(--ast-global-color-5)","background-image":"","background-repeat":"repeat","background-position":"center center","background-size":"auto","background-attachment":"scroll","background-type":"","background-media":"","overlay-type":"","overlay-color":"","overlay-opacity":"","overlay-gradient":""},"tablet":{"background-color":"var(--ast-global-color-5)","background-image":"","background-repeat":"repeat","background-position":"center center","background-size":"auto","background-attachment":"scroll","background-type":"","background-media":"","overlay-type":"","overlay-color":"","overlay-opacity":"","overlay-gradient":""},"mobile":{"background-color":"var(--ast-global-color-5)","background-image":"","background-repeat":"repeat","background-position":"center center","background-size":"auto","background-attachment":"scroll","background-type":"","background-media":"","overlay-type":"","overlay-color":"","overlay-opacity":"","overlay-gradient":""}}},"product_brand":[],"product_cat":[44,51,57,87],"product_tag":[],"class_list":{"0":"post-6726","1":"product","2":"type-product","3":"status-publish","4":"has-post-thumbnail","6":"product_cat-cartel-madera","7":"product_cat-decoracion-del-hogar","8":"product_cat-letrero-colgante-para-puerta","9":"product_cat-mascotas","10":"desktop-align-center","11":"tablet-align-left","12":"mobile-align-center","13":"ast-product-gallery-layout-horizontal","14":"ast-magnify-disabled","15":"ast-product-tabs-layout-horizontal","16":"tm-has-options","18":"first","19":"instock","20":"taxable","21":"shipping-taxable","22":"purchasable","23":"product-type-simple"},"_links":{"self":[{"href":"https:\/\/kiemmi.com\/pl\/wp-json\/wp\/v2\/product\/6726","targetHints":{"allow":["GET"]}}],"collection":[{"href":"https:\/\/kiemmi.com\/pl\/wp-json\/wp\/v2\/product"}],"about":[{"href":"https:\/\/kiemmi.com\/pl\/wp-json\/wp\/v2\/types\/product"}],"version-history":[{"count":0,"href":"https:\/\/kiemmi.com\/pl\/wp-json\/wp\/v2\/product\/6726\/revisions"}],"wp:featuredmedia":[{"embeddable":true,"href":"https:\/\/kiemmi.com\/pl\/wp-json\/wp\/v2\/media\/6727"}],"wp:attachment":[{"href":"https:\/\/kiemmi.com\/pl\/wp-json\/wp\/v2\/media?parent=6726"}],"wp:term":[{"taxonomy":"product_brand","embeddable":true,"href":"https:\/\/kiemmi.com\/pl\/wp-json\/wp\/v2\/product_brand?post=6726"},{"taxonomy":"product_cat","embeddable":true,"href":"https:\/\/kiemmi.com\/pl\/wp-json\/wp\/v2\/product_cat?post=6726"},{"taxonomy":"product_tag","embeddable":true,"href":"https:\/\/kiemmi.com\/pl\/wp-json\/wp\/v2\/product_tag?post=6726"}],"curies":[{"name":"wp","href":"https:\/\/api.w.org\/{rel}","templated":true}]}}