{"id":5871,"date":"2023-06-06T22:23:59","date_gmt":"2023-06-06T22:23:59","guid":{"rendered":"https:\/\/kiemmi.com\/?post_type=product&#038;p=5871"},"modified":"2024-07-28T13:50:36","modified_gmt":"2024-07-28T13:50:36","slug":"drewniana-tablica-dla-nauczycieli","status":"publish","type":"product","link":"https:\/\/kiemmi.com\/pl\/shop\/decoracion-del-hogar\/placa-de-madera-para-profesores\/","title":{"rendered":"Drewniana tablica dla nauczycieli"},"content":{"rendered":"<p>\u015awi\u0119tuj swojego nauczyciela w wyj\u0105tkowy spos\u00f3b dzi\u0119ki naszej spersonalizowanej drewnianej tabliczce dla nauczyciela! Ta wykwintna drewniana tablica jest idealnym prezentem upami\u0119tniaj\u0105cym zako\u0144czenie kursu lub odej\u015bcie na emerytur\u0119 niezapomnianego nauczyciela.<\/p>\n<p>Ka\u017cda tabliczka zawiera elegancki drewniany kr\u0105\u017cek w kszta\u0142cie ko\u0142a, starannie wyci\u0119ty z wypuk\u0142ym i kolorowym imieniem nauczyciela. Ta wyj\u0105tkowa technika podkre\u015bla nazw\u0119 i nadaje jej charakterystyczny i przyci\u0105gaj\u0105cy wzrok akcent. Ponadto wysokiej jako\u015bci drewno u\u017cyte w tablicy pochodzi ze zr\u00f3wnowa\u017conych las\u00f3w europejskich, co odzwierciedla nasze zaanga\u017cowanie w odpowiedzialno\u015b\u0107 za \u015brodowisko.<\/p>\n<p>Ale to nie wszystko, mo\u017cesz tak\u017ce spersonalizowa\u0107 tabliczk\u0119 za pomoc\u0105 wygrawerowanych w drewnie imion uczni\u00f3w! Ta szczeg\u00f3lna cecha pozwala ka\u017cdemu uczniowi zostawi\u0107 sw\u00f3j \u015blad na prezencie, tworz\u0105c niepowtarzaln\u0105 i znacz\u0105c\u0105 pami\u0105tk\u0119. Mo\u017cesz wybra\u0107 zdanie, kt\u00f3re najbardziej Ci si\u0119 podoba, dzi\u0119ki czemu ta tabliczka stanie si\u0119 naprawd\u0119 osobistym i emocjonalnym prezentem.<\/p>\n<p>Nasza drewniana tabliczka dla nauczyciela to co\u015b wi\u0119cej ni\u017c tylko prezent. Jest to trwa\u0142a i znacz\u0105ca pami\u0105tka, kt\u00f3ra rejestruje chwile sp\u0119dzone w klasie i celebruje po\u015bwi\u0119cenie i wp\u0142yw, jaki nauczyciel wywar\u0142 na \u017cycie swoich uczni\u00f3w. Dzi\u0119ki temu prezentowi w namacalny i stylowy spos\u00f3b oka\u017cesz swoj\u0105 wdzi\u0119czno\u015b\u0107 i uznanie.<\/p>\n<p>Nie przegap okazji, aby uhonorowa\u0107 tego wyj\u0105tkowego nauczyciela t\u0105 wyj\u0105tkow\u0105 i zapadaj\u0105c\u0105 w pami\u0119\u0107 plakietk\u0105. Z\u0142\u00f3\u017c zam\u00f3wienie ju\u017c dzi\u015b i podaruj pami\u0105tk\u0119, kt\u00f3ra na zawsze pozostanie w sercu Twojego ulubionego nauczyciela!<\/p>","protected":false},"excerpt":{"rendered":"<p>Uczcij swojego nauczyciela za pomoc\u0105 naszej spersonalizowanej drewnianej plakietki. Drewniany kr\u0105\u017cek z wyt\u0142oczonym imieniem nauczyciela. Drewno pochodzi ze zr\u00f3wnowa\u017conych las\u00f3w europejskich. Nazwiska uczni\u00f3w wygrawerowane na drewnie. Pami\u0105tkowy prezent na zako\u0144czenie roku szkolnego lub emerytur\u0119. Personalizacja frazy wed\u0142ug uczni\u00f3w. Trwa\u0142a i znacz\u0105ca pami\u0105tka dla nauczyciela.<\/p>","protected":false},"featured_media":5883,"template":"","meta":{"_seopress_robots_primary_cat":"51","_seopress_titles_title":"","_seopress_titles_desc":"","_seopress_robots_index":"","_seopress_analysis_target_kw":"","site-sidebar-layout":"default","site-content-layout":"","ast-site-content-layout":"default","site-content-style":"default","site-sidebar-style":"default","ast-global-header-display":"","ast-banner-title-visibility":"","ast-main-header-display":"","ast-hfb-above-header-display":"","ast-hfb-below-header-display":"","ast-hfb-mobile-header-display":"","site-post-title":"","ast-breadcrumbs-content":"","ast-featured-img":"","footer-sml-layout":"","ast-disable-related-posts":"","theme-transparent-header-meta":"","adv-header-id-meta":"","stick-header-meta":"","header-above-stick-meta":"","header-main-stick-meta":"","header-below-stick-meta":"","astra-migrate-meta-layouts":"default","ast-page-background-enabled":"default","ast-page-background-meta":{"desktop":{"background-color":"","background-image":"","background-repeat":"repeat","background-position":"center center","background-size":"auto","background-attachment":"scroll","background-type":"","background-media":"","overlay-type":"","overlay-color":"","overlay-opacity":"","overlay-gradient":""},"tablet":{"background-color":"","background-image":"","background-repeat":"repeat","background-position":"center center","background-size":"auto","background-attachment":"scroll","background-type":"","background-media":"","overlay-type":"","overlay-color":"","overlay-opacity":"","overlay-gradient":""},"mobile":{"background-color":"","background-image":"","background-repeat":"repeat","background-position":"center center","background-size":"auto","background-attachment":"scroll","background-type":"","background-media":"","overlay-type":"","overlay-color":"","overlay-opacity":"","overlay-gradient":""}},"ast-content-background-meta":{"desktop":{"background-color":"var(--ast-global-color-5)","background-image":"","background-repeat":"repeat","background-position":"center center","background-size":"auto","background-attachment":"scroll","background-type":"","background-media":"","overlay-type":"","overlay-color":"","overlay-opacity":"","overlay-gradient":""},"tablet":{"background-color":"var(--ast-global-color-5)","background-image":"","background-repeat":"repeat","background-position":"center center","background-size":"auto","background-attachment":"scroll","background-type":"","background-media":"","overlay-type":"","overlay-color":"","overlay-opacity":"","overlay-gradient":""},"mobile":{"background-color":"var(--ast-global-color-5)","background-image":"","background-repeat":"repeat","background-position":"center center","background-size":"auto","background-attachment":"scroll","background-type":"","background-media":"","overlay-type":"","overlay-color":"","overlay-opacity":"","overlay-gradient":""}}},"product_brand":[],"product_cat":[51,49],"product_tag":[],"class_list":{"0":"post-5871","1":"product","2":"type-product","3":"status-publish","4":"has-post-thumbnail","6":"product_cat-decoracion-del-hogar","7":"product_cat-regalos-originales","8":"desktop-align-center","9":"tablet-align-left","10":"mobile-align-center","11":"ast-product-gallery-layout-horizontal","12":"ast-magnify-disabled","13":"ast-product-tabs-layout-horizontal","14":"tm-has-options","16":"first","17":"instock","18":"taxable","19":"shipping-taxable","20":"purchasable","21":"product-type-simple"},"_links":{"self":[{"href":"https:\/\/kiemmi.com\/pl\/wp-json\/wp\/v2\/product\/5871","targetHints":{"allow":["GET"]}}],"collection":[{"href":"https:\/\/kiemmi.com\/pl\/wp-json\/wp\/v2\/product"}],"about":[{"href":"https:\/\/kiemmi.com\/pl\/wp-json\/wp\/v2\/types\/product"}],"version-history":[{"count":0,"href":"https:\/\/kiemmi.com\/pl\/wp-json\/wp\/v2\/product\/5871\/revisions"}],"wp:featuredmedia":[{"embeddable":true,"href":"https:\/\/kiemmi.com\/pl\/wp-json\/wp\/v2\/media\/5883"}],"wp:attachment":[{"href":"https:\/\/kiemmi.com\/pl\/wp-json\/wp\/v2\/media?parent=5871"}],"wp:term":[{"taxonomy":"product_brand","embeddable":true,"href":"https:\/\/kiemmi.com\/pl\/wp-json\/wp\/v2\/product_brand?post=5871"},{"taxonomy":"product_cat","embeddable":true,"href":"https:\/\/kiemmi.com\/pl\/wp-json\/wp\/v2\/product_cat?post=5871"},{"taxonomy":"product_tag","embeddable":true,"href":"https:\/\/kiemmi.com\/pl\/wp-json\/wp\/v2\/product_tag?post=5871"}],"curies":[{"name":"wp","href":"https:\/\/api.w.org\/{rel}","templated":true}]}}