{"id":5864,"date":"2023-06-05T09:37:06","date_gmt":"2023-06-05T09:37:06","guid":{"rendered":"https:\/\/kiemmi.com\/?post_type=product&#038;p=5864"},"modified":"2024-08-01T08:33:44","modified_gmt":"2024-08-01T08:33:44","slug":"baw-sie-caly-dzien-drewnianym-znakiem-do-dekoracji-scian","status":"publish","type":"product","link":"https:\/\/kiemmi.com\/pl\/shop\/decoracion-del-hogar\/cartel-de-madera-play-all-day-para-decoracion-mural\/","title":{"rendered":"Drewniany napis \u201eGRAJ ca\u0142y dzie\u0144\u201d do dekoracji \u015bcian"},"content":{"rendered":"<p>Pobud\u017a wyobra\u017ani\u0119 swoich ma\u0142ych marzycieli naszym uroczym napisem \u201ePLAY all day\u201d z naturalnego drewna. Ten plakat idealnie nadaje si\u0119 do dekoracji \u015bcian pokoju dzieci\u0119cego, tworz\u0105c przytuln\u0105 i stymuluj\u0105c\u0105 atmosfer\u0119.<\/p>\n<p>Nasz znak z naturalnego drewna zosta\u0142 starannie wykonany z mi\u0142o\u015bci\u0105 i dba\u0142o\u015bci\u0105 o szczeg\u00f3\u0142y. Ka\u017cda litera zosta\u0142a precyzyjnie wyrze\u017abiona z wysokiej jako\u015bci drewna, co nadaje jej d\u0142ugotrwa\u0142y, rustykalny urok. Jego prosty i elegancki design oddaje esencj\u0119 dzieci\u0144stwa, zach\u0119caj\u0105c dzieci do odkrywania swojej wyobra\u017ani i zanurzenia si\u0119 w \u015bwiecie nieograniczonej zabawy.<\/p>\n<p>Umieszczaj\u0105c ten plakat na \u015bcianie pokoju, przypomnisz swoim dzieciom o znaczeniu zabawy. \u201eGRAJ ca\u0142y dzie\u0144\u201d staje si\u0119 ich codziennym mottem, przypominaj\u0105c im, \u017ce ka\u017cda chwila jest okazj\u0105 do marze\u0144, tworzenia i cieszenia si\u0119. Ten znak b\u0119dzie sta\u0142ym przypomnieniem, \u017ce wyobra\u017ania jest motorem Twojego wzrostu i rozwoju.<\/p>\n<p>Niezale\u017cnie od tego, czy Twoje dzieci uwielbiaj\u0105 bawi\u0107 si\u0119 ulubionymi zabawkami, wymy\u015bla\u0107 fantastyczne historie, czy te\u017c zanurza\u0107 si\u0119 w magicznych \u015bwiatach, nasz znak z naturalnego drewna jest idealnym elementem, kt\u00f3ry wzmocni ich dzieci\u0119c\u0105 dusz\u0119. Jego prosty i czaruj\u0105cy design stanie si\u0119 centrum uwagi w pomieszczeniu, dodaj\u0105c wyj\u0105tkowego akcentu ka\u017cdemu zakamarkowi.<\/p>\n<p>Nie przegap okazji, aby udekorowa\u0107 pok\u00f3j swojego malucha tym pi\u0119knym napisem \u201ePLAY all day\u201d z naturalnego drewna. Zapewnij swoim dzieciom przytuln\u0105 przestrze\u0144, kt\u00f3ra celebruje ich dzieci\u0144stwo i pobudza ich nieograniczon\u0105 wyobra\u017ani\u0119. Spraw, aby ka\u017cdy dzie\u0144 sta\u0142 si\u0119 przygod\u0105 pe\u0142n\u0105 gier i zabawy dzi\u0119ki naszemu znakowi z naturalnego drewna \u201ePLAY all day\u201d!<\/p>\n<p>Fotografia wykonana przez <a href=\"https:\/\/www.instagram.com\/p\/CraT5bZtnQS\/\" target=\"_blank\" rel=\"noopener\">moje_rogi<\/a>.<\/p>","protected":false},"excerpt":{"rendered":"<p>Pobud\u017a wyobra\u017ani\u0119 swoich dzieci naszym uroczym napisem \u201ePLAY all day\u201d z naturalnego drewna. Idealny do dekoracji pokoju i pobudzenia kreatywno\u015bci. Ka\u017cda litera jest precyzyjnie wyrze\u017abiona z wysokiej jako\u015bci drewna. Sta\u0142e przypomnienie o znaczeniu zabawy i wyobra\u017ani w ich rozwoju.<\/p>\n<p><strong>Wymiary:<\/strong><\/p>\n<ul>\n<li><strong>&quot;GRA\u0106&quot;<\/strong>: 20 cm wysoko\u015bci x 67 cm d\u0142ugo\u015bci<\/li>\n<li><strong>\u201eca\u0142y dzie\u0144\u201d<\/strong>: 22 cm wysoko\u015bci x 60 cm d\u0142ugo\u015bci<\/li>\n<\/ul>","protected":false},"featured_media":5866,"template":"","meta":{"_seopress_robots_primary_cat":"51","_seopress_titles_title":"%%title%% %%page%%","_seopress_titles_desc":"","_seopress_robots_index":"","_seopress_analysis_target_kw":"","site-sidebar-layout":"default","site-content-layout":"","ast-site-content-layout":"default","site-content-style":"default","site-sidebar-style":"default","ast-global-header-display":"","ast-banner-title-visibility":"","ast-main-header-display":"","ast-hfb-above-header-display":"","ast-hfb-below-header-display":"","ast-hfb-mobile-header-display":"","site-post-title":"","ast-breadcrumbs-content":"","ast-featured-img":"","footer-sml-layout":"","ast-disable-related-posts":"","theme-transparent-header-meta":"","adv-header-id-meta":"","stick-header-meta":"","header-above-stick-meta":"","header-main-stick-meta":"","header-below-stick-meta":"","astra-migrate-meta-layouts":"default","ast-page-background-enabled":"default","ast-page-background-meta":{"desktop":{"background-color":"","background-image":"","background-repeat":"repeat","background-position":"center center","background-size":"auto","background-attachment":"scroll","background-type":"","background-media":"","overlay-type":"","overlay-color":"","overlay-opacity":"","overlay-gradient":""},"tablet":{"background-color":"","background-image":"","background-repeat":"repeat","background-position":"center center","background-size":"auto","background-attachment":"scroll","background-type":"","background-media":"","overlay-type":"","overlay-color":"","overlay-opacity":"","overlay-gradient":""},"mobile":{"background-color":"","background-image":"","background-repeat":"repeat","background-position":"center center","background-size":"auto","background-attachment":"scroll","background-type":"","background-media":"","overlay-type":"","overlay-color":"","overlay-opacity":"","overlay-gradient":""}},"ast-content-background-meta":{"desktop":{"background-color":"var(--ast-global-color-5)","background-image":"","background-repeat":"repeat","background-position":"center center","background-size":"auto","background-attachment":"scroll","background-type":"","background-media":"","overlay-type":"","overlay-color":"","overlay-opacity":"","overlay-gradient":""},"tablet":{"background-color":"var(--ast-global-color-5)","background-image":"","background-repeat":"repeat","background-position":"center center","background-size":"auto","background-attachment":"scroll","background-type":"","background-media":"","overlay-type":"","overlay-color":"","overlay-opacity":"","overlay-gradient":""},"mobile":{"background-color":"var(--ast-global-color-5)","background-image":"","background-repeat":"repeat","background-position":"center center","background-size":"auto","background-attachment":"scroll","background-type":"","background-media":"","overlay-type":"","overlay-color":"","overlay-opacity":"","overlay-gradient":""}}},"product_brand":[],"product_cat":[44,51,52],"product_tag":[],"class_list":{"0":"post-5864","1":"product","2":"type-product","3":"status-publish","4":"has-post-thumbnail","6":"product_cat-cartel-madera","7":"product_cat-decoracion-del-hogar","8":"product_cat-habitacion-de-bebe","9":"desktop-align-center","10":"tablet-align-left","11":"mobile-align-center","12":"ast-product-gallery-layout-horizontal","13":"ast-product-gallery-with-no-image","14":"ast-magnify-disabled","15":"ast-product-tabs-layout-horizontal","16":"tm-no-options","18":"first","19":"instock","20":"taxable","21":"shipping-taxable","22":"purchasable","23":"product-type-simple"},"_links":{"self":[{"href":"https:\/\/kiemmi.com\/pl\/wp-json\/wp\/v2\/product\/5864","targetHints":{"allow":["GET"]}}],"collection":[{"href":"https:\/\/kiemmi.com\/pl\/wp-json\/wp\/v2\/product"}],"about":[{"href":"https:\/\/kiemmi.com\/pl\/wp-json\/wp\/v2\/types\/product"}],"version-history":[{"count":0,"href":"https:\/\/kiemmi.com\/pl\/wp-json\/wp\/v2\/product\/5864\/revisions"}],"wp:featuredmedia":[{"embeddable":true,"href":"https:\/\/kiemmi.com\/pl\/wp-json\/wp\/v2\/media\/5866"}],"wp:attachment":[{"href":"https:\/\/kiemmi.com\/pl\/wp-json\/wp\/v2\/media?parent=5864"}],"wp:term":[{"taxonomy":"product_brand","embeddable":true,"href":"https:\/\/kiemmi.com\/pl\/wp-json\/wp\/v2\/product_brand?post=5864"},{"taxonomy":"product_cat","embeddable":true,"href":"https:\/\/kiemmi.com\/pl\/wp-json\/wp\/v2\/product_cat?post=5864"},{"taxonomy":"product_tag","embeddable":true,"href":"https:\/\/kiemmi.com\/pl\/wp-json\/wp\/v2\/product_tag?post=5864"}],"curies":[{"name":"wp","href":"https:\/\/api.w.org\/{rel}","templated":true}]}}