{"id":5851,"date":"2023-06-03T11:48:39","date_gmt":"2023-06-03T11:48:39","guid":{"rendered":"https:\/\/kiemmi.com\/?post_type=product&#038;p=5851"},"modified":"2025-12-09T11:26:37","modified_gmt":"2025-12-09T11:26:37","slug":"3d-skarbonka-w-liscie","status":"publish","type":"product","link":"https:\/\/kiemmi.com\/pl\/shop\/regalos-originales\/hucha-3d-en-letra\/","title":{"rendered":"Skarbonka 3D w li\u015bcie"},"content":{"rendered":"<p>Skarbonka 3D w kszta\u0142cie litery, stworzona przy u\u017cyciu najnowocze\u015bniejszej technologii druku 3D. Ta niesamowita, konfigurowalna skarbonka to idealny prezent, kt\u00f3ry pobudzi wyobra\u017ani\u0119 dzieci.<\/p>\n<p>Nasze tr\u00f3jwymiarowe skarbonki w kszta\u0142cie liter s\u0105 wyj\u0105tkowe i mo\u017cna je spersonalizowa\u0107 imieniem ka\u017cdego dziecka. Wyobra\u017acie sobie ekscytacj\u0119 na ich twarzach, gdy otrzymuj\u0105 skarbonk\u0119 ze swoim inicja\u0142em i w\u0142asnym imieniem. To wyj\u0105tkowy detal, kt\u00f3ry sprawi, \u017ce poczuj\u0105 si\u0119 wyj\u0105tkowe i kochane.<\/p>\n<p>Prz\u00f3d skarbonki zosta\u0142 zaprojektowany z przezroczystego materia\u0142u, dzi\u0119ki czemu dzieci mog\u0105 zobaczy\u0107, jak rosn\u0105 ich oszcz\u0119dno\u015bci. Jest to fascynuj\u0105ce i pouczaj\u0105ce do\u015bwiadczenie wizualne, kt\u00f3re uczy, jak wa\u017cne jest m\u0105dre zarz\u0105dzanie pieni\u0119dzmi.<\/p>\n<p>Nasze skarbonki 3D s\u0105 nie tylko praktyczne, ale tak\u017ce stanowi\u0105 uroczy element dekoracyjny ka\u017cdego pokoju dzieci\u0119cego. Jego nowoczesny i przyci\u0105gaj\u0105cy wzrok design dodaje dekoracji odrobin\u0119 zabawy i stylu.<\/p>\n<p>Nasze tr\u00f3jwymiarowe skarbonki w kszta\u0142cie liter to nie tylko oryginalny prezent, ale tak\u017ce \u015bwietny spos\u00f3b na nauczenie dzieci oszcz\u0119dzania i zarz\u0105dzania swoimi finansami. Nauczy ich cennych umiej\u0119tno\u015bci, kt\u00f3re b\u0119d\u0105 im s\u0142u\u017cy\u0107 przez ca\u0142e \u017cycie.<\/p>\n<p>Kr\u00f3tko m\u00f3wi\u0105c, nasze najbardziej ekscytuj\u0105ce i konfigurowalne skarbonki z literami 3D to idealny prezent dla dzieci, inspiruj\u0105cy je do oszcz\u0119dzania i zarz\u0105dzania pieni\u0119dzmi, jednocze\u015bnie ciesz\u0105c si\u0119 w\u0142asn\u0105, niepowtarzaln\u0105 skarbonk\u0105. Skorzystaj z okazji i zaskocz najm\u0142odszych niezapomnianym prezentem!<\/p>\n<p><strong>Wymiary:<\/strong><\/p>\n<ul>\n<li><strong>Szeroki:<\/strong> Zale\u017cy od litery<\/li>\n<li><strong>Wysoki:<\/strong> 15,5cm<\/li>\n<li><strong>Grubo\u015b\u0107:<\/strong> 4cm<\/li>\n<\/ul>","protected":false},"excerpt":{"rendered":"<p>Konfigurowalna skarbonka 3D w kszta\u0142cie litery, wykonana metod\u0105 druku 3D. Przezroczysta konstrukcja z przodu pozwala zobaczy\u0107, jak wype\u0142nia si\u0119 monetami, dzi\u0119ki czemu oszcz\u0119dzanie staje si\u0119 ekscytuj\u0105cym do\u015bwiadczeniem. Jest to idealny i oryginalny prezent dla dzieci, promuj\u0105cy ich nauk\u0119 w administracji gospodarczej.<\/p>","protected":false},"featured_media":5856,"template":"","meta":{"_seopress_robots_primary_cat":"49","_seopress_titles_title":"","_seopress_titles_desc":"","_seopress_robots_index":"","_seopress_analysis_target_kw":"","site-sidebar-layout":"default","site-content-layout":"","ast-site-content-layout":"default","site-content-style":"default","site-sidebar-style":"default","ast-global-header-display":"","ast-banner-title-visibility":"","ast-main-header-display":"","ast-hfb-above-header-display":"","ast-hfb-below-header-display":"","ast-hfb-mobile-header-display":"","site-post-title":"","ast-breadcrumbs-content":"","ast-featured-img":"","footer-sml-layout":"","ast-disable-related-posts":"","theme-transparent-header-meta":"","adv-header-id-meta":"","stick-header-meta":"","header-above-stick-meta":"","header-main-stick-meta":"","header-below-stick-meta":"","astra-migrate-meta-layouts":"default","ast-page-background-enabled":"default","ast-page-background-meta":{"desktop":{"background-color":"","background-image":"","background-repeat":"repeat","background-position":"center center","background-size":"auto","background-attachment":"scroll","background-type":"","background-media":"","overlay-type":"","overlay-color":"","overlay-opacity":"","overlay-gradient":""},"tablet":{"background-color":"","background-image":"","background-repeat":"repeat","background-position":"center center","background-size":"auto","background-attachment":"scroll","background-type":"","background-media":"","overlay-type":"","overlay-color":"","overlay-opacity":"","overlay-gradient":""},"mobile":{"background-color":"","background-image":"","background-repeat":"repeat","background-position":"center center","background-size":"auto","background-attachment":"scroll","background-type":"","background-media":"","overlay-type":"","overlay-color":"","overlay-opacity":"","overlay-gradient":""}},"ast-content-background-meta":{"desktop":{"background-color":"var(--ast-global-color-5)","background-image":"","background-repeat":"repeat","background-position":"center center","background-size":"auto","background-attachment":"scroll","background-type":"","background-media":"","overlay-type":"","overlay-color":"","overlay-opacity":"","overlay-gradient":""},"tablet":{"background-color":"var(--ast-global-color-5)","background-image":"","background-repeat":"repeat","background-position":"center center","background-size":"auto","background-attachment":"scroll","background-type":"","background-media":"","overlay-type":"","overlay-color":"","overlay-opacity":"","overlay-gradient":""},"mobile":{"background-color":"var(--ast-global-color-5)","background-image":"","background-repeat":"repeat","background-position":"center center","background-size":"auto","background-attachment":"scroll","background-type":"","background-media":"","overlay-type":"","overlay-color":"","overlay-opacity":"","overlay-gradient":""}}},"product_brand":[],"product_cat":[52,49],"product_tag":[],"class_list":{"0":"post-5851","1":"product","2":"type-product","3":"status-publish","4":"has-post-thumbnail","6":"product_cat-habitacion-de-bebe","7":"product_cat-regalos-originales","8":"desktop-align-center","9":"tablet-align-left","10":"mobile-align-center","11":"ast-product-gallery-layout-horizontal","12":"ast-magnify-disabled","13":"ast-product-tabs-layout-horizontal","14":"tm-has-options","16":"first","17":"instock","18":"taxable","19":"shipping-taxable","20":"purchasable","21":"product-type-simple"},"_links":{"self":[{"href":"https:\/\/kiemmi.com\/pl\/wp-json\/wp\/v2\/product\/5851","targetHints":{"allow":["GET"]}}],"collection":[{"href":"https:\/\/kiemmi.com\/pl\/wp-json\/wp\/v2\/product"}],"about":[{"href":"https:\/\/kiemmi.com\/pl\/wp-json\/wp\/v2\/types\/product"}],"version-history":[{"count":0,"href":"https:\/\/kiemmi.com\/pl\/wp-json\/wp\/v2\/product\/5851\/revisions"}],"wp:featuredmedia":[{"embeddable":true,"href":"https:\/\/kiemmi.com\/pl\/wp-json\/wp\/v2\/media\/5856"}],"wp:attachment":[{"href":"https:\/\/kiemmi.com\/pl\/wp-json\/wp\/v2\/media?parent=5851"}],"wp:term":[{"taxonomy":"product_brand","embeddable":true,"href":"https:\/\/kiemmi.com\/pl\/wp-json\/wp\/v2\/product_brand?post=5851"},{"taxonomy":"product_cat","embeddable":true,"href":"https:\/\/kiemmi.com\/pl\/wp-json\/wp\/v2\/product_cat?post=5851"},{"taxonomy":"product_tag","embeddable":true,"href":"https:\/\/kiemmi.com\/pl\/wp-json\/wp\/v2\/product_tag?post=5851"}],"curies":[{"name":"wp","href":"https:\/\/api.w.org\/{rel}","templated":true}]}}