{"id":5650,"date":"2023-05-16T20:41:58","date_gmt":"2023-05-16T20:41:58","guid":{"rendered":"https:\/\/kiemmi.com\/?post_type=product&#038;p=5650"},"modified":"2026-02-15T12:42:37","modified_gmt":"2026-02-15T12:42:37","slug":"konfigurowalne-drewniane-pudelko-na-bizuterie","status":"publish","type":"product","link":"https:\/\/kiemmi.com\/pl\/shop\/cajas-de-madera-personalizadas\/joyero-de-madera-personalizable\/","title":{"rendered":"Personalizowane pude\u0142ko na bi\u017cuteri\u0119 w kszta\u0142cie serca, wykonane z litego drewna sosnowego"},"content":{"rendered":"<p>Odkryj ciep\u0142o i elegancj\u0119 naturalnego drewna dzi\u0119ki temu ekskluzywnemu pude\u0142ku na bi\u017cuteri\u0119 w kszta\u0142cie serca, r\u0119cznie wykonanemu z litego drewna sosnowego i zaprojektowanemu tak, aby przechowywa\u0107 Twoj\u0105 najcenniejsz\u0105 bi\u017cuteri\u0119 i wspomnienia.<\/p>\n<p>Ka\u017cdy egzemplarz jest starannie wykonywany na zam\u00f3wienie w naszym warsztacie, \u0142\u0105cz\u0105c precyzyjne techniki ci\u0119cia i grawerowania laserowego z r\u0119cznym wyko\u0144czeniem, kt\u00f3re podkre\u015bla autentyczne pi\u0119kno drewna. Naturalne us\u0142ojenie sosny sprawia, \u017ce ka\u017cda szkatu\u0142ka na bi\u017cuteri\u0119 jest niepowtarzalna, a jej unikatowy charakter jest niepowtarzalny.<\/p>\n<p>Serce w kszta\u0142cie serca symbolizuje uczucie i wa\u017cne chwile, dzi\u0119ki czemu jest idealnym prezentem na rocznice, urodziny, \u015bluby i inne specjalne okazje. Co wi\u0119cej, wieczko mo\u017cna spersonalizowa\u0107, umieszczaj\u0105c na nim imi\u0119 lub wybrany napis, tworz\u0105c trwa\u0142\u0105 i znacz\u0105c\u0105 pami\u0105tk\u0119.<\/p>\n<p>Zintegrowany system zamykania magnetycznego, sk\u0142adaj\u0105cy si\u0119 z trzech ukrytych magnes\u00f3w neodymowych, utrzymuje pokryw\u0119 w idealnym po\u0142o\u017ceniu i gwarantuje solidne i eleganckie zamkni\u0119cie bez konieczno\u015bci stosowania widocznych zawias\u00f3w, co przek\u0142ada si\u0119 na czysty i nowoczesny design.<\/p>\n<p>Mo\u017cesz wybra\u0107 mi\u0119dzy umieszczeniem wewn\u0105trz lustra a wyko\u0144czeniem w ca\u0142o\u015bci w naturalnym drewnie, dostosowuj\u0105c je do w\u0142asnego stylu.<\/p>\n<p>To co\u015b wi\u0119cej ni\u017c tylko pude\u0142ko na bi\u017cuteri\u0119, to element dekoracyjny, kt\u00f3ry b\u0119dzie Ci towarzyszy\u0142 przez lata i przechowywa\u0142 to, co naprawd\u0119 wa\u017cne.<\/p>\n<p>\u2728 Funkcje:<\/p>\n<ul>\n<li>Wykonane z litego naturalnego drewna sosnowego<\/li>\n<li>Elegancki design w kszta\u0142cie serca<\/li>\n<li>Ukryte zamkni\u0119cie magnetyczne z 3 magnesami neodymowymi<\/li>\n<li>Wysokiej precyzji grawerowanie laserowe<\/li>\n<li>Opcjonalna personalizacja imieniem lub wiadomo\u015bci\u0105<\/li>\n<li>Opcja z lustrem wewn\u0119trznym lub wyko\u0144czeniem naturalnym<\/li>\n<li>R\u0119cznie robione na zam\u00f3wienie<\/li>\n<\/ul>\n<p>\ud83d\udcd0 Wymiary:<\/p>\n<ul>\n<li>Szeroko\u015b\u0107: 11,5 cm<\/li>\n<li>Wysoko\u015b\u0107: 10 cm<\/li>\n<li>Grubo\u015b\u0107: 2,4 cm<\/li>\n<\/ul>\n<p>\ud83d\udce6 Informacje dodatkowe:<\/p>\n<p>Ka\u017cde pude\u0142ko na bi\u017cuteri\u0119 jest wykonywane osobno po z\u0142o\u017ceniu zam\u00f3wienia, co gwarantuje unikatowy egzemplarz.<br \/>\nBi\u017cuteria widoczna na zdj\u0119ciach nie jest cz\u0119\u015bci\u0105 oferty.<\/p>","protected":false},"excerpt":{"rendered":"<p>Eleganckie pude\u0142ko na bi\u017cuteri\u0119 w kszta\u0142cie serca, r\u0119cznie wykonane z litego drewna sosnowego. Spersonalizuj je imieniem lub wiadomo\u015bci\u0105, a tak\u017ce zamknij je na ukryte magnesy neodymowe. Wyj\u0105tkowy i znacz\u0105cy prezent na wyj\u0105tkowe okazje.<\/p>","protected":false},"featured_media":52863,"template":"","meta":{"_seopress_robots_primary_cat":"38","_seopress_titles_title":"Joyero coraz\u00f3n personalizado de madera maciza de pino con cierre magn\u00e9tico","_seopress_titles_desc":"Joyero en forma de coraz\u00f3n fabricado en madera maciza de pino, personalizado y hecho a mano. Con cierre magn\u00e9tico oculto y dise\u00f1o elegante, ideal como regalo especial o recuerdo \u00fanico.","_seopress_robots_index":"","_seopress_analysis_target_kw":"","site-sidebar-layout":"default","site-content-layout":"","ast-site-content-layout":"default","site-content-style":"default","site-sidebar-style":"default","ast-global-header-display":"","ast-banner-title-visibility":"","ast-main-header-display":"","ast-hfb-above-header-display":"","ast-hfb-below-header-display":"","ast-hfb-mobile-header-display":"","site-post-title":"","ast-breadcrumbs-content":"","ast-featured-img":"","footer-sml-layout":"","ast-disable-related-posts":"","theme-transparent-header-meta":"default","adv-header-id-meta":"","stick-header-meta":"default","header-above-stick-meta":"","header-main-stick-meta":"","header-below-stick-meta":"","astra-migrate-meta-layouts":"set","ast-page-background-enabled":"default","ast-page-background-meta":{"desktop":{"background-color":"","background-image":"","background-repeat":"repeat","background-position":"center center","background-size":"auto","background-attachment":"scroll","background-type":"","background-media":"","overlay-type":"","overlay-color":"","overlay-opacity":"","overlay-gradient":""},"tablet":{"background-color":"","background-image":"","background-repeat":"repeat","background-position":"center center","background-size":"auto","background-attachment":"scroll","background-type":"","background-media":"","overlay-type":"","overlay-color":"","overlay-opacity":"","overlay-gradient":""},"mobile":{"background-color":"","background-image":"","background-repeat":"repeat","background-position":"center center","background-size":"auto","background-attachment":"scroll","background-type":"","background-media":"","overlay-type":"","overlay-color":"","overlay-opacity":"","overlay-gradient":""}},"ast-content-background-meta":{"desktop":{"background-color":"var(--ast-global-color-5)","background-image":"","background-repeat":"repeat","background-position":"center center","background-size":"auto","background-attachment":"scroll","background-type":"","background-media":"","overlay-type":"","overlay-color":"","overlay-opacity":"","overlay-gradient":""},"tablet":{"background-color":"var(--ast-global-color-5)","background-image":"","background-repeat":"repeat","background-position":"center center","background-size":"auto","background-attachment":"scroll","background-type":"","background-media":"","overlay-type":"","overlay-color":"","overlay-opacity":"","overlay-gradient":""},"mobile":{"background-color":"var(--ast-global-color-5)","background-image":"","background-repeat":"repeat","background-position":"center center","background-size":"auto","background-attachment":"scroll","background-type":"","background-media":"","overlay-type":"","overlay-color":"","overlay-opacity":"","overlay-gradient":""}}},"product_brand":[],"product_cat":[38,49],"product_tag":[],"class_list":{"0":"post-5650","1":"product","2":"type-product","3":"status-publish","4":"has-post-thumbnail","6":"product_cat-cajas-de-madera-personalizadas","7":"product_cat-regalos-originales","8":"desktop-align-center","9":"tablet-align-left","10":"mobile-align-center","11":"ast-product-gallery-layout-horizontal","12":"ast-magnify-disabled","13":"ast-product-tabs-layout-horizontal","14":"tm-has-options","16":"first","17":"instock","18":"taxable","19":"shipping-taxable","20":"purchasable","21":"product-type-simple"},"_links":{"self":[{"href":"https:\/\/kiemmi.com\/pl\/wp-json\/wp\/v2\/product\/5650","targetHints":{"allow":["GET"]}}],"collection":[{"href":"https:\/\/kiemmi.com\/pl\/wp-json\/wp\/v2\/product"}],"about":[{"href":"https:\/\/kiemmi.com\/pl\/wp-json\/wp\/v2\/types\/product"}],"version-history":[{"count":0,"href":"https:\/\/kiemmi.com\/pl\/wp-json\/wp\/v2\/product\/5650\/revisions"}],"wp:featuredmedia":[{"embeddable":true,"href":"https:\/\/kiemmi.com\/pl\/wp-json\/wp\/v2\/media\/52863"}],"wp:attachment":[{"href":"https:\/\/kiemmi.com\/pl\/wp-json\/wp\/v2\/media?parent=5650"}],"wp:term":[{"taxonomy":"product_brand","embeddable":true,"href":"https:\/\/kiemmi.com\/pl\/wp-json\/wp\/v2\/product_brand?post=5650"},{"taxonomy":"product_cat","embeddable":true,"href":"https:\/\/kiemmi.com\/pl\/wp-json\/wp\/v2\/product_cat?post=5650"},{"taxonomy":"product_tag","embeddable":true,"href":"https:\/\/kiemmi.com\/pl\/wp-json\/wp\/v2\/product_tag?post=5650"}],"curies":[{"name":"wp","href":"https:\/\/api.w.org\/{rel}","templated":true}]}}