{"id":5634,"date":"2023-05-13T09:47:46","date_gmt":"2023-05-13T09:47:46","guid":{"rendered":"https:\/\/kiemmi.com\/?post_type=product&#038;p=5634"},"modified":"2025-09-12T11:14:14","modified_gmt":"2025-09-12T11:14:14","slug":"spersonalizowana-drewniana-skrzynia-prezentowa-wykonana-recznie","status":"publish","type":"product","link":"https:\/\/kiemmi.com\/pl\/shop\/cajas-de-madera-personalizadas\/cofre-de-madera-personalizada-para-regalos-hecha-a-mano\/","title":{"rendered":"Personalizowane drewniane pude\u0142ko upominkowe wykonane r\u0119cznie"},"content":{"rendered":"<p>Wycinana laserowo i grawerowana drewniana skrzynia z konfigurowaln\u0105 pokryw\u0105. Ta skrzynia to idealne miejsce do przechowywania najcenniejszej bi\u017cuterii lub podarowania jej w prezencie komu\u015b wyj\u0105tkowemu.<\/p>\n<p>Tym, co czyni t\u0119 skrzyni\u0119 wyj\u0105tkow\u0105, jest to, \u017ce zosta\u0142a wykonana r\u0119cznie zgodnie z najwy\u017cszymi standardami jako\u015bci i dba\u0142o\u015bci\u0105 o szczeg\u00f3\u0142y. U\u017cywamy drewna pochodz\u0105cego ze zr\u00f3wnowa\u017conych las\u00f3w europejskich, dzi\u0119ki czemu ka\u017cda skrzynia jest wyj\u0105tkowa i ma swoj\u0105 histori\u0119. Dodatkowo do lakierowania skrzyni u\u017cyli\u015bmy ekologicznych produkt\u00f3w, co nie tylko chroni powierzchni\u0119 i czyni j\u0105 trwa\u0142\u0105, ale tak\u017ce pomaga chroni\u0107 nasz\u0105 planet\u0119.<\/p>\n<p>Ka\u017cda skrzynia wykonywana jest na zam\u00f3wienie, co oznacza, \u017ce nie posiadamy zapas\u00f3w. Daje to pewno\u015b\u0107, \u017ce ka\u017cda skrzynia wykonana jest z indywidualn\u0105 staranno\u015bci\u0105 i uwag\u0105. Grawerowanie laserowe na dostosowywanej pokrywce to specjalna funkcja, kt\u00f3ra dodaje piersi osobistego i niepowtarzalnego charakteru.<\/p>\n<p>Je\u015bli szukasz prezentu dla kogo\u015b wyj\u0105tkowego lub po prostu chcesz przechowywa\u0107 swoj\u0105 bi\u017cuteri\u0119 w wyj\u0105tkowym miejscu, ta r\u0119cznie robiona drewniana skrzynia b\u0119dzie idealnym wyborem. Jeste\u015bmy pewni, \u017ce pokochasz jako\u015b\u0107 i szczeg\u00f3\u0142owo\u015b\u0107 ka\u017cdej wykonanej przez nas skrzyni. Nie wahaj si\u0119, z\u0142\u00f3\u017c zam\u00f3wienie ju\u017c dzi\u015b i do\u015bwiadcz wysokiej jako\u015bci rzemios\u0142a w swoim domu!<\/p>\n<p><strong>Charakterystyka:<\/strong><\/p>\n<ul>\n<li>Materia\u0142: Naturalne drewno lakierowane produktami ekologicznymi<\/li>\n<li>Wymiary: szeroko\u015b\u0107 10 cm x d\u0142ugo\u015b\u0107 8,6 cm x wysoko\u015b\u0107 6,8 cm<\/li>\n<\/ul>","protected":false},"excerpt":{"rendered":"<p>Przedstawiamy nasz\u0105 r\u0119cznie robion\u0105 drewnian\u0105 skrzyni\u0119 z wycinaniem i grawerowaniem laserowym oraz konfigurowaln\u0105 pokryw\u0105. Idealny do przechowywania bi\u017cuterii lub jako prezent dla kogo\u015b wyj\u0105tkowego. Do zabezpieczenia jego powierzchni wykorzystujemy drewno pochodz\u0105ce ze zr\u00f3wnowa\u017conych las\u00f3w europejskich oraz ekologiczne lakiery. Ka\u017cda skrzynia wykonywana jest na zam\u00f3wienie, co gwarantuje indywidualne podej\u015bcie i wyj\u0105tkow\u0105 jako\u015b\u0107. Zam\u00f3w ju\u017c dzi\u015b i do\u015bwiadcz wysokiej jako\u015bci rzemios\u0142a w swoim domu.<\/p>","protected":false},"featured_media":6249,"template":"","meta":{"_seopress_robots_primary_cat":"38","_seopress_titles_title":"%%title%% %%page%%","_seopress_titles_desc":"","_seopress_robots_index":"","_seopress_analysis_target_kw":"","site-sidebar-layout":"default","site-content-layout":"","ast-site-content-layout":"default","site-content-style":"default","site-sidebar-style":"default","ast-global-header-display":"","ast-banner-title-visibility":"","ast-main-header-display":"","ast-hfb-above-header-display":"","ast-hfb-below-header-display":"","ast-hfb-mobile-header-display":"","site-post-title":"","ast-breadcrumbs-content":"","ast-featured-img":"","footer-sml-layout":"","ast-disable-related-posts":"","theme-transparent-header-meta":"default","adv-header-id-meta":"","stick-header-meta":"default","header-above-stick-meta":"","header-main-stick-meta":"","header-below-stick-meta":"","astra-migrate-meta-layouts":"set","ast-page-background-enabled":"default","ast-page-background-meta":{"desktop":{"background-color":"","background-image":"","background-repeat":"repeat","background-position":"center center","background-size":"auto","background-attachment":"scroll","background-type":"","background-media":"","overlay-type":"","overlay-color":"","overlay-opacity":"","overlay-gradient":""},"tablet":{"background-color":"","background-image":"","background-repeat":"repeat","background-position":"center center","background-size":"auto","background-attachment":"scroll","background-type":"","background-media":"","overlay-type":"","overlay-color":"","overlay-opacity":"","overlay-gradient":""},"mobile":{"background-color":"","background-image":"","background-repeat":"repeat","background-position":"center center","background-size":"auto","background-attachment":"scroll","background-type":"","background-media":"","overlay-type":"","overlay-color":"","overlay-opacity":"","overlay-gradient":""}},"ast-content-background-meta":{"desktop":{"background-color":"var(--ast-global-color-5)","background-image":"","background-repeat":"repeat","background-position":"center center","background-size":"auto","background-attachment":"scroll","background-type":"","background-media":"","overlay-type":"","overlay-color":"","overlay-opacity":"","overlay-gradient":""},"tablet":{"background-color":"var(--ast-global-color-5)","background-image":"","background-repeat":"repeat","background-position":"center center","background-size":"auto","background-attachment":"scroll","background-type":"","background-media":"","overlay-type":"","overlay-color":"","overlay-opacity":"","overlay-gradient":""},"mobile":{"background-color":"var(--ast-global-color-5)","background-image":"","background-repeat":"repeat","background-position":"center center","background-size":"auto","background-attachment":"scroll","background-type":"","background-media":"","overlay-type":"","overlay-color":"","overlay-opacity":"","overlay-gradient":""}}},"product_brand":[],"product_cat":[38],"product_tag":[],"class_list":{"0":"post-5634","1":"product","2":"type-product","3":"status-publish","4":"has-post-thumbnail","6":"product_cat-cajas-de-madera-personalizadas","7":"desktop-align-center","8":"tablet-align-left","9":"mobile-align-center","10":"ast-product-gallery-layout-horizontal","11":"ast-magnify-disabled","12":"ast-product-tabs-layout-horizontal","13":"tm-has-options","15":"first","16":"instock","17":"taxable","18":"shipping-taxable","19":"purchasable","20":"product-type-simple"},"_links":{"self":[{"href":"https:\/\/kiemmi.com\/pl\/wp-json\/wp\/v2\/product\/5634","targetHints":{"allow":["GET"]}}],"collection":[{"href":"https:\/\/kiemmi.com\/pl\/wp-json\/wp\/v2\/product"}],"about":[{"href":"https:\/\/kiemmi.com\/pl\/wp-json\/wp\/v2\/types\/product"}],"version-history":[{"count":0,"href":"https:\/\/kiemmi.com\/pl\/wp-json\/wp\/v2\/product\/5634\/revisions"}],"wp:featuredmedia":[{"embeddable":true,"href":"https:\/\/kiemmi.com\/pl\/wp-json\/wp\/v2\/media\/6249"}],"wp:attachment":[{"href":"https:\/\/kiemmi.com\/pl\/wp-json\/wp\/v2\/media?parent=5634"}],"wp:term":[{"taxonomy":"product_brand","embeddable":true,"href":"https:\/\/kiemmi.com\/pl\/wp-json\/wp\/v2\/product_brand?post=5634"},{"taxonomy":"product_cat","embeddable":true,"href":"https:\/\/kiemmi.com\/pl\/wp-json\/wp\/v2\/product_cat?post=5634"},{"taxonomy":"product_tag","embeddable":true,"href":"https:\/\/kiemmi.com\/pl\/wp-json\/wp\/v2\/product_tag?post=5634"}],"curies":[{"name":"wp","href":"https:\/\/api.w.org\/{rel}","templated":true}]}}