{"id":5420,"date":"2023-05-06T23:14:28","date_gmt":"2023-05-06T23:14:28","guid":{"rendered":"https:\/\/kiemmi.com\/?post_type=product&#038;p=5420"},"modified":"2026-04-09T17:04:49","modified_gmt":"2026-04-09T15:04:49","slug":"personalizowana-drewniana-muszka","status":"publish","type":"product","link":"https:\/\/kiemmi.com\/pl\/shop\/moda\/pajarita-de-madera-personalizable\/","title":{"rendered":"Drewniana muszka z mo\u017cliwo\u015bci\u0105 personalizacji"},"content":{"rendered":"<p>Je\u015bli szukasz oryginalnego i ekologicznego dodatku do swojej stylizacji, nie szukaj dalej ni\u017c nasze r\u0119cznie robione drewniane muszki z wycinaniem i grawerem laserowym. Ka\u017cda z naszych muszek jest wyj\u0105tkowa, gdy\u017c jest dostosowywana wed\u0142ug Pa\u0144stwa \u017cycze\u0144 pod wzgl\u0119dem wzornictwa i kolorystyki bejcy. Chcesz much\u0119 z wygrawerowanym laserowo Twoimi inicja\u0142ami? A mo\u017ce wolisz niepowtarzalny wz\u00f3r, kt\u00f3ry odzwierciedli Twoj\u0105 osobowo\u015b\u0107? Mo\u017cliwo\u015bci s\u0105 nieograniczone!<\/p>\n<p>Opr\u00f3cz mo\u017cliwo\u015bci dostosowania, nasze drewniane muszki s\u0105 wykonane z ekologicznych i zr\u00f3wnowa\u017conych materia\u0142\u00f3w. Drewno pochodzi ze zr\u00f3wnowa\u017conych las\u00f3w europejskich, co oznacza, \u017ce kupujesz produkt, kt\u00f3ry zosta\u0142 wyprodukowany w spos\u00f3b odpowiedzialny. A poniewa\u017c dbamy o trwa\u0142o\u015b\u0107 naszych muszek, do ich lakierowania i zabezpieczania powierzchni u\u017cywamy ekologicznych produkt\u00f3w, dzi\u0119ki czemu Twoja muszka b\u0119dzie Ci s\u0142u\u017cy\u0107 przez d\u0142ugi czas.<\/p>\n<p>Drewniana muszka to idealny prezent na ka\u017cd\u0105 okazj\u0119. Niezale\u017cnie od tego, czy chodzi o przyjaciela, cz\u0142onka rodziny czy siebie, nasza muszka sprawi, \u017ce ka\u017cdy str\u00f3j b\u0119dzie wyr\u00f3\u017cnia\u0142 si\u0119 oryginalno\u015bci\u0105 i stylem. Je\u015bli planujesz \u015blub lub inne wydarzenie, nasze muszki mog\u0105 by\u0107 idealnym wyborem, aby nada\u0107 Twojemu strojowi niepowtarzalny i osobisty charakter.<\/p>\n<p>Ka\u017cda drewniana muszka, kt\u00f3r\u0105 wykonujemy, jest wykonywana r\u0119cznie i na zam\u00f3wienie dla Ciebie. Nie posiadamy zapas\u00f3w, co oznacza, \u017ce mo\u017cesz mie\u0107 pewno\u015b\u0107, \u017ce Twoja muszka jest wyj\u0105tkowa i zosta\u0142a wyprodukowana z niezr\u00f3wnan\u0105 szczeg\u00f3\u0142owo\u015bci\u0105 i jako\u015bci\u0105. Nasz proces produkcyjny ci\u0119cia i grawerowania laserowego pozwala nam tworzy\u0107 precyzyjne wzory i bardzo szczeg\u00f3\u0142owe detale, dzi\u0119ki czemu ka\u017cda muszka jest dzie\u0142em sztuki.<\/p>\n<p>Kr\u00f3tko m\u00f3wi\u0105c, nasze r\u0119cznie robione drewniane muszki to idealny wyb\u00f3r dla os\u00f3b poszukuj\u0105cych oryginalnego i ekologicznego uzupe\u0142nienia swojej stylizacji. Dzi\u0119ki mo\u017cliwo\u015bci personalizacji ka\u017cdej muszki wed\u0142ug w\u0142asnych \u017cycze\u0144 oraz niepor\u00f3wnywalnej jako\u015bci, drewniana muszka jest idealnym prezentem na ka\u017cd\u0105 okazj\u0119.<\/p>\n<p><strong>Cechy:<\/strong><\/p>\n<ul>\n<li>Materia\u0142: drewno naturalne<\/li>\n<li>Wymiary: 12cm x 5cm x 0,3cm<\/li>\n<\/ul>","protected":false},"excerpt":{"rendered":"<p>Nasze r\u0119cznie robione drewniane muszki z wycinaniem i grawerem laserowym stanowi\u0105 idealne uzupe\u0142nienie ka\u017cdego stroju.<\/p>\n<p>Mo\u017cliwo\u015b\u0107 dostosowania pod wzgl\u0119dem wzornictwa i kolorystyki bejcy jest wyj\u0105tkowym i ekologicznym wyborem.<\/p>\n<p>Do lakierowania i zabezpieczania powierzchni u\u017cywamy ekologicznych produkt\u00f3w, zapewniaj\u0105c ich d\u0142ug\u0105 trwa\u0142o\u015b\u0107.<\/p>\n<p>Nie posiadamy stan\u00f3w magazynowych, ka\u017cda mucha wykonywana jest r\u0119cznie na zam\u00f3wienie, co gwarantuje niezr\u00f3wnan\u0105 jako\u015b\u0107.<\/p>\n<p>Wyr\u00f3\u017cnij sw\u00f3j str\u00f3j za pomoc\u0105 drewnianej muszki!<\/p>","protected":false},"featured_media":5426,"template":"","meta":{"_seopress_robots_primary_cat":"60","_seopress_titles_title":"Pajarita de madera: original, ecol\u00f3gica y personalizable","_seopress_titles_desc":"Destaca con nuestras pajaritas de madera \u00fanicas, ecol\u00f3gicas y personalizadas. Hechas a mano usando grabado l\u00e1ser para un estilo inigualable.","_seopress_robots_index":"","_seopress_analysis_target_kw":"","site-sidebar-layout":"default","site-content-layout":"","ast-site-content-layout":"default","site-content-style":"default","site-sidebar-style":"default","ast-global-header-display":"","ast-banner-title-visibility":"","ast-main-header-display":"","ast-hfb-above-header-display":"","ast-hfb-below-header-display":"","ast-hfb-mobile-header-display":"","site-post-title":"","ast-breadcrumbs-content":"","ast-featured-img":"","footer-sml-layout":"","ast-disable-related-posts":"","theme-transparent-header-meta":"default","adv-header-id-meta":"","stick-header-meta":"disabled","header-above-stick-meta":"","header-main-stick-meta":"on","header-below-stick-meta":"","astra-migrate-meta-layouts":"set","ast-page-background-enabled":"default","ast-page-background-meta":{"desktop":{"background-color":"","background-image":"","background-repeat":"repeat","background-position":"center center","background-size":"auto","background-attachment":"scroll","background-type":"","background-media":"","overlay-type":"","overlay-color":"","overlay-opacity":"","overlay-gradient":""},"tablet":{"background-color":"","background-image":"","background-repeat":"repeat","background-position":"center center","background-size":"auto","background-attachment":"scroll","background-type":"","background-media":"","overlay-type":"","overlay-color":"","overlay-opacity":"","overlay-gradient":""},"mobile":{"background-color":"","background-image":"","background-repeat":"repeat","background-position":"center center","background-size":"auto","background-attachment":"scroll","background-type":"","background-media":"","overlay-type":"","overlay-color":"","overlay-opacity":"","overlay-gradient":""}},"ast-content-background-meta":{"desktop":{"background-color":"var(--ast-global-color-5)","background-image":"","background-repeat":"repeat","background-position":"center center","background-size":"auto","background-attachment":"scroll","background-type":"","background-media":"","overlay-type":"","overlay-color":"","overlay-opacity":"","overlay-gradient":""},"tablet":{"background-color":"var(--ast-global-color-5)","background-image":"","background-repeat":"repeat","background-position":"center center","background-size":"auto","background-attachment":"scroll","background-type":"","background-media":"","overlay-type":"","overlay-color":"","overlay-opacity":"","overlay-gradient":""},"mobile":{"background-color":"var(--ast-global-color-5)","background-image":"","background-repeat":"repeat","background-position":"center center","background-size":"auto","background-attachment":"scroll","background-type":"","background-media":"","overlay-type":"","overlay-color":"","overlay-opacity":"","overlay-gradient":""}}},"product_brand":[],"product_cat":[60],"product_tag":[],"class_list":{"0":"post-5420","1":"product","2":"type-product","3":"status-publish","4":"has-post-thumbnail","6":"product_cat-moda","7":"desktop-align-center","8":"tablet-align-left","9":"mobile-align-center","10":"ast-product-gallery-layout-horizontal","11":"ast-magnify-disabled","12":"ast-product-tabs-layout-horizontal","13":"tm-no-options","15":"first","16":"instock","17":"sale","18":"taxable","19":"shipping-taxable","20":"purchasable","21":"product-type-simple"},"_links":{"self":[{"href":"https:\/\/kiemmi.com\/pl\/wp-json\/wp\/v2\/product\/5420","targetHints":{"allow":["GET"]}}],"collection":[{"href":"https:\/\/kiemmi.com\/pl\/wp-json\/wp\/v2\/product"}],"about":[{"href":"https:\/\/kiemmi.com\/pl\/wp-json\/wp\/v2\/types\/product"}],"version-history":[{"count":1,"href":"https:\/\/kiemmi.com\/pl\/wp-json\/wp\/v2\/product\/5420\/revisions"}],"predecessor-version":[{"id":68263,"href":"https:\/\/kiemmi.com\/pl\/wp-json\/wp\/v2\/product\/5420\/revisions\/68263"}],"wp:featuredmedia":[{"embeddable":true,"href":"https:\/\/kiemmi.com\/pl\/wp-json\/wp\/v2\/media\/5426"}],"wp:attachment":[{"href":"https:\/\/kiemmi.com\/pl\/wp-json\/wp\/v2\/media?parent=5420"}],"wp:term":[{"taxonomy":"product_brand","embeddable":true,"href":"https:\/\/kiemmi.com\/pl\/wp-json\/wp\/v2\/product_brand?post=5420"},{"taxonomy":"product_cat","embeddable":true,"href":"https:\/\/kiemmi.com\/pl\/wp-json\/wp\/v2\/product_cat?post=5420"},{"taxonomy":"product_tag","embeddable":true,"href":"https:\/\/kiemmi.com\/pl\/wp-json\/wp\/v2\/product_tag?post=5420"}],"curies":[{"name":"wp","href":"https:\/\/api.w.org\/{rel}","templated":true}]}}