{"id":5323,"date":"2023-10-10T09:09:35","date_gmt":"2023-10-10T09:09:35","guid":{"rendered":"https:\/\/kiemmi.com\/?post_type=product&#038;p=5323"},"modified":"2025-09-12T06:18:36","modified_gmt":"2025-09-12T06:18:36","slug":"nie-przeszkadzaj-tabliczka-na-drzwi-w-ksztalcie-kota","status":"publish","type":"product","link":"https:\/\/kiemmi.com\/pl\/shop\/decoracion-del-hogar\/letrero-colgante-para-puerta\/cartel-no-molestar-para-puerta-en-forma-de-gato\/","title":{"rendered":"Tabliczka na drzwi \u201eNie przeszkadza\u0107\u201d w kszta\u0142cie kota"},"content":{"rendered":"<p>Szukasz wyj\u0105tkowego sposobu na udekorowanie swojego domu lub podarowanie wyj\u0105tkowego prezentu? Nasza tabliczka na drzwi w kszta\u0142cie kota to idealny wyb\u00f3r. Ka\u017cdy element jest wykonany r\u0119cznie z naturalnego drewna i grawerowany laserowo, aby zapewni\u0107 precyzyjne wyko\u0144czenie.<\/p>\n<p><strong>Wyr\u00f3\u017cnione funkcje:<\/strong><\/p>\n<ul>\n<li>Personalizacja w\u0142asnym tekstem.<\/li>\n<li>Idealny do dekoracji pokoi dzieci\u0119cych i ka\u017cdej przestrzeni.<\/li>\n<li>Stw\u00f3rz ujmuj\u0105c\u0105 i przyjazn\u0105 atmosfer\u0119.<\/li>\n<li>Idealny dla mi\u0142o\u015bnik\u00f3w kot\u00f3w.<\/li>\n<li>Drewno zabezpieczone lakierem na bazie wody dla wi\u0119kszej trwa\u0142o\u015bci.<\/li>\n<\/ul>\n<p>Dodaj odrobin\u0119 uroku i osobowo\u015bci do swojego domu dzi\u0119ki naszej tabliczce na drzwi dla kota. Niezale\u017cnie od tego, czy witasz nowego cz\u0142onka rodziny, czy te\u017c okazujesz mi\u0142o\u015b\u0107 do kot\u00f3w, ten znak jest idealnym wyborem.<\/p>\n<p>Ka\u017cdy z naszych znak\u00f3w jest wykonany z mi\u0142o\u015bci\u0105 i trosk\u0105, dzi\u0119ki czemu otrzymasz trwa\u0142y element wystroju. Wodny lakier zabezpiecza naturalne drewno, sprawiaj\u0105c, \u017ce tabliczka ta b\u0119dzie skarbem w Twoim domu przez d\u0142ugi czas.<\/p>\n<p>Spersonalizuj sw\u00f3j znak, dodaj\u0105c \u017c\u0105dany tekst, dzi\u0119ki czemu b\u0119dzie naprawd\u0119 Tw\u00f3j. To tak\u017ce przemy\u015blany prezent dla mi\u0142o\u015bnik\u00f3w kot\u00f3w i ich nieodpartego uroku.<\/p>\n<p>Nie czekaj d\u0142u\u017cej i nadaj magicznego akcentu swojej przestrzeni. Kup ju\u017c dzi\u015b nasz\u0105 spersonalizowan\u0105 tabliczk\u0119 na drzwi dla kota i stw\u00f3rz ujmuj\u0105ce otoczenie, kt\u00f3re wszyscy pokochaj\u0105.<\/p>\n<p>Dodaj ju\u017c teraz ten uroczy napis do swojego koszyka i wprowad\u017a pi\u0119kno kot\u00f3w do swojego domu.<\/p>\n<p><b>Charakterystyka<\/b><strong>:<\/strong><\/p>\n<ul>\n<li>Materia\u0142: drewno naturalne (obustronnie lakierowane produktami ekologicznymi)<\/li>\n<li>Wymiary: 7,5 cm szeroko\u015bci x 24,4 cm wysoko\u015bci x 0,3 cm grubo\u015bci<\/li>\n<\/ul>","protected":false},"excerpt":{"rendered":"<p>Wykonany r\u0119cznie z naturalnego drewna i grawerowany laserowo, nasz znak na drzwi w kszta\u0142cie kota jest uroczym dodatkiem do ka\u017cdego domu. Produkt ten umo\u017cliwia personalizacj\u0119, idealnie nadaje si\u0119 do dekoracji pokoi dzieci\u0119cych lub dowolnej przestrzeni i tworzy ujmuj\u0105c\u0105 atmosfer\u0119. Dodatkowo jest idealny dla mi\u0142o\u015bnik\u00f3w kot\u00f3w i jest zabezpieczony lakierem na bazie wody, aby zapewni\u0107 jego trwa\u0142o\u015b\u0107. Dodaj odrobin\u0119 osobowo\u015bci i uroku swojemu domowi lub podaruj ten specjalny znak komu\u015b, kto kocha koty.<\/p>","protected":false},"featured_media":6732,"template":"","meta":{"_seopress_robots_primary_cat":"57","_seopress_titles_title":"%%title%% %%page%%","_seopress_titles_desc":"Cartel de puerta \"No molestar\" personalizado en forma de gato: decoraci\u00f3n \u00fanica para tu hogar o regalo especial. Hecho a mano en madera natural.","_seopress_robots_index":"","_seopress_analysis_target_kw":"","site-sidebar-layout":"default","site-content-layout":"","ast-site-content-layout":"default","site-content-style":"default","site-sidebar-style":"default","ast-global-header-display":"","ast-banner-title-visibility":"","ast-main-header-display":"","ast-hfb-above-header-display":"","ast-hfb-below-header-display":"","ast-hfb-mobile-header-display":"","site-post-title":"","ast-breadcrumbs-content":"","ast-featured-img":"","footer-sml-layout":"","ast-disable-related-posts":"","theme-transparent-header-meta":"default","adv-header-id-meta":"","stick-header-meta":"default","header-above-stick-meta":"","header-main-stick-meta":"","header-below-stick-meta":"","astra-migrate-meta-layouts":"set","ast-page-background-enabled":"default","ast-page-background-meta":{"desktop":{"background-color":"","background-image":"","background-repeat":"repeat","background-position":"center center","background-size":"auto","background-attachment":"scroll","background-type":"","background-media":"","overlay-type":"","overlay-color":"","overlay-opacity":"","overlay-gradient":""},"tablet":{"background-color":"","background-image":"","background-repeat":"repeat","background-position":"center center","background-size":"auto","background-attachment":"scroll","background-type":"","background-media":"","overlay-type":"","overlay-color":"","overlay-opacity":"","overlay-gradient":""},"mobile":{"background-color":"","background-image":"","background-repeat":"repeat","background-position":"center center","background-size":"auto","background-attachment":"scroll","background-type":"","background-media":"","overlay-type":"","overlay-color":"","overlay-opacity":"","overlay-gradient":""}},"ast-content-background-meta":{"desktop":{"background-color":"var(--ast-global-color-5)","background-image":"","background-repeat":"repeat","background-position":"center center","background-size":"auto","background-attachment":"scroll","background-type":"","background-media":"","overlay-type":"","overlay-color":"","overlay-opacity":"","overlay-gradient":""},"tablet":{"background-color":"var(--ast-global-color-5)","background-image":"","background-repeat":"repeat","background-position":"center center","background-size":"auto","background-attachment":"scroll","background-type":"","background-media":"","overlay-type":"","overlay-color":"","overlay-opacity":"","overlay-gradient":""},"mobile":{"background-color":"var(--ast-global-color-5)","background-image":"","background-repeat":"repeat","background-position":"center center","background-size":"auto","background-attachment":"scroll","background-type":"","background-media":"","overlay-type":"","overlay-color":"","overlay-opacity":"","overlay-gradient":""}}},"product_brand":[],"product_cat":[44,51,57,87],"product_tag":[],"class_list":{"0":"post-5323","1":"product","2":"type-product","3":"status-publish","4":"has-post-thumbnail","6":"product_cat-cartel-madera","7":"product_cat-decoracion-del-hogar","8":"product_cat-letrero-colgante-para-puerta","9":"product_cat-mascotas","10":"desktop-align-center","11":"tablet-align-left","12":"mobile-align-center","13":"ast-product-gallery-layout-horizontal","14":"ast-magnify-disabled","15":"ast-product-tabs-layout-horizontal","16":"tm-has-options","18":"first","19":"instock","20":"taxable","21":"shipping-taxable","22":"purchasable","23":"product-type-simple"},"_links":{"self":[{"href":"https:\/\/kiemmi.com\/pl\/wp-json\/wp\/v2\/product\/5323","targetHints":{"allow":["GET"]}}],"collection":[{"href":"https:\/\/kiemmi.com\/pl\/wp-json\/wp\/v2\/product"}],"about":[{"href":"https:\/\/kiemmi.com\/pl\/wp-json\/wp\/v2\/types\/product"}],"version-history":[{"count":0,"href":"https:\/\/kiemmi.com\/pl\/wp-json\/wp\/v2\/product\/5323\/revisions"}],"wp:featuredmedia":[{"embeddable":true,"href":"https:\/\/kiemmi.com\/pl\/wp-json\/wp\/v2\/media\/6732"}],"wp:attachment":[{"href":"https:\/\/kiemmi.com\/pl\/wp-json\/wp\/v2\/media?parent=5323"}],"wp:term":[{"taxonomy":"product_brand","embeddable":true,"href":"https:\/\/kiemmi.com\/pl\/wp-json\/wp\/v2\/product_brand?post=5323"},{"taxonomy":"product_cat","embeddable":true,"href":"https:\/\/kiemmi.com\/pl\/wp-json\/wp\/v2\/product_cat?post=5323"},{"taxonomy":"product_tag","embeddable":true,"href":"https:\/\/kiemmi.com\/pl\/wp-json\/wp\/v2\/product_tag?post=5323"}],"curies":[{"name":"wp","href":"https:\/\/api.w.org\/{rel}","templated":true}]}}