{"id":5316,"date":"2023-04-12T14:15:11","date_gmt":"2023-04-12T14:15:11","guid":{"rendered":"https:\/\/kiemmi.com\/?post_type=product&#038;p=5316"},"modified":"2025-12-09T11:26:37","modified_gmt":"2025-12-09T11:26:37","slug":"nie-przeszkadzaj-znak-na-drzwiach-dla-graczy","status":"publish","type":"product","link":"https:\/\/kiemmi.com\/pl\/shop\/decoracion-del-hogar\/letrero-colgante-para-puerta\/cartel-no-molestar-para-puertas-para-gamers\/","title":{"rendered":"Specjalny, spersonalizowany znak \u201eNie przeszkadza\u0107\u201d dla graczy"},"content":{"rendered":"<p>Witamy w \u015bwiecie graczy z nasz\u0105 drewnian\u0105 tabliczk\u0105 na drzwi stworzon\u0105 specjalnie dla Ciebie! Ten ekskluzywny i konfigurowalny znak na drzwi w kszta\u0142cie kontrolera konsoli do gier wideo jest idealnym dodatkiem dla mi\u0142o\u015bnik\u00f3w gier wideo.<\/p>\n<p>Dzi\u0119ki wzornictwu inspirowanemu kontrolerami konsoli do gier, ten znak na drzwi nie tylko dodaje odrobin\u0119 stylu Twojej przestrzeni do grania, ale tak\u017ce pe\u0142ni praktyczn\u0105 funkcj\u0119. Kiedy powiesisz ten napis na swoich drzwiach, prze\u015blesz jasny i zwi\u0119z\u0142y komunikat: nie przeszkadza\u0107, gracze s\u0105 zanurzeni w swoim wirtualnym \u015bwiecie!<\/p>\n<p>Nasz znak na drzwi dla graczy jest starannie wykonany r\u0119cznie przy u\u017cyciu precyzyjnego ci\u0119cia laserowego, co zapewnia wysok\u0105 jako\u015b\u0107 wyko\u0144czenia i wyj\u0105tkowe detale. Wykorzystujemy drewno pochodz\u0105ce ze zr\u00f3wnowa\u017conych las\u00f3w europejskich, dzi\u0119ki czemu nie tylko otrzymasz wyj\u0105tkowy produkt, ale tak\u017ce przyczynisz si\u0119 do ochrony \u015brodowiska.<\/p>\n<p>Najlepsz\u0105 cz\u0119\u015bci\u0105 naszego znaku na drzwi jest to, \u017ce Twoj\u0105 wiadomo\u015b\u0107 mo\u017cna w pe\u0142ni dostosowa\u0107. Niezale\u017cnie od tego, czy chcesz nadawa\u0107 \u201eW trakcie gry, prosz\u0119 nie przeszkadza\u0107\u201d, czy \u201eZanurzony w \u015bwiecie gier wideo, wkr\u00f3tce wr\u00f3c\u0119\u201d, mo\u017cesz dostosowa\u0107 tre\u015b\u0107 do swojego stylu i preferencji. Pu\u015b\u0107 wodze fantazji i oka\u017c swoj\u0105 pasj\u0119 do gier wideo dzi\u0119ki temu wyj\u0105tkowemu akcesorium.<\/p>\n<p>Nie przegap okazji, aby zamieni\u0107 swoj\u0105 przestrze\u0144 do gier w prawdziwe sanktuarium graczy dzi\u0119ki naszemu drewnianemu znakowi na drzwi. Niezale\u017cnie od tego, czy chcesz umie\u015bci\u0107 go w sypialni, gabinecie czy pokoju gier, ten plakat jest obowi\u0105zkowym elementem wyposa\u017cenia ka\u017cdego mi\u0142o\u015bnika gier wideo i konsoli do gier.<\/p>\n<p>Zdob\u0105d\u017a nasz\u0105 tabliczk\u0119 na drzwi dla graczy i daj wszystkim zna\u0107, \u017ce zanurzy\u0142e\u015b si\u0119 w ekscytuj\u0105cym \u015bwiecie gier wideo!<\/p>\n<p><b>Charakterystyka<\/b><strong>:<\/strong><\/p>\n<ul>\n<li>Kolor: czerwony (w sprawie innych kolor\u00f3w prosimy o kontakt)<\/li>\n<li>Materia\u0142: drewno naturalne, malowane (od g\u00f3ry) i lakierowane (po obu stronach)<\/li>\n<li>Wymiary: 11,4 cm szeroko\u015bci x 25,4 cm wysoko\u015bci x 0,3 cm grubo\u015bci<\/li>\n<\/ul>","protected":false},"excerpt":{"rendered":"<p>Odkryj nasz\u0105 ekskluzywn\u0105 drewnian\u0105 tabliczk\u0119 na drzwi w kszta\u0142cie kontrolera konsoli do gier wideo dla graczy. Konfigurowalne i r\u0119cznie robione za pomoc\u0105 ci\u0119cia laserowego. U\u017cywamy drewna pochodz\u0105cego ze zr\u00f3wnowa\u017conych las\u00f3w europejskich. Wy\u015blij jasny komunikat: nie przeszkadzaj, gracze s\u0105 skupieni. Idealne uzupe\u0142nienie Twojej przestrzeni do zabawy.<\/p>","protected":false},"featured_media":6752,"template":"","meta":{"_seopress_robots_primary_cat":"57","_seopress_titles_title":"%%title%% %%page%%","_seopress_titles_desc":"","_seopress_robots_index":"","_seopress_analysis_target_kw":"","site-sidebar-layout":"default","site-content-layout":"","ast-site-content-layout":"default","site-content-style":"default","site-sidebar-style":"default","ast-global-header-display":"","ast-banner-title-visibility":"","ast-main-header-display":"","ast-hfb-above-header-display":"","ast-hfb-below-header-display":"","ast-hfb-mobile-header-display":"","site-post-title":"","ast-breadcrumbs-content":"","ast-featured-img":"","footer-sml-layout":"","ast-disable-related-posts":"","theme-transparent-header-meta":"default","adv-header-id-meta":"","stick-header-meta":"default","header-above-stick-meta":"","header-main-stick-meta":"","header-below-stick-meta":"","astra-migrate-meta-layouts":"set","ast-page-background-enabled":"default","ast-page-background-meta":{"desktop":{"background-color":"","background-image":"","background-repeat":"repeat","background-position":"center center","background-size":"auto","background-attachment":"scroll","background-type":"","background-media":"","overlay-type":"","overlay-color":"","overlay-opacity":"","overlay-gradient":""},"tablet":{"background-color":"","background-image":"","background-repeat":"repeat","background-position":"center center","background-size":"auto","background-attachment":"scroll","background-type":"","background-media":"","overlay-type":"","overlay-color":"","overlay-opacity":"","overlay-gradient":""},"mobile":{"background-color":"","background-image":"","background-repeat":"repeat","background-position":"center center","background-size":"auto","background-attachment":"scroll","background-type":"","background-media":"","overlay-type":"","overlay-color":"","overlay-opacity":"","overlay-gradient":""}},"ast-content-background-meta":{"desktop":{"background-color":"var(--ast-global-color-5)","background-image":"","background-repeat":"repeat","background-position":"center center","background-size":"auto","background-attachment":"scroll","background-type":"","background-media":"","overlay-type":"","overlay-color":"","overlay-opacity":"","overlay-gradient":""},"tablet":{"background-color":"var(--ast-global-color-5)","background-image":"","background-repeat":"repeat","background-position":"center center","background-size":"auto","background-attachment":"scroll","background-type":"","background-media":"","overlay-type":"","overlay-color":"","overlay-opacity":"","overlay-gradient":""},"mobile":{"background-color":"var(--ast-global-color-5)","background-image":"","background-repeat":"repeat","background-position":"center center","background-size":"auto","background-attachment":"scroll","background-type":"","background-media":"","overlay-type":"","overlay-color":"","overlay-opacity":"","overlay-gradient":""}}},"product_brand":[],"product_cat":[44,51,57],"product_tag":[],"class_list":{"0":"post-5316","1":"product","2":"type-product","3":"status-publish","4":"has-post-thumbnail","6":"product_cat-cartel-madera","7":"product_cat-decoracion-del-hogar","8":"product_cat-letrero-colgante-para-puerta","9":"desktop-align-center","10":"tablet-align-left","11":"mobile-align-center","12":"ast-product-gallery-layout-horizontal","13":"ast-magnify-disabled","14":"ast-product-tabs-layout-horizontal","15":"tm-has-options","17":"first","18":"instock","19":"taxable","20":"shipping-taxable","21":"purchasable","22":"product-type-simple"},"_links":{"self":[{"href":"https:\/\/kiemmi.com\/pl\/wp-json\/wp\/v2\/product\/5316","targetHints":{"allow":["GET"]}}],"collection":[{"href":"https:\/\/kiemmi.com\/pl\/wp-json\/wp\/v2\/product"}],"about":[{"href":"https:\/\/kiemmi.com\/pl\/wp-json\/wp\/v2\/types\/product"}],"version-history":[{"count":0,"href":"https:\/\/kiemmi.com\/pl\/wp-json\/wp\/v2\/product\/5316\/revisions"}],"wp:featuredmedia":[{"embeddable":true,"href":"https:\/\/kiemmi.com\/pl\/wp-json\/wp\/v2\/media\/6752"}],"wp:attachment":[{"href":"https:\/\/kiemmi.com\/pl\/wp-json\/wp\/v2\/media?parent=5316"}],"wp:term":[{"taxonomy":"product_brand","embeddable":true,"href":"https:\/\/kiemmi.com\/pl\/wp-json\/wp\/v2\/product_brand?post=5316"},{"taxonomy":"product_cat","embeddable":true,"href":"https:\/\/kiemmi.com\/pl\/wp-json\/wp\/v2\/product_cat?post=5316"},{"taxonomy":"product_tag","embeddable":true,"href":"https:\/\/kiemmi.com\/pl\/wp-json\/wp\/v2\/product_tag?post=5316"}],"curies":[{"name":"wp","href":"https:\/\/api.w.org\/{rel}","templated":true}]}}