{"id":5245,"date":"2023-03-07T13:10:00","date_gmt":"2023-03-07T13:10:00","guid":{"rendered":"https:\/\/kiemmi.com\/?post_type=product&#038;p=5245"},"modified":"2025-11-01T21:57:26","modified_gmt":"2025-11-01T21:57:26","slug":"okragly-drewniany-brelok-do-kluczy-model-1","status":"publish","type":"product","link":"https:\/\/kiemmi.com\/pl\/shop\/detalles-para-bodas-y-eventos\/llavero-redondo-de-madera-modelo-1\/","title":{"rendered":"Okr\u0105g\u0142y brelok do kluczy z naturalnego drewna \u2013 Model 1"},"content":{"rendered":"<p>Spersonalizowany i grawerowany laserowo okr\u0105g\u0142y brelok z naturalnego drewna.<\/p>\n<p>Za pomoc\u0105 naszego projektanta online mo\u017cesz dostosowa\u0107 go po obu stronach wed\u0142ug w\u0142asnych upodoba\u0144.<\/p>\n<p>Idealny i praktyczny prezent dla go\u015bci na weselu lub na inn\u0105 okazj\u0119.<\/p>\n<p>Na naszej stronie mo\u017cesz stworzy\u0107 dowolny projekt, a otrzymasz oryginalny i ca\u0142kowicie ekskluzywny brelok do kluczy.<\/p>\n<p>Idealny, je\u015bli chcesz podarowa\u0107 przyjacielowi lub cz\u0142onkowi rodziny oryginalny prezent w postaci spersonalizowanego breloczka do kluczy wed\u0142ug w\u0142asnych upodoba\u0144.<span style=\"font-size: 1rem;\">.<\/span><\/p>\n<p><em><strong>Charakterystyka:<\/strong><\/em><\/p>\n<ul>\n<li>\u015arednica: 3,8 cm<\/li>\n<li>Wysoko\u015b\u0107: 0,7 cm<\/li>\n<li>Materia\u0142: drewno naturalne<\/li>\n<\/ul>","protected":false},"excerpt":{"rendered":"<p>Spersonalizowany i grawerowany laserowo okr\u0105g\u0142y brelok z naturalnego drewna.<\/p>\n<p>Za pomoc\u0105 naszego projektanta online mo\u017cesz dostosowa\u0107 go po obu stronach wed\u0142ug w\u0142asnych upodoba\u0144.<\/p>\n<p>Idealny i praktyczny prezent dla go\u015bci na weselu lub na inn\u0105 okazj\u0119.<\/p>\n<p>Na naszej stronie mo\u017cesz stworzy\u0107 dowolny projekt, a otrzymasz oryginalny i ca\u0142kowicie ekskluzywny brelok do kluczy.<\/p>\n<p>Idealny, je\u015bli chcesz podarowa\u0107 przyjacielowi lub cz\u0142onkowi rodziny oryginalny prezent w postaci spersonalizowanego breloczka do kluczy wed\u0142ug w\u0142asnych upodoba\u0144.<span style=\"font-size: 1rem;\">.<\/span><\/p>","protected":false},"featured_media":5246,"template":"","meta":{"_seopress_robots_primary_cat":"45","_seopress_titles_title":"%%title%% %%page%%","_seopress_titles_desc":"","_seopress_robots_index":"","_seopress_analysis_target_kw":"","site-sidebar-layout":"default","site-content-layout":"","ast-site-content-layout":"default","site-content-style":"default","site-sidebar-style":"default","ast-global-header-display":"","ast-banner-title-visibility":"","ast-main-header-display":"","ast-hfb-above-header-display":"","ast-hfb-below-header-display":"","ast-hfb-mobile-header-display":"","site-post-title":"","ast-breadcrumbs-content":"","ast-featured-img":"","footer-sml-layout":"","ast-disable-related-posts":"","theme-transparent-header-meta":"default","adv-header-id-meta":"","stick-header-meta":"default","header-above-stick-meta":"","header-main-stick-meta":"","header-below-stick-meta":"","astra-migrate-meta-layouts":"set","ast-page-background-enabled":"default","ast-page-background-meta":{"desktop":{"background-color":"","background-image":"","background-repeat":"repeat","background-position":"center center","background-size":"auto","background-attachment":"scroll","background-type":"","background-media":"","overlay-type":"","overlay-color":"","overlay-opacity":"","overlay-gradient":""},"tablet":{"background-color":"","background-image":"","background-repeat":"repeat","background-position":"center center","background-size":"auto","background-attachment":"scroll","background-type":"","background-media":"","overlay-type":"","overlay-color":"","overlay-opacity":"","overlay-gradient":""},"mobile":{"background-color":"","background-image":"","background-repeat":"repeat","background-position":"center center","background-size":"auto","background-attachment":"scroll","background-type":"","background-media":"","overlay-type":"","overlay-color":"","overlay-opacity":"","overlay-gradient":""}},"ast-content-background-meta":{"desktop":{"background-color":"var(--ast-global-color-5)","background-image":"","background-repeat":"repeat","background-position":"center center","background-size":"auto","background-attachment":"scroll","background-type":"","background-media":"","overlay-type":"","overlay-color":"","overlay-opacity":"","overlay-gradient":""},"tablet":{"background-color":"var(--ast-global-color-5)","background-image":"","background-repeat":"repeat","background-position":"center center","background-size":"auto","background-attachment":"scroll","background-type":"","background-media":"","overlay-type":"","overlay-color":"","overlay-opacity":"","overlay-gradient":""},"mobile":{"background-color":"var(--ast-global-color-5)","background-image":"","background-repeat":"repeat","background-position":"center center","background-size":"auto","background-attachment":"scroll","background-type":"","background-media":"","overlay-type":"","overlay-color":"","overlay-opacity":"","overlay-gradient":""}}},"product_brand":[],"product_cat":[45,33,49],"product_tag":[],"class_list":{"0":"post-5245","1":"product","2":"type-product","3":"status-publish","4":"has-post-thumbnail","6":"product_cat-detalles-para-bodas-y-eventos","7":"product_cat-llaveros-madera","8":"product_cat-regalos-originales","9":"desktop-align-center","10":"tablet-align-left","11":"mobile-align-center","12":"ast-product-gallery-layout-horizontal","13":"ast-magnify-disabled","14":"ast-product-tabs-layout-horizontal","15":"tm-no-options","17":"first","18":"instock","19":"taxable","20":"shipping-taxable","21":"purchasable","22":"product-type-simple"},"_links":{"self":[{"href":"https:\/\/kiemmi.com\/pl\/wp-json\/wp\/v2\/product\/5245","targetHints":{"allow":["GET"]}}],"collection":[{"href":"https:\/\/kiemmi.com\/pl\/wp-json\/wp\/v2\/product"}],"about":[{"href":"https:\/\/kiemmi.com\/pl\/wp-json\/wp\/v2\/types\/product"}],"version-history":[{"count":0,"href":"https:\/\/kiemmi.com\/pl\/wp-json\/wp\/v2\/product\/5245\/revisions"}],"wp:featuredmedia":[{"embeddable":true,"href":"https:\/\/kiemmi.com\/pl\/wp-json\/wp\/v2\/media\/5246"}],"wp:attachment":[{"href":"https:\/\/kiemmi.com\/pl\/wp-json\/wp\/v2\/media?parent=5245"}],"wp:term":[{"taxonomy":"product_brand","embeddable":true,"href":"https:\/\/kiemmi.com\/pl\/wp-json\/wp\/v2\/product_brand?post=5245"},{"taxonomy":"product_cat","embeddable":true,"href":"https:\/\/kiemmi.com\/pl\/wp-json\/wp\/v2\/product_cat?post=5245"},{"taxonomy":"product_tag","embeddable":true,"href":"https:\/\/kiemmi.com\/pl\/wp-json\/wp\/v2\/product_tag?post=5245"}],"curies":[{"name":"wp","href":"https:\/\/api.w.org\/{rel}","templated":true}]}}