{"id":5234,"date":"2023-02-28T23:56:44","date_gmt":"2023-02-28T23:56:44","guid":{"rendered":"https:\/\/kiemmi.com\/?post_type=product&#038;p=5234"},"modified":"2023-05-29T10:21:26","modified_gmt":"2023-05-29T10:21:26","slug":"spersonalizowany-drewniany-otwieracz-do-butelek","status":"publish","type":"product","link":"https:\/\/kiemmi.com\/pl\/shop\/detalles-para-bodas-y-eventos\/abretolla-abridor-de-madera-personalizado\/","title":{"rendered":"Spersonalizowany drewniany otwieracz do butelek"},"content":{"rendered":"<p>Drewniany otwieracz do butelek.<\/p>\n<p>Za pomoc\u0105 naszego projektanta online mo\u017cesz dostosowa\u0107 go po obu stronach wed\u0142ug w\u0142asnych upodoba\u0144.<\/p>\n<p>Ten drewniany otwieracz do butelek to idealny i praktyczny prezent dla go\u015bci weselnych.<\/p>\n<p>Mo\u017cesz go jednak wykorzysta\u0107 w dowolnej innej okazji.<\/p>\n<p>Na naszej stronie mo\u017cesz stworzy\u0107 dowolny projekt, a otrzymasz oryginalny i ca\u0142kowicie ekskluzywny brelok do kluczy.<\/p>\n<p>Idealny, je\u015bli chcesz sprawi\u0107 oryginalny prezent w postaci spersonalizowanego breloczka do kluczy wed\u0142ug w\u0142asnych upodoba\u0144 znajomemu, cz\u0142onkowi rodziny lub na szczeg\u00f3lne wydarzenie.<\/p>\n<p><em><strong>Charakterystyka:<\/strong><\/em><\/p>\n<ul>\n<li>Szeroko\u015b\u0107: 4 cm<\/li>\n<li>D\u0142ugo\u015b\u0107: 18cm<\/li>\n<li>Wysoko\u015b\u0107: 1cm<\/li>\n<li>Materia\u0142: drewno naturalne<\/li>\n<\/ul>","protected":false},"excerpt":{"rendered":"<p>Drewniany otwieracz do butelek.<\/p>\n<p>Za pomoc\u0105 naszego projektanta online mo\u017cesz dostosowa\u0107 go po obu stronach wed\u0142ug w\u0142asnych upodoba\u0144.<\/p>\n<p>Ten drewniany otwieracz do butelek to idealny i praktyczny prezent dla go\u015bci weselnych.<\/p>\n<p>Mo\u017cesz go jednak wykorzysta\u0107 w dowolnej innej okazji.<\/p>\n<p>Na naszej stronie mo\u017cesz stworzy\u0107 dowolny projekt, a otrzymasz oryginalny i ca\u0142kowicie ekskluzywny brelok do kluczy.<\/p>\n<p>Idealny, je\u015bli chcesz sprawi\u0107 oryginalny prezent w postaci spersonalizowanego breloczka do kluczy wed\u0142ug w\u0142asnych upodoba\u0144 znajomemu, cz\u0142onkowi rodziny lub na szczeg\u00f3lne wydarzenie.<\/p>","protected":false},"featured_media":5237,"template":"","meta":{"_seopress_robots_primary_cat":"45","_seopress_titles_title":"%%title%% %%page%%","_seopress_titles_desc":"Abrebotellas \/ abridor de madera personalizado por las 2 caras. Dis\u00e9\u00f1alo tu mismo desde nuestra p\u00e1gina. Ideal se quieres hacer una regalo original.","_seopress_robots_index":"","_seopress_analysis_target_kw":"","site-sidebar-layout":"default","site-content-layout":"","ast-site-content-layout":"default","site-content-style":"default","site-sidebar-style":"default","ast-global-header-display":"","ast-banner-title-visibility":"","ast-main-header-display":"","ast-hfb-above-header-display":"","ast-hfb-below-header-display":"","ast-hfb-mobile-header-display":"","site-post-title":"","ast-breadcrumbs-content":"","ast-featured-img":"","footer-sml-layout":"","ast-disable-related-posts":"","theme-transparent-header-meta":"","adv-header-id-meta":"","stick-header-meta":"","header-above-stick-meta":"","header-main-stick-meta":"","header-below-stick-meta":"","astra-migrate-meta-layouts":"default","ast-page-background-enabled":"default","ast-page-background-meta":{"desktop":{"background-color":"","background-image":"","background-repeat":"repeat","background-position":"center center","background-size":"auto","background-attachment":"scroll","background-type":"","background-media":"","overlay-type":"","overlay-color":"","overlay-opacity":"","overlay-gradient":""},"tablet":{"background-color":"","background-image":"","background-repeat":"repeat","background-position":"center center","background-size":"auto","background-attachment":"scroll","background-type":"","background-media":"","overlay-type":"","overlay-color":"","overlay-opacity":"","overlay-gradient":""},"mobile":{"background-color":"","background-image":"","background-repeat":"repeat","background-position":"center center","background-size":"auto","background-attachment":"scroll","background-type":"","background-media":"","overlay-type":"","overlay-color":"","overlay-opacity":"","overlay-gradient":""}},"ast-content-background-meta":{"desktop":{"background-color":"var(--ast-global-color-5)","background-image":"","background-repeat":"repeat","background-position":"center center","background-size":"auto","background-attachment":"scroll","background-type":"","background-media":"","overlay-type":"","overlay-color":"","overlay-opacity":"","overlay-gradient":""},"tablet":{"background-color":"var(--ast-global-color-5)","background-image":"","background-repeat":"repeat","background-position":"center center","background-size":"auto","background-attachment":"scroll","background-type":"","background-media":"","overlay-type":"","overlay-color":"","overlay-opacity":"","overlay-gradient":""},"mobile":{"background-color":"var(--ast-global-color-5)","background-image":"","background-repeat":"repeat","background-position":"center center","background-size":"auto","background-attachment":"scroll","background-type":"","background-media":"","overlay-type":"","overlay-color":"","overlay-opacity":"","overlay-gradient":""}}},"product_brand":[],"product_cat":[45,49],"product_tag":[],"class_list":{"0":"post-5234","1":"product","2":"type-product","3":"status-publish","4":"has-post-thumbnail","6":"product_cat-detalles-para-bodas-y-eventos","7":"product_cat-regalos-originales","8":"desktop-align-center","9":"tablet-align-left","10":"mobile-align-center","11":"ast-product-gallery-layout-horizontal","12":"ast-magnify-disabled","13":"ast-product-tabs-layout-horizontal","14":"tm-no-options","16":"first","17":"instock","18":"taxable","19":"shipping-taxable","20":"purchasable","21":"product-type-simple"},"_links":{"self":[{"href":"https:\/\/kiemmi.com\/pl\/wp-json\/wp\/v2\/product\/5234","targetHints":{"allow":["GET"]}}],"collection":[{"href":"https:\/\/kiemmi.com\/pl\/wp-json\/wp\/v2\/product"}],"about":[{"href":"https:\/\/kiemmi.com\/pl\/wp-json\/wp\/v2\/types\/product"}],"version-history":[{"count":0,"href":"https:\/\/kiemmi.com\/pl\/wp-json\/wp\/v2\/product\/5234\/revisions"}],"wp:featuredmedia":[{"embeddable":true,"href":"https:\/\/kiemmi.com\/pl\/wp-json\/wp\/v2\/media\/5237"}],"wp:attachment":[{"href":"https:\/\/kiemmi.com\/pl\/wp-json\/wp\/v2\/media?parent=5234"}],"wp:term":[{"taxonomy":"product_brand","embeddable":true,"href":"https:\/\/kiemmi.com\/pl\/wp-json\/wp\/v2\/product_brand?post=5234"},{"taxonomy":"product_cat","embeddable":true,"href":"https:\/\/kiemmi.com\/pl\/wp-json\/wp\/v2\/product_cat?post=5234"},{"taxonomy":"product_tag","embeddable":true,"href":"https:\/\/kiemmi.com\/pl\/wp-json\/wp\/v2\/product_tag?post=5234"}],"curies":[{"name":"wp","href":"https:\/\/api.w.org\/{rel}","templated":true}]}}