{"id":5213,"date":"2023-02-28T14:37:41","date_gmt":"2023-02-28T14:37:41","guid":{"rendered":"https:\/\/kiemmi.com\/?post_type=product&#038;p=5213"},"modified":"2023-10-07T20:35:47","modified_gmt":"2023-10-07T20:35:47","slug":"spersonalizowany-drewniany-medalion","status":"publish","type":"product","link":"https:\/\/kiemmi.com\/pl\/shop\/decoracion-del-hogar\/habitacion-de-bebe\/medallon-de-madera-personalizado\/","title":{"rendered":"Personalizowany medalion drewniany"},"content":{"rendered":"<p>Szukasz idealnego sposobu na nadanie pokojowi dziecka wyj\u0105tkowego i osobistego charakteru? Nasz spersonalizowany drewniany medalion jest idealnym wyborem. Ten uroczy medalion, precyzyjnie wykonany metod\u0105 ci\u0119cia laserowego, stanie si\u0119 wyj\u0105tkow\u0105 bi\u017cuteri\u0105, kt\u00f3ra uwieczni wyj\u0105tkowe chwile w \u017cyciu Twojej rodziny.<\/p>\n<p><strong>Wyr\u00f3\u017cnione funkcje:<\/strong><\/p>\n<ul>\n<li><strong>Wysokiej jako\u015bci naturalne drewno:<\/strong> Ka\u017cdy medalion jest starannie wykonany z naturalnego drewna, co zapewnia rustykalne, autentyczne pi\u0119kno w ka\u017cdym egzemplarzu.<\/li>\n<li><strong>Personalizacja wed\u0142ug w\u0142asnych upodoba\u0144:<\/strong> Dzi\u0119ki precyzyjnej technologii grawerowania laserowego mo\u017cesz spersonalizowa\u0107 ten medalion imieniem swojego dziecka, dziecka lub bliskiej Ci osoby. Pierwsza wypuk\u0142a litera, wykonana z naturalnego drewna lub w wybranym przez Ciebie kolorze, nadaje mu charakterystyczny i elegancki charakter.<\/li>\n<li><strong>Idealny do dekoracji:<\/strong> Ten medalion jest idealnym elementem wystroju pokoju Twojego dziecka. Dodaje odrobin\u0119 ciep\u0142a i osobowo\u015bci, tworz\u0105c jednocze\u015bnie przytuln\u0105 i niepowtarzaln\u0105 atmosfer\u0119.<\/li>\n<li><strong>Idealny prezent:<\/strong> Nie tylko \u015bwietnie sprawdzi si\u0119 w Twoim domu, ale tak\u017ce b\u0119dzie idealnym prezentem na baby shower lub inn\u0105 specjaln\u0105 okazj\u0119. Zaskocz swoich bliskich prezentem, kt\u00f3ry b\u0119dzie dla nich pami\u0105tk\u0105 na ca\u0142e \u017cycie.<\/li>\n<li><strong>Wykonane z mi\u0142o\u015bci\u0105:<\/strong> Ka\u017cdy medalion jest tworzony z mi\u0142o\u015bci\u0105 i trosk\u0105, a ka\u017cdy szczeg\u00f3\u0142 jest sprawdzany, aby zapewni\u0107 maksymaln\u0105 jako\u015b\u0107 i trwa\u0142o\u015b\u0107.<\/li>\n<\/ul>\n<p>Zmie\u0144 ka\u017cd\u0105 przestrze\u0144 w co\u015b wyj\u0105tkowego dzi\u0119ki naszemu spersonalizowanemu drewnianemu medalionowi. Odrobina elegancji i mi\u0142o\u015bci, kt\u00f3ra b\u0119dzie trwa\u0107 przez lata w pokoju Twojego dziecka.<\/p>\n<p><strong>Wymiary:<\/strong><\/p>\n<ul>\n<li><strong>\u015arednica:<\/strong> 12cm.<\/li>\n<\/ul>","protected":false},"excerpt":{"rendered":"<p>Odkryj nasz Personalizowany Medalion Drewniany, klejnot wykonany r\u0119cznie przy u\u017cyciu ci\u0119cia laserowego i wysokiej jako\u015bci naturalnego drewna. Spersonalizuj go imieniem swojego dziecka lub ukochanej osoby, z pierwsz\u0105 liter\u0105 wyt\u0142oczon\u0105 w naturalnym lub kolorowym drewnie, tworz\u0105c charakterystyczny i elegancki akcent. Medalion idealnie nadaje si\u0119 do dekoracji pokoju dziecka i stanowi niezapomniany prezent na specjalne okazje. Ka\u017cdy element jest tworzony z trosk\u0105 i mi\u0142o\u015bci\u0105, zapewniaj\u0105c jako\u015b\u0107 i trwa\u0142o\u015b\u0107. Ju\u017c dzi\u015b przekszta\u0142\u0107 swoj\u0105 przestrze\u0144 dzi\u0119ki temu wyj\u0105tkowemu i znacz\u0105cemu akcentowi.<\/p>\n<p><strong>\u015arednica:<\/strong> 12cm.<\/p>","protected":false},"featured_media":5214,"template":"","meta":{"_seopress_robots_primary_cat":"52","_seopress_titles_title":"Medallon de madera personalizable con el nombre de tus hijos","_seopress_titles_desc":"Medallon de madera personalizado con tu nombre o el nombre de tus hijos.Ideal para la decoraci\u00f3n de la habitaci\u00f3n.Producto hecho a mano en Espa\u00f1a.","_seopress_robots_index":"","_seopress_analysis_target_kw":"","site-sidebar-layout":"default","site-content-layout":"","ast-site-content-layout":"default","site-content-style":"default","site-sidebar-style":"default","ast-global-header-display":"","ast-banner-title-visibility":"","ast-main-header-display":"","ast-hfb-above-header-display":"","ast-hfb-below-header-display":"","ast-hfb-mobile-header-display":"","site-post-title":"","ast-breadcrumbs-content":"","ast-featured-img":"","footer-sml-layout":"","ast-disable-related-posts":"","theme-transparent-header-meta":"","adv-header-id-meta":"","stick-header-meta":"","header-above-stick-meta":"","header-main-stick-meta":"","header-below-stick-meta":"","astra-migrate-meta-layouts":"default","ast-page-background-enabled":"default","ast-page-background-meta":{"desktop":{"background-color":"","background-image":"","background-repeat":"repeat","background-position":"center center","background-size":"auto","background-attachment":"scroll","background-type":"","background-media":"","overlay-type":"","overlay-color":"","overlay-opacity":"","overlay-gradient":""},"tablet":{"background-color":"","background-image":"","background-repeat":"repeat","background-position":"center center","background-size":"auto","background-attachment":"scroll","background-type":"","background-media":"","overlay-type":"","overlay-color":"","overlay-opacity":"","overlay-gradient":""},"mobile":{"background-color":"","background-image":"","background-repeat":"repeat","background-position":"center center","background-size":"auto","background-attachment":"scroll","background-type":"","background-media":"","overlay-type":"","overlay-color":"","overlay-opacity":"","overlay-gradient":""}},"ast-content-background-meta":{"desktop":{"background-color":"var(--ast-global-color-5)","background-image":"","background-repeat":"repeat","background-position":"center center","background-size":"auto","background-attachment":"scroll","background-type":"","background-media":"","overlay-type":"","overlay-color":"","overlay-opacity":"","overlay-gradient":""},"tablet":{"background-color":"var(--ast-global-color-5)","background-image":"","background-repeat":"repeat","background-position":"center center","background-size":"auto","background-attachment":"scroll","background-type":"","background-media":"","overlay-type":"","overlay-color":"","overlay-opacity":"","overlay-gradient":""},"mobile":{"background-color":"var(--ast-global-color-5)","background-image":"","background-repeat":"repeat","background-position":"center center","background-size":"auto","background-attachment":"scroll","background-type":"","background-media":"","overlay-type":"","overlay-color":"","overlay-opacity":"","overlay-gradient":""}}},"product_brand":[],"product_cat":[51,52,49],"product_tag":[],"class_list":{"0":"post-5213","1":"product","2":"type-product","3":"status-publish","4":"has-post-thumbnail","6":"product_cat-decoracion-del-hogar","7":"product_cat-habitacion-de-bebe","8":"product_cat-regalos-originales","9":"desktop-align-center","10":"tablet-align-left","11":"mobile-align-center","12":"ast-product-gallery-layout-horizontal","13":"ast-magnify-disabled","14":"ast-product-tabs-layout-horizontal","15":"tm-has-options","17":"first","18":"instock","19":"taxable","20":"shipping-taxable","21":"purchasable","22":"product-type-simple"},"_links":{"self":[{"href":"https:\/\/kiemmi.com\/pl\/wp-json\/wp\/v2\/product\/5213","targetHints":{"allow":["GET"]}}],"collection":[{"href":"https:\/\/kiemmi.com\/pl\/wp-json\/wp\/v2\/product"}],"about":[{"href":"https:\/\/kiemmi.com\/pl\/wp-json\/wp\/v2\/types\/product"}],"version-history":[{"count":0,"href":"https:\/\/kiemmi.com\/pl\/wp-json\/wp\/v2\/product\/5213\/revisions"}],"wp:featuredmedia":[{"embeddable":true,"href":"https:\/\/kiemmi.com\/pl\/wp-json\/wp\/v2\/media\/5214"}],"wp:attachment":[{"href":"https:\/\/kiemmi.com\/pl\/wp-json\/wp\/v2\/media?parent=5213"}],"wp:term":[{"taxonomy":"product_brand","embeddable":true,"href":"https:\/\/kiemmi.com\/pl\/wp-json\/wp\/v2\/product_brand?post=5213"},{"taxonomy":"product_cat","embeddable":true,"href":"https:\/\/kiemmi.com\/pl\/wp-json\/wp\/v2\/product_cat?post=5213"},{"taxonomy":"product_tag","embeddable":true,"href":"https:\/\/kiemmi.com\/pl\/wp-json\/wp\/v2\/product_tag?post=5213"}],"curies":[{"name":"wp","href":"https:\/\/api.w.org\/{rel}","templated":true}]}}