{"id":5175,"date":"2023-01-19T14:44:15","date_gmt":"2023-01-19T14:44:15","guid":{"rendered":"https:\/\/kiemmi.com\/?post_type=product&#038;p=5175"},"modified":"2025-09-11T08:00:56","modified_gmt":"2025-09-11T08:00:56","slug":"uchwyt-na-dlugopis-i-podporka-mobilna-w-ksztalcie-drewnianego-kota","status":"publish","type":"product","link":"https:\/\/kiemmi.com\/pl\/shop\/soportes-para-moviles\/portaboligrafos-y-soporte-movil-en-forma-de-gato-de-madera\/","title":{"rendered":"Uchwyt na d\u0142ugopis i stojak na telefon w kszta\u0142cie drewnianego kota"},"content":{"rendered":"<p>Odkryj drewniany obsadka do pi\u00f3ra w kszta\u0142cie kota, prawdziwy, r\u0119cznie robiony klejnot, kt\u00f3ry zachwyci mi\u0142o\u015bnik\u00f3w kot\u00f3w! To niesamowite akcesorium, starannie wyci\u0119te laserowo, \u0142\u0105czy w sobie funkcjonalno\u015b\u0107 i styl w wyj\u0105tkowy spos\u00f3b.<\/p>\n<p>Ka\u017cdy uchwyt na d\u0142ugopis zosta\u0142 starannie wykonany r\u0119cznie, zapewniaj\u0105c wyj\u0105tkow\u0105 jako\u015b\u0107 w ka\u017cdym szczeg\u00f3le. Wz\u00f3r w kszta\u0142cie kota oddaje istot\u0119 i elegancj\u0119 tych uroczych zwierz\u0105tek, dzi\u0119ki czemu jest to pozycja obowi\u0105zkowa dla mi\u0142o\u015bnik\u00f3w kot\u00f3w.<\/p>\n<p>Ale to nie wszystko, ten wszechstronny uchwyt na d\u0142ugopis mo\u017ce r\u00f3wnie\u017c s\u0142u\u017cy\u0107 jako praktyczny stojak na telefon kom\u00f3rkowy. Umie\u015b\u0107 swoje urz\u0105dzenie w specjalnie zaprojektowanym gnie\u017adzie i ciesz si\u0119 wygodnym i bezpiecznym ogl\u0105daniem podczas pracy, nauki lub po prostu relaksu.<\/p>\n<p>Cenimy dba\u0142o\u015b\u0107 o \u015brodowisko, dlatego ten obsadka do pi\u00f3ra zosta\u0142a wykonana z drewna pochodz\u0105cego ze zr\u00f3wnowa\u017conych las\u00f3w europejskich. Nab\u0119dziesz nie tylko funkcjonalny i pi\u0119kny przedmiot, ale tak\u017ce przyczynisz si\u0119 do zachowania naszych cennych zasob\u00f3w naturalnych.<\/p>\n<p>Niezale\u017cnie od tego, czy jeste\u015b mi\u0142o\u015bnikiem kot\u00f3w, czy szukasz idealnego prezentu dla mi\u0142o\u015bnika kot\u00f3w, ten drewniany uchwyt na d\u0142ugopis w kszta\u0142cie kota b\u0119dzie idealnym wyborem. Dodaj uroczego i praktycznego akcentu do swojego miejsca pracy lub podaruj go wyj\u0105tkowej osobie, kt\u00f3ra nie mo\u017ce si\u0119 oprze\u0107 kociej s\u0142odyczy.<\/p>\n<p>Nie przegap tej okazji! Kup ju\u017c teraz drewniany uchwyt na d\u0142ugopis w kszta\u0142cie kota i do\u0142\u0105cz do spo\u0142eczno\u015bci mi\u0142o\u015bnik\u00f3w kot\u00f3w, kt\u00f3rzy ju\u017c ciesz\u0105 si\u0119 tym wspania\u0142ym produktem.<\/p>\n<p><strong>Wymiary:<\/strong><\/p>\n<ul>\n<li>Szeroko\u015b\u0107: 10cm<\/li>\n<li>G\u0142\u0119boko\u015b\u0107: 5,5 cm<\/li>\n<li>Wysoko\u015b\u0107: 11cm<\/li>\n<li>Grubo\u015b\u0107 drewna: 3mm<\/li>\n<\/ul>","protected":false},"excerpt":{"rendered":"<p>Odkryj drewniany obsadka do pi\u00f3ra w kszta\u0142cie kota, rzemie\u015blniczy klejnot wykonany r\u0119cznie za pomoc\u0105 ci\u0119cia laserowego. Pe\u0142ni funkcj\u0119 uchwytu na telefon kom\u00f3rkowy i pochodzi ze zr\u00f3wnowa\u017conych las\u00f3w europejskich. Idealny dla mi\u0142o\u015bnik\u00f3w kot\u00f3w i mi\u0142o\u015bnik\u00f3w kot\u00f3w. Dodaj uroku i praktyczno\u015bci swojemu miejscu pracy. Nie przegap okazji zakupu tego wspania\u0142ego produktu!<\/p>","protected":false},"featured_media":5176,"template":"","meta":{"_seopress_robots_primary_cat":"34","_seopress_titles_title":"%%title%% %%page%%","_seopress_titles_desc":"","_seopress_robots_index":"","_seopress_analysis_target_kw":"","site-sidebar-layout":"default","site-content-layout":"","ast-site-content-layout":"default","site-content-style":"default","site-sidebar-style":"default","ast-global-header-display":"","ast-banner-title-visibility":"","ast-main-header-display":"","ast-hfb-above-header-display":"","ast-hfb-below-header-display":"","ast-hfb-mobile-header-display":"","site-post-title":"","ast-breadcrumbs-content":"","ast-featured-img":"","footer-sml-layout":"","ast-disable-related-posts":"","theme-transparent-header-meta":"","adv-header-id-meta":"","stick-header-meta":"","header-above-stick-meta":"","header-main-stick-meta":"","header-below-stick-meta":"","astra-migrate-meta-layouts":"default","ast-page-background-enabled":"default","ast-page-background-meta":{"desktop":{"background-color":"","background-image":"","background-repeat":"repeat","background-position":"center center","background-size":"auto","background-attachment":"scroll","background-type":"","background-media":"","overlay-type":"","overlay-color":"","overlay-opacity":"","overlay-gradient":""},"tablet":{"background-color":"","background-image":"","background-repeat":"repeat","background-position":"center center","background-size":"auto","background-attachment":"scroll","background-type":"","background-media":"","overlay-type":"","overlay-color":"","overlay-opacity":"","overlay-gradient":""},"mobile":{"background-color":"","background-image":"","background-repeat":"repeat","background-position":"center center","background-size":"auto","background-attachment":"scroll","background-type":"","background-media":"","overlay-type":"","overlay-color":"","overlay-opacity":"","overlay-gradient":""}},"ast-content-background-meta":{"desktop":{"background-color":"var(--ast-global-color-5)","background-image":"","background-repeat":"repeat","background-position":"center center","background-size":"auto","background-attachment":"scroll","background-type":"","background-media":"","overlay-type":"","overlay-color":"","overlay-opacity":"","overlay-gradient":""},"tablet":{"background-color":"var(--ast-global-color-5)","background-image":"","background-repeat":"repeat","background-position":"center center","background-size":"auto","background-attachment":"scroll","background-type":"","background-media":"","overlay-type":"","overlay-color":"","overlay-opacity":"","overlay-gradient":""},"mobile":{"background-color":"var(--ast-global-color-5)","background-image":"","background-repeat":"repeat","background-position":"center center","background-size":"auto","background-attachment":"scroll","background-type":"","background-media":"","overlay-type":"","overlay-color":"","overlay-opacity":"","overlay-gradient":""}}},"product_brand":[],"product_cat":[87,49,34],"product_tag":[],"class_list":{"0":"post-5175","1":"product","2":"type-product","3":"status-publish","4":"has-post-thumbnail","6":"product_cat-mascotas","7":"product_cat-regalos-originales","8":"product_cat-soportes-para-moviles","9":"desktop-align-center","10":"tablet-align-left","11":"mobile-align-center","12":"ast-product-gallery-layout-horizontal","13":"ast-magnify-disabled","14":"ast-product-tabs-layout-horizontal","15":"tm-no-options","17":"first","18":"instock","19":"taxable","20":"shipping-taxable","21":"purchasable","22":"product-type-simple"},"_links":{"self":[{"href":"https:\/\/kiemmi.com\/pl\/wp-json\/wp\/v2\/product\/5175","targetHints":{"allow":["GET"]}}],"collection":[{"href":"https:\/\/kiemmi.com\/pl\/wp-json\/wp\/v2\/product"}],"about":[{"href":"https:\/\/kiemmi.com\/pl\/wp-json\/wp\/v2\/types\/product"}],"version-history":[{"count":0,"href":"https:\/\/kiemmi.com\/pl\/wp-json\/wp\/v2\/product\/5175\/revisions"}],"wp:featuredmedia":[{"embeddable":true,"href":"https:\/\/kiemmi.com\/pl\/wp-json\/wp\/v2\/media\/5176"}],"wp:attachment":[{"href":"https:\/\/kiemmi.com\/pl\/wp-json\/wp\/v2\/media?parent=5175"}],"wp:term":[{"taxonomy":"product_brand","embeddable":true,"href":"https:\/\/kiemmi.com\/pl\/wp-json\/wp\/v2\/product_brand?post=5175"},{"taxonomy":"product_cat","embeddable":true,"href":"https:\/\/kiemmi.com\/pl\/wp-json\/wp\/v2\/product_cat?post=5175"},{"taxonomy":"product_tag","embeddable":true,"href":"https:\/\/kiemmi.com\/pl\/wp-json\/wp\/v2\/product_tag?post=5175"}],"curies":[{"name":"wp","href":"https:\/\/api.w.org\/{rel}","templated":true}]}}