{"id":5094,"date":"2023-01-18T16:05:30","date_gmt":"2023-01-18T16:05:30","guid":{"rendered":"https:\/\/kiemmi.com\/?post_type=product&#038;p=5094"},"modified":"2025-06-29T10:42:57","modified_gmt":"2025-06-29T10:42:57","slug":"notatnik-w-drewnianej-okladce-z-motywem-gitary","status":"publish","type":"product","link":"https:\/\/kiemmi.com\/pl\/shop\/libretas-de-madera-personalizadas\/libreta-con-tapa-de-madera-con-diseno-de-guitarra\/","title":{"rendered":"Notatnik w drewnianej ok\u0142adce z motywem gitary"},"content":{"rendered":"<p>Spersonalizowany notatnik w drewnianej ok\u0142adce z wyci\u0119t\u0105 gitar\u0105 i nutami.<\/p>\n<p>Dostosuj nazw\u0119 na ok\u0142adce wed\u0142ug w\u0142asnych upodoba\u0144.<\/p>\n<p><span class=\"a-list-item a-size-base\">Nasze notesy w drewnianej ok\u0142adce idealnie nadaj\u0105 si\u0119 do tworzenia notatek<\/span>Oryginalny, zabawny i konfigurowalny prezent.<\/p>\n<p>Idealny dla przyjaciela lub cz\u0142onka rodziny, kt\u00f3ry kocha gitary i muzyk\u0119 w og\u00f3le.<\/p>\n<p><strong>Charakterystyka:<\/strong><\/p>\n<ul>\n<li>Wymiary: 21cm x 15cm<\/li>\n<li>Drewniana ok\u0142adka przednia i tylna<\/li>\n<li>Notatnik z kwadratowymi kartkami<\/li>\n<li>80 stron po 90 gr.<\/li>\n<\/ul>","protected":false},"excerpt":{"rendered":"<p>Spersonalizowany notatnik w drewnianej ok\u0142adce z wyci\u0119t\u0105 gitar\u0105 i nutami.<\/p>\n<p>Dostosuj nazw\u0119 na ok\u0142adce wed\u0142ug w\u0142asnych upodoba\u0144.<\/p>\n<p><span class=\"a-list-item a-size-base\">Nasze notesy w drewnianej ok\u0142adce idealnie nadaj\u0105 si\u0119 do tworzenia notatek<\/span>Oryginalny, zabawny i konfigurowalny prezent.<\/p>\n<p>Idealny dla przyjaciela lub cz\u0142onka rodziny, kt\u00f3ry kocha gitary i muzyk\u0119 w og\u00f3le.<\/p>","protected":false},"featured_media":20158,"template":"","meta":{"_seopress_robots_primary_cat":"50","_seopress_titles_title":"Libreta personalizada: Tapa de madera con guitarra","_seopress_titles_desc":"Regala originalidad con nuestra libreta de tapa de madera y guitarra troquelada. Personaliza el nombre y sorprende a amantes de la m\u00fasica. \u00a1Desc\u00fabrela!","_seopress_robots_index":"","_seopress_analysis_target_kw":"libreta,madera,guitarra,personalizada","site-sidebar-layout":"default","site-content-layout":"","ast-site-content-layout":"default","site-content-style":"default","site-sidebar-style":"default","ast-global-header-display":"","ast-banner-title-visibility":"","ast-main-header-display":"","ast-hfb-above-header-display":"","ast-hfb-below-header-display":"","ast-hfb-mobile-header-display":"","site-post-title":"","ast-breadcrumbs-content":"","ast-featured-img":"","footer-sml-layout":"","ast-disable-related-posts":"","theme-transparent-header-meta":"default","adv-header-id-meta":"","stick-header-meta":"default","header-above-stick-meta":"","header-main-stick-meta":"","header-below-stick-meta":"","astra-migrate-meta-layouts":"set","ast-page-background-enabled":"default","ast-page-background-meta":{"desktop":{"background-color":"","background-image":"","background-repeat":"repeat","background-position":"center center","background-size":"auto","background-attachment":"scroll","background-type":"","background-media":"","overlay-type":"","overlay-color":"","overlay-opacity":"","overlay-gradient":""},"tablet":{"background-color":"","background-image":"","background-repeat":"repeat","background-position":"center center","background-size":"auto","background-attachment":"scroll","background-type":"","background-media":"","overlay-type":"","overlay-color":"","overlay-opacity":"","overlay-gradient":""},"mobile":{"background-color":"","background-image":"","background-repeat":"repeat","background-position":"center center","background-size":"auto","background-attachment":"scroll","background-type":"","background-media":"","overlay-type":"","overlay-color":"","overlay-opacity":"","overlay-gradient":""}},"ast-content-background-meta":{"desktop":{"background-color":"var(--ast-global-color-5)","background-image":"","background-repeat":"repeat","background-position":"center center","background-size":"auto","background-attachment":"scroll","background-type":"","background-media":"","overlay-type":"","overlay-color":"","overlay-opacity":"","overlay-gradient":""},"tablet":{"background-color":"var(--ast-global-color-5)","background-image":"","background-repeat":"repeat","background-position":"center center","background-size":"auto","background-attachment":"scroll","background-type":"","background-media":"","overlay-type":"","overlay-color":"","overlay-opacity":"","overlay-gradient":""},"mobile":{"background-color":"var(--ast-global-color-5)","background-image":"","background-repeat":"repeat","background-position":"center center","background-size":"auto","background-attachment":"scroll","background-type":"","background-media":"","overlay-type":"","overlay-color":"","overlay-opacity":"","overlay-gradient":""}}},"product_brand":[],"product_cat":[50],"product_tag":[],"class_list":{"0":"post-5094","1":"product","2":"type-product","3":"status-publish","4":"has-post-thumbnail","6":"product_cat-libretas-de-madera-personalizadas","7":"desktop-align-center","8":"tablet-align-left","9":"mobile-align-center","10":"ast-product-gallery-layout-horizontal","11":"ast-magnify-disabled","12":"ast-product-tabs-layout-horizontal","13":"tm-has-options","15":"first","16":"instock","17":"taxable","18":"shipping-taxable","19":"purchasable","20":"product-type-simple"},"_links":{"self":[{"href":"https:\/\/kiemmi.com\/pl\/wp-json\/wp\/v2\/product\/5094","targetHints":{"allow":["GET"]}}],"collection":[{"href":"https:\/\/kiemmi.com\/pl\/wp-json\/wp\/v2\/product"}],"about":[{"href":"https:\/\/kiemmi.com\/pl\/wp-json\/wp\/v2\/types\/product"}],"version-history":[{"count":0,"href":"https:\/\/kiemmi.com\/pl\/wp-json\/wp\/v2\/product\/5094\/revisions"}],"wp:featuredmedia":[{"embeddable":true,"href":"https:\/\/kiemmi.com\/pl\/wp-json\/wp\/v2\/media\/20158"}],"wp:attachment":[{"href":"https:\/\/kiemmi.com\/pl\/wp-json\/wp\/v2\/media?parent=5094"}],"wp:term":[{"taxonomy":"product_brand","embeddable":true,"href":"https:\/\/kiemmi.com\/pl\/wp-json\/wp\/v2\/product_brand?post=5094"},{"taxonomy":"product_cat","embeddable":true,"href":"https:\/\/kiemmi.com\/pl\/wp-json\/wp\/v2\/product_cat?post=5094"},{"taxonomy":"product_tag","embeddable":true,"href":"https:\/\/kiemmi.com\/pl\/wp-json\/wp\/v2\/product_tag?post=5094"}],"curies":[{"name":"wp","href":"https:\/\/api.w.org\/{rel}","templated":true}]}}