{"id":4995,"date":"2022-11-10T07:35:58","date_gmt":"2022-11-10T07:35:58","guid":{"rendered":"https:\/\/kiemmi.com\/?post_type=product&#038;p=4995"},"modified":"2026-01-19T21:26:26","modified_gmt":"2026-01-19T21:26:26","slug":"drewniany-kalendarz-3d-w-ksztalcie-konfigurowalnego-dwunastoscianu","status":"publish","type":"product","link":"https:\/\/kiemmi.com\/pl\/shop\/decoracion-del-hogar\/calendario-3d-de-madera-en-forma-de-dodecaedro-personalizable\/","title":{"rendered":"Drewniany kalendarz 3D w kszta\u0142cie konfigurowalnego dwunasto\u015bcianu | Kalendarz na rok 2025"},"content":{"rendered":"<p>Szukasz wyj\u0105tkowego elementu dekoracyjnego, kt\u00f3ry \u0142\u0105czy w sobie elegancj\u0119 i trwa\u0142o\u015b\u0107? Nasz drewniany kalendarz dwunasto\u015bcianowy 3D to r\u0119cznie wycinane laserowo dzie\u0142o sztuki, kt\u00f3re zrobi wra\u017cenie na Twoich go\u015bciach i rozja\u015bni Twoj\u0105 przestrze\u0144. Ka\u017cdy egzemplarz jest wyrazem wyj\u0105tkowego kunsztu i mo\u017cna go dostosowa\u0107 tak, aby idealnie pasowa\u0142 do Twojego stylu.<\/p>\n<p><strong>Wyr\u00f3\u017cnione funkcje:<\/strong><\/p>\n<ul>\n<li><strong>Wyj\u0105tkowy wz\u00f3r geometryczny:<\/strong> Nasz kalendarz 3D ma kszta\u0142t dwunasto\u015bcianu, wielo\u015bcianu o 12 twarzach, kt\u00f3ry wnosi niepowtarzaln\u0105 estetyk\u0119 do Twojego domu lub biura.<\/li>\n<li><strong>R\u0119cznie robione z precyzyjnym ci\u0119ciem laserowym:<\/strong> Ka\u017cdy kalendarz jest starannie wycinany laserowo, co zapewnia najwy\u017csz\u0105 dok\u0142adno\u015b\u0107 w ka\u017cdym szczeg\u00f3le.<\/li>\n<li><strong>Personalizacja wed\u0142ug w\u0142asnych upodoba\u0144:<\/strong> Chcesz, aby Twoje imi\u0119, wyj\u0105tkowa data lub inspiruj\u0105ca wiadomo\u015b\u0107 zosta\u0142a wygrawerowana w kalendarzu? Mo\u017cemy to zrealizowa\u0107!<\/li>\n<li><strong>Ekologiczne i zr\u00f3wnowa\u017cone:<\/strong> Stosujemy lakiery na bazie wody, kt\u00f3re s\u0105 przyjazne dla \u015brodowiska, aby zabezpieczy\u0107 drewno i zapewni\u0107 trwa\u0142o\u015b\u0107 produktu.<\/li>\n<li><strong>Idealny jako oryginalny prezent:<\/strong> Niezale\u017cnie od tego, czy s\u0105 to urodziny, rocznica czy inna specjalna okazja, ten kalendarz jest wyj\u0105tkowym prezentem, kt\u00f3ry zostanie doceniony i zapami\u0119tany.<\/li>\n<li><strong>Wymiary:<\/strong> \u015arednica 14 cm.<\/li>\n<\/ul>\n<p>Ten dwunasto\u015bcianowy kalendarz 3D to znacznie wi\u0119cej ni\u017c tylko narz\u0119dzie do \u015bledzenia czasu; To wyraz stylu i zaanga\u017cowania w natur\u0119. Dodaj odrobin\u0119 klasy do swojej przestrzeni dzi\u0119ki temu wyj\u0105tkowemu i konfigurowalnemu elementowi dekoracyjnemu.<\/p>\n<p>Zdob\u0105d\u017a sw\u00f3j ju\u017c dzi\u015b i zmie\u0144 swoje \u015brodowisko w arcydzie\u0142o eko-designu!<\/p>","protected":false},"excerpt":{"rendered":"<p>Nasz drewniany kalendarz 3D w kszta\u0142cie dwunasto\u015bcianu to wyj\u0105tkowy i trwa\u0142y element dekoracji. Wykonany r\u0119cznie przy u\u017cyciu precyzyjnego ci\u0119cia laserowego, jego wyj\u0105tkowy geometryczny wz\u00f3r wyr\u00f3\u017cnia ka\u017cd\u0105 przestrze\u0144. Mo\u017cna go spersonalizowa\u0107 za pomoc\u0105 specjalnych grawer\u00f3w, a my stosujemy lakiery przyjazne dla \u015brodowiska. Idealnie sprawdzi si\u0119 jako oryginalny prezent na wyj\u0105tkowe okazje. Zmie\u0144 swoje \u015brodowisko w arcydzie\u0142o ekoprojektu, kupuj\u0105c je ju\u017c dzi\u015b.<\/p>","protected":false},"featured_media":10229,"template":"","meta":{"_seopress_robots_primary_cat":"51","_seopress_titles_title":"Calendario de Madera 3D: Elegancia y Sostenibilidad","_seopress_titles_desc":"Descubre un calendario 3D de madera en forma de dodecaedro, totalmente personalizable. A\u00f1ade estilo y originalidad a tu espacio con esta obra de arte \u00fanica.","_seopress_robots_index":"","_seopress_analysis_target_kw":"","site-sidebar-layout":"default","site-content-layout":"","ast-site-content-layout":"default","site-content-style":"default","site-sidebar-style":"default","ast-global-header-display":"","ast-banner-title-visibility":"","ast-main-header-display":"","ast-hfb-above-header-display":"","ast-hfb-below-header-display":"","ast-hfb-mobile-header-display":"","site-post-title":"","ast-breadcrumbs-content":"","ast-featured-img":"","footer-sml-layout":"","ast-disable-related-posts":"","theme-transparent-header-meta":"default","adv-header-id-meta":"","stick-header-meta":"default","header-above-stick-meta":"","header-main-stick-meta":"","header-below-stick-meta":"","astra-migrate-meta-layouts":"set","ast-page-background-enabled":"default","ast-page-background-meta":{"desktop":{"background-color":"","background-image":"","background-repeat":"repeat","background-position":"center center","background-size":"auto","background-attachment":"scroll","background-type":"","background-media":"","overlay-type":"","overlay-color":"","overlay-opacity":"","overlay-gradient":""},"tablet":{"background-color":"","background-image":"","background-repeat":"repeat","background-position":"center center","background-size":"auto","background-attachment":"scroll","background-type":"","background-media":"","overlay-type":"","overlay-color":"","overlay-opacity":"","overlay-gradient":""},"mobile":{"background-color":"","background-image":"","background-repeat":"repeat","background-position":"center center","background-size":"auto","background-attachment":"scroll","background-type":"","background-media":"","overlay-type":"","overlay-color":"","overlay-opacity":"","overlay-gradient":""}},"ast-content-background-meta":{"desktop":{"background-color":"var(--ast-global-color-5)","background-image":"","background-repeat":"repeat","background-position":"center center","background-size":"auto","background-attachment":"scroll","background-type":"","background-media":"","overlay-type":"","overlay-color":"","overlay-opacity":"","overlay-gradient":""},"tablet":{"background-color":"var(--ast-global-color-5)","background-image":"","background-repeat":"repeat","background-position":"center center","background-size":"auto","background-attachment":"scroll","background-type":"","background-media":"","overlay-type":"","overlay-color":"","overlay-opacity":"","overlay-gradient":""},"mobile":{"background-color":"var(--ast-global-color-5)","background-image":"","background-repeat":"repeat","background-position":"center center","background-size":"auto","background-attachment":"scroll","background-type":"","background-media":"","overlay-type":"","overlay-color":"","overlay-opacity":"","overlay-gradient":""}}},"product_brand":[],"product_cat":[51],"product_tag":[],"class_list":{"0":"post-4995","1":"product","2":"type-product","3":"status-publish","4":"has-post-thumbnail","6":"product_cat-decoracion-del-hogar","7":"desktop-align-center","8":"tablet-align-left","9":"mobile-align-center","10":"ast-product-gallery-layout-horizontal","11":"ast-magnify-disabled","12":"ast-product-tabs-layout-horizontal","13":"tm-has-options","15":"first","16":"instock","17":"sale","18":"taxable","19":"shipping-taxable","20":"purchasable","21":"product-type-simple"},"_links":{"self":[{"href":"https:\/\/kiemmi.com\/pl\/wp-json\/wp\/v2\/product\/4995","targetHints":{"allow":["GET"]}}],"collection":[{"href":"https:\/\/kiemmi.com\/pl\/wp-json\/wp\/v2\/product"}],"about":[{"href":"https:\/\/kiemmi.com\/pl\/wp-json\/wp\/v2\/types\/product"}],"version-history":[{"count":0,"href":"https:\/\/kiemmi.com\/pl\/wp-json\/wp\/v2\/product\/4995\/revisions"}],"wp:featuredmedia":[{"embeddable":true,"href":"https:\/\/kiemmi.com\/pl\/wp-json\/wp\/v2\/media\/10229"}],"wp:attachment":[{"href":"https:\/\/kiemmi.com\/pl\/wp-json\/wp\/v2\/media?parent=4995"}],"wp:term":[{"taxonomy":"product_brand","embeddable":true,"href":"https:\/\/kiemmi.com\/pl\/wp-json\/wp\/v2\/product_brand?post=4995"},{"taxonomy":"product_cat","embeddable":true,"href":"https:\/\/kiemmi.com\/pl\/wp-json\/wp\/v2\/product_cat?post=4995"},{"taxonomy":"product_tag","embeddable":true,"href":"https:\/\/kiemmi.com\/pl\/wp-json\/wp\/v2\/product_tag?post=4995"}],"curies":[{"name":"wp","href":"https:\/\/api.w.org\/{rel}","templated":true}]}}