{"id":4989,"date":"2022-11-07T07:47:30","date_gmt":"2022-11-07T07:47:30","guid":{"rendered":"https:\/\/kiemmi.com\/?post_type=product&#038;p=4989"},"modified":"2025-06-02T21:15:08","modified_gmt":"2025-06-02T21:15:08","slug":"drewniane-tabliczki-urodzinowe-dla-dzieci","status":"publish","type":"product","link":"https:\/\/kiemmi.com\/pl\/shop\/decoracion-del-hogar\/habitacion-de-bebe\/placas-cumple-meses-bebe-de-madera\/","title":{"rendered":"Drewniane tabliczki urodzinowe dla dziecka"},"content":{"rendered":"<p>Pierwszy rok \u017cycia dziecka to bardzo delikatny okres, kt\u00f3ry szybko mija.<\/p>\n<p>Dzi\u0119ki naszym drewnianym tabliczkom urodzinowym mo\u017cesz uwieczni\u0107 te chwile zdj\u0119ciem ka\u017cdego miesi\u0105ca i dzi\u0119ki temu zyska\u0107 niezapomnian\u0105 pami\u0105tk\u0119 rozwoju Twojego dziecka.<\/p>\n<p>Mo\u017cna wybra\u0107 od 7 do 12 miesi\u0119cy (3 wk\u0142adki grawerowane z 2 stron) lub ca\u0142y rok (6 wk\u0142adki grawerowane z 2 stron).<\/p>\n<p>Nasze wk\u0142adki dostarczane s\u0105 w bawe\u0142nianym woreczku.<\/p>\n<p>Produkt wykonany r\u0119cznie w Hiszpanii.<\/p>\n<p><strong>Wymiary:<\/strong><\/p>\n<ul>\n<li>\u015arednica: 10 cm<\/li>\n<li>Grubo\u015b\u0107: 3mm<\/li>\n<\/ul>","protected":false},"excerpt":{"rendered":"<p>Plaquitas \u015bwi\u0119tuj\u0105 miesi\u0105ce drewna.<\/p>\n<p>Mo\u017cna wybra\u0107 od 7 do 12 miesi\u0119cy (3 wk\u0142adki grawerowane z 2 stron) lub ca\u0142y rok (6 wk\u0142adki grawerowane z 2 stron).<\/p>\n<p>Nasze wk\u0142adki dostarczane s\u0105 w bawe\u0142nianym woreczku.<\/p>\n<p>Produkt wykonany r\u0119cznie w Hiszpanii.<\/p>","protected":false},"featured_media":4990,"template":"","meta":{"_seopress_robots_primary_cat":"52","_seopress_titles_title":"Plaquitas cumple meses de madera","_seopress_titles_desc":"Plaquitas cumple meses de madera. Puedes seleccionar de 7 a 12 meses o el a\u00f1o completo (12 meses). Nuestras plaquitas vienen dentro de una bolsa de algod\u00f3n.","_seopress_robots_index":"","_seopress_analysis_target_kw":"","site-sidebar-layout":"default","site-content-layout":"","ast-site-content-layout":"default","site-content-style":"default","site-sidebar-style":"default","ast-global-header-display":"","ast-banner-title-visibility":"","ast-main-header-display":"","ast-hfb-above-header-display":"","ast-hfb-below-header-display":"","ast-hfb-mobile-header-display":"","site-post-title":"","ast-breadcrumbs-content":"","ast-featured-img":"","footer-sml-layout":"","ast-disable-related-posts":"","theme-transparent-header-meta":"","adv-header-id-meta":"","stick-header-meta":"","header-above-stick-meta":"","header-main-stick-meta":"","header-below-stick-meta":"","astra-migrate-meta-layouts":"default","ast-page-background-enabled":"default","ast-page-background-meta":{"desktop":{"background-color":"","background-image":"","background-repeat":"repeat","background-position":"center center","background-size":"auto","background-attachment":"scroll","background-type":"","background-media":"","overlay-type":"","overlay-color":"","overlay-opacity":"","overlay-gradient":""},"tablet":{"background-color":"","background-image":"","background-repeat":"repeat","background-position":"center center","background-size":"auto","background-attachment":"scroll","background-type":"","background-media":"","overlay-type":"","overlay-color":"","overlay-opacity":"","overlay-gradient":""},"mobile":{"background-color":"","background-image":"","background-repeat":"repeat","background-position":"center center","background-size":"auto","background-attachment":"scroll","background-type":"","background-media":"","overlay-type":"","overlay-color":"","overlay-opacity":"","overlay-gradient":""}},"ast-content-background-meta":{"desktop":{"background-color":"var(--ast-global-color-5)","background-image":"","background-repeat":"repeat","background-position":"center center","background-size":"auto","background-attachment":"scroll","background-type":"","background-media":"","overlay-type":"","overlay-color":"","overlay-opacity":"","overlay-gradient":""},"tablet":{"background-color":"var(--ast-global-color-5)","background-image":"","background-repeat":"repeat","background-position":"center center","background-size":"auto","background-attachment":"scroll","background-type":"","background-media":"","overlay-type":"","overlay-color":"","overlay-opacity":"","overlay-gradient":""},"mobile":{"background-color":"var(--ast-global-color-5)","background-image":"","background-repeat":"repeat","background-position":"center center","background-size":"auto","background-attachment":"scroll","background-type":"","background-media":"","overlay-type":"","overlay-color":"","overlay-opacity":"","overlay-gradient":""}}},"product_brand":[],"product_cat":[51,52,49],"product_tag":[],"class_list":{"0":"post-4989","1":"product","2":"type-product","3":"status-publish","4":"has-post-thumbnail","6":"product_cat-decoracion-del-hogar","7":"product_cat-habitacion-de-bebe","8":"product_cat-regalos-originales","9":"desktop-align-center","10":"tablet-align-left","11":"mobile-align-center","12":"ast-product-gallery-layout-horizontal","13":"ast-magnify-disabled","14":"ast-product-tabs-layout-horizontal","15":"tm-has-options","17":"first","18":"instock","19":"taxable","20":"shipping-taxable","21":"purchasable","22":"product-type-simple"},"_links":{"self":[{"href":"https:\/\/kiemmi.com\/pl\/wp-json\/wp\/v2\/product\/4989","targetHints":{"allow":["GET"]}}],"collection":[{"href":"https:\/\/kiemmi.com\/pl\/wp-json\/wp\/v2\/product"}],"about":[{"href":"https:\/\/kiemmi.com\/pl\/wp-json\/wp\/v2\/types\/product"}],"version-history":[{"count":0,"href":"https:\/\/kiemmi.com\/pl\/wp-json\/wp\/v2\/product\/4989\/revisions"}],"wp:featuredmedia":[{"embeddable":true,"href":"https:\/\/kiemmi.com\/pl\/wp-json\/wp\/v2\/media\/4990"}],"wp:attachment":[{"href":"https:\/\/kiemmi.com\/pl\/wp-json\/wp\/v2\/media?parent=4989"}],"wp:term":[{"taxonomy":"product_brand","embeddable":true,"href":"https:\/\/kiemmi.com\/pl\/wp-json\/wp\/v2\/product_brand?post=4989"},{"taxonomy":"product_cat","embeddable":true,"href":"https:\/\/kiemmi.com\/pl\/wp-json\/wp\/v2\/product_cat?post=4989"},{"taxonomy":"product_tag","embeddable":true,"href":"https:\/\/kiemmi.com\/pl\/wp-json\/wp\/v2\/product_tag?post=4989"}],"curies":[{"name":"wp","href":"https:\/\/api.w.org\/{rel}","templated":true}]}}