{"id":4932,"date":"2022-10-23T08:12:17","date_gmt":"2022-10-23T08:12:17","guid":{"rendered":"https:\/\/kiemmi.com\/?post_type=product&#038;p=4932"},"modified":"2023-10-07T20:47:22","modified_gmt":"2023-10-07T20:47:22","slug":"drewniany-balon-z-spersonalizowanym-imieniem-do-dekoracji-pokoju-twojego-dziecka","status":"publish","type":"product","link":"https:\/\/kiemmi.com\/pl\/shop\/decoracion-del-hogar\/habitacion-de-bebe\/globo-de-madera-con-nombre-personalizado-para-decoracion-de-habitacion-de-tu-bebe\/","title":{"rendered":"Drewniany balon z spersonalizowanym imieniem do dekoracji pokoju Twojego dziecka"},"content":{"rendered":"<p>Je\u017celi szukasz wyj\u0105tkowego i wyj\u0105tkowego sposobu na dodanie szczypty uroku do pokoju dziecka lub zrobienie niespodzianki bliskiej osobie, kt\u00f3ra w\u0142a\u015bnie powita\u0142a na \u015bwiecie noworodka, to dobrze trafi\u0142e\u015b. Nasze r\u0119cznie wycinane laserowo balony z naturalnego drewna to idealny wyb\u00f3r, aby doda\u0107 odrobin\u0119 uroku i osobowo\u015bci do ka\u017cdej przestrzeni.<\/p>\n<p>Co sprawia, \u017ce nasze balony s\u0105 tak wyj\u0105tkowe? Przede wszystkim ka\u017cdy balon jest dzie\u0142em sztuki, wykonanym r\u0119cznie z mi\u0142o\u015bci\u0105 i trosk\u0105. U\u017cywamy najwy\u017cszej jako\u015bci naturalnego drewna, aby zapewni\u0107 trwa\u0142o\u015b\u0107 i pi\u0119kny mebel. Ale to, co naprawd\u0119 czyni te balony wyj\u0105tkowymi, to mo\u017cliwo\u015b\u0107 personalizacji imion Twojego dziecka lub imienia tej wyj\u0105tkowej osoby. To wspania\u0142y spos\u00f3b, aby ka\u017cdy balon by\u0142 naprawd\u0119 wyj\u0105tkowy i znacz\u0105cy.<\/p>\n<p>Aby dopasowa\u0107 si\u0119 do Twoich preferencji i potrzeb, oferujemy trzy opcje kolorystyczne: niebieski, r\u00f3\u017cowy lub naturalne drewno. Mo\u017cesz wybra\u0107 ton, kt\u00f3ry najlepiej pasuje do stylu pomieszczenia lub gustu osoby, kt\u00f3rej go podarujesz. Dodatkowo oferujemy balony w dw\u00f3ch r\u00f3\u017cnych rozmiarach: o wysoko\u015bci 25 cm lub 30 cm, dzi\u0119ki czemu z \u0142atwo\u015bci\u0105 dobierzesz rozmiar idealny do dekoracji, kt\u00f3r\u0105 masz na my\u015bli.<\/p>\n<p>Nasze spersonalizowane drewniane balony to co\u015b wi\u0119cej ni\u017c tylko przedmioty dekoracyjne; To skarby, kt\u00f3re opowiedz\u0105 histori\u0119 i stworz\u0105 niezapomniane wspomnienia. Niezale\u017cnie od tego, czy chcesz upi\u0119kszy\u0107 pok\u00f3j swojego dziecka, czy te\u017c podarowa\u0107 mu osobisty prezent na specjaln\u0105 okazj\u0119, nasze balony b\u0119d\u0105 idealnym wyborem.<\/p>\n<p>Wi\u0119c nie czekaj d\u0142u\u017cej i dodaj odrobin\u0119 magii do swojego \u017cycia dzi\u0119ki naszym uroczym, spersonalizowanym balonom z naturalnego drewna. Z\u0142\u00f3\u017c zam\u00f3wienie ju\u017c dzi\u015b i stw\u00f3rz niezapomniane chwile, kt\u00f3re zostan\u0105 na zawsze!<\/p>\n<p><strong style=\"font-size: 1rem;\">Wymiary:<\/strong><\/p>\n<ul>\n<li><strong>Normalny model:<\/strong>\n<ul>\n<li><strong>Wysoki:<\/strong> 25cm<\/li>\n<li><strong>Szeroki:<\/strong> R\u00f3\u017cni si\u0119 w zale\u017cno\u015bci od d\u0142ugo\u015bci imienia<\/li>\n<li><strong>Grubo\u015b\u0107:<\/strong> 8mm<\/li>\n<\/ul>\n<\/li>\n<li><strong>Du\u017cy model:<\/strong>\n<ul>\n<li><strong>Wysoki:<\/strong> 30cm<\/li>\n<li><strong>Szeroki:<\/strong> R\u00f3\u017cni si\u0119 w zale\u017cno\u015bci od d\u0142ugo\u015bci imienia<\/li>\n<li><strong>Grubo\u015b\u0107:<\/strong> 8mm<\/li>\n<\/ul>\n<\/li>\n<\/ul>","protected":false},"excerpt":{"rendered":"<p>Odkryj nasze spersonalizowane balony z naturalnego drewna, idealne do dekoracji pokoi dzieci\u0119cych lub jako specjalny prezent. Ka\u017cdy balon jest wykonany r\u0119cznie metod\u0105 ci\u0119cia laserowego i mo\u017cna go spersonalizowa\u0107 imieniem dziecka lub bliskiej osoby. Oferujemy trzy kolory (niebieski, r\u00f3\u017cowy lub naturalne drewno) i dwa rozmiary (25 cm lub 30 cm), aby dopasowa\u0107 si\u0119 do Twoich preferencji. Te balony to wyj\u0105tkowe elementy, kt\u00f3re dodaj\u0105 uroku i znaczenia ka\u017cdej przestrzeni. Zam\u00f3w ju\u017c dzi\u015b i stw\u00f3rz niezapomniane chwile dzi\u0119ki naszym personalizowanym balonom.<\/p>","protected":false},"featured_media":4933,"template":"","meta":{"_seopress_robots_primary_cat":"52","_seopress_titles_title":"Globo de madera con nombre personalizado para habitaci\u00f3n de ni\u00f1o","_seopress_titles_desc":"Globo decorativo hecho a mano de madera personalizado con el nombre de tu bebe. Ideal para la decoraci\u00f3n de la habitaci\u00f3n de tu bebe.","_seopress_robots_index":"","_seopress_analysis_target_kw":"","site-sidebar-layout":"default","site-content-layout":"","ast-site-content-layout":"default","site-content-style":"default","site-sidebar-style":"default","ast-global-header-display":"","ast-banner-title-visibility":"","ast-main-header-display":"","ast-hfb-above-header-display":"","ast-hfb-below-header-display":"","ast-hfb-mobile-header-display":"","site-post-title":"","ast-breadcrumbs-content":"","ast-featured-img":"","footer-sml-layout":"","ast-disable-related-posts":"","theme-transparent-header-meta":"","adv-header-id-meta":"","stick-header-meta":"","header-above-stick-meta":"","header-main-stick-meta":"","header-below-stick-meta":"","astra-migrate-meta-layouts":"default","ast-page-background-enabled":"default","ast-page-background-meta":{"desktop":{"background-color":"","background-image":"","background-repeat":"repeat","background-position":"center center","background-size":"auto","background-attachment":"scroll","background-type":"","background-media":"","overlay-type":"","overlay-color":"","overlay-opacity":"","overlay-gradient":""},"tablet":{"background-color":"","background-image":"","background-repeat":"repeat","background-position":"center center","background-size":"auto","background-attachment":"scroll","background-type":"","background-media":"","overlay-type":"","overlay-color":"","overlay-opacity":"","overlay-gradient":""},"mobile":{"background-color":"","background-image":"","background-repeat":"repeat","background-position":"center center","background-size":"auto","background-attachment":"scroll","background-type":"","background-media":"","overlay-type":"","overlay-color":"","overlay-opacity":"","overlay-gradient":""}},"ast-content-background-meta":{"desktop":{"background-color":"var(--ast-global-color-5)","background-image":"","background-repeat":"repeat","background-position":"center center","background-size":"auto","background-attachment":"scroll","background-type":"","background-media":"","overlay-type":"","overlay-color":"","overlay-opacity":"","overlay-gradient":""},"tablet":{"background-color":"var(--ast-global-color-5)","background-image":"","background-repeat":"repeat","background-position":"center center","background-size":"auto","background-attachment":"scroll","background-type":"","background-media":"","overlay-type":"","overlay-color":"","overlay-opacity":"","overlay-gradient":""},"mobile":{"background-color":"var(--ast-global-color-5)","background-image":"","background-repeat":"repeat","background-position":"center center","background-size":"auto","background-attachment":"scroll","background-type":"","background-media":"","overlay-type":"","overlay-color":"","overlay-opacity":"","overlay-gradient":""}}},"product_brand":[],"product_cat":[51,52],"product_tag":[],"class_list":{"0":"post-4932","1":"product","2":"type-product","3":"status-publish","4":"has-post-thumbnail","6":"product_cat-decoracion-del-hogar","7":"product_cat-habitacion-de-bebe","8":"desktop-align-center","9":"tablet-align-left","10":"mobile-align-center","11":"ast-product-gallery-layout-horizontal","12":"ast-magnify-disabled","13":"ast-product-tabs-layout-horizontal","14":"tm-has-options","16":"first","17":"instock","18":"taxable","19":"shipping-taxable","20":"purchasable","21":"product-type-simple"},"_links":{"self":[{"href":"https:\/\/kiemmi.com\/pl\/wp-json\/wp\/v2\/product\/4932","targetHints":{"allow":["GET"]}}],"collection":[{"href":"https:\/\/kiemmi.com\/pl\/wp-json\/wp\/v2\/product"}],"about":[{"href":"https:\/\/kiemmi.com\/pl\/wp-json\/wp\/v2\/types\/product"}],"version-history":[{"count":0,"href":"https:\/\/kiemmi.com\/pl\/wp-json\/wp\/v2\/product\/4932\/revisions"}],"wp:featuredmedia":[{"embeddable":true,"href":"https:\/\/kiemmi.com\/pl\/wp-json\/wp\/v2\/media\/4933"}],"wp:attachment":[{"href":"https:\/\/kiemmi.com\/pl\/wp-json\/wp\/v2\/media?parent=4932"}],"wp:term":[{"taxonomy":"product_brand","embeddable":true,"href":"https:\/\/kiemmi.com\/pl\/wp-json\/wp\/v2\/product_brand?post=4932"},{"taxonomy":"product_cat","embeddable":true,"href":"https:\/\/kiemmi.com\/pl\/wp-json\/wp\/v2\/product_cat?post=4932"},{"taxonomy":"product_tag","embeddable":true,"href":"https:\/\/kiemmi.com\/pl\/wp-json\/wp\/v2\/product_tag?post=4932"}],"curies":[{"name":"wp","href":"https:\/\/api.w.org\/{rel}","templated":true}]}}