{"id":4677,"date":"2022-09-18T08:05:59","date_gmt":"2022-09-18T08:05:59","guid":{"rendered":"https:\/\/kiemmi.com\/?post_type=product&#038;p=4677"},"modified":"2025-09-25T19:48:49","modified_gmt":"2025-09-25T19:48:49","slug":"drewniane-litery-z-imitacja-wikliny","status":"publish","type":"product","link":"https:\/\/kiemmi.com\/pl\/shop\/letras-3d-personalizadas\/letras-de-madera-con-imitacion-a-mimbre\/","title":{"rendered":"Drewniane litery z imitacj\u0105 wikliny"},"content":{"rendered":"<p>Drewniane litery na tle imituj\u0105cym wiklin\u0119.<\/p>\n<p>Idealny jako element dekoracji \u015bcian.<\/p>\n<p><span style=\"font-size: 1rem;\">R\u0119cznie robione drewniane litery.<\/span><\/p>\n<p><strong style=\"font-size: 1rem;\">Wymiary:<\/strong><\/p>\n<ul>\n<li><strong>Wysoki:<\/strong> 20cm<\/li>\n<li><strong>Szeroki:<\/strong> R\u00f3\u017cni si\u0119 w zale\u017cno\u015bci od litery<\/li>\n<li><strong>Grubo\u015b\u0107:<\/strong> 5mm<\/li>\n<\/ul>","protected":false},"excerpt":{"rendered":"<p>Drewniane litery na tle imituj\u0105cym wiklin\u0119.<\/p>\n<p>Idealny jako element dekoracji \u015bcian.<\/p>\n<p><span style=\"font-size: 1rem;\">R\u0119cznie robione drewniane litery.<\/span><\/p>","protected":false},"featured_media":4680,"template":"","meta":{"_seopress_robots_primary_cat":"104","_seopress_titles_title":"Letras de madera con imitaci\u00f3n a mimbre","_seopress_titles_desc":"Letras de madera con el fondo en imitaci\u00f3n a mimbre. Ideal como elemento de decoraci\u00f3n mural. Letras de madera hechas a mano.","_seopress_robots_index":"","site-sidebar-layout":"default","site-content-layout":"","ast-site-content-layout":"default","site-content-style":"default","site-sidebar-style":"default","ast-global-header-display":"","ast-banner-title-visibility":"","ast-main-header-display":"","ast-hfb-above-header-display":"","ast-hfb-below-header-display":"","ast-hfb-mobile-header-display":"","site-post-title":"","ast-breadcrumbs-content":"","ast-featured-img":"","footer-sml-layout":"","ast-disable-related-posts":"","theme-transparent-header-meta":"default","adv-header-id-meta":"","stick-header-meta":"default","header-above-stick-meta":"","header-main-stick-meta":"","header-below-stick-meta":"","astra-migrate-meta-layouts":"set","ast-page-background-enabled":"default","ast-page-background-meta":{"desktop":{"background-color":"","background-image":"","background-repeat":"repeat","background-position":"center center","background-size":"auto","background-attachment":"scroll","background-type":"","background-media":"","overlay-type":"","overlay-color":"","overlay-opacity":"","overlay-gradient":""},"tablet":{"background-color":"","background-image":"","background-repeat":"repeat","background-position":"center center","background-size":"auto","background-attachment":"scroll","background-type":"","background-media":"","overlay-type":"","overlay-color":"","overlay-opacity":"","overlay-gradient":""},"mobile":{"background-color":"","background-image":"","background-repeat":"repeat","background-position":"center center","background-size":"auto","background-attachment":"scroll","background-type":"","background-media":"","overlay-type":"","overlay-color":"","overlay-opacity":"","overlay-gradient":""}},"ast-content-background-meta":{"desktop":{"background-color":"var(--ast-global-color-5)","background-image":"","background-repeat":"repeat","background-position":"center center","background-size":"auto","background-attachment":"scroll","background-type":"","background-media":"","overlay-type":"","overlay-color":"","overlay-opacity":"","overlay-gradient":""},"tablet":{"background-color":"var(--ast-global-color-5)","background-image":"","background-repeat":"repeat","background-position":"center center","background-size":"auto","background-attachment":"scroll","background-type":"","background-media":"","overlay-type":"","overlay-color":"","overlay-opacity":"","overlay-gradient":""},"mobile":{"background-color":"var(--ast-global-color-5)","background-image":"","background-repeat":"repeat","background-position":"center center","background-size":"auto","background-attachment":"scroll","background-type":"","background-media":"","overlay-type":"","overlay-color":"","overlay-opacity":"","overlay-gradient":""}}},"product_brand":[103],"product_cat":[51,52,104,49],"product_tag":[],"class_list":{"0":"post-4677","1":"product","2":"type-product","3":"status-publish","4":"has-post-thumbnail","6":"product_brand-kiemmi-creations","7":"product_cat-decoracion-del-hogar","8":"product_cat-habitacion-de-bebe","9":"product_cat-letras-3d-personalizadas","10":"product_cat-regalos-originales","11":"desktop-align-center","12":"tablet-align-left","13":"mobile-align-center","14":"ast-product-gallery-layout-horizontal","15":"ast-magnify-disabled","16":"ast-product-tabs-layout-horizontal","17":"tm-has-options","19":"first","20":"instock","21":"taxable","22":"shipping-taxable","23":"purchasable","24":"product-type-simple"},"_links":{"self":[{"href":"https:\/\/kiemmi.com\/pl\/wp-json\/wp\/v2\/product\/4677","targetHints":{"allow":["GET"]}}],"collection":[{"href":"https:\/\/kiemmi.com\/pl\/wp-json\/wp\/v2\/product"}],"about":[{"href":"https:\/\/kiemmi.com\/pl\/wp-json\/wp\/v2\/types\/product"}],"version-history":[{"count":0,"href":"https:\/\/kiemmi.com\/pl\/wp-json\/wp\/v2\/product\/4677\/revisions"}],"wp:featuredmedia":[{"embeddable":true,"href":"https:\/\/kiemmi.com\/pl\/wp-json\/wp\/v2\/media\/4680"}],"wp:attachment":[{"href":"https:\/\/kiemmi.com\/pl\/wp-json\/wp\/v2\/media?parent=4677"}],"wp:term":[{"taxonomy":"product_brand","embeddable":true,"href":"https:\/\/kiemmi.com\/pl\/wp-json\/wp\/v2\/product_brand?post=4677"},{"taxonomy":"product_cat","embeddable":true,"href":"https:\/\/kiemmi.com\/pl\/wp-json\/wp\/v2\/product_cat?post=4677"},{"taxonomy":"product_tag","embeddable":true,"href":"https:\/\/kiemmi.com\/pl\/wp-json\/wp\/v2\/product_tag?post=4677"}],"curies":[{"name":"wp","href":"https:\/\/api.w.org\/{rel}","templated":true}]}}