{"id":4659,"date":"2022-09-16T08:55:17","date_gmt":"2022-09-16T08:55:17","guid":{"rendered":"https:\/\/kiemmi.com\/?post_type=product&#038;p=4659"},"modified":"2025-12-09T11:26:36","modified_gmt":"2025-12-09T11:26:36","slug":"drewniane-motyle-do-dekoracji-scian-w-stylu-wikliny","status":"publish","type":"product","link":"https:\/\/kiemmi.com\/pl\/shop\/decoracion-del-hogar\/mariposas-de-madera-de-decoracion-mural-con-estilo-mimbre\/","title":{"rendered":"Dekoracja \u015bcienna drewniane motyle w stylu wikliny"},"content":{"rendered":"<p>Zmie\u0144 swoj\u0105 przestrze\u0144 w urocze i eleganckie miejsce dzi\u0119ki naszym r\u0119cznie robionym drewnianym motylom. Ka\u017cdy egzemplarz jest wyj\u0105tkowy i precyzyjnie wykonany metod\u0105 ci\u0119cia laserowego, co zapewnia szczeg\u00f3\u0142owy projekt, kt\u00f3ry przywo\u0142uje urok stylu vintage dzi\u0119ki charakterystycznemu wiklinowemu wzorowi.<\/p>\n<p>Dost\u0119pne w trzech r\u00f3\u017cnych modelach, ka\u017cdy o innych wymiarach, te motyle dostosowuj\u0105 si\u0119 do Twojego stylu i preferencji dekoracyjnych. Od delikatnego ma\u0142ego rozmiaru po osza\u0142amiaj\u0105cy du\u017cy element \u2013 znajdziesz idealn\u0105 kombinacj\u0119, kt\u00f3ra upi\u0119kszy Twoj\u0105 fototapet\u0119 w domu.<\/p>\n<p>Rzemie\u015blnictwo i ekologia \u0142\u0105cz\u0105 si\u0119 w tych wyj\u0105tkowych elementach: ka\u017cdy motyl jest starannie szlifowany, farbowany i lakierowany r\u0119cznie przez do\u015bwiadczonych rzemie\u015blnik\u00f3w. U\u017cywamy wy\u0142\u0105cznie produkt\u00f3w na bazie wody, przyjaznych dla \u015brodowiska, zapewniaj\u0105cych nie tylko pi\u0119kno, ale tak\u017ce trwa\u0142o\u015b\u0107 tych wspania\u0142ych element\u00f3w dekoracyjnych.<\/p>\n<p>Nasze zaanga\u017cowanie w jako\u015b\u0107 i zr\u00f3wnowa\u017cony rozw\u00f3j oznacza, \u017ce nie tylko upi\u0119kszysz sw\u00f3j dom, ale tak\u017ce przyczynisz si\u0119 do dbania o planet\u0119!<\/p>\n<p><strong>Wyr\u00f3\u017cnione funkcje:<\/strong><\/p>\n<ul>\n<li>Wykonane r\u0119cznie z wysokiej jako\u015bci drewna.<\/li>\n<li>Vintage design z unikalnym wzorem wikliny.<\/li>\n<li>R\u00f3\u017cne rozmiary, aby dopasowa\u0107 si\u0119 do ka\u017cdej przestrzeni.<\/li>\n<li>Zabezpieczone ekologicznymi produktami na bazie wody dla wi\u0119kszej trwa\u0142o\u015bci.<\/li>\n<\/ul>\n<p>Dodaj odrobin\u0119 nostalgii i wyr\u00f3\u017cnienia do swojego domu dzi\u0119ki naszym drewnianym motylom. Zdob\u0105d\u017a swoje i pu\u015b\u0107 wodze fantazji!<\/p>\n<p><strong style=\"font-size: 1rem;\">Wymiary:<\/strong><\/p>\n<ul>\n<li><strong>Model A:<\/strong>\n<ul>\n<li><strong>Wysoki:<\/strong> 25,7 cm<\/li>\n<li><strong>Szeroki:<\/strong> 25cm<\/li>\n<\/ul>\n<\/li>\n<li><strong>Model B:<\/strong>\n<ul>\n<li><strong>Wysoki:<\/strong> 20cm<\/li>\n<li><strong>Szeroki:<\/strong> 13,4cm<\/li>\n<\/ul>\n<\/li>\n<li><strong>Model C:<\/strong>\n<ul>\n<li><strong>Wysoki:<\/strong> 15cm<\/li>\n<li><strong>Szeroki:<\/strong> 13,5cm<\/li>\n<\/ul>\n<\/li>\n<\/ul>","protected":false},"excerpt":{"rendered":"<p>Odmie\u0144 sw\u00f3j dom dzi\u0119ki urokowi vintage dzi\u0119ki naszym r\u0119cznie wykonanym drewnianym motylom, wykonanym za pomoc\u0105 ci\u0119cia laserowego i charakterystycznemu wzorowi wikliny, dost\u0119pnym w trzech modelach o r\u00f3\u017cnych rozmiarach, aby dostosowa\u0107 si\u0119 do Twojego stylu dekoracji. Ka\u017cdy egzemplarz, starannie szlifowany, barwiony i lakierowany r\u0119cznie ekologicznymi produktami na bazie wody, gwarantuje nie tylko pi\u0119kno, ale tak\u017ce trwa\u0142o\u015b\u0107 i poszanowanie \u015brodowiska. Te wyj\u0105tkowe motyle dodaj\u0105 nostalgii i wyr\u00f3\u017cnienia ka\u017cdej \u015bcianie w domu, stanowi\u0105c idealne po\u0142\u0105czenie rzemios\u0142a i zr\u00f3wnowa\u017conego rozwoju, wykorzystuj\u0105c wysokiej jako\u015bci drewno i techniki przyjazne dla planety. Zdob\u0105d\u017a te ekskluzywne elementy i pozw\u00f3l swojej wyobra\u017ani lata\u0107, dodaj\u0105c szczeg\u00f3lnego uroku i przyczyniaj\u0105c si\u0119 do pi\u0119kna i piel\u0119gnacji Twojego otoczenia.<\/p>","protected":false},"featured_media":7018,"template":"","meta":{"_seopress_robots_primary_cat":"51","_seopress_titles_title":"Marisposas de madera para decoraci\u00f3n mural","_seopress_titles_desc":"Mariposas de madera de decoraci\u00f3n mural hechas a mano. 3 tama\u00f1os. Perfectas como elemento de dedocaci\u00f3n de pared para tu casa o como regalo regalo.","_seopress_robots_index":"","_seopress_analysis_target_kw":"","site-sidebar-layout":"default","site-content-layout":"","ast-site-content-layout":"default","site-content-style":"default","site-sidebar-style":"default","ast-global-header-display":"","ast-banner-title-visibility":"","ast-main-header-display":"","ast-hfb-above-header-display":"","ast-hfb-below-header-display":"","ast-hfb-mobile-header-display":"","site-post-title":"","ast-breadcrumbs-content":"","ast-featured-img":"","footer-sml-layout":"","ast-disable-related-posts":"","theme-transparent-header-meta":"","adv-header-id-meta":"","stick-header-meta":"","header-above-stick-meta":"","header-main-stick-meta":"","header-below-stick-meta":"","astra-migrate-meta-layouts":"default","ast-page-background-enabled":"default","ast-page-background-meta":{"desktop":{"background-color":"","background-image":"","background-repeat":"repeat","background-position":"center center","background-size":"auto","background-attachment":"scroll","background-type":"","background-media":"","overlay-type":"","overlay-color":"","overlay-opacity":"","overlay-gradient":""},"tablet":{"background-color":"","background-image":"","background-repeat":"repeat","background-position":"center center","background-size":"auto","background-attachment":"scroll","background-type":"","background-media":"","overlay-type":"","overlay-color":"","overlay-opacity":"","overlay-gradient":""},"mobile":{"background-color":"","background-image":"","background-repeat":"repeat","background-position":"center center","background-size":"auto","background-attachment":"scroll","background-type":"","background-media":"","overlay-type":"","overlay-color":"","overlay-opacity":"","overlay-gradient":""}},"ast-content-background-meta":{"desktop":{"background-color":"var(--ast-global-color-5)","background-image":"","background-repeat":"repeat","background-position":"center center","background-size":"auto","background-attachment":"scroll","background-type":"","background-media":"","overlay-type":"","overlay-color":"","overlay-opacity":"","overlay-gradient":""},"tablet":{"background-color":"var(--ast-global-color-5)","background-image":"","background-repeat":"repeat","background-position":"center center","background-size":"auto","background-attachment":"scroll","background-type":"","background-media":"","overlay-type":"","overlay-color":"","overlay-opacity":"","overlay-gradient":""},"mobile":{"background-color":"var(--ast-global-color-5)","background-image":"","background-repeat":"repeat","background-position":"center center","background-size":"auto","background-attachment":"scroll","background-type":"","background-media":"","overlay-type":"","overlay-color":"","overlay-opacity":"","overlay-gradient":""}}},"product_brand":[],"product_cat":[51,87,49],"product_tag":[],"class_list":{"0":"post-4659","1":"product","2":"type-product","3":"status-publish","4":"has-post-thumbnail","6":"product_cat-decoracion-del-hogar","7":"product_cat-mascotas","8":"product_cat-regalos-originales","9":"desktop-align-center","10":"tablet-align-left","11":"mobile-align-center","12":"ast-product-gallery-layout-horizontal","13":"ast-magnify-disabled","14":"ast-product-tabs-layout-horizontal","15":"tm-has-options","17":"first","18":"instock","19":"taxable","20":"shipping-taxable","21":"purchasable","22":"product-type-simple"},"_links":{"self":[{"href":"https:\/\/kiemmi.com\/pl\/wp-json\/wp\/v2\/product\/4659","targetHints":{"allow":["GET"]}}],"collection":[{"href":"https:\/\/kiemmi.com\/pl\/wp-json\/wp\/v2\/product"}],"about":[{"href":"https:\/\/kiemmi.com\/pl\/wp-json\/wp\/v2\/types\/product"}],"version-history":[{"count":0,"href":"https:\/\/kiemmi.com\/pl\/wp-json\/wp\/v2\/product\/4659\/revisions"}],"wp:featuredmedia":[{"embeddable":true,"href":"https:\/\/kiemmi.com\/pl\/wp-json\/wp\/v2\/media\/7018"}],"wp:attachment":[{"href":"https:\/\/kiemmi.com\/pl\/wp-json\/wp\/v2\/media?parent=4659"}],"wp:term":[{"taxonomy":"product_brand","embeddable":true,"href":"https:\/\/kiemmi.com\/pl\/wp-json\/wp\/v2\/product_brand?post=4659"},{"taxonomy":"product_cat","embeddable":true,"href":"https:\/\/kiemmi.com\/pl\/wp-json\/wp\/v2\/product_cat?post=4659"},{"taxonomy":"product_tag","embeddable":true,"href":"https:\/\/kiemmi.com\/pl\/wp-json\/wp\/v2\/product_tag?post=4659"}],"curies":[{"name":"wp","href":"https:\/\/api.w.org\/{rel}","templated":true}]}}