{"id":4646,"date":"2022-08-04T06:28:12","date_gmt":"2022-08-04T06:28:12","guid":{"rendered":"https:\/\/kiemmi.com\/?post_type=product&#038;p=4646"},"modified":"2024-07-01T19:17:47","modified_gmt":"2024-07-01T19:17:47","slug":"recznie-robiony-drewniany-zegar-stolowy-z-spersonalizowana-wiadomoscia","status":"publish","type":"product","link":"https:\/\/kiemmi.com\/pl\/shop\/relojes-de-madera\/reloj-de-mesa-hecho-a-mano-de-madera-con-mensaje-personalizado\/","title":{"rendered":"Personalizowany drewniany zegar sto\u0142owy"},"content":{"rendered":"<p>Dodaj wyj\u0105tkowego i eleganckiego akcentu do swojej przestrzeni dzi\u0119ki naszym <strong>Drewniany zegar sto\u0142owy z konfigurowaln\u0105 wiadomo\u015bci\u0105<\/strong>. Ten pi\u0119kny zegarek zosta\u0142 starannie wyci\u0119ty i wygrawerowany laserowo, co gwarantuje precyzj\u0119 i wysok\u0105 jako\u015b\u0107 projektu.<\/p>\n<p><strong>Cechy produktu:<\/strong><\/p>\n<ul>\n<li><em><strong>Wysokiej jako\u015bci materia\u0142:<\/strong><\/em> Wykonany z naturalnego drewna zegar jest trwa\u0142y i dodaje rustykalnego uroku ka\u017cdemu wn\u0119trzu.<\/li>\n<li><em><strong>Grawerowanie laserowe:<\/strong><\/em> Ka\u017cdy projekt jest grawerowany laserowo, co zapewnia ostre szczeg\u00f3\u0142y i nieskazitelne wyko\u0144czenie.<\/li>\n<li><em><strong>Mo\u017cliwo\u015b\u0107 dostosowania:<\/strong><\/em> Dodaj spersonalizowan\u0105 wiadomo\u015b\u0107, aby by\u0142a naprawd\u0119 wyj\u0105tkowa. Idealny na prezenty, rocznice lub jako dodatek do inspiruj\u0105cego cytatu w biurze lub salonie.<\/li>\n<li><em><strong>Wszechstronna dekoracja:<\/strong><\/em> Idealny do dekoracji wn\u0119trz, ten zegar idealnie pasuje do biur, salon\u00f3w, sypialni i ka\u017cdej przestrzeni, kt\u00f3ra wymaga specjalnego akcentu.<\/li>\n<li><em><strong>Oryginalny prezent:<\/strong><\/em> Zaskocz swoich bliskich spersonalizowanym i znacz\u0105cym prezentem. Ten drewniany zegarek to idealny wyb\u00f3r na urodziny, wesela i inne specjalne okazje.<\/li>\n<\/ul>\n<p><strong style=\"font-size: 1rem;\">Wymiary:<\/strong><\/p>\n<ul>\n<li><strong>Wysoki:<\/strong> 16cm<\/li>\n<li><strong>Szeroki:<\/strong> 9cm<\/li>\n<li><strong>T\u0142o:<\/strong> 6,5cm<\/li>\n<\/ul>\n<p>Odmie\u0144 swoj\u0105 przestrze\u0144 dzi\u0119ki elegancji i personalizacji naszych <strong>Drewniany zegar sto\u0142owy z konfigurowaln\u0105 wiadomo\u015bci\u0105<\/strong>. Ka\u017cdy egzemplarz jest wyj\u0105tkowy, wykonany z zaanga\u017cowaniem i dba\u0142o\u015bci\u0105 o szczeg\u00f3\u0142y, aby zapewni\u0107 Pa\u0144stwu produkt najwy\u017cszej jako\u015bci. Z\u0142\u00f3\u017c zam\u00f3wienie ju\u017c dzi\u015b i nadaj swojemu domowi lub biuru charakterystyczny charakter!<\/p>","protected":false},"excerpt":{"rendered":"<p>Nasz drewniany zegar sto\u0142owy z mo\u017cliwo\u015bci\u0105 personalizacji napisu to elegancki dodatek dekoracyjny, idealny do ka\u017cdego pomieszczenia. Wykonany z naturalnego drewna i grawerowany laserowo, oferuje precyzyjny i wysokiej jako\u015bci design. Mo\u017cliwo\u015b\u0107 personalizacji sprawia, \u017ce jest to oryginalny i znacz\u0105cy prezent na ka\u017cd\u0105 okazj\u0119. Idealny do biur, salon\u00f3w i sypialni, dodaje wyj\u0105tkowego i charakterystycznego akcentu ka\u017cdemu otoczeniu. Z\u0142\u00f3\u017c zam\u00f3wienie ju\u017c dzi\u015b i odmie\u0144 swoj\u0105 przestrze\u0144 dzi\u0119ki temu wyj\u0105tkowemu i pieczo\u0142owicie wykonanemu przedmiotowi.<\/p>","protected":false},"featured_media":8265,"template":"","meta":{"_seopress_robots_primary_cat":"86","_seopress_titles_title":"Reloj de mesa de madera personalizado","_seopress_titles_desc":"Reloj de mesa hecho a mano de madera con mensaje personalizado. Ideal para un regalo original y personalizado para un familiar o un amigo.","_seopress_robots_index":"","_seopress_analysis_target_kw":"","site-sidebar-layout":"default","site-content-layout":"","ast-site-content-layout":"default","site-content-style":"default","site-sidebar-style":"default","ast-global-header-display":"","ast-banner-title-visibility":"","ast-main-header-display":"","ast-hfb-above-header-display":"","ast-hfb-below-header-display":"","ast-hfb-mobile-header-display":"","site-post-title":"","ast-breadcrumbs-content":"","ast-featured-img":"","footer-sml-layout":"","ast-disable-related-posts":"","theme-transparent-header-meta":"","adv-header-id-meta":"","stick-header-meta":"","header-above-stick-meta":"","header-main-stick-meta":"","header-below-stick-meta":"","astra-migrate-meta-layouts":"default","ast-page-background-enabled":"default","ast-page-background-meta":{"desktop":{"background-color":"","background-image":"","background-repeat":"repeat","background-position":"center center","background-size":"auto","background-attachment":"scroll","background-type":"","background-media":"","overlay-type":"","overlay-color":"","overlay-opacity":"","overlay-gradient":""},"tablet":{"background-color":"","background-image":"","background-repeat":"repeat","background-position":"center center","background-size":"auto","background-attachment":"scroll","background-type":"","background-media":"","overlay-type":"","overlay-color":"","overlay-opacity":"","overlay-gradient":""},"mobile":{"background-color":"","background-image":"","background-repeat":"repeat","background-position":"center center","background-size":"auto","background-attachment":"scroll","background-type":"","background-media":"","overlay-type":"","overlay-color":"","overlay-opacity":"","overlay-gradient":""}},"ast-content-background-meta":{"desktop":{"background-color":"var(--ast-global-color-5)","background-image":"","background-repeat":"repeat","background-position":"center center","background-size":"auto","background-attachment":"scroll","background-type":"","background-media":"","overlay-type":"","overlay-color":"","overlay-opacity":"","overlay-gradient":""},"tablet":{"background-color":"var(--ast-global-color-5)","background-image":"","background-repeat":"repeat","background-position":"center center","background-size":"auto","background-attachment":"scroll","background-type":"","background-media":"","overlay-type":"","overlay-color":"","overlay-opacity":"","overlay-gradient":""},"mobile":{"background-color":"var(--ast-global-color-5)","background-image":"","background-repeat":"repeat","background-position":"center center","background-size":"auto","background-attachment":"scroll","background-type":"","background-media":"","overlay-type":"","overlay-color":"","overlay-opacity":"","overlay-gradient":""}}},"product_brand":[],"product_cat":[51,49,86],"product_tag":[],"class_list":{"0":"post-4646","1":"product","2":"type-product","3":"status-publish","4":"has-post-thumbnail","6":"product_cat-decoracion-del-hogar","7":"product_cat-regalos-originales","8":"product_cat-relojes-de-madera","9":"desktop-align-center","10":"tablet-align-left","11":"mobile-align-center","12":"ast-product-gallery-layout-horizontal","13":"ast-magnify-disabled","14":"ast-product-tabs-layout-horizontal","15":"tm-has-options","17":"first","18":"instock","19":"taxable","20":"shipping-taxable","21":"purchasable","22":"product-type-simple"},"_links":{"self":[{"href":"https:\/\/kiemmi.com\/pl\/wp-json\/wp\/v2\/product\/4646","targetHints":{"allow":["GET"]}}],"collection":[{"href":"https:\/\/kiemmi.com\/pl\/wp-json\/wp\/v2\/product"}],"about":[{"href":"https:\/\/kiemmi.com\/pl\/wp-json\/wp\/v2\/types\/product"}],"version-history":[{"count":0,"href":"https:\/\/kiemmi.com\/pl\/wp-json\/wp\/v2\/product\/4646\/revisions"}],"wp:featuredmedia":[{"embeddable":true,"href":"https:\/\/kiemmi.com\/pl\/wp-json\/wp\/v2\/media\/8265"}],"wp:attachment":[{"href":"https:\/\/kiemmi.com\/pl\/wp-json\/wp\/v2\/media?parent=4646"}],"wp:term":[{"taxonomy":"product_brand","embeddable":true,"href":"https:\/\/kiemmi.com\/pl\/wp-json\/wp\/v2\/product_brand?post=4646"},{"taxonomy":"product_cat","embeddable":true,"href":"https:\/\/kiemmi.com\/pl\/wp-json\/wp\/v2\/product_cat?post=4646"},{"taxonomy":"product_tag","embeddable":true,"href":"https:\/\/kiemmi.com\/pl\/wp-json\/wp\/v2\/product_tag?post=4646"}],"curies":[{"name":"wp","href":"https:\/\/api.w.org\/{rel}","templated":true}]}}