{"id":4632,"date":"2022-06-21T14:20:11","date_gmt":"2022-06-21T14:20:11","guid":{"rendered":"https:\/\/kiemmi.com\/?post_type=product&#038;p=4632"},"modified":"2024-10-08T07:02:00","modified_gmt":"2024-10-08T07:02:00","slug":"spersonalizowane-drewniane-misie-z-imieniem-twojego-dziecka","status":"publish","type":"product","link":"https:\/\/kiemmi.com\/pl\/shop\/decoracion-del-hogar\/habitacion-de-bebe\/ositos-de-madera-personalizados-con-el-nombre-de-tu-bebe\/","title":{"rendered":"Personalizowane drewniane misie z imieniem Twojego dziecka"},"content":{"rendered":"<div class=\"flex-1 overflow-hidden\">\n<div class=\"react-scroll-to-bottom--css-oangx-79elbk h-full dark:bg-gray-800\">\n<div class=\"react-scroll-to-bottom--css-oangx-1n7m0yu\">\n<div class=\"flex flex-col text-sm dark:bg-gray-800\">\n<div class=\"group w-full text-token-text-primary border-b border-black\/10 gizmo:border-0 dark:border-gray-900\/50 gizmo:dark:border-0 bg-gray-50 gizmo:bg-transparent dark:bg-[#444654] gizmo:dark:bg-transparent\" data-testid=\"conversation-turn-7\">\n<div class=\"p-4 justify-center text-base md:gap-6 md:py-6 m-auto\">\n<div class=\"flex flex-1 gap-4 text-base mx-auto md:gap-6 gizmo:gap-3 gizmo:md:px-5 gizmo:lg:px-1 gizmo:xl:px-5 md:max-w-2xl lg:max-w-[38rem] gizmo:md:max-w-3xl gizmo:lg:max-w-[40rem] gizmo:xl:max-w-[48rem] xl:max-w-3xl }\">\n<div class=\"relative flex w-[calc(100%-50px)] flex-col gap-1 gizmo:w-full md:gap-3 lg:w-[calc(100%-115px)] agent-turn\">\n<div class=\"flex flex-grow flex-col gap-3 max-w-full\">\n<div class=\"min-h-[20px] flex flex-col items-start gap-3 whitespace-pre-wrap break-words overflow-x-auto\">\n<div class=\"markdown prose w-full break-words dark:prose-invert dark\">\n<p>Descubre la tierna elegancia de nuestros adorables ositos de madera personalizados, la elecci\u00f3n perfecta para celebrar momentos especiales en la vida de un ser querido. Cada uno de nuestros encantadores ositos, ya sea el osito o la osita, es cuidadosamente elaborado a mano en Espa\u00f1a utilizando madera natural y un preciso corte l\u00e1ser.<\/p>\n<p>Lo que hace que nuestros ositos sean \u00fanicos es la posibilidad de personalizarlos con el nombre de tu beb\u00e9 o el de un reci\u00e9n nacido de un familiar o amigo, convirti\u00e9ndolos en un regalo verdaderamente significativo y especial. Estos entra\u00f1ables compa\u00f1eros de madera no solo son una muestra de cari\u00f1o, sino que tambi\u00e9n a\u00f1aden un toque de sofisticaci\u00f3n a la habitaci\u00f3n del beb\u00e9 o cualquier rinc\u00f3n de su vida.<\/p>\n<p>Nuestros ositos personalizados son ideales para regalar en ocasiones especiales, como baby showers, para celebrar la llegada de un nuevo miembro de la familia o para honrar momentos importantes en la vida de tus seres queridos. Con su dise\u00f1o atemporal y la artesan\u00eda de calidad, estos ositos de madera se convertir\u00e1n en un tesoro que perdurar\u00e1 en el tiempo.<\/p>\n<p>No esperes m\u00e1s para sorprender a tus seres queridos con un regalo que captura la esencia de la ternura y la elegancia, confeccionado con amor y cuidado en Espa\u00f1a. \u00a1Hazte con uno de nuestros encantadores ositos personalizados hoy mismo y comparte momentos inolvidables con los que m\u00e1s quieres!<\/p>\n<p><strong style=\"font-size: 1rem;\">Dimensiones:<\/strong><\/p>\n<\/div>\n<\/div>\n<\/div>\n<\/div>\n<\/div>\n<\/div>\n<\/div>\n<\/div>\n<\/div>\n<\/div>\n<\/div>\n<ul>\n<li><strong>Modelo Osito:<\/strong>\n<ul>\n<li><strong>Alto:<\/strong> 28 cm<\/li>\n<li><strong>Ancho:<\/strong> 28cm<\/li>\n<li><strong>Espesor:<\/strong> 9mm<\/li>\n<\/ul>\n<\/li>\n<li><strong>Modelo Peque\u00f1o:<\/strong>\n<ul>\n<li><strong>Alto:<\/strong> 28cm<\/li>\n<li><strong>Ancho:<\/strong> 27cm<\/li>\n<li><strong>Espesor:<\/strong> 9mm<\/li>\n<\/ul>\n<\/li>\n<\/ul>\n","protected":false},"excerpt":{"rendered":"<p>Odkryj elegancj\u0119 naszych spersonalizowanych drewnianych misi\u00f3w, wykonanych r\u0119cznie w Hiszpanii z naturalnego drewna i precyzyjnego ci\u0119cia laserowego. Ka\u017cdemu misiowi mo\u017cna nada\u0107 imi\u0119 dziecka lub noworodka, co czyni go wyj\u0105tkowym i znacz\u0105cym prezentem na takie okazje, jak baby shower. Te urocze dekoracyjne dodatki dodaj\u0105 wyrafinowania ka\u017cdemu otoczeniu. \u015awietnie nadaj\u0105 si\u0119 do celebrowania wyj\u0105tkowych chwil w \u017cyciu najbli\u017cszych. Dziel si\u0119 mi\u0142o\u015bci\u0105 i r\u0119kodzie\u0142em z naszymi spersonalizowanymi misiami.<\/p>","protected":false},"featured_media":6868,"template":"","meta":{"_seopress_robots_primary_cat":"52","_seopress_titles_title":"Ositos de madera personalizados con el nombre de tu bebe","_seopress_titles_desc":"Ositos de madera personalizados con el nombre de tu bebe. Ideal para la decoraci\u00f3n de su habitaci\u00f3n. Varios colores disponibles.","_seopress_robots_index":"","_seopress_analysis_target_kw":"","site-sidebar-layout":"default","site-content-layout":"","ast-site-content-layout":"default","site-content-style":"default","site-sidebar-style":"default","ast-global-header-display":"","ast-banner-title-visibility":"","ast-main-header-display":"","ast-hfb-above-header-display":"","ast-hfb-below-header-display":"","ast-hfb-mobile-header-display":"","site-post-title":"","ast-breadcrumbs-content":"","ast-featured-img":"","footer-sml-layout":"","ast-disable-related-posts":"","theme-transparent-header-meta":"","adv-header-id-meta":"","stick-header-meta":"","header-above-stick-meta":"","header-main-stick-meta":"","header-below-stick-meta":"","astra-migrate-meta-layouts":"default","ast-page-background-enabled":"default","ast-page-background-meta":{"desktop":{"background-color":"","background-image":"","background-repeat":"repeat","background-position":"center center","background-size":"auto","background-attachment":"scroll","background-type":"","background-media":"","overlay-type":"","overlay-color":"","overlay-opacity":"","overlay-gradient":""},"tablet":{"background-color":"","background-image":"","background-repeat":"repeat","background-position":"center center","background-size":"auto","background-attachment":"scroll","background-type":"","background-media":"","overlay-type":"","overlay-color":"","overlay-opacity":"","overlay-gradient":""},"mobile":{"background-color":"","background-image":"","background-repeat":"repeat","background-position":"center center","background-size":"auto","background-attachment":"scroll","background-type":"","background-media":"","overlay-type":"","overlay-color":"","overlay-opacity":"","overlay-gradient":""}},"ast-content-background-meta":{"desktop":{"background-color":"var(--ast-global-color-5)","background-image":"","background-repeat":"repeat","background-position":"center center","background-size":"auto","background-attachment":"scroll","background-type":"","background-media":"","overlay-type":"","overlay-color":"","overlay-opacity":"","overlay-gradient":""},"tablet":{"background-color":"var(--ast-global-color-5)","background-image":"","background-repeat":"repeat","background-position":"center center","background-size":"auto","background-attachment":"scroll","background-type":"","background-media":"","overlay-type":"","overlay-color":"","overlay-opacity":"","overlay-gradient":""},"mobile":{"background-color":"var(--ast-global-color-5)","background-image":"","background-repeat":"repeat","background-position":"center center","background-size":"auto","background-attachment":"scroll","background-type":"","background-media":"","overlay-type":"","overlay-color":"","overlay-opacity":"","overlay-gradient":""}}},"product_brand":[],"product_cat":[51,52,87],"product_tag":[],"class_list":{"0":"post-4632","1":"product","2":"type-product","3":"status-publish","4":"has-post-thumbnail","6":"product_cat-decoracion-del-hogar","7":"product_cat-habitacion-de-bebe","8":"product_cat-mascotas","9":"desktop-align-center","10":"tablet-align-left","11":"mobile-align-center","12":"ast-product-gallery-layout-horizontal","13":"ast-magnify-disabled","14":"ast-product-tabs-layout-horizontal","15":"tm-has-options","17":"first","18":"instock","19":"taxable","20":"shipping-taxable","21":"purchasable","22":"product-type-simple"},"_links":{"self":[{"href":"https:\/\/kiemmi.com\/pl\/wp-json\/wp\/v2\/product\/4632","targetHints":{"allow":["GET"]}}],"collection":[{"href":"https:\/\/kiemmi.com\/pl\/wp-json\/wp\/v2\/product"}],"about":[{"href":"https:\/\/kiemmi.com\/pl\/wp-json\/wp\/v2\/types\/product"}],"version-history":[{"count":0,"href":"https:\/\/kiemmi.com\/pl\/wp-json\/wp\/v2\/product\/4632\/revisions"}],"wp:featuredmedia":[{"embeddable":true,"href":"https:\/\/kiemmi.com\/pl\/wp-json\/wp\/v2\/media\/6868"}],"wp:attachment":[{"href":"https:\/\/kiemmi.com\/pl\/wp-json\/wp\/v2\/media?parent=4632"}],"wp:term":[{"taxonomy":"product_brand","embeddable":true,"href":"https:\/\/kiemmi.com\/pl\/wp-json\/wp\/v2\/product_brand?post=4632"},{"taxonomy":"product_cat","embeddable":true,"href":"https:\/\/kiemmi.com\/pl\/wp-json\/wp\/v2\/product_cat?post=4632"},{"taxonomy":"product_tag","embeddable":true,"href":"https:\/\/kiemmi.com\/pl\/wp-json\/wp\/v2\/product_tag?post=4632"}],"curies":[{"name":"wp","href":"https:\/\/api.w.org\/{rel}","templated":true}]}}