{"id":4536,"date":"2022-05-14T19:52:25","date_gmt":"2022-05-14T19:52:25","guid":{"rendered":"https:\/\/kiemmi.com\/?post_type=product&#038;p=4536"},"modified":"2025-09-11T21:29:30","modified_gmt":"2025-09-11T21:29:30","slug":"drewniany-brelok-do-kluczy-z-wygrawerowanymi-literami-i-twoim-imieniem","status":"publish","type":"product","link":"https:\/\/kiemmi.com\/pl\/shop\/llaveros-madera\/llavero-de-madera-con-letras-y-tu-nombre-grabado\/","title":{"rendered":"Drewniany brelok do kluczy z wygrawerowanymi literami i imieniem"},"content":{"rendered":"<p>Drewniany brelok do kluczy z du\u017cymi literami i wygrawerowanym imieniem.<\/p>\n<p>Idealny prezent dla os\u00f3b, kt\u00f3re kochasz najbardziej.<\/p>\n<p>Breloki wykonane s\u0105 ze starannie wyselekcjonowanej, najwy\u017cszej jako\u015bci sklejki brzozowej.<\/p>\n<p>R\u0119cznie robiony produkt ekologiczny wyprodukowany w Hiszpanii.<\/p>\n<p><strong>Wymiary:<\/strong><\/p>\n<ul>\n<li>Szeroko\u015b\u0107: zale\u017cy od litery<\/li>\n<li>Wysoko\u015b\u0107: 50 mm<\/li>\n<li>Grubo\u015b\u0107: 5mm<\/li>\n<\/ul>\n<p><strong>Tworzywo:<\/strong><\/p>\n<ul>\n<li>Sklejka<\/li>\n<\/ul>","protected":false},"excerpt":{"rendered":"<p>Drewniany brelok do kluczy z du\u017cymi literami i wygrawerowanym imieniem.<\/p>\n<p>Idealny prezent dla os\u00f3b, kt\u00f3re kochasz najbardziej.<\/p>\n<p>Breloki wykonane s\u0105 ze starannie wyselekcjonowanej, najwy\u017cszej jako\u015bci sklejki brzozowej.<\/p>\n<p>R\u0119cznie robiony produkt ekologiczny wyprodukowany w Hiszpanii.<\/p>","protected":false},"featured_media":4539,"template":"","meta":{"_seopress_robots_primary_cat":"33","_seopress_titles_title":"Idea de regalo: Llavero de madera en letra con tu nombre personalizable","_seopress_titles_desc":"Llaveros en letras hechos de madera y hechos a mano. Personalizable con el nombre de la persona. Regalo ideal para amigos o familiares.","_seopress_robots_index":"","_seopress_analysis_target_kw":"","site-sidebar-layout":"default","site-content-layout":"","ast-site-content-layout":"default","site-content-style":"default","site-sidebar-style":"default","ast-global-header-display":"","ast-banner-title-visibility":"","ast-main-header-display":"","ast-hfb-above-header-display":"","ast-hfb-below-header-display":"","ast-hfb-mobile-header-display":"","site-post-title":"","ast-breadcrumbs-content":"","ast-featured-img":"","footer-sml-layout":"","ast-disable-related-posts":"","theme-transparent-header-meta":"default","adv-header-id-meta":"","stick-header-meta":"default","header-above-stick-meta":"","header-main-stick-meta":"","header-below-stick-meta":"","astra-migrate-meta-layouts":"set","ast-page-background-enabled":"default","ast-page-background-meta":{"desktop":{"background-color":"","background-image":"","background-repeat":"repeat","background-position":"center center","background-size":"auto","background-attachment":"scroll","background-type":"","background-media":"","overlay-type":"","overlay-color":"","overlay-opacity":"","overlay-gradient":""},"tablet":{"background-color":"","background-image":"","background-repeat":"repeat","background-position":"center center","background-size":"auto","background-attachment":"scroll","background-type":"","background-media":"","overlay-type":"","overlay-color":"","overlay-opacity":"","overlay-gradient":""},"mobile":{"background-color":"","background-image":"","background-repeat":"repeat","background-position":"center center","background-size":"auto","background-attachment":"scroll","background-type":"","background-media":"","overlay-type":"","overlay-color":"","overlay-opacity":"","overlay-gradient":""}},"ast-content-background-meta":{"desktop":{"background-color":"var(--ast-global-color-5)","background-image":"","background-repeat":"repeat","background-position":"center center","background-size":"auto","background-attachment":"scroll","background-type":"","background-media":"","overlay-type":"","overlay-color":"","overlay-opacity":"","overlay-gradient":""},"tablet":{"background-color":"var(--ast-global-color-5)","background-image":"","background-repeat":"repeat","background-position":"center center","background-size":"auto","background-attachment":"scroll","background-type":"","background-media":"","overlay-type":"","overlay-color":"","overlay-opacity":"","overlay-gradient":""},"mobile":{"background-color":"var(--ast-global-color-5)","background-image":"","background-repeat":"repeat","background-position":"center center","background-size":"auto","background-attachment":"scroll","background-type":"","background-media":"","overlay-type":"","overlay-color":"","overlay-opacity":"","overlay-gradient":""}}},"product_brand":[],"product_cat":[33,49],"product_tag":[],"class_list":{"0":"post-4536","1":"product","2":"type-product","3":"status-publish","4":"has-post-thumbnail","6":"product_cat-llaveros-madera","7":"product_cat-regalos-originales","8":"desktop-align-center","9":"tablet-align-left","10":"mobile-align-center","11":"ast-product-gallery-layout-horizontal","12":"ast-magnify-disabled","13":"ast-product-tabs-layout-horizontal","14":"tm-has-options","16":"first","17":"instock","18":"taxable","19":"shipping-taxable","20":"purchasable","21":"product-type-simple"},"_links":{"self":[{"href":"https:\/\/kiemmi.com\/pl\/wp-json\/wp\/v2\/product\/4536","targetHints":{"allow":["GET"]}}],"collection":[{"href":"https:\/\/kiemmi.com\/pl\/wp-json\/wp\/v2\/product"}],"about":[{"href":"https:\/\/kiemmi.com\/pl\/wp-json\/wp\/v2\/types\/product"}],"version-history":[{"count":0,"href":"https:\/\/kiemmi.com\/pl\/wp-json\/wp\/v2\/product\/4536\/revisions"}],"wp:featuredmedia":[{"embeddable":true,"href":"https:\/\/kiemmi.com\/pl\/wp-json\/wp\/v2\/media\/4539"}],"wp:attachment":[{"href":"https:\/\/kiemmi.com\/pl\/wp-json\/wp\/v2\/media?parent=4536"}],"wp:term":[{"taxonomy":"product_brand","embeddable":true,"href":"https:\/\/kiemmi.com\/pl\/wp-json\/wp\/v2\/product_brand?post=4536"},{"taxonomy":"product_cat","embeddable":true,"href":"https:\/\/kiemmi.com\/pl\/wp-json\/wp\/v2\/product_cat?post=4536"},{"taxonomy":"product_tag","embeddable":true,"href":"https:\/\/kiemmi.com\/pl\/wp-json\/wp\/v2\/product_tag?post=4536"}],"curies":[{"name":"wp","href":"https:\/\/api.w.org\/{rel}","templated":true}]}}