{"id":4222,"date":"2022-04-18T11:00:45","date_gmt":"2022-04-18T11:00:45","guid":{"rendered":"https:\/\/kiemmi.com\/?post_type=product&#038;p=4222"},"modified":"2025-09-12T05:47:48","modified_gmt":"2025-09-12T05:47:48","slug":"notatnik-w-drewnianej-okladce-z-motywem-odcisku-zwierzecia","status":"publish","type":"product","link":"https:\/\/kiemmi.com\/pl\/shop\/libretas-de-madera-personalizadas\/libreta-con-tapa-de-madera-con-diseno-huella-mascotas\/","title":{"rendered":"Notatnik w drewnianej ok\u0142adce z motywem odcisku zwierz\u0119cia"},"content":{"rendered":"<p>Personalizowany notatnik w drewnianej ok\u0142adce z nadrukami \u0142ap psa\/kota i sercami.<\/p>\n<p>Dostosuj tekst na ok\u0142adce wed\u0142ug w\u0142asnych upodoba\u0144.<\/p>\n<p><span class=\"a-list-item a-size-base\">Nasze notesy w drewnianej ok\u0142adce idealnie nadaj\u0105 si\u0119 do tworzenia notatek<\/span>Oryginalny, zabawny i konfigurowalny prezent.<\/p>\n<p>Idealny dla przyjaciela lub cz\u0142onka rodziny kochaj\u0105cego zwierz\u0119ta.<\/p>\n<p><strong>Charakterystyka:<\/strong><\/p>\n<ul>\n<li>Drewniana ok\u0142adka przednia i tylna<\/li>\n<li>Notatnik z kwadratowymi kartkami<\/li>\n<li>80 stron po 90 gr.<\/li>\n<\/ul>","protected":false},"excerpt":{"rendered":"<p>Personalizowany notatnik w drewnianej ok\u0142adce z nadrukami \u0142ap psa\/kota i sercami.<\/p>\n<p>Dostosuj tekst na ok\u0142adce wed\u0142ug w\u0142asnych upodoba\u0144.<\/p>\n<p><span class=\"a-list-item a-size-base\">Nasze notesy w drewnianej ok\u0142adce idealnie nadaj\u0105 si\u0119 do tworzenia notatek<\/span>Oryginalny, zabawny i konfigurowalny prezent.<\/p>\n<p>Idealny dla przyjaciela lub cz\u0142onka rodziny kochaj\u0105cego zwierz\u0119ta.<\/p>","protected":false},"featured_media":4213,"template":"","meta":{"_seopress_robots_primary_cat":"50","_seopress_titles_title":"Libretas personalizadas de madera con huellas de mascotas","_seopress_titles_desc":"Libretas personalizables con tapas de madera con huellas de perros \/ gatos y corazones. Un regalo original, divertido para un amigo o familiar.","_seopress_robots_index":"","_seopress_analysis_target_kw":"","site-sidebar-layout":"default","site-content-layout":"","ast-site-content-layout":"default","site-content-style":"default","site-sidebar-style":"default","ast-global-header-display":"","ast-banner-title-visibility":"","ast-main-header-display":"","ast-hfb-above-header-display":"","ast-hfb-below-header-display":"","ast-hfb-mobile-header-display":"","site-post-title":"","ast-breadcrumbs-content":"","ast-featured-img":"","footer-sml-layout":"","ast-disable-related-posts":"","theme-transparent-header-meta":"","adv-header-id-meta":"","stick-header-meta":"","header-above-stick-meta":"","header-main-stick-meta":"","header-below-stick-meta":"","astra-migrate-meta-layouts":"default","ast-page-background-enabled":"default","ast-page-background-meta":{"desktop":{"background-color":"","background-image":"","background-repeat":"repeat","background-position":"center center","background-size":"auto","background-attachment":"scroll","background-type":"","background-media":"","overlay-type":"","overlay-color":"","overlay-opacity":"","overlay-gradient":""},"tablet":{"background-color":"","background-image":"","background-repeat":"repeat","background-position":"center center","background-size":"auto","background-attachment":"scroll","background-type":"","background-media":"","overlay-type":"","overlay-color":"","overlay-opacity":"","overlay-gradient":""},"mobile":{"background-color":"","background-image":"","background-repeat":"repeat","background-position":"center center","background-size":"auto","background-attachment":"scroll","background-type":"","background-media":"","overlay-type":"","overlay-color":"","overlay-opacity":"","overlay-gradient":""}},"ast-content-background-meta":{"desktop":{"background-color":"var(--ast-global-color-5)","background-image":"","background-repeat":"repeat","background-position":"center center","background-size":"auto","background-attachment":"scroll","background-type":"","background-media":"","overlay-type":"","overlay-color":"","overlay-opacity":"","overlay-gradient":""},"tablet":{"background-color":"var(--ast-global-color-5)","background-image":"","background-repeat":"repeat","background-position":"center center","background-size":"auto","background-attachment":"scroll","background-type":"","background-media":"","overlay-type":"","overlay-color":"","overlay-opacity":"","overlay-gradient":""},"mobile":{"background-color":"var(--ast-global-color-5)","background-image":"","background-repeat":"repeat","background-position":"center center","background-size":"auto","background-attachment":"scroll","background-type":"","background-media":"","overlay-type":"","overlay-color":"","overlay-opacity":"","overlay-gradient":""}}},"product_brand":[],"product_cat":[50,87],"product_tag":[],"class_list":{"0":"post-4222","1":"product","2":"type-product","3":"status-publish","4":"has-post-thumbnail","6":"product_cat-libretas-de-madera-personalizadas","7":"product_cat-mascotas","8":"desktop-align-center","9":"tablet-align-left","10":"mobile-align-center","11":"ast-product-gallery-layout-horizontal","12":"ast-product-gallery-with-no-image","13":"ast-magnify-disabled","14":"ast-product-tabs-layout-horizontal","15":"tm-has-options","17":"first","18":"instock","19":"taxable","20":"shipping-taxable","21":"purchasable","22":"product-type-simple"},"_links":{"self":[{"href":"https:\/\/kiemmi.com\/pl\/wp-json\/wp\/v2\/product\/4222","targetHints":{"allow":["GET"]}}],"collection":[{"href":"https:\/\/kiemmi.com\/pl\/wp-json\/wp\/v2\/product"}],"about":[{"href":"https:\/\/kiemmi.com\/pl\/wp-json\/wp\/v2\/types\/product"}],"version-history":[{"count":0,"href":"https:\/\/kiemmi.com\/pl\/wp-json\/wp\/v2\/product\/4222\/revisions"}],"wp:featuredmedia":[{"embeddable":true,"href":"https:\/\/kiemmi.com\/pl\/wp-json\/wp\/v2\/media\/4213"}],"wp:attachment":[{"href":"https:\/\/kiemmi.com\/pl\/wp-json\/wp\/v2\/media?parent=4222"}],"wp:term":[{"taxonomy":"product_brand","embeddable":true,"href":"https:\/\/kiemmi.com\/pl\/wp-json\/wp\/v2\/product_brand?post=4222"},{"taxonomy":"product_cat","embeddable":true,"href":"https:\/\/kiemmi.com\/pl\/wp-json\/wp\/v2\/product_cat?post=4222"},{"taxonomy":"product_tag","embeddable":true,"href":"https:\/\/kiemmi.com\/pl\/wp-json\/wp\/v2\/product_tag?post=4222"}],"curies":[{"name":"wp","href":"https:\/\/api.w.org\/{rel}","templated":true}]}}