{"id":4210,"date":"2022-04-18T09:46:41","date_gmt":"2022-04-18T09:46:41","guid":{"rendered":"https:\/\/kiemmi.com\/?post_type=product&#038;p=4210"},"modified":"2025-12-09T11:26:36","modified_gmt":"2025-12-09T11:26:36","slug":"notatnik-z-drewniana-okladka-na-przepisy-kulinarne","status":"publish","type":"product","link":"https:\/\/kiemmi.com\/pl\/shop\/libretas-de-madera-personalizadas\/libreta-con-tapa-de-madera-para-recetas-de-cocina\/","title":{"rendered":"Notatnik z drewnian\u0105 ok\u0142adk\u0105 na przepisy kulinarne"},"content":{"rendered":"<p>Odkryj \u015bwiat kulinarnej kreatywno\u015bci dzi\u0119ki naszej ksi\u0105\u017cce z przepisami kulinarnymi, w kt\u00f3rej smak spotyka si\u0119 z personalizacj\u0105. Dzi\u0119ki grawerowanym laserowo drewnianym ok\u0142adkom ten notatnik stanie si\u0119 p\u0142\u00f3tnem dla Twojej pasji do gotowania.<\/p>\n<p>Ka\u017cdy notatnik ma drewniane ok\u0142adki, kt\u00f3re nie tylko zapewniaj\u0105 trwa\u0142o\u015b\u0107, ale tak\u017ce dodadz\u0105 odrobin\u0119 ciep\u0142a Twoim kulinarnym kreacjom. Mo\u017cliwo\u015b\u0107 personalizacji ok\u0142adek za pomoc\u0105 graweru laserowego sprawia, \u017ce Tw\u00f3j notatnik b\u0119dzie tak wyj\u0105tkowy, jak Twoje najcenniejsze przepisy.<\/p>\n<p>Ale to nie wszystko. Notatnik licz\u0105cy 80 kartek, czyli 160 stron, zapewnia wi\u0119cej ni\u017c wystarczaj\u0105c\u0105 ilo\u015b\u0107 miejsca na zapisywanie ulubionych przepis\u00f3w, kulinarnych trik\u00f3w i eksperyment\u00f3w w kuchni. Co wi\u0119cej, na tym nie ko\u0144czy si\u0119 dostosowywanie; Mo\u017cesz nawet dostosowa\u0107 same arkusze, aby notatnik by\u0142 naprawd\u0119 ekskluzywny.<\/p>\n<p>Ten notatnik to nie tylko praktyczne narz\u0119dzie w kuchni, ale tak\u017ce idealny prezent dla kochaj\u0105cej jedzenie rodziny i przyjaci\u00f3\u0142. \u015awi\u0119tuj wyj\u0105tkowe chwile, podarowuj\u0105c notatnik, w kt\u00f3rym nie tylko zapiszesz przepisy, ale tak\u017ce wspomnienia wsp\u00f3lne przy stole.<\/p>\n<p>Wykonany z dba\u0142o\u015bci\u0105 o ka\u017cdy szczeg\u00f3\u0142 notatnik gwarantuje trwa\u0142o\u015b\u0107 i elegancj\u0119. Zamie\u0144 ka\u017cd\u0105 stron\u0119 w dzie\u0142o sztuki kulinarnej i zachowaj swoje dzie\u0142a w dobrym stylu.<\/p>\n<p>Zmie\u0144 spos\u00f3b, w jaki dzielisz si\u0119 gotowaniem i cieszysz si\u0119 nim, dzi\u0119ki naszemu spersonalizowanemu notesowi z przepisami kuchennymi. Z\u0142\u00f3\u017c zam\u00f3wienie ju\u017c teraz i nadaj swoim kulinarnym doznaniom niepowtarzalny akcent!<\/p>\n<p><strong>Charakterystyka:<\/strong><\/p>\n<ul>\n<li>Drewniana ok\u0142adka przednia i tylna<\/li>\n<li>Przednia ok\u0142adka jest konfigurowalna<\/li>\n<li>Notatnik w formacie Din A5 (szeroko\u015b\u0107 14,8 cm x wysoko\u015b\u0107 21 cm)<\/li>\n<li>80 arkuszy (160 stron)<\/li>\n<li>Strony mo\u017cna dostosowywa\u0107<\/li>\n<\/ul>","protected":false},"excerpt":{"rendered":"<p>Odkryj kulinarn\u0105 kreatywno\u015b\u0107 dzi\u0119ki naszej ksi\u0105\u017cce kucharskiej, podkre\u015blonej spersonalizowanymi drewnianymi ok\u0142adkami z grawerem laserowym. Ten notatnik z 80 dostosowywalnymi arkuszami oferuje miejsce na zapisywanie Twoich unikalnych przepis\u00f3w. Idealny na prezent, odzwierciedla pasj\u0119 do gotowania i tworzy wsp\u00f3lne wspomnienia. W tym notatniku op\u00f3r i elegancja \u0142\u0105cz\u0105 si\u0119, zamieniaj\u0105c ka\u017cd\u0105 stron\u0119 w dzie\u0142o sztuki kulinarnej. Zmie\u0144 swoje kulinarne do\u015bwiadczenia dzi\u0119ki naszej spersonalizowanej ksi\u0105\u017cce z przepisami kuchennymi, w kt\u00f3rej wykwintno\u015b\u0107 spotyka si\u0119 z ekskluzywno\u015bci\u0105.<\/p>","protected":false},"featured_media":36505,"template":"","meta":{"_seopress_robots_primary_cat":"50","_seopress_titles_title":"%%title%% %%page%% - Kiemmi","_seopress_titles_desc":"","_seopress_robots_index":"","_seopress_analysis_target_kw":"","site-sidebar-layout":"default","site-content-layout":"","ast-site-content-layout":"default","site-content-style":"default","site-sidebar-style":"default","ast-global-header-display":"","ast-banner-title-visibility":"","ast-main-header-display":"","ast-hfb-above-header-display":"","ast-hfb-below-header-display":"","ast-hfb-mobile-header-display":"","site-post-title":"","ast-breadcrumbs-content":"","ast-featured-img":"","footer-sml-layout":"","ast-disable-related-posts":"","theme-transparent-header-meta":"default","adv-header-id-meta":"","stick-header-meta":"default","header-above-stick-meta":"","header-main-stick-meta":"","header-below-stick-meta":"","astra-migrate-meta-layouts":"set","ast-page-background-enabled":"default","ast-page-background-meta":{"desktop":{"background-color":"","background-image":"","background-repeat":"repeat","background-position":"center center","background-size":"auto","background-attachment":"scroll","background-type":"","background-media":"","overlay-type":"","overlay-color":"","overlay-opacity":"","overlay-gradient":""},"tablet":{"background-color":"","background-image":"","background-repeat":"repeat","background-position":"center center","background-size":"auto","background-attachment":"scroll","background-type":"","background-media":"","overlay-type":"","overlay-color":"","overlay-opacity":"","overlay-gradient":""},"mobile":{"background-color":"","background-image":"","background-repeat":"repeat","background-position":"center center","background-size":"auto","background-attachment":"scroll","background-type":"","background-media":"","overlay-type":"","overlay-color":"","overlay-opacity":"","overlay-gradient":""}},"ast-content-background-meta":{"desktop":{"background-color":"var(--ast-global-color-5)","background-image":"","background-repeat":"repeat","background-position":"center center","background-size":"auto","background-attachment":"scroll","background-type":"","background-media":"","overlay-type":"","overlay-color":"","overlay-opacity":"","overlay-gradient":""},"tablet":{"background-color":"var(--ast-global-color-5)","background-image":"","background-repeat":"repeat","background-position":"center center","background-size":"auto","background-attachment":"scroll","background-type":"","background-media":"","overlay-type":"","overlay-color":"","overlay-opacity":"","overlay-gradient":""},"mobile":{"background-color":"var(--ast-global-color-5)","background-image":"","background-repeat":"repeat","background-position":"center center","background-size":"auto","background-attachment":"scroll","background-type":"","background-media":"","overlay-type":"","overlay-color":"","overlay-opacity":"","overlay-gradient":""}}},"product_brand":[103],"product_cat":[50],"product_tag":[],"class_list":{"0":"post-4210","1":"product","2":"type-product","3":"status-publish","4":"has-post-thumbnail","6":"product_brand-kiemmi-creations","7":"product_cat-libretas-de-madera-personalizadas","8":"desktop-align-center","9":"tablet-align-left","10":"mobile-align-center","11":"ast-product-gallery-layout-horizontal","12":"ast-magnify-disabled","13":"ast-product-tabs-layout-horizontal","14":"tm-has-options","16":"first","17":"instock","18":"taxable","19":"shipping-taxable","20":"purchasable","21":"product-type-simple"},"_links":{"self":[{"href":"https:\/\/kiemmi.com\/pl\/wp-json\/wp\/v2\/product\/4210","targetHints":{"allow":["GET"]}}],"collection":[{"href":"https:\/\/kiemmi.com\/pl\/wp-json\/wp\/v2\/product"}],"about":[{"href":"https:\/\/kiemmi.com\/pl\/wp-json\/wp\/v2\/types\/product"}],"version-history":[{"count":0,"href":"https:\/\/kiemmi.com\/pl\/wp-json\/wp\/v2\/product\/4210\/revisions"}],"wp:featuredmedia":[{"embeddable":true,"href":"https:\/\/kiemmi.com\/pl\/wp-json\/wp\/v2\/media\/36505"}],"wp:attachment":[{"href":"https:\/\/kiemmi.com\/pl\/wp-json\/wp\/v2\/media?parent=4210"}],"wp:term":[{"taxonomy":"product_brand","embeddable":true,"href":"https:\/\/kiemmi.com\/pl\/wp-json\/wp\/v2\/product_brand?post=4210"},{"taxonomy":"product_cat","embeddable":true,"href":"https:\/\/kiemmi.com\/pl\/wp-json\/wp\/v2\/product_cat?post=4210"},{"taxonomy":"product_tag","embeddable":true,"href":"https:\/\/kiemmi.com\/pl\/wp-json\/wp\/v2\/product_tag?post=4210"}],"curies":[{"name":"wp","href":"https:\/\/api.w.org\/{rel}","templated":true}]}}