{"id":3895,"date":"2022-03-14T15:03:11","date_gmt":"2022-03-14T15:03:11","guid":{"rendered":"https:\/\/kiemmi.com\/?post_type=product&#038;p=3895"},"modified":"2025-09-19T20:43:45","modified_gmt":"2025-09-19T20:43:45","slug":"przywieszka-identyfikacyjna-w-ksztalcie-kosci-dla-psow","status":"publish","type":"product","link":"https:\/\/kiemmi.com\/pl\/shop\/chapas-de-aluminio\/chapa-identificativa-en-forma-de-hueso-para-perros\/","title":{"rendered":"Identyfikator w kszta\u0142cie ko\u015bci dla psa"},"content":{"rendered":"<p>Pi\u0119kna tabliczka identyfikacyjna dla psa w kszta\u0142cie ko\u015bci do zawieszenia na obro\u017cy.<\/p>\n<p>Mo\u017cesz samodzielnie zaprojektowa\u0107 zawieszk\u0119 dla swojego zwierzaka, dodaj\u0105c tekst i gotowe rysunki wed\u0142ug w\u0142asnych upodoba\u0144. Mo\u017cesz dostosowa\u0107 zar\u00f3wno przedni\u0105, jak i tyln\u0105 powierzchni\u0119 bez dodatkowych koszt\u00f3w za pomoc\u0105 naszej platformy projektowej.<\/p>\n<p>Bardzo lekki, wa\u017cy tylko 1 gram, dzi\u0119ki czemu Tw\u00f3j pupil nie zauwa\u017cy jego wagi.<\/p>\n<p>P\u0142yta wykonana z anodyzowanego aluminium, mo\u017cna wybiera\u0107 spo\u015br\u00f3d r\u00f3\u017cnych kolor\u00f3w.<\/p>\n<p>Anodowanie to proces chemiczny, podczas kt\u00f3rego nadajemy kolor tabliczkom identyfikacyjnym bez konieczno\u015bci stosowania farb i emalii. Dzi\u0119ki temu procesowi uzyskujemy bardzo trwa\u0142y, metaliczny kolor.<\/p>\n<p>Wszystkie nasze plakietki zawieraj\u0105 pier\u015bcie\u0144 o \u015brednicy 10 milimetr\u00f3w.<\/p>\n<p>Proces grawerowania realizowany jest przy u\u017cyciu technologii laserowej najnowszej generacji, dzi\u0119ki kt\u00f3rej uzyskujemy bardzo trwa\u0142y grawer o bia\u0142ej tonacji.<\/p>\n<p><strong>Wymiary:<\/strong><\/p>\n<p style=\"text-align: center;\"><a href=\"https:\/\/kiemmi.com\/wp-content\/uploads\/2022\/03\/Chapas-hueso-Dimensiones.png\"><img decoding=\"async\" class=\"Size 500x500 aligncenter wp-image-3924 size-full\" src=\"https:\/\/kiemmi.com\/wp-content\/uploads\/2022\/03\/Chapas-hueso-Dimensiones.png\" alt=\"\" width=\"730\" height=\"200\" srcset=\"https:\/\/kiemmi.com\/wp-content\/uploads\/2022\/03\/Chapas-hueso-Dimensiones.png 730w, https:\/\/kiemmi.com\/wp-content\/uploads\/2022\/03\/Chapas-hueso-Dimensiones-600x164.png 600w, https:\/\/kiemmi.com\/wp-content\/uploads\/2022\/03\/Chapas-hueso-Dimensiones-64x18.png 64w, https:\/\/kiemmi.com\/wp-content\/uploads\/2022\/03\/Chapas-hueso-Dimensiones-300x82.png 300w\" sizes=\"(max-width: 730px) 100vw, 730px\" \/><\/a><\/p>","protected":false},"excerpt":{"rendered":"<p>P\u0142yta wykonana z anodyzowanego aluminium, mo\u017cna wybiera\u0107 spo\u015br\u00f3d r\u00f3\u017cnych kolor\u00f3w.<\/p>\n<p>Proces grawerowania realizowany jest przy u\u017cyciu technologii laserowej najnowszej generacji, dzi\u0119ki kt\u00f3rej uzyskujemy bardzo trwa\u0142y grawer o bia\u0142ej tonacji.<\/p>\n<p>Wszystkie nasze plakietki zawieraj\u0105 pier\u015bcie\u0144 o \u015brednicy 10 milimetr\u00f3w.<\/p>\n<p><strong>Wymiary:<\/strong><\/p>\n<p style=\"text-align: center;\"><a href=\"https:\/\/kiemmi.com\/wp-content\/uploads\/2022\/03\/Chapas-hueso-Dimensiones.png\"><img decoding=\"async\" class=\"aligncenter wp-image-3924 size-full\" src=\"https:\/\/kiemmi.com\/wp-content\/uploads\/2022\/03\/Chapas-hueso-Dimensiones.png\" alt=\"\" width=\"730\" height=\"200\" srcset=\"https:\/\/kiemmi.com\/wp-content\/uploads\/2022\/03\/Chapas-hueso-Dimensiones.png 730w, https:\/\/kiemmi.com\/wp-content\/uploads\/2022\/03\/Chapas-hueso-Dimensiones-600x164.png 600w, https:\/\/kiemmi.com\/wp-content\/uploads\/2022\/03\/Chapas-hueso-Dimensiones-64x18.png 64w, https:\/\/kiemmi.com\/wp-content\/uploads\/2022\/03\/Chapas-hueso-Dimensiones-300x82.png 300w\" sizes=\"(max-width: 730px) 100vw, 730px\" \/><\/a><\/p>","protected":false},"featured_media":4003,"template":"","meta":{"_seopress_robots_primary_cat":"46","_seopress_titles_title":"Chapas grabadas para perros - Placas de identificaci\u00f3n para mascotas","_seopress_titles_desc":"Chapas grabadas de aluminio anodizado de distintos colores y distintos tama\u00f1os. Dise\u00f1a tu mismo la placa identificativa para tu perros.","_seopress_robots_index":"","_seopress_analysis_target_kw":"","site-sidebar-layout":"default","site-content-layout":"","ast-site-content-layout":"default","site-content-style":"default","site-sidebar-style":"default","ast-global-header-display":"","ast-banner-title-visibility":"","ast-main-header-display":"","ast-hfb-above-header-display":"","ast-hfb-below-header-display":"","ast-hfb-mobile-header-display":"","site-post-title":"","ast-breadcrumbs-content":"","ast-featured-img":"","footer-sml-layout":"","ast-disable-related-posts":"","theme-transparent-header-meta":"","adv-header-id-meta":"","stick-header-meta":"","header-above-stick-meta":"","header-main-stick-meta":"","header-below-stick-meta":"","astra-migrate-meta-layouts":"default","ast-page-background-enabled":"default","ast-page-background-meta":{"desktop":{"background-color":"","background-image":"","background-repeat":"repeat","background-position":"center center","background-size":"auto","background-attachment":"scroll","background-type":"","background-media":"","overlay-type":"","overlay-color":"","overlay-opacity":"","overlay-gradient":""},"tablet":{"background-color":"","background-image":"","background-repeat":"repeat","background-position":"center center","background-size":"auto","background-attachment":"scroll","background-type":"","background-media":"","overlay-type":"","overlay-color":"","overlay-opacity":"","overlay-gradient":""},"mobile":{"background-color":"","background-image":"","background-repeat":"repeat","background-position":"center center","background-size":"auto","background-attachment":"scroll","background-type":"","background-media":"","overlay-type":"","overlay-color":"","overlay-opacity":"","overlay-gradient":""}},"ast-content-background-meta":{"desktop":{"background-color":"var(--ast-global-color-5)","background-image":"","background-repeat":"repeat","background-position":"center center","background-size":"auto","background-attachment":"scroll","background-type":"","background-media":"","overlay-type":"","overlay-color":"","overlay-opacity":"","overlay-gradient":""},"tablet":{"background-color":"var(--ast-global-color-5)","background-image":"","background-repeat":"repeat","background-position":"center center","background-size":"auto","background-attachment":"scroll","background-type":"","background-media":"","overlay-type":"","overlay-color":"","overlay-opacity":"","overlay-gradient":""},"mobile":{"background-color":"var(--ast-global-color-5)","background-image":"","background-repeat":"repeat","background-position":"center center","background-size":"auto","background-attachment":"scroll","background-type":"","background-media":"","overlay-type":"","overlay-color":"","overlay-opacity":"","overlay-gradient":""}}},"product_brand":[],"product_cat":[46,87],"product_tag":[],"class_list":{"0":"post-3895","1":"product","2":"type-product","3":"status-publish","4":"has-post-thumbnail","6":"product_cat-chapas-de-aluminio","7":"product_cat-mascotas","8":"desktop-align-center","9":"tablet-align-left","10":"mobile-align-center","11":"ast-product-gallery-layout-horizontal","12":"ast-magnify-disabled","13":"ast-product-tabs-layout-horizontal","14":"tm-no-options","16":"first","17":"instock","18":"sale","19":"taxable","20":"shipping-taxable","21":"purchasable","22":"product-type-simple"},"_links":{"self":[{"href":"https:\/\/kiemmi.com\/pl\/wp-json\/wp\/v2\/product\/3895","targetHints":{"allow":["GET"]}}],"collection":[{"href":"https:\/\/kiemmi.com\/pl\/wp-json\/wp\/v2\/product"}],"about":[{"href":"https:\/\/kiemmi.com\/pl\/wp-json\/wp\/v2\/types\/product"}],"version-history":[{"count":0,"href":"https:\/\/kiemmi.com\/pl\/wp-json\/wp\/v2\/product\/3895\/revisions"}],"wp:featuredmedia":[{"embeddable":true,"href":"https:\/\/kiemmi.com\/pl\/wp-json\/wp\/v2\/media\/4003"}],"wp:attachment":[{"href":"https:\/\/kiemmi.com\/pl\/wp-json\/wp\/v2\/media?parent=3895"}],"wp:term":[{"taxonomy":"product_brand","embeddable":true,"href":"https:\/\/kiemmi.com\/pl\/wp-json\/wp\/v2\/product_brand?post=3895"},{"taxonomy":"product_cat","embeddable":true,"href":"https:\/\/kiemmi.com\/pl\/wp-json\/wp\/v2\/product_cat?post=3895"},{"taxonomy":"product_tag","embeddable":true,"href":"https:\/\/kiemmi.com\/pl\/wp-json\/wp\/v2\/product_tag?post=3895"}],"curies":[{"name":"wp","href":"https:\/\/api.w.org\/{rel}","templated":true}]}}