{"id":37833,"date":"2025-12-14T18:46:21","date_gmt":"2025-12-14T18:46:21","guid":{"rendered":"https:\/\/kiemmi.com\/?post_type=product&#038;p=37833"},"modified":"2026-01-18T00:31:47","modified_gmt":"2026-01-18T00:31:47","slug":"brelok-miedzynarodowy-montaz-2026-na-zawsze","status":"publish","type":"product","link":"https:\/\/kiemmi.com\/pl\/shop\/jw\/asambleas-internacionales-2026-jw\/llavero-asamblea-internacional-2026-felices-para-siempre\/","title":{"rendered":"Brelok do kluczy z Mi\u0119dzynarodowego Zgromadzenia 2026 \u00abSzcz\u0119\u015bliwi na zawsze\u00bb"},"content":{"rendered":"<p>Upami\u0119tnia <strong>Mi\u0119dzynarodowe Zgromadzenie \u015awiadk\u00f3w Jehowy 2026<\/strong> z tym drewnianym brelokiem zaprojektowanym jako wyj\u0105tkowa pami\u0105tka inspiruj\u0105cego tematu \u201c<strong>Szcz\u0119\u015bliwi na zawsze<\/strong>\u201dKa\u017cdy element jest wykonany r\u0119cznie i ozdobiony kolorowym nadrukiem oficjalnego logo zgromadzenia, odzwierciedlaj\u0105cym przes\u0142anie nadziei i trwa\u0142ego szcz\u0119\u015bcia, kt\u00f3re charakteryzuje to mi\u0119dzynarodowe wydarzenie.<\/p>\n<p>Ten brelok \u0142\u0105czy w sobie funkcjonalno\u015b\u0107 i duchowe znaczenie, pozwalaj\u0105c Ci nosi\u0107 przy sobie na co dzie\u0144 pami\u0105tk\u0119 zgromadzenia i biblijnego przes\u0142ania, czy to przy kluczach, w plecaku, czy w torebce.<\/p>\n<p><strong>Cechy produktu:<\/strong><\/p>\n<p style=\"padding-left: 40px;\">\ud83c\udf3f <strong>Drewno ze zr\u00f3wnowa\u017conych \u017ar\u00f3de\u0142:<\/strong> Naturalny i przyjazny dla \u015brodowiska materia\u0142, o ciep\u0142ym i przyjemnym wyko\u0144czeniu<br \/>\n\ud83c\udfa8 <strong>Druk pe\u0142nokolorowy:<\/strong> \u017bywe, wyraziste kolory, kt\u00f3re podkre\u015blaj\u0105 walory projektu i zachowuj\u0105 swoj\u0105 jako\u015b\u0107 przez d\u0142ugi czas.<br \/>\n\ud83d\udc50 <strong>R\u0119cznie robione:<\/strong> Ka\u017cdy brelok jest wykonywany r\u0119cznie, z dba\u0142o\u015bci\u0105 o ka\u017cdy szczeg\u00f3\u0142 ci\u0119cia i wyko\u0144czenia.<br \/>\n\ud83d\udd11 <strong>Praktyczny i lekki format:<\/strong> Wygodny rozmiar do codziennego u\u017cytku, bez pogrubiania<br \/>\n\ud83d\udd12 <strong>Pier\u015bcie\u0144 metalowy o du\u017cej wytrzyma\u0142o\u015bci:<\/strong> Mocne i bezpieczne trzymanie kluczy i innych akcesori\u00f3w<br \/>\n\ud83c\udf81 <strong>Wspomnienie o warto\u015bci duchowej:<\/strong> Idealny jako prezent dla braci i si\u00f3str uczestnicz\u0105cych w zgromadzeniu lub jako osobista pami\u0105tka<\/p>\n<p>Ten drewniany brelok to co\u015b wi\u0119cej ni\u017c dodatek: to symbol przes\u0142ania \u201c<strong>Szcz\u0119\u015bliwi na zawsze<\/strong>\u201d, kt\u00f3ra ma towarzyszy\u0107 Ci ka\u017cdego dnia i przypomina\u0107 o nadziei i rado\u015bci, kt\u00f3rymi dzielili\u015bmy si\u0119 podczas Mi\u0119dzynarodowego Zgromadzenia w 2026 r.<\/p>","protected":false},"excerpt":{"rendered":"<p>Pami\u0105tkowy drewniany brelok z okazji <strong>Mi\u0119dzynarodowe Zgromadzenie \u015awiadk\u00f3w Jehowy 2026<\/strong>, kt\u00f3rego tematem jest \u201c<strong>Szcz\u0119\u015bliwi na zawsze<\/strong>\u201d. R\u0119cznie wykonany i wydrukowany w pe\u0142nym kolorze z oficjalnym logo, jest to praktyczna i znacz\u0105ca pami\u0105tka, kt\u00f3ra odzwierciedla nadziej\u0119 i rado\u015b\u0107 przekazywan\u0105 podczas tego wyj\u0105tkowego zgromadzenia.<\/p>","protected":false},"featured_media":37848,"template":"","meta":{"_seopress_robots_primary_cat":"","_seopress_titles_title":"Llavero de Madera Asamblea Especial 2025 - Adoraci\u00f3n Pura","_seopress_titles_desc":"Conmemora la Asamblea Especial 2025 - \"Adoraci\u00f3n Pura\" - con un llavero artesanal de madera y logo oficial, perfecto recuerdo ecol\u00f3gico y significativo.","_seopress_robots_index":"","site-sidebar-layout":"default","site-content-layout":"","ast-site-content-layout":"default","site-content-style":"default","site-sidebar-style":"default","ast-global-header-display":"","ast-banner-title-visibility":"","ast-main-header-display":"","ast-hfb-above-header-display":"","ast-hfb-below-header-display":"","ast-hfb-mobile-header-display":"","site-post-title":"","ast-breadcrumbs-content":"","ast-featured-img":"","footer-sml-layout":"","ast-disable-related-posts":"","theme-transparent-header-meta":"default","adv-header-id-meta":"","stick-header-meta":"default","header-above-stick-meta":"","header-main-stick-meta":"","header-below-stick-meta":"","astra-migrate-meta-layouts":"set","ast-page-background-enabled":"default","ast-page-background-meta":{"desktop":{"background-color":"","background-image":"","background-repeat":"repeat","background-position":"center center","background-size":"auto","background-attachment":"scroll","background-type":"","background-media":"","overlay-type":"","overlay-color":"","overlay-opacity":"","overlay-gradient":""},"tablet":{"background-color":"","background-image":"","background-repeat":"repeat","background-position":"center center","background-size":"auto","background-attachment":"scroll","background-type":"","background-media":"","overlay-type":"","overlay-color":"","overlay-opacity":"","overlay-gradient":""},"mobile":{"background-color":"","background-image":"","background-repeat":"repeat","background-position":"center center","background-size":"auto","background-attachment":"scroll","background-type":"","background-media":"","overlay-type":"","overlay-color":"","overlay-opacity":"","overlay-gradient":""}},"ast-content-background-meta":{"desktop":{"background-color":"var(--ast-global-color-5)","background-image":"","background-repeat":"repeat","background-position":"center center","background-size":"auto","background-attachment":"scroll","background-type":"","background-media":"","overlay-type":"","overlay-color":"","overlay-opacity":"","overlay-gradient":""},"tablet":{"background-color":"var(--ast-global-color-5)","background-image":"","background-repeat":"repeat","background-position":"center center","background-size":"auto","background-attachment":"scroll","background-type":"","background-media":"","overlay-type":"","overlay-color":"","overlay-opacity":"","overlay-gradient":""},"mobile":{"background-color":"var(--ast-global-color-5)","background-image":"","background-repeat":"repeat","background-position":"center center","background-size":"auto","background-attachment":"scroll","background-type":"","background-media":"","overlay-type":"","overlay-color":"","overlay-opacity":"","overlay-gradient":""}}},"product_brand":[103],"product_cat":[105,66],"product_tag":[],"class_list":{"0":"post-37833","1":"product","2":"type-product","3":"status-publish","4":"has-post-thumbnail","6":"product_brand-kiemmi-creations","7":"product_cat-asambleas-internacionales-2026-jw","8":"product_cat-llaveros-jw","9":"desktop-align-center","10":"tablet-align-left","11":"mobile-align-center","12":"ast-product-gallery-layout-horizontal","13":"ast-magnify-disabled","14":"ast-product-tabs-layout-horizontal","15":"tm-has-options","17":"first","18":"instock","19":"taxable","20":"shipping-taxable","21":"purchasable","22":"product-type-simple"},"_links":{"self":[{"href":"https:\/\/kiemmi.com\/pl\/wp-json\/wp\/v2\/product\/37833","targetHints":{"allow":["GET"]}}],"collection":[{"href":"https:\/\/kiemmi.com\/pl\/wp-json\/wp\/v2\/product"}],"about":[{"href":"https:\/\/kiemmi.com\/pl\/wp-json\/wp\/v2\/types\/product"}],"version-history":[{"count":1,"href":"https:\/\/kiemmi.com\/pl\/wp-json\/wp\/v2\/product\/37833\/revisions"}],"predecessor-version":[{"id":67209,"href":"https:\/\/kiemmi.com\/pl\/wp-json\/wp\/v2\/product\/37833\/revisions\/67209"}],"wp:featuredmedia":[{"embeddable":true,"href":"https:\/\/kiemmi.com\/pl\/wp-json\/wp\/v2\/media\/37848"}],"wp:attachment":[{"href":"https:\/\/kiemmi.com\/pl\/wp-json\/wp\/v2\/media?parent=37833"}],"wp:term":[{"taxonomy":"product_brand","embeddable":true,"href":"https:\/\/kiemmi.com\/pl\/wp-json\/wp\/v2\/product_brand?post=37833"},{"taxonomy":"product_cat","embeddable":true,"href":"https:\/\/kiemmi.com\/pl\/wp-json\/wp\/v2\/product_cat?post=37833"},{"taxonomy":"product_tag","embeddable":true,"href":"https:\/\/kiemmi.com\/pl\/wp-json\/wp\/v2\/product_tag?post=37833"}],"curies":[{"name":"wp","href":"https:\/\/api.w.org\/{rel}","templated":true}]}}