{"id":37773,"date":"2025-12-14T16:49:50","date_gmt":"2025-12-14T16:49:50","guid":{"rendered":"https:\/\/kiemmi.com\/?post_type=product&#038;p=37773"},"modified":"2025-12-26T14:53:09","modified_gmt":"2025-12-26T14:53:09","slug":"drewniane-zakladki-do-ksiazek-zgromadzenie-miedzynarodowe-2026-szczesliwi-na-zawsze-sj","status":"publish","type":"product","link":"https:\/\/kiemmi.com\/pl\/shop\/jw\/asambleas-internacionales-2026-jw\/marcapaginas-de-madera-asamblea-international-2026-felices-para-siempre-jw\/","title":{"rendered":"Drewniane zak\u0142adki \u2013 Zgromadzenie Mi\u0119dzynarodowe 2026 \u00abSzcz\u0119\u015bliwi na zawsze\u00bb \u2013 \u015aJ"},"content":{"rendered":"<p>Ta drewniana zak\u0142adka zosta\u0142a stworzona jako wyj\u0105tkowa pami\u0105tka <strong>Mi\u0119dzynarodowe Zgromadzenie \u015awiadk\u00f3w Jehowy 2026<\/strong>, kt\u00f3rego biblijny temat \u201c<strong>Szcz\u0119\u015bliwi na zawsze<\/strong>\u201dPodkre\u015bla nadziej\u0119 na trwa\u0142e szcz\u0119\u015bcie oparte na obietnicach Jehowy\u201d.<\/p>\n<p>Projekt zawiera oficjalne logo zgromadzenia, wydrukowane w pe\u0142nym kolorze na naturalnym drewnie, co zapewnia harmonijne i wyrafinowane wyko\u0144czenie. Jego lekki i elegancki format sprawia, \u017ce jest idealnym uzupe\u0142nieniem codziennego czytania Biblii i innych publikacji duchowych, dzi\u0119ki czemu przes\u0142anie zgromadzenia jest obecne w ka\u017cdej chwili studiowania.<\/p>\n<p>Zak\u0142adka pozwala na personalizacj\u0119 tekstu za pomoc\u0105 pe\u0142nokolorowego nadruku, takiego jak imi\u0119, data lub kr\u00f3tka wiadomo\u015b\u0107, p\u0142ynnie integruj\u0105c go z projektem. Ka\u017cda zak\u0142adka zawiera r\u00f3wnie\u017c ozdobny fr\u0119dzel w r\u00f3\u017cnych kolorach, nadaj\u0105cy ka\u017cdemu elementowi niepowtarzalny charakter.<\/p>\n<p><strong>Cechy produktu:<\/strong><\/p>\n<p style=\"padding-left: 40px;\">\ud83d\udccf <strong>Wymiary:<\/strong> 14 cm wysoko\u015bci \u00d7 3,7 cm szeroko\u015bci \u00d7 1 mm grubo\u015bci<br \/>\n\ud83c\udf33 <strong>Drewno naturalne:<\/strong> Lekki, trwa\u0142y i przyjemny w dotyku materia\u0142<br \/>\n\ud83c\udfa8 <strong>Druk pe\u0142nokolorowy:<\/strong> Oficjalne logo Zgromadzenia Mi\u0119dzynarodowego 2026 o du\u017cej przejrzysto\u015bci<br \/>\n\u270d\ufe0f <strong>Personalizacja druku:<\/strong> Tekst niestandardowy z wykorzystaniem druku pe\u0142nokolorowego<br \/>\n\ud83c\udf80 <strong>Chwost dekoracyjny:<\/strong> Zawiera chwost w losowych kolorach<br \/>\n\ud83d\udc50 <strong>R\u0119cznie robione:<\/strong> Ka\u017cda zak\u0142adka jest wykonywana r\u0119cznie, z dba\u0142o\u015bci\u0105 o ka\u017cdy szczeg\u00f3\u0142.<br \/>\n\ud83d\udcda <strong>Zastosowanie praktyczne:<\/strong> Idealny do zaznaczania stron w Biblii, ksi\u0105\u017ckach lub materia\u0142ach do nauki<br \/>\n\ud83c\udf81 <strong>Wspomnienie o znaczeniu duchowym:<\/strong> Specjalny prezent dla braci i si\u00f3str uczestnicz\u0105cych w zgromadzeniu<\/p>\n<p>Ta drewniana zak\u0142adka jest codziennym przypomnieniem przes\u0142ania \u201c<strong>Szcz\u0119\u015bliwi na zawsze<\/strong>\u201d, zaprojektowane, aby towarzyszy\u0107 chwilom czytania, refleksji i studi\u00f3w duchowych.<\/p>\n<p>Prosta, funkcjonalna i znacz\u0105ca pami\u0105tka.<\/p>","protected":false},"excerpt":{"rendered":"<p>Drewniana zak\u0142adka do ksi\u0105\u017cki upami\u0119tniaj\u0105ca <strong>Mi\u0119dzynarodowe Zgromadzenie \u015awiadk\u00f3w Jehowy 2026<\/strong>, kt\u00f3rego tematem jest \u201c<strong>Szcz\u0119\u015bliwi na zawsze<\/strong>\u201d. Zawiera oficjalne logo i mo\u017cliwo\u015b\u0107 dodania spersonalizowanego tekstu poprzez pe\u0142nokolorowy nadruk. Lekka i znacz\u0105ca pami\u0105tka, kt\u00f3ra b\u0119dzie towarzyszy\u0107 codziennemu czytaniu i utrwala\u0107 duchowe przes\u0142anie zgromadzenia.<\/p>","protected":false},"featured_media":37753,"template":"","meta":{"_seopress_robots_primary_cat":"none","_seopress_titles_title":"Marcap\u00e1ginas personalizado para Asamblea Especial 2025 \"Adoraci\u00f3n Pura\"","_seopress_titles_desc":"Descubre el marcap\u00e1ginas de madera de la Asamblea Especial 2025 \"Adoraci\u00f3n Pura\": elegante, personalizable, hecho a mano y con impresi\u00f3n a color del logo oficial. \u00a1Perfecto para regalar!","_seopress_robots_index":"","site-sidebar-layout":"default","site-content-layout":"","ast-site-content-layout":"default","site-content-style":"default","site-sidebar-style":"default","ast-global-header-display":"","ast-banner-title-visibility":"","ast-main-header-display":"","ast-hfb-above-header-display":"","ast-hfb-below-header-display":"","ast-hfb-mobile-header-display":"","site-post-title":"","ast-breadcrumbs-content":"","ast-featured-img":"","footer-sml-layout":"","ast-disable-related-posts":"","theme-transparent-header-meta":"default","adv-header-id-meta":"","stick-header-meta":"default","header-above-stick-meta":"","header-main-stick-meta":"","header-below-stick-meta":"","astra-migrate-meta-layouts":"set","ast-page-background-enabled":"default","ast-page-background-meta":{"desktop":{"background-color":"","background-image":"","background-repeat":"repeat","background-position":"center center","background-size":"auto","background-attachment":"scroll","background-type":"","background-media":"","overlay-type":"","overlay-color":"","overlay-opacity":"","overlay-gradient":""},"tablet":{"background-color":"","background-image":"","background-repeat":"repeat","background-position":"center center","background-size":"auto","background-attachment":"scroll","background-type":"","background-media":"","overlay-type":"","overlay-color":"","overlay-opacity":"","overlay-gradient":""},"mobile":{"background-color":"","background-image":"","background-repeat":"repeat","background-position":"center center","background-size":"auto","background-attachment":"scroll","background-type":"","background-media":"","overlay-type":"","overlay-color":"","overlay-opacity":"","overlay-gradient":""}},"ast-content-background-meta":{"desktop":{"background-color":"var(--ast-global-color-5)","background-image":"","background-repeat":"repeat","background-position":"center center","background-size":"auto","background-attachment":"scroll","background-type":"","background-media":"","overlay-type":"","overlay-color":"","overlay-opacity":"","overlay-gradient":""},"tablet":{"background-color":"var(--ast-global-color-5)","background-image":"","background-repeat":"repeat","background-position":"center center","background-size":"auto","background-attachment":"scroll","background-type":"","background-media":"","overlay-type":"","overlay-color":"","overlay-opacity":"","overlay-gradient":""},"mobile":{"background-color":"var(--ast-global-color-5)","background-image":"","background-repeat":"repeat","background-position":"center center","background-size":"auto","background-attachment":"scroll","background-type":"","background-media":"","overlay-type":"","overlay-color":"","overlay-opacity":"","overlay-gradient":""}}},"product_brand":[103],"product_cat":[105,62,100],"product_tag":[],"class_list":{"0":"post-37773","1":"product","2":"type-product","3":"status-publish","4":"has-post-thumbnail","6":"product_brand-kiemmi-creations","7":"product_cat-asambleas-internacionales-2026-jw","8":"product_cat-jw","9":"product_cat-marcapaginas-jw","10":"desktop-align-center","11":"tablet-align-left","12":"mobile-align-center","13":"ast-product-gallery-layout-horizontal","14":"ast-magnify-disabled","15":"ast-product-tabs-layout-horizontal","16":"tm-has-options","18":"first","19":"instock","20":"taxable","21":"shipping-taxable","22":"purchasable","23":"product-type-simple"},"_links":{"self":[{"href":"https:\/\/kiemmi.com\/pl\/wp-json\/wp\/v2\/product\/37773","targetHints":{"allow":["GET"]}}],"collection":[{"href":"https:\/\/kiemmi.com\/pl\/wp-json\/wp\/v2\/product"}],"about":[{"href":"https:\/\/kiemmi.com\/pl\/wp-json\/wp\/v2\/types\/product"}],"version-history":[{"count":1,"href":"https:\/\/kiemmi.com\/pl\/wp-json\/wp\/v2\/product\/37773\/revisions"}],"predecessor-version":[{"id":67210,"href":"https:\/\/kiemmi.com\/pl\/wp-json\/wp\/v2\/product\/37773\/revisions\/67210"}],"wp:featuredmedia":[{"embeddable":true,"href":"https:\/\/kiemmi.com\/pl\/wp-json\/wp\/v2\/media\/37753"}],"wp:attachment":[{"href":"https:\/\/kiemmi.com\/pl\/wp-json\/wp\/v2\/media?parent=37773"}],"wp:term":[{"taxonomy":"product_brand","embeddable":true,"href":"https:\/\/kiemmi.com\/pl\/wp-json\/wp\/v2\/product_brand?post=37773"},{"taxonomy":"product_cat","embeddable":true,"href":"https:\/\/kiemmi.com\/pl\/wp-json\/wp\/v2\/product_cat?post=37773"},{"taxonomy":"product_tag","embeddable":true,"href":"https:\/\/kiemmi.com\/pl\/wp-json\/wp\/v2\/product_tag?post=37773"}],"curies":[{"name":"wp","href":"https:\/\/api.w.org\/{rel}","templated":true}]}}