{"id":37645,"date":"2025-12-14T11:47:17","date_gmt":"2025-12-14T11:47:17","guid":{"rendered":"https:\/\/kiemmi.com\/?post_type=product&#038;p=37645"},"modified":"2026-01-18T00:31:49","modified_gmt":"2026-01-18T00:31:49","slug":"drewniany-magnes-na-lodowke-miedzynarodowe-zgromadzenie-2026-zyli-dlugo-i-szczesliwie-jw","status":"publish","type":"product","link":"https:\/\/kiemmi.com\/pl\/shop\/jw\/asambleas-internacionales-2026-jw\/magnet-iman-para-nevera-de-madera-asamblea-internacional-2026-felices-para-siempre-jw\/","title":{"rendered":"Drewniany magnes na lod\u00f3wk\u0119 \/ Zgromadzenie Mi\u0119dzynarodowe 2026 \u00abSzcz\u0119\u015bliwi na zawsze\u00bb \u2013 JW"},"content":{"rendered":"<p>Ten drewniany magnes na lod\u00f3wk\u0119 zosta\u0142 zaprojektowany jako wyj\u0105tkowa pami\u0105tka <strong>Mi\u0119dzynarodowe Zgromadzenie \u015awiadk\u00f3w Jehowy 2026<\/strong>, kt\u00f3rego biblijny temat \u201c<strong>Szcz\u0119\u015bliwi na zawsze<\/strong>\u201dPodkre\u015bla nadziej\u0119 na trwa\u0142e szcz\u0119\u015bcie oparte na obietnicach Jehowy\u201d.<\/p>\n<p>Jego okr\u0105g\u0142y, wywa\u017cony i stonowany design zdobi oficjalne logo zgromadzenia wydrukowane w pe\u0142nym kolorze na naturalnym drewnie. Umieszczony na lod\u00f3wce lub innej metalowej powierzchni, staje si\u0119 codziennym przypomnieniem duchowego przes\u0142ania przekazywanego podczas tego wa\u017cnego mi\u0119dzynarodowego zgromadzenia.<\/p>\n<p>Opcja <strong>Spersonalizuj wiadomo\u015b\u0107 na dole<\/strong> Dzi\u0119ki temu ka\u017cdy magnes mo\u017ce by\u0107 niepowtarzalny, np. z imieniem, dat\u0105 lub kr\u00f3tkim napisem podkre\u015blaj\u0105cym duchow\u0105 i pami\u0105tkow\u0105 warto\u015b\u0107 wspomnienia.<\/p>\n<p><strong>Szczeg\u00f3\u0142y produktu:<\/strong><\/p>\n<p style=\"padding-left: 40px;\">\ud83e\udeb5 <strong>Jako\u015bciowe drewno naturalne:<\/strong> Wytrzyma\u0142y i ciep\u0142y materia\u0142, o prostym wyko\u0144czeniu, kt\u00f3re podkre\u015bla design.<br \/>\n\ud83c\udfa8 <strong>Druk pe\u0142nokolorowy:<\/strong> Wyra\u017any i trwa\u0142y obraz, kt\u00f3ry zachowuje przejrzysto\u015b\u0107 logo przez d\u0142ugi czas.<br \/>\n\ud83d\udee0\ufe0f <strong>R\u0119cznie robione:<\/strong> Ka\u017cdy magnes jest wykonywany r\u0119cznie, z dba\u0142o\u015bci\u0105 o ci\u0119cie, grawerowanie i wyko\u0144czenie.<br \/>\n\u270d\ufe0f <strong>Mo\u017cliwo\u015b\u0107 personalizacji wiadomo\u015bci:<\/strong> Miejsce przeznaczone na kr\u00f3tki tekst, kt\u00f3ry nada wspomnieniu warto\u015b\u0107 osobist\u0105 i duchow\u0105.<br \/>\n\ud83d\udccf <strong>Zakres:<\/strong> \u015arednica 50 mm (5 cm \/ 1,97 cala), idealny rozmiar, aby podkre\u015bli\u0107 wz\u00f3r, nie b\u0119d\u0105c jednocze\u015bnie nachalnym.<br \/>\n\ud83e\uddf2 <strong>Trwa\u0142y tylny magnes:<\/strong> Solidne mocowanie do powierzchni metalowych, takich jak lod\u00f3wki, szafki na dokumenty czy tablice sucho\u015bcieralne.<br \/>\n\ud83c\udf81 <strong>Trwa\u0142a pami\u0119\u0107 duchowa:<\/strong> Doskonale nadaj\u0105 si\u0119 do zachowania jako osobista pami\u0105tka lub do podarowania braciom i siostrom uczestnicz\u0105cym w zgromadzeniu.<\/p>\n<p>Ten drewniany magnes nie jest wy\u0142\u0105cznie przedmiotem dekoracyjnym, ale tak\u017ce codziennym przypomnieniem przes\u0142ania \u201c\u017byli d\u0142ugo i szcz\u0119\u015bliwie\u201d, maj\u0105cym podtrzymywa\u0107 nadziej\u0119 i rado\u015b\u0107, kt\u00f3re charakteryzuj\u0105 to mi\u0119dzynarodowe zgromadzenie.<\/p>\n<p>Prosty, praktyczny szczeg\u00f3\u0142 pe\u0142en duchowego znaczenia.<\/p>","protected":false},"excerpt":{"rendered":"<p>Pami\u0105tkowy drewniany magnes na lod\u00f3wk\u0119 <strong>Mi\u0119dzynarodowe Zgromadzenie \u015awiadk\u00f3w Jehowy 2026<\/strong>, kt\u00f3rego tematem jest \u201c<strong>Szcz\u0119\u015bliwi na zawsze<\/strong>\u201d. Posiada oficjalne logo wydrukowane w pe\u0142nym kolorze na naturalnym drewnie i umo\u017cliwia dodanie spersonalizowanej wiadomo\u015bci. Praktyczna i znacz\u0105ca pami\u0105tka, kt\u00f3ra utrwala nadziej\u0119 i rado\u015b\u0107 dzielon\u0105 podczas tego wyj\u0105tkowego spotkania.<\/p>","protected":false},"featured_media":37704,"template":"","meta":{"_seopress_robots_primary_cat":"","_seopress_titles_title":"Im\u00e1n para Asambleas Especiales 2025 - \"Adoraci\u00f3n Pura\"","_seopress_titles_desc":"Celebra las Asambleas Especiales 2025 - \"Adoraci\u00f3n Pura\" - con nuestro exclusivo im\u00e1n de madera personalizado. \u00a1Personal\u00edzalo hoy!","_seopress_robots_index":"","site-sidebar-layout":"default","site-content-layout":"","ast-site-content-layout":"default","site-content-style":"default","site-sidebar-style":"default","ast-global-header-display":"","ast-banner-title-visibility":"","ast-main-header-display":"","ast-hfb-above-header-display":"","ast-hfb-below-header-display":"","ast-hfb-mobile-header-display":"","site-post-title":"","ast-breadcrumbs-content":"","ast-featured-img":"","footer-sml-layout":"","ast-disable-related-posts":"","theme-transparent-header-meta":"default","adv-header-id-meta":"","stick-header-meta":"default","header-above-stick-meta":"","header-main-stick-meta":"","header-below-stick-meta":"","astra-migrate-meta-layouts":"set","ast-page-background-enabled":"default","ast-page-background-meta":{"desktop":{"background-color":"","background-image":"","background-repeat":"repeat","background-position":"center center","background-size":"auto","background-attachment":"scroll","background-type":"","background-media":"","overlay-type":"","overlay-color":"","overlay-opacity":"","overlay-gradient":""},"tablet":{"background-color":"","background-image":"","background-repeat":"repeat","background-position":"center center","background-size":"auto","background-attachment":"scroll","background-type":"","background-media":"","overlay-type":"","overlay-color":"","overlay-opacity":"","overlay-gradient":""},"mobile":{"background-color":"","background-image":"","background-repeat":"repeat","background-position":"center center","background-size":"auto","background-attachment":"scroll","background-type":"","background-media":"","overlay-type":"","overlay-color":"","overlay-opacity":"","overlay-gradient":""}},"ast-content-background-meta":{"desktop":{"background-color":"var(--ast-global-color-5)","background-image":"","background-repeat":"repeat","background-position":"center center","background-size":"auto","background-attachment":"scroll","background-type":"","background-media":"","overlay-type":"","overlay-color":"","overlay-opacity":"","overlay-gradient":""},"tablet":{"background-color":"var(--ast-global-color-5)","background-image":"","background-repeat":"repeat","background-position":"center center","background-size":"auto","background-attachment":"scroll","background-type":"","background-media":"","overlay-type":"","overlay-color":"","overlay-opacity":"","overlay-gradient":""},"mobile":{"background-color":"var(--ast-global-color-5)","background-image":"","background-repeat":"repeat","background-position":"center center","background-size":"auto","background-attachment":"scroll","background-type":"","background-media":"","overlay-type":"","overlay-color":"","overlay-opacity":"","overlay-gradient":""}}},"product_brand":[103],"product_cat":[105,65],"product_tag":[],"class_list":{"0":"post-37645","1":"product","2":"type-product","3":"status-publish","4":"has-post-thumbnail","6":"product_brand-kiemmi-creations","7":"product_cat-asambleas-internacionales-2026-jw","8":"product_cat-imanes-de-nevera-jw","9":"desktop-align-center","10":"tablet-align-left","11":"mobile-align-center","12":"ast-product-gallery-layout-horizontal","13":"ast-magnify-disabled","14":"ast-product-tabs-layout-horizontal","15":"tm-has-options","17":"first","18":"instock","19":"taxable","20":"shipping-taxable","21":"purchasable","22":"product-type-simple"},"_links":{"self":[{"href":"https:\/\/kiemmi.com\/pl\/wp-json\/wp\/v2\/product\/37645","targetHints":{"allow":["GET"]}}],"collection":[{"href":"https:\/\/kiemmi.com\/pl\/wp-json\/wp\/v2\/product"}],"about":[{"href":"https:\/\/kiemmi.com\/pl\/wp-json\/wp\/v2\/types\/product"}],"version-history":[{"count":1,"href":"https:\/\/kiemmi.com\/pl\/wp-json\/wp\/v2\/product\/37645\/revisions"}],"predecessor-version":[{"id":67211,"href":"https:\/\/kiemmi.com\/pl\/wp-json\/wp\/v2\/product\/37645\/revisions\/67211"}],"wp:featuredmedia":[{"embeddable":true,"href":"https:\/\/kiemmi.com\/pl\/wp-json\/wp\/v2\/media\/37704"}],"wp:attachment":[{"href":"https:\/\/kiemmi.com\/pl\/wp-json\/wp\/v2\/media?parent=37645"}],"wp:term":[{"taxonomy":"product_brand","embeddable":true,"href":"https:\/\/kiemmi.com\/pl\/wp-json\/wp\/v2\/product_brand?post=37645"},{"taxonomy":"product_cat","embeddable":true,"href":"https:\/\/kiemmi.com\/pl\/wp-json\/wp\/v2\/product_cat?post=37645"},{"taxonomy":"product_tag","embeddable":true,"href":"https:\/\/kiemmi.com\/pl\/wp-json\/wp\/v2\/product_tag?post=37645"}],"curies":[{"name":"wp","href":"https:\/\/api.w.org\/{rel}","templated":true}]}}