{"id":37494,"date":"2025-12-13T18:28:26","date_gmt":"2025-12-13T18:28:26","guid":{"rendered":"https:\/\/kiemmi.com\/?post_type=product&#038;p=37494"},"modified":"2026-03-09T07:07:52","modified_gmt":"2026-03-09T07:07:52","slug":"odznaki-przypinki-miedzynarodowe-zgromadzenie-2026-dlugo-i-szczesliwie","status":"publish","type":"product","link":"https:\/\/kiemmi.com\/pl\/shop\/jw\/asambleas-internacionales-2026-jw\/chapas-pins-asamblea-internacional-2026-felices-para-siempre\/","title":{"rendered":"Odznaki \/ Przypinki Zgromadzenie Mi\u0119dzynarodowe 2026 \u00abSzcz\u0119\u015bliwi na zawsze\u00bb"},"content":{"rendered":"<p>Uczcij to wyj\u0105tkowe wydarzenie za pomoc\u0105 spersonalizowanych odznak\/przypinek inspirowanych oficjalnym logo <strong>Zgromadzenie Mi\u0119dzynarodowe 2026<\/strong>. Ka\u017cdy egzemplarz zosta\u0142 wykonany z dba\u0142o\u015bci\u0105 o szczeg\u00f3\u0142y, dzi\u0119ki czemu otrzymasz wyj\u0105tkow\u0105 i znacz\u0105c\u0105 pami\u0105tk\u0119 z tego niezapomnianego wydarzenia.<\/p>\n<p><strong>\ud83c\udf81 Niepowtarzalna pami\u0105tka, stworzona specjalnie dla Ciebie<\/strong><br \/>\nTa przypinka to nie tylko pami\u0105tka: to osobista pami\u0105tka, kt\u00f3r\u0105 mo\u017cesz spersonalizowa\u0107. Idealnie nadaje si\u0119 jako prezent dla rodze\u0144stwa lub przyjaci\u00f3\u0142, albo jako wyj\u0105tkowa pami\u0105tka spotkania, kt\u00f3re uczyni\u0142o Twoje do\u015bwiadczenie tak niezapomnianym.<\/p>\n<p><strong>\ud83d\udd8a\ufe0f Mo\u017cliwo\u015b\u0107 personalizacji<\/strong><br \/>\nMo\u017cesz spersonalizowa\u0107 swoj\u0105 odznak\u0119\/pink\u0119 za pomoc\u0105:<\/p>\n<p style=\"padding-left: 40px;\">\ud83d\udccd Miasto zgromadzenia<br \/>\n\u270d\ufe0f Imi\u0119, data lub kr\u00f3tki tekst pami\u0105tkowy<br \/>\n\ud83c\udfa8 R\u00f3\u017cne opcje wyko\u0144czenia (w zale\u017cno\u015bci od dost\u0119pno\u015bci)<\/p>\n<p>Ka\u017cdy egzemplarz przygotowujemy na zam\u00f3wienie, dbaj\u0105c o ka\u017cdy szczeg\u00f3\u0142, aby zapewni\u0107 wyj\u0105tkowy i ekskluzywny efekt.<\/p>\n<p><strong>\ud83c\udf0d Dost\u0119pne na 19. Mi\u0119dzynarodowe Zgromadzenia 2026<\/strong><\/p>\n<p style=\"padding-left: 40px;\">\ud83d\udd38 Duala (Kamerun)<br \/>\n\ud83d\udd38 Bukareszt (Rumunia)<br \/>\n\ud83d\udd38 Kurytyba (Brazylia)<br \/>\n\ud83d\udd38 St. John&#039;s, Nowa Fundlandia (Kanada)<br \/>\n\ud83d\udd38 Warszawa (Polska)<br \/>\n\ud83d\udd38 Sztokholm (Szwecja)<br \/>\n\ud83d\udd38 Kaohsiung (Tajwan)<br \/>\n\ud83d\udd38 Panama City (Panama)<br \/>\n\ud83d\udd38 Porto (Portugalia)<br \/>\n\ud83d\udd38 Calgary (Kanada)<br \/>\n\ud83d\udd38 Quito (Ekwador)<br \/>\n\ud83d\udd38 Wilno (Litwa)<br \/>\n\ud83d\udd38 Hamburg (Niemcy)<br \/>\n\ud83d\udd38 Utrecht (Holandia)<br \/>\n\ud83d\udd38 Johannesburg (RPA)<br \/>\n\ud83d\udd38 Milwaukee (USA)<br \/>\n\ud83d\udd38 Manila (Filipiny)<br \/>\n\ud83d\udd38 San Diego (USA)<br \/>\n\ud83d\udd38 Bangkok (Tajlandia)<\/p>\n<p><strong>\ud83d\udccc Funkcje<\/strong><\/p>\n<p style=\"padding-left: 40px;\">\u2714\ufe0f Lekkie i wygodne do codziennego u\u017cytku<br \/>\n\u2714\ufe0f Trwa\u0142a i solidna konstrukcja<br \/>\n\u2714\ufe0f Wykonane na zam\u00f3wienie z dba\u0142o\u015bci\u0105 o szczeg\u00f3\u0142y<br \/>\n<span style=\"font-size: 16px;\">\u2714\ufe0f Przejrzysta i prosta personalizacja<\/span><\/p>\n<p>\u2728 Uczy\u0144 swoje wspomnienie naprawd\u0119 wyj\u0105tkowym<\/p>\n<p>No\u015b ze sob\u0105 wyj\u0105tkowy symbol <strong>Zgromadzenie Mi\u0119dzynarodowe 2026<\/strong>, stworzone specjalnie dla Ciebie.<\/p>\n<p>\ud83d\udc49 Spersonalizuj sw\u00f3j prezent i zachowaj t\u0119 pami\u0105tk\u0119 na zawsze.<\/p>","protected":false},"excerpt":{"rendered":"<p>Spersonalizowana przypinka\/odznaka \u2013 Zgromadzenie Mi\u0119dzynarodowe 2026\u201c<strong>Szcz\u0119\u015bliwi na zawsze<\/strong>\u201d.<br \/>\nEkskluzywna pami\u0105tka inspirowana Mi\u0119dzynarodowym Zgromadzeniem 2026.<br \/>\nPersonalizowana przypinka lub odznaka z nazw\u0105 miasta zgromadzenia i tekstem pami\u0105tkowym.<br \/>\nLekkie, wygodne i wykonywane na zam\u00f3wienie, idealne na wyj\u0105tkowy prezent lub trwa\u0142\u0105 pami\u0105tk\u0119 tego wyj\u0105tkowego wydarzenia.<\/p>","protected":false},"featured_media":37498,"template":"","meta":{"_seopress_robots_primary_cat":"none","_seopress_titles_title":"Chapas exclusivas para las Asambleas Especiales 2025 - Adoraci\u00f3n Pura","_seopress_titles_desc":"Haz memorable la Asamblea Especial 2025 \"Adoraci\u00f3n Pura\"  con chapas de madera personalizables con el logo de la asamblea. Dise\u00f1o circular y elegante.","_seopress_robots_index":"","site-sidebar-layout":"default","site-content-layout":"","ast-site-content-layout":"default","site-content-style":"default","site-sidebar-style":"default","ast-global-header-display":"","ast-banner-title-visibility":"","ast-main-header-display":"","ast-hfb-above-header-display":"","ast-hfb-below-header-display":"","ast-hfb-mobile-header-display":"","site-post-title":"","ast-breadcrumbs-content":"","ast-featured-img":"","footer-sml-layout":"","ast-disable-related-posts":"","theme-transparent-header-meta":"default","adv-header-id-meta":"","stick-header-meta":"default","header-above-stick-meta":"","header-main-stick-meta":"","header-below-stick-meta":"","astra-migrate-meta-layouts":"set","ast-page-background-enabled":"default","ast-page-background-meta":{"desktop":{"background-color":"","background-image":"","background-repeat":"repeat","background-position":"center center","background-size":"auto","background-attachment":"scroll","background-type":"","background-media":"","overlay-type":"","overlay-color":"","overlay-opacity":"","overlay-gradient":""},"tablet":{"background-color":"","background-image":"","background-repeat":"repeat","background-position":"center center","background-size":"auto","background-attachment":"scroll","background-type":"","background-media":"","overlay-type":"","overlay-color":"","overlay-opacity":"","overlay-gradient":""},"mobile":{"background-color":"","background-image":"","background-repeat":"repeat","background-position":"center center","background-size":"auto","background-attachment":"scroll","background-type":"","background-media":"","overlay-type":"","overlay-color":"","overlay-opacity":"","overlay-gradient":""}},"ast-content-background-meta":{"desktop":{"background-color":"var(--ast-global-color-5)","background-image":"","background-repeat":"repeat","background-position":"center center","background-size":"auto","background-attachment":"scroll","background-type":"","background-media":"","overlay-type":"","overlay-color":"","overlay-opacity":"","overlay-gradient":""},"tablet":{"background-color":"var(--ast-global-color-5)","background-image":"","background-repeat":"repeat","background-position":"center center","background-size":"auto","background-attachment":"scroll","background-type":"","background-media":"","overlay-type":"","overlay-color":"","overlay-opacity":"","overlay-gradient":""},"mobile":{"background-color":"var(--ast-global-color-5)","background-image":"","background-repeat":"repeat","background-position":"center center","background-size":"auto","background-attachment":"scroll","background-type":"","background-media":"","overlay-type":"","overlay-color":"","overlay-opacity":"","overlay-gradient":""}}},"product_brand":[103],"product_cat":[105,62,66],"product_tag":[],"class_list":{"0":"post-37494","1":"product","2":"type-product","3":"status-publish","4":"has-post-thumbnail","6":"product_brand-kiemmi-creations","7":"product_cat-asambleas-internacionales-2026-jw","8":"product_cat-jw","9":"product_cat-llaveros-jw","10":"desktop-align-center","11":"tablet-align-left","12":"mobile-align-center","13":"ast-product-gallery-layout-horizontal","14":"ast-magnify-disabled","15":"ast-product-tabs-layout-horizontal","16":"tm-has-options","18":"first","19":"instock","20":"taxable","21":"shipping-taxable","22":"purchasable","23":"product-type-simple"},"_links":{"self":[{"href":"https:\/\/kiemmi.com\/pl\/wp-json\/wp\/v2\/product\/37494","targetHints":{"allow":["GET"]}}],"collection":[{"href":"https:\/\/kiemmi.com\/pl\/wp-json\/wp\/v2\/product"}],"about":[{"href":"https:\/\/kiemmi.com\/pl\/wp-json\/wp\/v2\/types\/product"}],"version-history":[{"count":1,"href":"https:\/\/kiemmi.com\/pl\/wp-json\/wp\/v2\/product\/37494\/revisions"}],"predecessor-version":[{"id":67001,"href":"https:\/\/kiemmi.com\/pl\/wp-json\/wp\/v2\/product\/37494\/revisions\/67001"}],"wp:featuredmedia":[{"embeddable":true,"href":"https:\/\/kiemmi.com\/pl\/wp-json\/wp\/v2\/media\/37498"}],"wp:attachment":[{"href":"https:\/\/kiemmi.com\/pl\/wp-json\/wp\/v2\/media?parent=37494"}],"wp:term":[{"taxonomy":"product_brand","embeddable":true,"href":"https:\/\/kiemmi.com\/pl\/wp-json\/wp\/v2\/product_brand?post=37494"},{"taxonomy":"product_cat","embeddable":true,"href":"https:\/\/kiemmi.com\/pl\/wp-json\/wp\/v2\/product_cat?post=37494"},{"taxonomy":"product_tag","embeddable":true,"href":"https:\/\/kiemmi.com\/pl\/wp-json\/wp\/v2\/product_tag?post=37494"}],"curies":[{"name":"wp","href":"https:\/\/api.w.org\/{rel}","templated":true}]}}