{"id":3455,"date":"2022-02-14T12:36:25","date_gmt":"2022-02-14T12:36:25","guid":{"rendered":"https:\/\/kiemmi.com\/?post_type=product&#038;p=3455"},"modified":"2024-10-08T07:05:29","modified_gmt":"2024-10-08T07:05:29","slug":"drewniana-tabliczka-w-ksztalcie-kosci-psa-z-personalizowanym-imieniem-twojego-zwierzaka","status":"publish","type":"product","link":"https:\/\/kiemmi.com\/pl\/shop\/letrero-madera\/letrero-de-madera-en-forma-de-hueso-de-perro-con-el-nombre-de-tu-mascota-personalizado\/","title":{"rendered":"Drewniana tabliczka w kszta\u0142cie ko\u015bci psa z personalizowanym imieniem Twojego zwierzaka"},"content":{"rendered":"<p>R\u0119cznie wykonany znak w kszta\u0142cie ko\u015bci psa ze sklejki brzozowej z personalizowanym imieniem Twojego zwierzaka.<br \/>\nIdealny znak dla dom\u00f3w dla ps\u00f3w.<br \/>\nDrewno zosta\u0142o starannie wybrane, aby by\u0142o wysokiej jako\u015bci.<\/p>\n<p><strong>Modele:<\/strong><\/p>\n<div id='gallery-1' class='gallery galleryid-3455 gallery-columns-2 gallery-size-thumbnail'><figure class='gallery-item'>\n\t\t\t<div class='gallery-icon landscape'>\n\t\t\t\t<a href='https:\/\/kiemmi.com\/wp-content\/uploads\/2022\/02\/letrero_hueso_letras_llenas.jpg'><img width=\"150\" height=\"150\" src=\"https:\/\/kiemmi.com\/wp-content\/uploads\/2022\/02\/letrero_hueso_letras_llenas-150x150.jpg\" class=\"attachment-thumbnail size-thumbnail\" alt=\"Znak ko\u015bci psa\" aria-describedby=\"gallery-1-3457\" srcset=\"https:\/\/kiemmi.com\/wp-content\/uploads\/2022\/02\/letrero_hueso_letras_llenas-150x150.jpg 150w, https:\/\/kiemmi.com\/wp-content\/uploads\/2022\/02\/letrero_hueso_letras_llenas-300x300.jpg 300w, https:\/\/kiemmi.com\/wp-content\/uploads\/2022\/02\/letrero_hueso_letras_llenas-100x100.jpg 100w, https:\/\/kiemmi.com\/wp-content\/uploads\/2022\/02\/letrero_hueso_letras_llenas-600x600.jpg 600w, https:\/\/kiemmi.com\/wp-content\/uploads\/2022\/02\/letrero_hueso_letras_llenas-64x64.jpg 64w, https:\/\/kiemmi.com\/wp-content\/uploads\/2022\/02\/letrero_hueso_letras_llenas-1024x1024.jpg 1024w, https:\/\/kiemmi.com\/wp-content\/uploads\/2022\/02\/letrero_hueso_letras_llenas-768x768.jpg 768w, https:\/\/kiemmi.com\/wp-content\/uploads\/2022\/02\/letrero_hueso_letras_llenas-1536x1536.jpg 1536w, https:\/\/kiemmi.com\/wp-content\/uploads\/2022\/02\/letrero_hueso_letras_llenas-500x500.jpg 500w, https:\/\/kiemmi.com\/wp-content\/uploads\/2022\/02\/letrero_hueso_letras_llenas.jpg 2000w\" sizes=\"(max-width: 150px) 100vw, 150px\" data-xoowscfly=\"fly\" decoding=\"async\" \/><\/a>\n\t\t\t<\/div>\n\t\t\t\t<figcaption class='wp-caption-text gallery-caption' id='gallery-1-3457'>\n\t\t\t\tWype\u0142nione litery\n\t\t\t\t<\/figcaption><\/figure><figure class='gallery-item'>\n\t\t\t<div class='gallery-icon landscape'>\n\t\t\t\t<a href='https:\/\/kiemmi.com\/wp-content\/uploads\/2022\/02\/letrero_hueso_letras_huecas.jpg'><img width=\"150\" height=\"150\" src=\"https:\/\/kiemmi.com\/wp-content\/uploads\/2022\/02\/letrero_hueso_letras_huecas-150x150.jpg\" class=\"attachment-thumbnail size-thumbnail\" alt=\"Znak ko\u015bci psa\" aria-describedby=\"gallery-1-3456\" srcset=\"https:\/\/kiemmi.com\/wp-content\/uploads\/2022\/02\/letrero_hueso_letras_huecas-150x150.jpg 150w, https:\/\/kiemmi.com\/wp-content\/uploads\/2022\/02\/letrero_hueso_letras_huecas-300x300.jpg 300w, https:\/\/kiemmi.com\/wp-content\/uploads\/2022\/02\/letrero_hueso_letras_huecas-100x100.jpg 100w, https:\/\/kiemmi.com\/wp-content\/uploads\/2022\/02\/letrero_hueso_letras_huecas-600x600.jpg 600w, https:\/\/kiemmi.com\/wp-content\/uploads\/2022\/02\/letrero_hueso_letras_huecas-64x64.jpg 64w, https:\/\/kiemmi.com\/wp-content\/uploads\/2022\/02\/letrero_hueso_letras_huecas-1024x1024.jpg 1024w, https:\/\/kiemmi.com\/wp-content\/uploads\/2022\/02\/letrero_hueso_letras_huecas-768x768.jpg 768w, https:\/\/kiemmi.com\/wp-content\/uploads\/2022\/02\/letrero_hueso_letras_huecas-1536x1536.jpg 1536w, https:\/\/kiemmi.com\/wp-content\/uploads\/2022\/02\/letrero_hueso_letras_huecas-500x500.jpg 500w, https:\/\/kiemmi.com\/wp-content\/uploads\/2022\/02\/letrero_hueso_letras_huecas.jpg 2000w\" sizes=\"(max-width: 150px) 100vw, 150px\" data-xoowscfly=\"fly\" decoding=\"async\" \/><\/a>\n\t\t\t<\/div>\n\t\t\t\t<figcaption class='wp-caption-text gallery-caption' id='gallery-1-3456'>\n\t\t\t\tPuste litery\n\t\t\t\t<\/figcaption><\/figure>\n\t\t<\/div>\n\n<p><strong>Wymiary:<\/strong><\/p>\n<ul>\n<li>Ma\u0142y model:\n<ul>\n<li>Szeroko\u015b\u0107: 15cm<\/li>\n<li>Wysoko\u015b\u0107: 7cm<\/li>\n<li>Grubo\u015b\u0107: 0,8 cm<\/li>\n<\/ul>\n<\/li>\n<li>Du\u017cy model:\n<ul>\n<li>Szeroko\u015b\u0107: 17cm<\/li>\n<li>Wysoko\u015b\u0107: 7cm<\/li>\n<li>Grubo\u015b\u0107: 0,8 cm<\/li>\n<\/ul>\n<\/li>\n<\/ul>\n<p><strong>Tworzywo:<\/strong><\/p>\n<ul>\n<li>Sklejka<\/li>\n<\/ul>\n<p><strong>Zalecenia:<\/strong><\/p>\n<p>Znaki wykonane s\u0105 z surowej sklejki, czyli nie posiadaj\u0105 \u017cadnej obr\u00f3bki ani lakieru zabezpieczaj\u0105cego. Dlatego te\u017c, je\u015bli zamierzasz u\u017cywa\u0107 go na zewn\u0105trz lub w miejscu nara\u017conym na zachlapania, zastosuj najpierw \u015brodek ochronny, aby zapobiec zabrudzeniu.<\/p>","protected":false},"excerpt":{"rendered":"<p>R\u0119cznie wykonany znak w kszta\u0142cie ko\u015bci psa ze sklejki brzozowej z personalizowanym imieniem Twojego zwierzaka.<br \/>\nIdealny znak dla dom\u00f3w dla ps\u00f3w.<br \/>\nDrewno zosta\u0142o starannie wybrane, aby by\u0142o wysokiej jako\u015bci.<\/p>","protected":false},"featured_media":4044,"template":"","meta":{"_seopress_robots_primary_cat":"40","_seopress_titles_title":"%%title%% %%page%%","_seopress_titles_desc":"","_seopress_robots_index":"","_seopress_analysis_target_kw":"","site-sidebar-layout":"default","site-content-layout":"","ast-site-content-layout":"default","site-content-style":"default","site-sidebar-style":"default","ast-global-header-display":"","ast-banner-title-visibility":"","ast-main-header-display":"","ast-hfb-above-header-display":"","ast-hfb-below-header-display":"","ast-hfb-mobile-header-display":"","site-post-title":"","ast-breadcrumbs-content":"","ast-featured-img":"","footer-sml-layout":"","ast-disable-related-posts":"","theme-transparent-header-meta":"","adv-header-id-meta":"","stick-header-meta":"","header-above-stick-meta":"","header-main-stick-meta":"","header-below-stick-meta":"","astra-migrate-meta-layouts":"default","ast-page-background-enabled":"default","ast-page-background-meta":{"desktop":{"background-color":"","background-image":"","background-repeat":"repeat","background-position":"center center","background-size":"auto","background-attachment":"scroll","background-type":"","background-media":"","overlay-type":"","overlay-color":"","overlay-opacity":"","overlay-gradient":""},"tablet":{"background-color":"","background-image":"","background-repeat":"repeat","background-position":"center center","background-size":"auto","background-attachment":"scroll","background-type":"","background-media":"","overlay-type":"","overlay-color":"","overlay-opacity":"","overlay-gradient":""},"mobile":{"background-color":"","background-image":"","background-repeat":"repeat","background-position":"center center","background-size":"auto","background-attachment":"scroll","background-type":"","background-media":"","overlay-type":"","overlay-color":"","overlay-opacity":"","overlay-gradient":""}},"ast-content-background-meta":{"desktop":{"background-color":"var(--ast-global-color-5)","background-image":"","background-repeat":"repeat","background-position":"center center","background-size":"auto","background-attachment":"scroll","background-type":"","background-media":"","overlay-type":"","overlay-color":"","overlay-opacity":"","overlay-gradient":""},"tablet":{"background-color":"var(--ast-global-color-5)","background-image":"","background-repeat":"repeat","background-position":"center center","background-size":"auto","background-attachment":"scroll","background-type":"","background-media":"","overlay-type":"","overlay-color":"","overlay-opacity":"","overlay-gradient":""},"mobile":{"background-color":"var(--ast-global-color-5)","background-image":"","background-repeat":"repeat","background-position":"center center","background-size":"auto","background-attachment":"scroll","background-type":"","background-media":"","overlay-type":"","overlay-color":"","overlay-opacity":"","overlay-gradient":""}}},"product_brand":[],"product_cat":[40,87],"product_tag":[],"class_list":{"0":"post-3455","1":"product","2":"type-product","3":"status-publish","4":"has-post-thumbnail","6":"product_cat-letrero-madera","7":"product_cat-mascotas","8":"desktop-align-center","9":"tablet-align-left","10":"mobile-align-center","11":"ast-product-gallery-layout-horizontal","12":"ast-magnify-disabled","13":"ast-product-tabs-layout-horizontal","14":"tm-has-options","16":"first","17":"instock","18":"taxable","19":"shipping-taxable","20":"purchasable","21":"product-type-simple"},"_links":{"self":[{"href":"https:\/\/kiemmi.com\/pl\/wp-json\/wp\/v2\/product\/3455","targetHints":{"allow":["GET"]}}],"collection":[{"href":"https:\/\/kiemmi.com\/pl\/wp-json\/wp\/v2\/product"}],"about":[{"href":"https:\/\/kiemmi.com\/pl\/wp-json\/wp\/v2\/types\/product"}],"version-history":[{"count":0,"href":"https:\/\/kiemmi.com\/pl\/wp-json\/wp\/v2\/product\/3455\/revisions"}],"wp:featuredmedia":[{"embeddable":true,"href":"https:\/\/kiemmi.com\/pl\/wp-json\/wp\/v2\/media\/4044"}],"wp:attachment":[{"href":"https:\/\/kiemmi.com\/pl\/wp-json\/wp\/v2\/media?parent=3455"}],"wp:term":[{"taxonomy":"product_brand","embeddable":true,"href":"https:\/\/kiemmi.com\/pl\/wp-json\/wp\/v2\/product_brand?post=3455"},{"taxonomy":"product_cat","embeddable":true,"href":"https:\/\/kiemmi.com\/pl\/wp-json\/wp\/v2\/product_cat?post=3455"},{"taxonomy":"product_tag","embeddable":true,"href":"https:\/\/kiemmi.com\/pl\/wp-json\/wp\/v2\/product_tag?post=3455"}],"curies":[{"name":"wp","href":"https:\/\/api.w.org\/{rel}","templated":true}]}}