{"id":3409,"date":"2022-02-12T21:46:05","date_gmt":"2022-02-12T21:46:05","guid":{"rendered":"https:\/\/kiemmi.com\/?post_type=product&#038;p=3409"},"modified":"2025-09-16T16:07:10","modified_gmt":"2025-09-16T16:07:10","slug":"konfigurowalne-drewniane-breloki-do-kluczy-z-motywem-niegrzecznych-kotow","status":"publish","type":"product","link":"https:\/\/kiemmi.com\/pl\/shop\/llaveros-madera\/llaveros-de-madera-de-gatos-traviesos-personalizable\/","title":{"rendered":"Drewniane breloki do kluczy z mo\u017cliwo\u015bci\u0105 personalizacji"},"content":{"rendered":"<p>Odkryj kolekcj\u0119 <strong>Drewniane breloki w kszta\u0142cie kota<\/strong>, wyj\u0105tkowy detal pe\u0142en osobowo\u015bci. Ka\u017cdy element jest <strong>precyzyjnie ci\u0119te laserowo<\/strong> I <strong>ozdobione pe\u0142nokolorowym nadrukiem<\/strong>, uzyskuj\u0105c d\u0142ugotrwa\u0142y i \u017cywy efekt, kt\u00f3ry podkre\u015bla ka\u017cd\u0105 koci\u0105 ekspresj\u0119.<\/p>\n<p>Te breloki s\u0105 idealne dla mi\u0142o\u015bnik\u00f3w kot\u00f3w, poniewa\u017c ka\u017cdy wz\u00f3r wyra\u017ca inn\u0105 emocj\u0119: czu\u0142o\u015b\u0107, rado\u015b\u0107, \u017cyczliwo\u015b\u0107 lub psot\u0119. Dzi\u0119ki r\u0119cznie wykonanej drewnianej konstrukcji, ka\u017cdy brelok staje si\u0119 lekkim, trwa\u0142ym i ca\u0142kowicie oryginalnym dodatkiem.<\/p>\n<p>Ponadto mo\u017cesz <strong>Spersonalizuj sw\u00f3j brelok imieniem swojego zwierzaka, swoim w\u0142asnym imieniem lub imieniem osoby, kt\u00f3r\u0105 chcesz zaskoczy\u0107.<\/strong>Dzi\u0119ki temu stanowi\u0105 idealny prezent na ka\u017cd\u0105 okazj\u0119: urodziny, rocznice, podarunek dla przyjaci\u00f3\u0142 lub wyj\u0105tkow\u0105 pami\u0105tk\u0119.<\/p>\n<p>Jego praktyczna konstrukcja obejmuje <strong>metalowy \u0142a\u0144cuch i mocny pier\u015bcie\u0144<\/strong>, idealny do noszenia kluczy zawsze przy sobie lub do zawieszenia na plecakach, torbach czy pi\u00f3rnikach.<\/p>\n<p><strong>G\u0142\u00f3wne cechy:<\/strong><\/p>\n<ul>\n<li>Wykonane z naturalnego drewna, ci\u0119te technologi\u0105 laserow\u0105<\/li>\n<li>Wysokiej jako\u015bci kolorowy nadruk z wyrazistymi i zabawnymi wzorami przedstawiaj\u0105cymi koty<\/li>\n<li>Personalizacja imieniem, dla ekskluzywnego i niepowtarzalnego detalu<\/li>\n<li>Lekkie, trwa\u0142e i wygodne do noszenia na co dzie\u0144.<\/li>\n<li>Idealny jako oryginalny prezent dla mi\u0142o\u015bnik\u00f3w kot\u00f3w lub jako osobisty dodatek<\/li>\n<\/ul>\n<p>Dzi\u0119ki tym breloczkom nie tylko zabezpieczysz swoje klucze, ale tak\u017ce dodasz im odrobin\u0119 mi\u0142o\u015bci i stylu.<\/p>","protected":false},"excerpt":{"rendered":"<p>Drewniany brelok w kszta\u0142cie kota, wycinany laserowo i zadrukowany w kolorze, z mo\u017cliwo\u015bci\u0105 personalizacji imieniem. Oryginalny, trwa\u0142y i idealny na prezent.<\/p>","protected":false},"featured_media":31537,"template":"","meta":{"_seopress_robots_primary_cat":"33","_seopress_titles_title":"Llaveros de madera con gatos traviesos personalizables","_seopress_titles_desc":"Descubre llaveros de madera hechos a mano con forma de gato, personalizables con el nombre de tu mascota. Elige entre 5 modelos \u00fanicos.","_seopress_robots_index":"","_seopress_analysis_target_kw":"","site-sidebar-layout":"default","site-content-layout":"","ast-site-content-layout":"default","site-content-style":"default","site-sidebar-style":"default","ast-global-header-display":"","ast-banner-title-visibility":"","ast-main-header-display":"","ast-hfb-above-header-display":"","ast-hfb-below-header-display":"","ast-hfb-mobile-header-display":"","site-post-title":"","ast-breadcrumbs-content":"","ast-featured-img":"","footer-sml-layout":"","ast-disable-related-posts":"","theme-transparent-header-meta":"default","adv-header-id-meta":"","stick-header-meta":"default","header-above-stick-meta":"","header-main-stick-meta":"","header-below-stick-meta":"","astra-migrate-meta-layouts":"set","ast-page-background-enabled":"default","ast-page-background-meta":{"desktop":{"background-color":"","background-image":"","background-repeat":"repeat","background-position":"center center","background-size":"auto","background-attachment":"scroll","background-type":"","background-media":"","overlay-type":"","overlay-color":"","overlay-opacity":"","overlay-gradient":""},"tablet":{"background-color":"","background-image":"","background-repeat":"repeat","background-position":"center center","background-size":"auto","background-attachment":"scroll","background-type":"","background-media":"","overlay-type":"","overlay-color":"","overlay-opacity":"","overlay-gradient":""},"mobile":{"background-color":"","background-image":"","background-repeat":"repeat","background-position":"center center","background-size":"auto","background-attachment":"scroll","background-type":"","background-media":"","overlay-type":"","overlay-color":"","overlay-opacity":"","overlay-gradient":""}},"ast-content-background-meta":{"desktop":{"background-color":"var(--ast-global-color-5)","background-image":"","background-repeat":"repeat","background-position":"center center","background-size":"auto","background-attachment":"scroll","background-type":"","background-media":"","overlay-type":"","overlay-color":"","overlay-opacity":"","overlay-gradient":""},"tablet":{"background-color":"var(--ast-global-color-5)","background-image":"","background-repeat":"repeat","background-position":"center center","background-size":"auto","background-attachment":"scroll","background-type":"","background-media":"","overlay-type":"","overlay-color":"","overlay-opacity":"","overlay-gradient":""},"mobile":{"background-color":"var(--ast-global-color-5)","background-image":"","background-repeat":"repeat","background-position":"center center","background-size":"auto","background-attachment":"scroll","background-type":"","background-media":"","overlay-type":"","overlay-color":"","overlay-opacity":"","overlay-gradient":""}}},"product_brand":[],"product_cat":[33],"product_tag":[],"class_list":{"0":"post-3409","1":"product","2":"type-product","3":"status-publish","4":"has-post-thumbnail","6":"product_cat-llaveros-madera","7":"desktop-align-center","8":"tablet-align-left","9":"mobile-align-center","10":"ast-product-gallery-layout-horizontal","11":"ast-magnify-disabled","12":"ast-product-tabs-layout-horizontal","13":"tm-has-options","15":"first","16":"instock","17":"taxable","18":"shipping-taxable","19":"purchasable","20":"product-type-simple"},"_links":{"self":[{"href":"https:\/\/kiemmi.com\/pl\/wp-json\/wp\/v2\/product\/3409","targetHints":{"allow":["GET"]}}],"collection":[{"href":"https:\/\/kiemmi.com\/pl\/wp-json\/wp\/v2\/product"}],"about":[{"href":"https:\/\/kiemmi.com\/pl\/wp-json\/wp\/v2\/types\/product"}],"version-history":[{"count":0,"href":"https:\/\/kiemmi.com\/pl\/wp-json\/wp\/v2\/product\/3409\/revisions"}],"wp:featuredmedia":[{"embeddable":true,"href":"https:\/\/kiemmi.com\/pl\/wp-json\/wp\/v2\/media\/31537"}],"wp:attachment":[{"href":"https:\/\/kiemmi.com\/pl\/wp-json\/wp\/v2\/media?parent=3409"}],"wp:term":[{"taxonomy":"product_brand","embeddable":true,"href":"https:\/\/kiemmi.com\/pl\/wp-json\/wp\/v2\/product_brand?post=3409"},{"taxonomy":"product_cat","embeddable":true,"href":"https:\/\/kiemmi.com\/pl\/wp-json\/wp\/v2\/product_cat?post=3409"},{"taxonomy":"product_tag","embeddable":true,"href":"https:\/\/kiemmi.com\/pl\/wp-json\/wp\/v2\/product_tag?post=3409"}],"curies":[{"name":"wp","href":"https:\/\/api.w.org\/{rel}","templated":true}]}}