{"id":3364,"date":"2022-02-10T07:50:37","date_gmt":"2022-02-10T07:50:37","guid":{"rendered":"https:\/\/kiemmi.com\/?post_type=product&#038;p=3364"},"modified":"2025-09-02T08:41:17","modified_gmt":"2025-09-02T08:41:17","slug":"recznie-robione-drewniane-pudelko-w-ksztalcie-lapy-kota-i-psa","status":"publish","type":"product","link":"https:\/\/kiemmi.com\/pl\/shop\/cajas-de-madera-personalizadas\/caja-de-madera-hecha-a-mano-en-forma-de-huella-de-perro-gato\/","title":{"rendered":"R\u0119cznie robione drewniane pude\u0142ko w kszta\u0142cie \u0142apy psa\/kota"},"content":{"rendered":"<p>R\u0119cznie robione pude\u0142ko ze starannie wyselekcjonowanej sklejki brzozowej w kszta\u0142cie psiej \u0142apy (pendrive i karty SD widoczne na zdj\u0119ciu nie wchodz\u0105 w sk\u0142ad zestawu).<br \/>\nSolidne i idealne pude\u0142ko na bi\u017cuteri\u0119, przechowywanie przedmiot\u00f3w osobistych, pude\u0142ko prezentacyjne lub pude\u0142ko upominkowe.<br \/>\nCzy jeste\u015b szcz\u0119\u015bliwy? cz\u0142onek rodziny lub przyjaciel, kt\u00f3ry kocha zwierz\u0119ta, dzi\u0119ki temu wspania\u0142emu pude\u0142ku?!<\/p>\n<p><strong>Wymiary:<\/strong><\/p>\n<ul>\n<li>Szeroko\u015b\u0107: 8,7 cm (+\/- 1 mm)<\/li>\n<li>Wysoko\u015b\u0107: 8cm (+\/- 1mm)<\/li>\n<li>G\u0142\u0119boko\u015b\u0107 pude\u0142ka: 1 cm<\/li>\n<li>Ca\u0142kowita grubo\u015b\u0107: 1,6 cm<\/li>\n<\/ul>\n<p><strong>Tworzywo:<\/strong><\/p>\n<ul>\n<li>sklejka brzozowa<\/li>\n<\/ul>","protected":false},"excerpt":{"rendered":"<p>R\u0119cznie robione pude\u0142ko ze starannie wyselekcjonowanej sklejki brzozowej w kszta\u0142cie psiej \u0142apy (pendrive i karty SD widoczne na zdj\u0119ciu nie wchodz\u0105 w sk\u0142ad zestawu).<br \/>\nSolidne i idealne pude\u0142ko na bi\u017cuteri\u0119, przechowywanie przedmiot\u00f3w osobistych, pude\u0142ko prezentacyjne lub pude\u0142ko upominkowe.<br \/>\nCzy jeste\u015b szcz\u0119\u015bliwy? cz\u0142onek rodziny lub przyjaciel, kt\u00f3ry kocha zwierz\u0119ta, dzi\u0119ki temu wspania\u0142emu pude\u0142ku?!<\/p>","protected":false},"featured_media":4039,"template":"","meta":{"_seopress_robots_primary_cat":"0","_seopress_titles_title":"","_seopress_titles_desc":"","_seopress_robots_index":"","_seopress_analysis_target_kw":"","site-sidebar-layout":"default","site-content-layout":"","ast-site-content-layout":"default","site-content-style":"default","site-sidebar-style":"default","ast-global-header-display":"","ast-banner-title-visibility":"","ast-main-header-display":"","ast-hfb-above-header-display":"","ast-hfb-below-header-display":"","ast-hfb-mobile-header-display":"","site-post-title":"","ast-breadcrumbs-content":"","ast-featured-img":"","footer-sml-layout":"","ast-disable-related-posts":"","theme-transparent-header-meta":"","adv-header-id-meta":"","stick-header-meta":"","header-above-stick-meta":"","header-main-stick-meta":"","header-below-stick-meta":"","astra-migrate-meta-layouts":"default","ast-page-background-enabled":"default","ast-page-background-meta":{"desktop":{"background-color":"","background-image":"","background-repeat":"repeat","background-position":"center center","background-size":"auto","background-attachment":"scroll","background-type":"","background-media":"","overlay-type":"","overlay-color":"","overlay-opacity":"","overlay-gradient":""},"tablet":{"background-color":"","background-image":"","background-repeat":"repeat","background-position":"center center","background-size":"auto","background-attachment":"scroll","background-type":"","background-media":"","overlay-type":"","overlay-color":"","overlay-opacity":"","overlay-gradient":""},"mobile":{"background-color":"","background-image":"","background-repeat":"repeat","background-position":"center center","background-size":"auto","background-attachment":"scroll","background-type":"","background-media":"","overlay-type":"","overlay-color":"","overlay-opacity":"","overlay-gradient":""}},"ast-content-background-meta":{"desktop":{"background-color":"var(--ast-global-color-5)","background-image":"","background-repeat":"repeat","background-position":"center center","background-size":"auto","background-attachment":"scroll","background-type":"","background-media":"","overlay-type":"","overlay-color":"","overlay-opacity":"","overlay-gradient":""},"tablet":{"background-color":"var(--ast-global-color-5)","background-image":"","background-repeat":"repeat","background-position":"center center","background-size":"auto","background-attachment":"scroll","background-type":"","background-media":"","overlay-type":"","overlay-color":"","overlay-opacity":"","overlay-gradient":""},"mobile":{"background-color":"var(--ast-global-color-5)","background-image":"","background-repeat":"repeat","background-position":"center center","background-size":"auto","background-attachment":"scroll","background-type":"","background-media":"","overlay-type":"","overlay-color":"","overlay-opacity":"","overlay-gradient":""}}},"product_brand":[],"product_cat":[38,87],"product_tag":[],"class_list":{"0":"post-3364","1":"product","2":"type-product","3":"status-publish","4":"has-post-thumbnail","6":"product_cat-cajas-de-madera-personalizadas","7":"product_cat-mascotas","8":"desktop-align-center","9":"tablet-align-left","10":"mobile-align-center","11":"ast-product-gallery-layout-horizontal","12":"ast-magnify-disabled","13":"ast-product-tabs-layout-horizontal","14":"tm-no-options","16":"first","17":"instock","18":"taxable","19":"shipping-taxable","20":"purchasable","21":"product-type-simple"},"_links":{"self":[{"href":"https:\/\/kiemmi.com\/pl\/wp-json\/wp\/v2\/product\/3364","targetHints":{"allow":["GET"]}}],"collection":[{"href":"https:\/\/kiemmi.com\/pl\/wp-json\/wp\/v2\/product"}],"about":[{"href":"https:\/\/kiemmi.com\/pl\/wp-json\/wp\/v2\/types\/product"}],"version-history":[{"count":0,"href":"https:\/\/kiemmi.com\/pl\/wp-json\/wp\/v2\/product\/3364\/revisions"}],"wp:featuredmedia":[{"embeddable":true,"href":"https:\/\/kiemmi.com\/pl\/wp-json\/wp\/v2\/media\/4039"}],"wp:attachment":[{"href":"https:\/\/kiemmi.com\/pl\/wp-json\/wp\/v2\/media?parent=3364"}],"wp:term":[{"taxonomy":"product_brand","embeddable":true,"href":"https:\/\/kiemmi.com\/pl\/wp-json\/wp\/v2\/product_brand?post=3364"},{"taxonomy":"product_cat","embeddable":true,"href":"https:\/\/kiemmi.com\/pl\/wp-json\/wp\/v2\/product_cat?post=3364"},{"taxonomy":"product_tag","embeddable":true,"href":"https:\/\/kiemmi.com\/pl\/wp-json\/wp\/v2\/product_tag?post=3364"}],"curies":[{"name":"wp","href":"https:\/\/api.w.org\/{rel}","templated":true}]}}