{"id":33067,"date":"2025-10-05T08:42:41","date_gmt":"2025-10-05T08:42:41","guid":{"rendered":"https:\/\/kiemmi.com\/?post_type=product&#038;p=33067"},"modified":"2026-01-18T00:33:38","modified_gmt":"2026-01-18T00:33:38","slug":"przypina-miedzynarodowe-zgromadzenia-2026-szczesliwie-na-zawsze-jw","status":"publish","type":"product","link":"https:\/\/kiemmi.com\/pl\/shop\/jw\/asambleas-internacionales-2026-jw\/pins-asambleas-internacionales-2026-felices-para-siempre-jw\/","title":{"rendered":"Mi\u0119dzynarodowe Zgromadzenia Pins 2026 \u00abSzcz\u0119\u015bliwi na zawsze\u00bb \u2013 \u015aJ"},"content":{"rendered":"<p>\u015awi\u0119tuj Mi\u0119dzynarodowe Zgromadzenia \u015awiadk\u00f3w Jehowy w 2026 roku z tymi pi\u0119knymi drewnianymi przypinkami! \ud83c\udf0d\u2728<br \/>\nKa\u017cdy z nich jest wykonany r\u0119cznie z oddaniem i mi\u0142o\u015bci\u0105, aby odzwierciedli\u0107 rado\u015b\u0107 i jedno\u015b\u0107, kt\u00f3rych do\u015bwiadczycie podczas 19. <strong>Zgromadzenia Mi\u0119dzynarodowe 2026 \u2013 \u201eSzcz\u0119\u015bcie bez ko\u0144ca\u201d<\/strong>. S\u0105 doskona\u0142\u0105 pami\u0105tk\u0105, kt\u00f3ra pozwoli Ci upami\u0119tni\u0107 to wyj\u0105tkowe wydarzenie lub podzieli\u0107 si\u0119 nim z bra\u0107mi i siostrami na ca\u0142ym \u015bwiecie.<\/p>\n<p>Pinsy te \u0142\u0105cz\u0105 w sobie ciep\u0142o naturalnego drewna z pe\u0142nokolorowym nadrukiem oficjalnego logo zgromadzenia, tworz\u0105c elegancki i trwa\u0142y przedmiot o bogatym duchowym znaczeniu.<\/p>\n<p><strong>Charakterystyka:<\/strong><\/p>\n<ul>\n<li>\ud83c\udf3f <strong>Materia\u0142 naturalny:<\/strong> Wykonane z ekologicznego i trwa\u0142ego drewna, z g\u0142adkim, wysokiej jako\u015bci wyko\u0144czeniem<\/li>\n<li>\ud83c\udfa8 <strong>Druk pe\u0142nokolorowy:<\/strong> Logo \u201eSzcz\u0119\u015bcie bez ko\u0144ca\u201d jest \u017cywe, pe\u0142ne \u017cycia i charakteryzuje si\u0119 du\u017c\u0105 szczeg\u00f3\u0142owo\u015bci\u0105.<\/li>\n<li>\ud83e\udd32 <strong>R\u0119cznie wykonany:<\/strong> Ka\u017cdy egzemplarz jest wykonany r\u0119cznie, co czyni go wyj\u0105tkow\u0105 i niepowtarzaln\u0105 pami\u0105tk\u0105.<\/li>\n<li>\ud83d\udccf <strong>Wygodny rozmiar:<\/strong> Doskonale nadaje si\u0119 do noszenia w ubraniu, w plecaku lub w szaliku, nie czyni\u0105c go ci\u0119\u017ckim.<\/li>\n<li>\ud83d\udd12 <strong>Bezpieczne zamkni\u0119cie:<\/strong> Posiadaj\u0105 bezpieczne metalowe zapi\u0119cie, dzi\u0119ki czemu mo\u017cesz ich u\u017cywa\u0107 z pe\u0142nym zaufaniem.<\/li>\n<li>\ud83c\udf81 <strong>Prezent maj\u0105cy znaczenie:<\/strong> Idealny do wr\u0119czania przyjacio\u0142om i braciom podczas zgromadze\u0144, jako symbol jedno\u015bci i duchowej rado\u015bci<\/li>\n<\/ul>\n<p>Zabierz ze sob\u0105 pe\u0142ne wiary i rado\u015bci wspomnienia z Mi\u0119dzynarodowych Zgromadze\u0144 \u201eSzcz\u0119\u015bcie bez ko\u0144ca\u201d z 2026 r. i zawsze piel\u0119gnuj w sercu emocje zwi\u0105zane z tymi niezapomnianymi dniami. \ud83d\udc9b<\/p>","protected":false},"excerpt":{"rendered":"<p>Obchod\u017a Mi\u0119dzynarodowe Zgromadzenia 2026\u201c<strong>Szcz\u0119\u015bliwi na zawsze<\/strong>\u201d z tymi pi\u0119knymi, r\u0119cznie wykonanymi przypinkami. Ka\u017cda z nich posiada oficjalne logo wydrukowane w pe\u0142nym kolorze, symbolizuj\u0105ce rado\u015b\u0107 i duchow\u0105 jedno\u015b\u0107. Wyj\u0105tkowa i znacz\u0105ca pami\u0105tka, kt\u00f3r\u0105 mo\u017cna dzieli\u0107 si\u0119 z bra\u0107mi i siostrami na ca\u0142ym \u015bwiecie.<\/p>","protected":false},"featured_media":33078,"template":"","meta":{"_seopress_robots_primary_cat":"","_seopress_titles_title":"Pins Asambleas Internacionales 2026 \"Felices para siempre\" - JW","_seopress_titles_desc":"Descubre nuestros pins artesanales para las Asambleas Internacionales 2026 \"Felices para siempre\". Con logo a todo color y cierre seguro. \u00a1El regalo perfecto!","_seopress_robots_index":"","site-sidebar-layout":"default","site-content-layout":"","ast-site-content-layout":"default","site-content-style":"default","site-sidebar-style":"default","ast-global-header-display":"","ast-banner-title-visibility":"","ast-main-header-display":"","ast-hfb-above-header-display":"","ast-hfb-below-header-display":"","ast-hfb-mobile-header-display":"","site-post-title":"","ast-breadcrumbs-content":"","ast-featured-img":"","footer-sml-layout":"","ast-disable-related-posts":"","theme-transparent-header-meta":"default","adv-header-id-meta":"","stick-header-meta":"default","header-above-stick-meta":"","header-main-stick-meta":"","header-below-stick-meta":"","astra-migrate-meta-layouts":"set","ast-page-background-enabled":"default","ast-page-background-meta":{"desktop":{"background-color":"","background-image":"","background-repeat":"repeat","background-position":"center center","background-size":"auto","background-attachment":"scroll","background-type":"","background-media":"","overlay-type":"","overlay-color":"","overlay-opacity":"","overlay-gradient":""},"tablet":{"background-color":"","background-image":"","background-repeat":"repeat","background-position":"center center","background-size":"auto","background-attachment":"scroll","background-type":"","background-media":"","overlay-type":"","overlay-color":"","overlay-opacity":"","overlay-gradient":""},"mobile":{"background-color":"","background-image":"","background-repeat":"repeat","background-position":"center center","background-size":"auto","background-attachment":"scroll","background-type":"","background-media":"","overlay-type":"","overlay-color":"","overlay-opacity":"","overlay-gradient":""}},"ast-content-background-meta":{"desktop":{"background-color":"var(--ast-global-color-5)","background-image":"","background-repeat":"repeat","background-position":"center center","background-size":"auto","background-attachment":"scroll","background-type":"","background-media":"","overlay-type":"","overlay-color":"","overlay-opacity":"","overlay-gradient":""},"tablet":{"background-color":"var(--ast-global-color-5)","background-image":"","background-repeat":"repeat","background-position":"center center","background-size":"auto","background-attachment":"scroll","background-type":"","background-media":"","overlay-type":"","overlay-color":"","overlay-opacity":"","overlay-gradient":""},"mobile":{"background-color":"var(--ast-global-color-5)","background-image":"","background-repeat":"repeat","background-position":"center center","background-size":"auto","background-attachment":"scroll","background-type":"","background-media":"","overlay-type":"","overlay-color":"","overlay-opacity":"","overlay-gradient":""}}},"product_brand":[103],"product_cat":[105,62,66],"product_tag":[],"class_list":{"0":"post-33067","1":"product","2":"type-product","3":"status-publish","4":"has-post-thumbnail","6":"product_brand-kiemmi-creations","7":"product_cat-asambleas-internacionales-2026-jw","8":"product_cat-jw","9":"product_cat-llaveros-jw","10":"desktop-align-center","11":"tablet-align-left","12":"mobile-align-center","13":"ast-product-gallery-layout-horizontal","14":"ast-magnify-disabled","15":"ast-product-tabs-layout-horizontal","16":"tm-has-options","18":"first","19":"instock","20":"taxable","21":"shipping-taxable","22":"purchasable","23":"product-type-simple"},"_links":{"self":[{"href":"https:\/\/kiemmi.com\/pl\/wp-json\/wp\/v2\/product\/33067","targetHints":{"allow":["GET"]}}],"collection":[{"href":"https:\/\/kiemmi.com\/pl\/wp-json\/wp\/v2\/product"}],"about":[{"href":"https:\/\/kiemmi.com\/pl\/wp-json\/wp\/v2\/types\/product"}],"version-history":[{"count":1,"href":"https:\/\/kiemmi.com\/pl\/wp-json\/wp\/v2\/product\/33067\/revisions"}],"predecessor-version":[{"id":67214,"href":"https:\/\/kiemmi.com\/pl\/wp-json\/wp\/v2\/product\/33067\/revisions\/67214"}],"wp:featuredmedia":[{"embeddable":true,"href":"https:\/\/kiemmi.com\/pl\/wp-json\/wp\/v2\/media\/33078"}],"wp:attachment":[{"href":"https:\/\/kiemmi.com\/pl\/wp-json\/wp\/v2\/media?parent=33067"}],"wp:term":[{"taxonomy":"product_brand","embeddable":true,"href":"https:\/\/kiemmi.com\/pl\/wp-json\/wp\/v2\/product_brand?post=33067"},{"taxonomy":"product_cat","embeddable":true,"href":"https:\/\/kiemmi.com\/pl\/wp-json\/wp\/v2\/product_cat?post=33067"},{"taxonomy":"product_tag","embeddable":true,"href":"https:\/\/kiemmi.com\/pl\/wp-json\/wp\/v2\/product_tag?post=33067"}],"curies":[{"name":"wp","href":"https:\/\/api.w.org\/{rel}","templated":true}]}}