{"id":32454,"date":"2025-09-25T21:09:13","date_gmt":"2025-09-25T21:09:13","guid":{"rendered":"https:\/\/kiemmi.com\/?post_type=product&#038;p=32454"},"modified":"2025-09-26T12:24:38","modified_gmt":"2025-09-26T12:24:38","slug":"niestandardowe-drewniane-litery-3d","status":"publish","type":"product","link":"https:\/\/kiemmi.com\/pl\/shop\/letras-3d-personalizadas\/letras-3d-de-madera-personalizada\/","title":{"rendered":"Niestandardowe litery 3D z drewna"},"content":{"rendered":"<p>Nadaj wyj\u0105tkowego i oryginalnego charakteru ka\u017cdej przestrzeni dzi\u0119ki naszym personalizowanym tr\u00f3jwymiarowym literom z drewna. Ka\u017cda litera jest wykonana z wysokiej jako\u015bci naturalnego drewna i ozdobiona pe\u0142nokolorowym nadrukiem, dzi\u0119ki czemu stanowi wyj\u0105tkowy i trwa\u0142y prezent.<\/p>\n<p>Mo\u017cesz spersonalizowa\u0107 napis, umieszczaj\u0105c na nim imi\u0119 danej osoby, wybra\u0107 g\u0142\u00f3wny kolor i doda\u0107 motyw odpowiadaj\u0105cy jej gustom: sporty, np. pi\u0142k\u0119 no\u017cn\u0105 lub koszyk\u00f3wk\u0119, kwiaty, motywy dzieci\u0119ce lub dowolny inny styl, jaki sobie wymarzysz.<\/p>\n<p>Doskonale nadaj\u0105 si\u0119 do dekoracji pokoj\u00f3w dzieci\u0119cych, jako prezent urodzinowy, upominek na specjalne okazje lub spersonalizowana pami\u0105tka.<\/p>\n<p>\ud83c\udf1f G\u0142\u00f3wne cechy:<\/p>\n<ul>\n<li>\ud83e\udeb5 Wysokiej jako\u015bci materia\u0142: naturalne drewno o trwa\u0142ym wyko\u0144czeniu i dobrze zdefiniowanych detalach<\/li>\n<li>\ud83c\udfa8 Pe\u0142na personalizacja: Wybierz kolor czcionki, nazw\u0119 i projekt motywu<\/li>\n<li>\ud83d\udd20 Rozmiary do wyboru: Dost\u0119pne w r\u00f3\u017cnych wysoko\u015bciach, aby pasowa\u0142y do ka\u017cdej przestrzeni<\/li>\n<li>\u26bd\ud83c\udfc0\ud83c\udf38 R\u00f3\u017cnorodne wzory: od motyw\u00f3w sportowych po kwiaty i zabawne style<\/li>\n<li>\ud83c\udf81 Idealny na prezent: Wyj\u0105tkowy i spersonalizowany szczeg\u00f3\u0142, kt\u00f3ry zaskakuje i ekscytuje<\/li>\n<li>\ud83c\udfe1 Wszechstronna dekoracja: idealna na p\u00f3\u0142ki, biurka, do sypialni i specjalnych naro\u017cnik\u00f3w<\/li>\n<\/ul>","protected":false},"excerpt":{"rendered":"<p>Spersonalizowane, drewniane litery 3D z imieniem, kolorem i motywem. Wybierz rozmiar i stw\u00f3rz wyj\u0105tkow\u0105 dekoracj\u0119, idealn\u0105 na prezent lub do dekoracji pokoju dzieci\u0119cego i wyj\u0105tkowych przestrzeni.<\/p>","protected":false},"featured_media":32458,"template":"","meta":{"_seopress_robots_primary_cat":"104","_seopress_titles_title":"","_seopress_titles_desc":"","_seopress_robots_index":"","site-sidebar-layout":"default","site-content-layout":"","ast-site-content-layout":"default","site-content-style":"default","site-sidebar-style":"default","ast-global-header-display":"","ast-banner-title-visibility":"","ast-main-header-display":"","ast-hfb-above-header-display":"","ast-hfb-below-header-display":"","ast-hfb-mobile-header-display":"","site-post-title":"","ast-breadcrumbs-content":"","ast-featured-img":"","footer-sml-layout":"","ast-disable-related-posts":"","theme-transparent-header-meta":"default","adv-header-id-meta":"","stick-header-meta":"default","header-above-stick-meta":"","header-main-stick-meta":"","header-below-stick-meta":"","astra-migrate-meta-layouts":"set","ast-page-background-enabled":"default","ast-page-background-meta":{"desktop":{"background-color":"","background-image":"","background-repeat":"repeat","background-position":"center center","background-size":"auto","background-attachment":"scroll","background-type":"","background-media":"","overlay-type":"","overlay-color":"","overlay-opacity":"","overlay-gradient":""},"tablet":{"background-color":"","background-image":"","background-repeat":"repeat","background-position":"center center","background-size":"auto","background-attachment":"scroll","background-type":"","background-media":"","overlay-type":"","overlay-color":"","overlay-opacity":"","overlay-gradient":""},"mobile":{"background-color":"","background-image":"","background-repeat":"repeat","background-position":"center center","background-size":"auto","background-attachment":"scroll","background-type":"","background-media":"","overlay-type":"","overlay-color":"","overlay-opacity":"","overlay-gradient":""}},"ast-content-background-meta":{"desktop":{"background-color":"var(--ast-global-color-5)","background-image":"","background-repeat":"repeat","background-position":"center center","background-size":"auto","background-attachment":"scroll","background-type":"","background-media":"","overlay-type":"","overlay-color":"","overlay-opacity":"","overlay-gradient":""},"tablet":{"background-color":"var(--ast-global-color-5)","background-image":"","background-repeat":"repeat","background-position":"center center","background-size":"auto","background-attachment":"scroll","background-type":"","background-media":"","overlay-type":"","overlay-color":"","overlay-opacity":"","overlay-gradient":""},"mobile":{"background-color":"var(--ast-global-color-5)","background-image":"","background-repeat":"repeat","background-position":"center center","background-size":"auto","background-attachment":"scroll","background-type":"","background-media":"","overlay-type":"","overlay-color":"","overlay-opacity":"","overlay-gradient":""}}},"product_brand":[103],"product_cat":[51,45,52,104],"product_tag":[],"class_list":{"0":"post-32454","1":"product","2":"type-product","3":"status-publish","4":"has-post-thumbnail","6":"product_brand-kiemmi-creations","7":"product_cat-decoracion-del-hogar","8":"product_cat-detalles-para-bodas-y-eventos","9":"product_cat-habitacion-de-bebe","10":"product_cat-letras-3d-personalizadas","11":"desktop-align-center","12":"tablet-align-left","13":"mobile-align-center","14":"ast-product-gallery-layout-horizontal","15":"ast-magnify-disabled","16":"ast-product-tabs-layout-horizontal","17":"tm-has-options","19":"first","20":"instock","21":"taxable","22":"shipping-taxable","23":"purchasable","24":"product-type-simple"},"_links":{"self":[{"href":"https:\/\/kiemmi.com\/pl\/wp-json\/wp\/v2\/product\/32454","targetHints":{"allow":["GET"]}}],"collection":[{"href":"https:\/\/kiemmi.com\/pl\/wp-json\/wp\/v2\/product"}],"about":[{"href":"https:\/\/kiemmi.com\/pl\/wp-json\/wp\/v2\/types\/product"}],"version-history":[{"count":0,"href":"https:\/\/kiemmi.com\/pl\/wp-json\/wp\/v2\/product\/32454\/revisions"}],"wp:featuredmedia":[{"embeddable":true,"href":"https:\/\/kiemmi.com\/pl\/wp-json\/wp\/v2\/media\/32458"}],"wp:attachment":[{"href":"https:\/\/kiemmi.com\/pl\/wp-json\/wp\/v2\/media?parent=32454"}],"wp:term":[{"taxonomy":"product_brand","embeddable":true,"href":"https:\/\/kiemmi.com\/pl\/wp-json\/wp\/v2\/product_brand?post=32454"},{"taxonomy":"product_cat","embeddable":true,"href":"https:\/\/kiemmi.com\/pl\/wp-json\/wp\/v2\/product_cat?post=32454"},{"taxonomy":"product_tag","embeddable":true,"href":"https:\/\/kiemmi.com\/pl\/wp-json\/wp\/v2\/product_tag?post=32454"}],"curies":[{"name":"wp","href":"https:\/\/api.w.org\/{rel}","templated":true}]}}