{"id":3242,"date":"2022-02-03T06:05:36","date_gmt":"2022-02-03T06:05:36","guid":{"rendered":"https:\/\/kiemmi.com\/?post_type=product&#038;p=3242"},"modified":"2025-01-27T14:14:41","modified_gmt":"2025-01-27T14:14:41","slug":"drewniany-magnes-na-lodowke-w-ksztalcie-kota","status":"publish","type":"product","link":"https:\/\/kiemmi.com\/pl\/shop\/iman-nevera-magnet\/iman-para-nevera-de-madera-en-forma-de-gato\/","title":{"rendered":"Drewniany magnes na lod\u00f3wk\u0119 w kszta\u0142cie kota"},"content":{"rendered":"<p>R\u0119cznie wykonany drewniany magnes na lod\u00f3wk\u0119 w kszta\u0142cie kota.<\/p>\n<p>Personalizowany magnes na lod\u00f3wk\u0119 z imieniem Twojego zwierzaka.<\/p>\n<p>Magnesy wykonane s\u0105 ze starannie wyselekcjonowanej, najwy\u017cszej jako\u015bci sklejki brzozowej.<\/p>\n<p>R\u0119cznie robiony produkt ekologiczny wyprodukowany w Hiszpanii.<\/p>\n<p><strong>Wymiary:<\/strong><\/p>\n<ul>\n<li>Szeroko\u015b\u0107: 6,7 cm<\/li>\n<li>Wysoko\u015b\u0107: 5,6 cm<\/li>\n<li>Grubo\u015b\u0107: 0,5 cm (w zestawie magnes)<\/li>\n<\/ul>","protected":false},"excerpt":{"rendered":"<p>R\u0119cznie wykonany drewniany magnes na lod\u00f3wk\u0119 w kszta\u0142cie kota.<\/p>\n<p>Personalizowany magnes na lod\u00f3wk\u0119 z imieniem Twojego zwierzaka.<\/p>\n<p>R\u0119cznie robiony produkt ekologiczny wyprodukowany w Hiszpanii.<\/p>","protected":false},"featured_media":3957,"template":"","meta":{"_seopress_robots_primary_cat":"37","_seopress_titles_title":"%%title%% %%page%%","_seopress_titles_desc":"Iman para nevera de madera en forma de gato hecho a mano.Iman para nevera personalizable con el nombre de tu mascota. Producto ecol\u00f3gico hecho a mano..","_seopress_robots_index":"","_seopress_analysis_target_kw":"","site-sidebar-layout":"default","site-content-layout":"","ast-site-content-layout":"default","site-content-style":"default","site-sidebar-style":"default","ast-global-header-display":"","ast-banner-title-visibility":"","ast-main-header-display":"","ast-hfb-above-header-display":"","ast-hfb-below-header-display":"","ast-hfb-mobile-header-display":"","site-post-title":"","ast-breadcrumbs-content":"","ast-featured-img":"","footer-sml-layout":"","ast-disable-related-posts":"","theme-transparent-header-meta":"default","adv-header-id-meta":"","stick-header-meta":"default","header-above-stick-meta":"","header-main-stick-meta":"","header-below-stick-meta":"","astra-migrate-meta-layouts":"set","ast-page-background-enabled":"default","ast-page-background-meta":{"desktop":{"background-color":"","background-image":"","background-repeat":"repeat","background-position":"center center","background-size":"auto","background-attachment":"scroll","background-type":"","background-media":"","overlay-type":"","overlay-color":"","overlay-opacity":"","overlay-gradient":""},"tablet":{"background-color":"","background-image":"","background-repeat":"repeat","background-position":"center center","background-size":"auto","background-attachment":"scroll","background-type":"","background-media":"","overlay-type":"","overlay-color":"","overlay-opacity":"","overlay-gradient":""},"mobile":{"background-color":"","background-image":"","background-repeat":"repeat","background-position":"center center","background-size":"auto","background-attachment":"scroll","background-type":"","background-media":"","overlay-type":"","overlay-color":"","overlay-opacity":"","overlay-gradient":""}},"ast-content-background-meta":{"desktop":{"background-color":"var(--ast-global-color-5)","background-image":"","background-repeat":"repeat","background-position":"center center","background-size":"auto","background-attachment":"scroll","background-type":"","background-media":"","overlay-type":"","overlay-color":"","overlay-opacity":"","overlay-gradient":""},"tablet":{"background-color":"var(--ast-global-color-5)","background-image":"","background-repeat":"repeat","background-position":"center center","background-size":"auto","background-attachment":"scroll","background-type":"","background-media":"","overlay-type":"","overlay-color":"","overlay-opacity":"","overlay-gradient":""},"mobile":{"background-color":"var(--ast-global-color-5)","background-image":"","background-repeat":"repeat","background-position":"center center","background-size":"auto","background-attachment":"scroll","background-type":"","background-media":"","overlay-type":"","overlay-color":"","overlay-opacity":"","overlay-gradient":""}}},"product_brand":[],"product_cat":[37,87],"product_tag":[],"class_list":{"0":"post-3242","1":"product","2":"type-product","3":"status-publish","4":"has-post-thumbnail","6":"product_cat-iman-nevera-magnet","7":"product_cat-mascotas","8":"desktop-align-center","9":"tablet-align-left","10":"mobile-align-center","11":"ast-product-gallery-layout-horizontal","12":"ast-magnify-disabled","13":"ast-product-tabs-layout-horizontal","14":"tm-has-options","16":"first","17":"instock","18":"taxable","19":"shipping-taxable","20":"purchasable","21":"product-type-simple"},"_links":{"self":[{"href":"https:\/\/kiemmi.com\/pl\/wp-json\/wp\/v2\/product\/3242","targetHints":{"allow":["GET"]}}],"collection":[{"href":"https:\/\/kiemmi.com\/pl\/wp-json\/wp\/v2\/product"}],"about":[{"href":"https:\/\/kiemmi.com\/pl\/wp-json\/wp\/v2\/types\/product"}],"version-history":[{"count":0,"href":"https:\/\/kiemmi.com\/pl\/wp-json\/wp\/v2\/product\/3242\/revisions"}],"wp:featuredmedia":[{"embeddable":true,"href":"https:\/\/kiemmi.com\/pl\/wp-json\/wp\/v2\/media\/3957"}],"wp:attachment":[{"href":"https:\/\/kiemmi.com\/pl\/wp-json\/wp\/v2\/media?parent=3242"}],"wp:term":[{"taxonomy":"product_brand","embeddable":true,"href":"https:\/\/kiemmi.com\/pl\/wp-json\/wp\/v2\/product_brand?post=3242"},{"taxonomy":"product_cat","embeddable":true,"href":"https:\/\/kiemmi.com\/pl\/wp-json\/wp\/v2\/product_cat?post=3242"},{"taxonomy":"product_tag","embeddable":true,"href":"https:\/\/kiemmi.com\/pl\/wp-json\/wp\/v2\/product_tag?post=3242"}],"curies":[{"name":"wp","href":"https:\/\/api.w.org\/{rel}","templated":true}]}}