{"id":3192,"date":"2022-01-31T15:08:37","date_gmt":"2022-01-31T15:08:37","guid":{"rendered":"https:\/\/kiemmi.com\/?post_type=product&#038;p=3192"},"modified":"2024-11-11T20:07:48","modified_gmt":"2024-11-11T20:07:48","slug":"recznie-robione-konfigurowalne-drewniane-pudelko-w-ksztalcie-gitary","status":"publish","type":"product","link":"https:\/\/kiemmi.com\/pl\/shop\/cajas-de-madera-personalizadas\/caja-de-madera-en-forma-de-guitarra-personalizable-hecho-a-mano\/","title":{"rendered":"R\u0119cznie robione, konfigurowalne drewniane pude\u0142ko w kszta\u0142cie gitary"},"content":{"rendered":"<p>Drewniane pude\u0142ko w kszta\u0142cie gitary, r\u0119cznie wykonane arcydzie\u0142o, idealne dla mi\u0142o\u015bnik\u00f3w muzyki! Ka\u017cdy futera\u0142 jest starannie wykonany r\u0119cznie i zaprojektowany w kszta\u0142cie gitary przy u\u017cyciu precyzyjnej technologii ci\u0119cia laserowego, co zapewnia nieskazitelne wyko\u0144czenie w ka\u017cdym szczeg\u00f3le.<\/p>\n<p>To drewniane pude\u0142ko to znacznie wi\u0119cej ni\u017c tylko przedmiot do przechowywania. Jest to niezb\u0119dny dodatek dla ka\u017cdego muzyka, kt\u00f3ry chce uporz\u0105dkowa\u0107 i chroni\u0107 swoje cenne kostki w specjalnym miejscu. Jego pomys\u0142owa i atrakcyjna konstrukcja pozwala na przechowywanie wielu kostek o r\u00f3\u017cnych rozmiarach i stylach, zawsze maj\u0105c je pod r\u0119k\u0105.<\/p>\n<p>Ale to nie wszystko, poniewa\u017c to pude\u0142ko jest w pe\u0142ni konfigurowalne. Mo\u017cesz nada\u0107 mu wyj\u0105tkowy charakter, graweruj\u0105c swoje imi\u0119, imi\u0119 znajomego lub imi\u0119 ukochanego muzyka na przodzie etui za pomoc\u0105 eleganckiego i trwa\u0142ego graweru laserowego. W ten spos\u00f3b zamienisz to pude\u0142ko w wyj\u0105tkowy i ekskluzywny egzemplarz.<\/p>\n<p>Dodatkowo oferujemy szerok\u0105 gam\u0119 mo\u017cliwo\u015bci dostosowania boxu do Twoich osobistych preferencji. Mo\u017cesz wybiera\u0107 pomi\u0119dzy r\u00f3\u017cnymi bejcami do drewna. Masz r\u00f3wnie\u017c mo\u017cliwo\u015b\u0107 wyboru pomi\u0119dzy r\u00f3\u017cnymi modelami gitar, ka\u017cdy z w\u0142asn\u0105 osobowo\u015bci\u0105 i niepowtarzalnym stylem.<\/p>\n<p>Drewniane pude\u0142ko posiada dno, kt\u00f3re w zale\u017cno\u015bci od upodoba\u0144 mo\u017ce by\u0107 wykonane z naturalnego drewna lub aksamitu. Mi\u0119kkie, luksusowe aksamitne dno zapewnia dodatkow\u0105 ochron\u0119 kostek i dodaje pude\u0142ku elegancji.<\/p>\n<p>Kr\u00f3tko m\u00f3wi\u0105c, to drewniane pude\u0142ko w kszta\u0142cie gitary jest idealnym prezentem dla przyjaciela muzyka lub cz\u0142onka rodziny. To przedmiot funkcjonalny i dekoracyjny, b\u0119d\u0105cy wyrazem mi\u0142o\u015bci do muzyki i dba\u0142o\u015bci o detale. Zapewnia nie tylko bezpieczne miejsce do przechowywania kilof\u00f3w, ale jest tak\u017ce dzie\u0142em sztuki samym w sobie. Zaskocz swoich bliskich tym oryginalnym i wyj\u0105tkowym prezentem, kt\u00f3ry z pewno\u015bci\u0105 doceni\u0105 na ca\u0142e \u017cycie!<\/p>","protected":false},"excerpt":{"rendered":"<p>Drewniane pude\u0142ko w kszta\u0142cie gitary, wykonane r\u0119cznie metod\u0105 ci\u0119cia laserowego. Idealny do przechowywania kostek, mo\u017cna go spersonalizowa\u0107 za pomoc\u0105 grawerowania laserowego, a tak\u017ce wybra\u0107 r\u00f3\u017cne barwniki i modele gitar. T\u0142o mo\u017ce by\u0107 wykonane z naturalnego drewna lub aksamitu. Oryginalny prezent dla muzycznych przyjaci\u00f3\u0142 lub rodziny, kt\u00f3ry \u0142\u0105czy w sobie funkcjonalno\u015b\u0107 i rzemie\u015blniczy design. Zaskocz tym wyj\u0105tkowym i wyj\u0105tkowym prezentem.<\/p>","protected":false},"featured_media":5849,"template":"","meta":{"_seopress_robots_primary_cat":"0","_seopress_titles_title":"%%title%% %%page%%","_seopress_titles_desc":"","_seopress_robots_index":"","_seopress_analysis_target_kw":"","site-sidebar-layout":"default","site-content-layout":"","ast-site-content-layout":"default","site-content-style":"default","site-sidebar-style":"default","ast-global-header-display":"","ast-banner-title-visibility":"","ast-main-header-display":"","ast-hfb-above-header-display":"","ast-hfb-below-header-display":"","ast-hfb-mobile-header-display":"","site-post-title":"","ast-breadcrumbs-content":"","ast-featured-img":"","footer-sml-layout":"","ast-disable-related-posts":"","theme-transparent-header-meta":"","adv-header-id-meta":"","stick-header-meta":"","header-above-stick-meta":"","header-main-stick-meta":"","header-below-stick-meta":"","astra-migrate-meta-layouts":"default","ast-page-background-enabled":"default","ast-page-background-meta":{"desktop":{"background-color":"","background-image":"","background-repeat":"repeat","background-position":"center center","background-size":"auto","background-attachment":"scroll","background-type":"","background-media":"","overlay-type":"","overlay-color":"","overlay-opacity":"","overlay-gradient":""},"tablet":{"background-color":"","background-image":"","background-repeat":"repeat","background-position":"center center","background-size":"auto","background-attachment":"scroll","background-type":"","background-media":"","overlay-type":"","overlay-color":"","overlay-opacity":"","overlay-gradient":""},"mobile":{"background-color":"","background-image":"","background-repeat":"repeat","background-position":"center center","background-size":"auto","background-attachment":"scroll","background-type":"","background-media":"","overlay-type":"","overlay-color":"","overlay-opacity":"","overlay-gradient":""}},"ast-content-background-meta":{"desktop":{"background-color":"var(--ast-global-color-5)","background-image":"","background-repeat":"repeat","background-position":"center center","background-size":"auto","background-attachment":"scroll","background-type":"","background-media":"","overlay-type":"","overlay-color":"","overlay-opacity":"","overlay-gradient":""},"tablet":{"background-color":"var(--ast-global-color-5)","background-image":"","background-repeat":"repeat","background-position":"center center","background-size":"auto","background-attachment":"scroll","background-type":"","background-media":"","overlay-type":"","overlay-color":"","overlay-opacity":"","overlay-gradient":""},"mobile":{"background-color":"var(--ast-global-color-5)","background-image":"","background-repeat":"repeat","background-position":"center center","background-size":"auto","background-attachment":"scroll","background-type":"","background-media":"","overlay-type":"","overlay-color":"","overlay-opacity":"","overlay-gradient":""}}},"product_brand":[],"product_cat":[38],"product_tag":[],"class_list":{"0":"post-3192","1":"product","2":"type-product","3":"status-publish","4":"has-post-thumbnail","6":"product_cat-cajas-de-madera-personalizadas","7":"desktop-align-center","8":"tablet-align-left","9":"mobile-align-center","10":"ast-product-gallery-layout-horizontal","11":"ast-magnify-disabled","12":"ast-product-tabs-layout-horizontal","13":"tm-has-options","15":"first","16":"instock","17":"taxable","18":"shipping-taxable","19":"purchasable","20":"product-type-simple"},"_links":{"self":[{"href":"https:\/\/kiemmi.com\/pl\/wp-json\/wp\/v2\/product\/3192","targetHints":{"allow":["GET"]}}],"collection":[{"href":"https:\/\/kiemmi.com\/pl\/wp-json\/wp\/v2\/product"}],"about":[{"href":"https:\/\/kiemmi.com\/pl\/wp-json\/wp\/v2\/types\/product"}],"version-history":[{"count":0,"href":"https:\/\/kiemmi.com\/pl\/wp-json\/wp\/v2\/product\/3192\/revisions"}],"wp:featuredmedia":[{"embeddable":true,"href":"https:\/\/kiemmi.com\/pl\/wp-json\/wp\/v2\/media\/5849"}],"wp:attachment":[{"href":"https:\/\/kiemmi.com\/pl\/wp-json\/wp\/v2\/media?parent=3192"}],"wp:term":[{"taxonomy":"product_brand","embeddable":true,"href":"https:\/\/kiemmi.com\/pl\/wp-json\/wp\/v2\/product_brand?post=3192"},{"taxonomy":"product_cat","embeddable":true,"href":"https:\/\/kiemmi.com\/pl\/wp-json\/wp\/v2\/product_cat?post=3192"},{"taxonomy":"product_tag","embeddable":true,"href":"https:\/\/kiemmi.com\/pl\/wp-json\/wp\/v2\/product_tag?post=3192"}],"curies":[{"name":"wp","href":"https:\/\/api.w.org\/{rel}","templated":true}]}}