{"id":31161,"date":"2025-09-10T20:59:30","date_gmt":"2025-09-10T20:59:30","guid":{"rendered":"https:\/\/kiemmi.com\/?post_type=product&#038;p=31161"},"modified":"2026-02-27T11:50:19","modified_gmt":"2026-02-27T11:50:19","slug":"personalizowany-uchwyt-na-wizytowki-jw-z-brelokiem","status":"publish","type":"product","link":"https:\/\/kiemmi.com\/pl\/shop\/jw\/llaveros-jw\/porta-tarjetas-de-contacto-jw-personalizable-con-llavero\/","title":{"rendered":"Personalizowany uchwyt na wizyt\u00f3wki JW z brelokiem"},"content":{"rendered":"<p>Ten brelok z wizyt\u00f3wk\u0105 \u015awiadk\u00f3w Jehowy zosta\u0142 zaprojektowany, aby Twoje wizyt\u00f3wki by\u0142y zawsze pod r\u0119k\u0105, uporz\u0105dkowane i stylowe. Jego kompaktowy rozmiar sprawia, \u017ce idealnie nadaje si\u0119 do s\u0142u\u017cby, na spotkania, a tak\u017ce jako prezent dla cz\u0142onk\u00f3w zboru, pionier\u00f3w, uczestnik\u00f3w szk\u00f3\u0142 pionierskich, na zgromadzenia specjalne lub mi\u0119dzynarodowe.<\/p>\n<p>Wykonany z wysokiej jako\u015bci wega\u0144skiej sk\u00f3ry syntetycznej, \u0142\u0105czy w sobie trwa\u0142o\u015b\u0107 i elegancj\u0119. Mo\u017cesz go r\u00f3wnie\u017c spersonalizowa\u0107, dodaj\u0105c imi\u0119, specjaln\u0105 wiadomo\u015b\u0107 lub wybieraj\u0105c spo\u015br\u00f3d wielu gotowych wzor\u00f3w. Jedn\u0105 z najpopularniejszych opcji jest grawerunek z napisem \u201eThere&#039;s no better life\u201d, co czyni go wyj\u0105tkowym i znacz\u0105cym prezentem.<\/p>\n<p><strong>G\u0142\u00f3wne cechy<\/strong><\/p>\n<ul>\n<li>Dwa wewn\u0119trzne gniazda na karty kontaktowe JW<\/li>\n<li>Mocny metalowy brelok, kt\u00f3ry zawsze b\u0119dziesz mie\u0107 przy sobie<\/li>\n<li>Dost\u0119pne w r\u00f3\u017cnych kolorach (odcienie mog\u0105 si\u0119 r\u00f3\u017cni\u0107 w zale\u017cno\u015bci od o\u015bwietlenia i ekranu)<\/li>\n<li>Opcja personalizacji z tekstem lub wst\u0119pnie zaprojektowanymi projektami<\/li>\n<li>Przybli\u017cony rozmiar: 11 cm szeroko\u015bci x 8 cm wysoko\u015bci.<\/li>\n<li>Materia\u0142: najwy\u017cszej jako\u015bci wega\u0144ska sk\u00f3ra PU.<\/li>\n<\/ul>\n<p>Ten brelok w formie wizytownika to co\u015b wi\u0119cej ni\u017c tylko dodatek; to praktyczny i elegancki spos\u00f3b na trzymanie pod r\u0119k\u0105 wizyt\u00f3wek \u015awiadk\u00f3w Jehowy oraz idealny prezent na ka\u017cd\u0105 specjaln\u0105 okazj\u0119 w zborze.<\/p>","protected":false},"excerpt":{"rendered":"<p>Etui na wizyt\u00f3wki JW z brelokiem, wykonane z wysokiej jako\u015bci sk\u00f3ry wega\u0144skiej. Kompaktowe, trwa\u0142e i personalizowane, idealne do codziennego u\u017cytku lub na prezent.<\/p>","protected":false},"featured_media":31173,"template":"","meta":{"_seopress_robots_primary_cat":"","_seopress_titles_title":"Llavero Porta Tarjetas de contacto JW: Elegancia y Funcionalidad","_seopress_titles_desc":"Porta tarjetas de contacto JW con llavero en piel vegana. Compacto, resistente y personalizable. Ideal para regalar o llevar en el ministerio.","_seopress_robots_index":"","site-sidebar-layout":"default","site-content-layout":"","ast-site-content-layout":"default","site-content-style":"default","site-sidebar-style":"default","ast-global-header-display":"","ast-banner-title-visibility":"","ast-main-header-display":"","ast-hfb-above-header-display":"","ast-hfb-below-header-display":"","ast-hfb-mobile-header-display":"","site-post-title":"","ast-breadcrumbs-content":"","ast-featured-img":"","footer-sml-layout":"","ast-disable-related-posts":"","theme-transparent-header-meta":"default","adv-header-id-meta":"","stick-header-meta":"default","header-above-stick-meta":"","header-main-stick-meta":"","header-below-stick-meta":"","astra-migrate-meta-layouts":"set","ast-page-background-enabled":"default","ast-page-background-meta":{"desktop":{"background-color":"","background-image":"","background-repeat":"repeat","background-position":"center center","background-size":"auto","background-attachment":"scroll","background-type":"","background-media":"","overlay-type":"","overlay-color":"","overlay-opacity":"","overlay-gradient":""},"tablet":{"background-color":"","background-image":"","background-repeat":"repeat","background-position":"center center","background-size":"auto","background-attachment":"scroll","background-type":"","background-media":"","overlay-type":"","overlay-color":"","overlay-opacity":"","overlay-gradient":""},"mobile":{"background-color":"","background-image":"","background-repeat":"repeat","background-position":"center center","background-size":"auto","background-attachment":"scroll","background-type":"","background-media":"","overlay-type":"","overlay-color":"","overlay-opacity":"","overlay-gradient":""}},"ast-content-background-meta":{"desktop":{"background-color":"var(--ast-global-color-5)","background-image":"","background-repeat":"repeat","background-position":"center center","background-size":"auto","background-attachment":"scroll","background-type":"","background-media":"","overlay-type":"","overlay-color":"","overlay-opacity":"","overlay-gradient":""},"tablet":{"background-color":"var(--ast-global-color-5)","background-image":"","background-repeat":"repeat","background-position":"center center","background-size":"auto","background-attachment":"scroll","background-type":"","background-media":"","overlay-type":"","overlay-color":"","overlay-opacity":"","overlay-gradient":""},"mobile":{"background-color":"var(--ast-global-color-5)","background-image":"","background-repeat":"repeat","background-position":"center center","background-size":"auto","background-attachment":"scroll","background-type":"","background-media":"","overlay-type":"","overlay-color":"","overlay-opacity":"","overlay-gradient":""}}},"product_brand":[103],"product_cat":[66,64],"product_tag":[],"class_list":{"0":"post-31161","1":"product","2":"type-product","3":"status-publish","4":"has-post-thumbnail","6":"product_brand-kiemmi-creations","7":"product_cat-llaveros-jw","8":"product_cat-portatarjetas-jw","9":"desktop-align-center","10":"tablet-align-left","11":"mobile-align-center","12":"ast-product-gallery-layout-horizontal","13":"ast-magnify-disabled","14":"ast-product-tabs-layout-horizontal","15":"tm-has-options","17":"first","18":"instock","19":"taxable","20":"shipping-taxable","21":"purchasable","22":"product-type-simple"},"_links":{"self":[{"href":"https:\/\/kiemmi.com\/pl\/wp-json\/wp\/v2\/product\/31161","targetHints":{"allow":["GET"]}}],"collection":[{"href":"https:\/\/kiemmi.com\/pl\/wp-json\/wp\/v2\/product"}],"about":[{"href":"https:\/\/kiemmi.com\/pl\/wp-json\/wp\/v2\/types\/product"}],"version-history":[{"count":1,"href":"https:\/\/kiemmi.com\/pl\/wp-json\/wp\/v2\/product\/31161\/revisions"}],"predecessor-version":[{"id":67215,"href":"https:\/\/kiemmi.com\/pl\/wp-json\/wp\/v2\/product\/31161\/revisions\/67215"}],"wp:featuredmedia":[{"embeddable":true,"href":"https:\/\/kiemmi.com\/pl\/wp-json\/wp\/v2\/media\/31173"}],"wp:attachment":[{"href":"https:\/\/kiemmi.com\/pl\/wp-json\/wp\/v2\/media?parent=31161"}],"wp:term":[{"taxonomy":"product_brand","embeddable":true,"href":"https:\/\/kiemmi.com\/pl\/wp-json\/wp\/v2\/product_brand?post=31161"},{"taxonomy":"product_cat","embeddable":true,"href":"https:\/\/kiemmi.com\/pl\/wp-json\/wp\/v2\/product_cat?post=31161"},{"taxonomy":"product_tag","embeddable":true,"href":"https:\/\/kiemmi.com\/pl\/wp-json\/wp\/v2\/product_tag?post=31161"}],"curies":[{"name":"wp","href":"https:\/\/api.w.org\/{rel}","templated":true}]}}