{"id":2865,"date":"2021-08-25T17:09:11","date_gmt":"2021-08-25T17:09:11","guid":{"rendered":"https:\/\/www.tks3d.com\/?post_type=product&#038;p=2865"},"modified":"2025-09-11T21:28:27","modified_gmt":"2025-09-11T21:28:27","slug":"drewniany-breloczek-w-ksztalcie-imienia-kota-i-zwierzaka","status":"publish","type":"product","link":"https:\/\/kiemmi.com\/pl\/shop\/llaveros-madera\/llavero-de-madera-con-forma-de-gato-y-nombre-mascota\/","title":{"rendered":"Drewniany brelok do kluczy w kszta\u0142cie imienia kota i zwierzaka"},"content":{"rendered":"<p>R\u0119cznie wykonany drewniany breloczek z kotem to wyj\u0105tkowy i spersonalizowany produkt, idealny dla tych, kt\u00f3rzy kochaj\u0105 swoje zwierzaki i chc\u0105 nosi\u0107 przy sobie pami\u0105tk\u0119 o nich wsz\u0119dzie. Precyzyjne ci\u0119cie i grawerowanie laserowe pozwala na stworzenie szczeg\u00f3\u0142owego kota na drewnie, nadaj\u0105c mu elegancki i nowoczesny wygl\u0105d.<\/p>\n<p>Brelok mo\u017cna spersonalizowa\u0107 imieniem zwierzaka lub dowolnym innym imieniem, dzi\u0119ki czemu b\u0119dzie wyj\u0105tkowym i niezapomnianym prezentem dla przyjaci\u00f3\u0142 i rodziny. Dodatkowo mo\u017cesz wybiera\u0107 spo\u015br\u00f3d r\u00f3\u017cnych wyraz\u00f3w kot\u00f3w, aby dopasowa\u0107 je do indywidualnej osobowo\u015bci ka\u017cdego z nich.<\/p>\n<p>Drewno u\u017cyte w breloczku pochodzi ze zr\u00f3wnowa\u017conych las\u00f3w europejskich, co oznacza, \u017ce jest to produkt ekologiczny i przyjazny dla \u015brodowiska. Ponadto mo\u017cesz wybiera\u0107 pomi\u0119dzy r\u00f3\u017cnymi odcieniami drewna, od naturalnego drewna po r\u00f3\u017cne bejce, dzi\u0119ki czemu brelok do kluczy dopasuje si\u0119 do ka\u017cdego osobistego stylu.<\/p>\n<p>Na koniec powierzchnia breloka zabezpieczona jest ekologicznym lakierem, kt\u00f3ry wyd\u0142u\u017cy jego trwa\u0142o\u015b\u0107 i sprawi, \u017ce b\u0119dzie to produkt trwa\u0142y i odporny na codzienn\u0105 eksploatacj\u0119. Kr\u00f3tko m\u00f3wi\u0105c, r\u0119cznie robiony drewniany breloczek z kotem to spersonalizowany i ekologiczny prezent, kt\u00f3ry z pewno\u015bci\u0105 doceni ka\u017cdy mi\u0142o\u015bnik kot\u00f3w.<\/p>\n<p><strong>Wymiary:<\/strong><\/p>\n<ul>\n<li>Grubo\u015b\u0107: 3mm<\/li>\n<li>Szeroko\u015b\u0107: 43,5 mm<\/li>\n<li>Wysoko\u015b\u0107: 40 mm<\/li>\n<\/ul>\n<p><strong>Tworzywo:<\/strong><\/p>\n<ul>\n<li>Drewno<\/li>\n<\/ul>","protected":false},"excerpt":{"rendered":"<p>R\u0119cznie wykonany drewniany breloczek z kotem to wyj\u0105tkowy i spersonalizowany produkt, idealny dla tych, kt\u00f3rzy kochaj\u0105 swoje zwierzaki i chc\u0105 nosi\u0107 przy sobie pami\u0105tk\u0119 o nich wsz\u0119dzie. Precyzyjne ci\u0119cie i grawerowanie laserowe pozwala na stworzenie szczeg\u00f3\u0142owego kota na drewnie, nadaj\u0105c mu elegancki i nowoczesny wygl\u0105d.<\/p>\n<p>Brelok mo\u017cna spersonalizowa\u0107 imieniem zwierzaka lub dowolnym innym imieniem, dzi\u0119ki czemu b\u0119dzie wyj\u0105tkowym i niezapomnianym prezentem dla przyjaci\u00f3\u0142 i rodziny. Dodatkowo mo\u017cesz wybiera\u0107 spo\u015br\u00f3d r\u00f3\u017cnych wyraz\u00f3w kot\u00f3w, aby dopasowa\u0107 je do indywidualnej osobowo\u015bci ka\u017cdego z nich.<\/p>\n<p>Drewno u\u017cyte w breloczku pochodzi ze zr\u00f3wnowa\u017conych las\u00f3w europejskich, co oznacza, \u017ce jest to produkt ekologiczny i przyjazny dla \u015brodowiska. Ponadto mo\u017cesz wybiera\u0107 pomi\u0119dzy r\u00f3\u017cnymi odcieniami drewna, od naturalnego drewna po r\u00f3\u017cne bejce, dzi\u0119ki czemu brelok do kluczy dopasuje si\u0119 do ka\u017cdego osobistego stylu.<\/p>\n<p>Na koniec powierzchnia breloka zabezpieczona jest ekologicznym lakierem, kt\u00f3ry wyd\u0142u\u017cy jego trwa\u0142o\u015b\u0107 i sprawi, \u017ce b\u0119dzie to produkt trwa\u0142y i odporny na codzienn\u0105 eksploatacj\u0119. Kr\u00f3tko m\u00f3wi\u0105c, r\u0119cznie robiony drewniany breloczek z kotem to spersonalizowany i ekologiczny prezent, kt\u00f3ry z pewno\u015bci\u0105 doceni ka\u017cdy mi\u0142o\u015bnik kot\u00f3w.<\/p>","protected":false},"featured_media":5375,"template":"","meta":{"_seopress_robots_primary_cat":"33","_seopress_titles_title":"Llavero de Madera Personalizado en Forma de Gato \u00fanico","_seopress_titles_desc":"Lleva tu amor por los gatos a todas partes con este llavero \u00fanico y ecol\u00f3gico, personalizado con el nombre de tu mascota y una expresi\u00f3n \u00fanica.","_seopress_robots_index":"","_seopress_analysis_target_kw":"","site-sidebar-layout":"default","site-content-layout":"","ast-site-content-layout":"default","site-content-style":"default","site-sidebar-style":"default","ast-global-header-display":"","ast-banner-title-visibility":"","ast-main-header-display":"","ast-hfb-above-header-display":"","ast-hfb-below-header-display":"","ast-hfb-mobile-header-display":"","site-post-title":"","ast-breadcrumbs-content":"","ast-featured-img":"","footer-sml-layout":"","ast-disable-related-posts":"","theme-transparent-header-meta":"default","adv-header-id-meta":"","stick-header-meta":"default","header-above-stick-meta":"","header-main-stick-meta":"","header-below-stick-meta":"","astra-migrate-meta-layouts":"set","ast-page-background-enabled":"default","ast-page-background-meta":{"desktop":{"background-color":"","background-image":"","background-repeat":"repeat","background-position":"center center","background-size":"auto","background-attachment":"scroll","background-type":"","background-media":"","overlay-type":"","overlay-color":"","overlay-opacity":"","overlay-gradient":""},"tablet":{"background-color":"","background-image":"","background-repeat":"repeat","background-position":"center center","background-size":"auto","background-attachment":"scroll","background-type":"","background-media":"","overlay-type":"","overlay-color":"","overlay-opacity":"","overlay-gradient":""},"mobile":{"background-color":"","background-image":"","background-repeat":"repeat","background-position":"center center","background-size":"auto","background-attachment":"scroll","background-type":"","background-media":"","overlay-type":"","overlay-color":"","overlay-opacity":"","overlay-gradient":""}},"ast-content-background-meta":{"desktop":{"background-color":"var(--ast-global-color-5)","background-image":"","background-repeat":"repeat","background-position":"center center","background-size":"auto","background-attachment":"scroll","background-type":"","background-media":"","overlay-type":"","overlay-color":"","overlay-opacity":"","overlay-gradient":""},"tablet":{"background-color":"var(--ast-global-color-5)","background-image":"","background-repeat":"repeat","background-position":"center center","background-size":"auto","background-attachment":"scroll","background-type":"","background-media":"","overlay-type":"","overlay-color":"","overlay-opacity":"","overlay-gradient":""},"mobile":{"background-color":"var(--ast-global-color-5)","background-image":"","background-repeat":"repeat","background-position":"center center","background-size":"auto","background-attachment":"scroll","background-type":"","background-media":"","overlay-type":"","overlay-color":"","overlay-opacity":"","overlay-gradient":""}}},"product_brand":[],"product_cat":[33],"product_tag":[],"class_list":{"0":"post-2865","1":"product","2":"type-product","3":"status-publish","4":"has-post-thumbnail","6":"product_cat-llaveros-madera","7":"desktop-align-center","8":"tablet-align-left","9":"mobile-align-center","10":"ast-product-gallery-layout-horizontal","11":"ast-magnify-disabled","12":"ast-product-tabs-layout-horizontal","13":"tm-has-options","15":"first","16":"instock","17":"taxable","18":"shipping-taxable","19":"purchasable","20":"product-type-simple"},"_links":{"self":[{"href":"https:\/\/kiemmi.com\/pl\/wp-json\/wp\/v2\/product\/2865","targetHints":{"allow":["GET"]}}],"collection":[{"href":"https:\/\/kiemmi.com\/pl\/wp-json\/wp\/v2\/product"}],"about":[{"href":"https:\/\/kiemmi.com\/pl\/wp-json\/wp\/v2\/types\/product"}],"version-history":[{"count":0,"href":"https:\/\/kiemmi.com\/pl\/wp-json\/wp\/v2\/product\/2865\/revisions"}],"wp:featuredmedia":[{"embeddable":true,"href":"https:\/\/kiemmi.com\/pl\/wp-json\/wp\/v2\/media\/5375"}],"wp:attachment":[{"href":"https:\/\/kiemmi.com\/pl\/wp-json\/wp\/v2\/media?parent=2865"}],"wp:term":[{"taxonomy":"product_brand","embeddable":true,"href":"https:\/\/kiemmi.com\/pl\/wp-json\/wp\/v2\/product_brand?post=2865"},{"taxonomy":"product_cat","embeddable":true,"href":"https:\/\/kiemmi.com\/pl\/wp-json\/wp\/v2\/product_cat?post=2865"},{"taxonomy":"product_tag","embeddable":true,"href":"https:\/\/kiemmi.com\/pl\/wp-json\/wp\/v2\/product_tag?post=2865"}],"curies":[{"name":"wp","href":"https:\/\/api.w.org\/{rel}","templated":true}]}}