{"id":2830,"date":"2021-08-23T08:55:07","date_gmt":"2021-08-23T08:55:07","guid":{"rendered":"https:\/\/www.tks3d.com\/?post_type=product&#038;p=2830"},"modified":"2025-10-13T12:26:45","modified_gmt":"2025-10-13T12:26:45","slug":"drewniany-brelok-w-ksztalcie-stopy-i-imienia-twojego-dziecka","status":"publish","type":"product","link":"https:\/\/kiemmi.com\/pl\/shop\/llaveros-madera\/llavero-de-madera-con-forma-de-pie-y-el-nombre-de-tu-bebe\/","title":{"rendered":"Drewniany brelok do kluczy w kszta\u0142cie stopy i imienia Twojego dziecka"},"content":{"rendered":"<p>On <strong>spersonalizowany brelok w kszta\u0142cie st\u00f3pki dziecka<\/strong> To delikatny i wyj\u0105tkowy detal, kt\u00f3ry celebruje narodziny noworodka. Wykonany w <strong>wysokiej jako\u015bci naturalne drewno<\/strong>\u0142\u0105czy w sobie rzemie\u015blnicze ciep\u0142o z <strong>druk kolorowy w wysokiej rozdzielczo\u015bci<\/strong>, osi\u0105gaj\u0105c rezultat pe\u0142en \u017cycia i znaczenia.<\/p>\n<p>W <strong>przednia twarz<\/strong>, jest wydrukowany <strong>imi\u0119 i data urodzenia dziecka<\/strong>, podczas gdy w <strong>ty\u0142<\/strong> s\u0105 dodawane <strong>czas, waga i wzrost<\/strong> od urodzenia. Ka\u017cdy szczeg\u00f3\u0142 jest starannie personalizowany, tworz\u0105c emocjonalne i wyj\u0105tkowe wspomnienie.<\/p>\n<p>Mo\u017cesz wybiera\u0107 pomi\u0119dzy <strong>r\u00f3\u017cne kolory drewna<\/strong>, dzi\u0119ki czemu ka\u017cdy element jest jeszcze bardziej wyj\u0105tkowy. G\u0142adkie, trwa\u0142e wyko\u0144czenie sprawia, \u017ce ten brelok to idealny dodatek, kt\u00f3ry zawsze mo\u017cesz mie\u0107 przy sobie lub zachowa\u0107 jako rodzinn\u0105 pami\u0105tk\u0119.<\/p>\n<p>Ten drewniany brelok to <strong>\u015bliczny pomys\u0142 na prezent<\/strong> dla nowych rodzic\u00f3w, dziadk\u00f3w lub przyjaci\u00f3\u0142, kt\u00f3rzy w\u0142a\u015bnie powitali na \u015bwiecie dziecko. To <strong>oryginalna i delikatna pami\u0105tka narodzin<\/strong> co nigdy nie pozostaje niezauwa\u017cone.<\/p>\n<p><strong>\ud83c\udf3f Najwa\u017cniejsze funkcje:<\/strong><\/p>\n<ul>\n<li>\ud83e\udeb5 Wykonane z najwy\u017cszej jako\u015bci naturalnego drewna.<\/li>\n<li>\ud83c\udfa8 Wyra\u017any i trwa\u0142y kolorowy tekst drukowany.<\/li>\n<li>\ud83d\udc63 Wz\u00f3r przedstawiaj\u0105cy st\u00f3pk\u0119 dziecka, symbolizuj\u0105cy pocz\u0105tek nowego \u017cycia.<\/li>\n<li>\ud83d\udc95 Pe\u0142na personalizacja po obu stronach: imi\u0119, data, godzina, waga i wzrost.<\/li>\n<li>\ud83c\udf81 Idealny jako prezent dla noworodk\u00f3w, na baby shower itp.<\/li>\n<\/ul>\n<p>Uczcij przybycie nowego cz\u0142onka rodziny tym spersonalizowanym, kolorowym brelokiem z drewna \u2014 pami\u0105tk\u0105, kt\u00f3r\u0105 b\u0119dziesz piel\u0119gnowa\u0107 przez ca\u0142e \u017cycie.<\/p>\n<p>\ud83d\udccf Wymiary (w przybli\u017ceniu):<\/p>\n<ul>\n<li>Szeroko\u015b\u0107: 3,4 cm<\/li>\n<li>Wysoko\u015b\u0107: 4,8 cm<\/li>\n<li>Grubo\u015b\u0107: 0,3 cm<\/li>\n<\/ul>","protected":false},"excerpt":{"rendered":"<p>On <strong data-start=\"2049\" data-end=\"2086\">spersonalizowany brelok w kszta\u0142cie st\u00f3pki dziecka<\/strong> wy\u015bwietla wydrukowane dane dotycz\u0105ce urodzenia <strong data-start=\"2129\" data-end=\"2145\">w pe\u0142nym kolorze<\/strong> z naturalnego drewna.<br data-start=\"2438\" data-end=\"2441\" \/>A <strong data-start=\"2444\" data-end=\"2472\">delikatny i oryginalny prezent<\/strong> aby uczci\u0107 narodziny noworodka.<\/p>\n<p>Bardzo oryginalny i ekskluzywny prezent.<\/p>","protected":false},"featured_media":33301,"template":"","meta":{"_seopress_robots_primary_cat":"33","_seopress_titles_title":"Regalo ideal: %%title%% %%page%%","_seopress_titles_desc":"Llavero de madera hechos a mano y personalizable a las 2 carras con el nombre de tu bebe y su fecha de nacimiento, hora, peso, altura.","_seopress_robots_index":"","_seopress_analysis_target_kw":"","site-sidebar-layout":"default","site-content-layout":"","ast-site-content-layout":"default","site-content-style":"default","site-sidebar-style":"default","ast-global-header-display":"","ast-banner-title-visibility":"","ast-main-header-display":"","ast-hfb-above-header-display":"","ast-hfb-below-header-display":"","ast-hfb-mobile-header-display":"","site-post-title":"","ast-breadcrumbs-content":"","ast-featured-img":"","footer-sml-layout":"","ast-disable-related-posts":"","theme-transparent-header-meta":"default","adv-header-id-meta":"","stick-header-meta":"default","header-above-stick-meta":"","header-main-stick-meta":"","header-below-stick-meta":"","astra-migrate-meta-layouts":"set","ast-page-background-enabled":"default","ast-page-background-meta":{"desktop":{"background-color":"","background-image":"","background-repeat":"repeat","background-position":"center center","background-size":"auto","background-attachment":"scroll","background-type":"","background-media":"","overlay-type":"","overlay-color":"","overlay-opacity":"","overlay-gradient":""},"tablet":{"background-color":"","background-image":"","background-repeat":"repeat","background-position":"center center","background-size":"auto","background-attachment":"scroll","background-type":"","background-media":"","overlay-type":"","overlay-color":"","overlay-opacity":"","overlay-gradient":""},"mobile":{"background-color":"","background-image":"","background-repeat":"repeat","background-position":"center center","background-size":"auto","background-attachment":"scroll","background-type":"","background-media":"","overlay-type":"","overlay-color":"","overlay-opacity":"","overlay-gradient":""}},"ast-content-background-meta":{"desktop":{"background-color":"var(--ast-global-color-5)","background-image":"","background-repeat":"repeat","background-position":"center center","background-size":"auto","background-attachment":"scroll","background-type":"","background-media":"","overlay-type":"","overlay-color":"","overlay-opacity":"","overlay-gradient":""},"tablet":{"background-color":"var(--ast-global-color-5)","background-image":"","background-repeat":"repeat","background-position":"center center","background-size":"auto","background-attachment":"scroll","background-type":"","background-media":"","overlay-type":"","overlay-color":"","overlay-opacity":"","overlay-gradient":""},"mobile":{"background-color":"var(--ast-global-color-5)","background-image":"","background-repeat":"repeat","background-position":"center center","background-size":"auto","background-attachment":"scroll","background-type":"","background-media":"","overlay-type":"","overlay-color":"","overlay-opacity":"","overlay-gradient":""}}},"product_brand":[103],"product_cat":[33,81,49],"product_tag":[],"class_list":{"0":"post-2830","1":"product","2":"type-product","3":"status-publish","4":"has-post-thumbnail","6":"product_brand-kiemmi-creations","7":"product_cat-llaveros-madera","8":"product_cat-natalicios","9":"product_cat-regalos-originales","10":"desktop-align-center","11":"tablet-align-left","12":"mobile-align-center","13":"ast-product-gallery-layout-horizontal","14":"ast-magnify-disabled","15":"ast-product-tabs-layout-horizontal","16":"tm-has-options","18":"first","19":"instock","20":"taxable","21":"shipping-taxable","22":"purchasable","23":"product-type-simple"},"_links":{"self":[{"href":"https:\/\/kiemmi.com\/pl\/wp-json\/wp\/v2\/product\/2830","targetHints":{"allow":["GET"]}}],"collection":[{"href":"https:\/\/kiemmi.com\/pl\/wp-json\/wp\/v2\/product"}],"about":[{"href":"https:\/\/kiemmi.com\/pl\/wp-json\/wp\/v2\/types\/product"}],"version-history":[{"count":0,"href":"https:\/\/kiemmi.com\/pl\/wp-json\/wp\/v2\/product\/2830\/revisions"}],"wp:featuredmedia":[{"embeddable":true,"href":"https:\/\/kiemmi.com\/pl\/wp-json\/wp\/v2\/media\/33301"}],"wp:attachment":[{"href":"https:\/\/kiemmi.com\/pl\/wp-json\/wp\/v2\/media?parent=2830"}],"wp:term":[{"taxonomy":"product_brand","embeddable":true,"href":"https:\/\/kiemmi.com\/pl\/wp-json\/wp\/v2\/product_brand?post=2830"},{"taxonomy":"product_cat","embeddable":true,"href":"https:\/\/kiemmi.com\/pl\/wp-json\/wp\/v2\/product_cat?post=2830"},{"taxonomy":"product_tag","embeddable":true,"href":"https:\/\/kiemmi.com\/pl\/wp-json\/wp\/v2\/product_tag?post=2830"}],"curies":[{"name":"wp","href":"https:\/\/api.w.org\/{rel}","templated":true}]}}