{"id":2755,"date":"2021-08-20T12:39:54","date_gmt":"2021-08-20T12:39:54","guid":{"rendered":"https:\/\/www.tks3d.com\/?post_type=product&#038;p=2755"},"modified":"2025-09-15T12:13:03","modified_gmt":"2025-09-15T12:13:03","slug":"drewniany-breloczek-w-ksztalcie-kosci-z-imieniem-zwierzaka","status":"publish","type":"product","link":"https:\/\/kiemmi.com\/pl\/shop\/llaveros-madera\/llavero-de-madera-con-forma-de-hueso-y-nombre-mascota\/","title":{"rendered":"Drewniany brelok do kluczy w kszta\u0142cie ko\u015bci i imienia zwierzaka"},"content":{"rendered":"<p>Dodaj odrobin\u0119 uroku i osobowo\u015bci swoim kluczom dzi\u0119ki temu uroczemu drewnianemu breloczkowi w kszta\u0142cie ko\u015bci \u2013 wyj\u0105tkowemu egzemplarzowi, kt\u00f3ry z pewno\u015bci\u0105 wyr\u00f3\u017cni Twoje klucze!<\/p>\n<p>Ka\u017cdy brelok do kluczy jest starannie wykonany r\u0119cznie, przy u\u017cyciu technologii ci\u0119cia i grawerowania laserowego, aby osi\u0105gn\u0105\u0107 niezr\u00f3wnany poziom szczeg\u00f3\u0142owo\u015bci i precyzji.<\/p>\n<p>Wysokiej jako\u015bci drewno pochodzi ze zr\u00f3wnowa\u017conych las\u00f3w europejskich, co pokazuje nasze zaanga\u017cowanie w ochron\u0119 \u015brodowiska i doskona\u0142o\u015b\u0107 w ka\u017cdym szczeg\u00f3le.<\/p>\n<p>Dodatkowo oferujemy mo\u017cliwo\u015b\u0107 dostosowania breloczka do kluczy za pomoc\u0105 r\u00f3\u017cnych kolor\u00f3w barwnik\u00f3w, dzi\u0119ki czemu mo\u017cesz stworzy\u0107 naprawd\u0119 wyj\u0105tkowy egzemplarz.<\/p>\n<p>Aby zapewni\u0107 trwa\u0142o\u015b\u0107 i pi\u0119kno, ka\u017cdy brelok jest starannie lakierowany, co zapewnia ochron\u0119 przed codziennym zu\u017cyciem.<\/p>\n<p>Niezale\u017cnie od tego, czy dla siebie, czy jako wyj\u0105tkowy prezent dla kogo\u015b bliskiego, ten brelok jest nie tylko praktycznym dodatkiem, ale tak\u017ce symbolem mi\u0142o\u015bci i lojalno\u015bci wobec naszych ukochanych zwierz\u0105t. Zdob\u0105d\u017a sw\u00f3j ju\u017c dzi\u015b i no\u015b ducha swojego psiego towarzysza ze sob\u0105, gdziekolwiek si\u0119 udasz!<\/p>\n<p><strong>Wymiary:<\/strong><\/p>\n<ul>\n<li>Szeroko\u015b\u0107: 30mm<\/li>\n<li>Wysoko\u015b\u0107: 55 mm<\/li>\n<li>Grubo\u015b\u0107: 3mm<\/li>\n<\/ul>\n<p><strong>Tworzywo:<\/strong><\/p>\n<ul>\n<li>Drewno<\/li>\n<\/ul>","protected":false},"excerpt":{"rendered":"<p>Dodaj uroku swoim kluczom dzi\u0119ki temu drewnianemu breloczkowi w kszta\u0142cie ko\u015bci. Wykonane r\u0119cznie z niezr\u00f3wnan\u0105 precyzj\u0105 i szczeg\u00f3\u0142owo\u015bci\u0105. U\u017cywa wysokiej jako\u015bci drewna pochodz\u0105cego ze zr\u00f3wnowa\u017conych las\u00f3w europejskich. Mo\u017cliwo\u015b\u0107 dostosowania za pomoc\u0105 r\u00f3\u017cnych kolor\u00f3w barwnik\u00f3w. Akcesorium odzwierciedlaj\u0105ce mi\u0142o\u015b\u0107 i lojalno\u015b\u0107 wobec zwierz\u0105t domowych.<\/p>","protected":false},"featured_media":5362,"template":"","meta":{"_seopress_robots_primary_cat":"33","_seopress_titles_title":"Llavero de madera en forma de hueso: \u00fanico y personalizable","_seopress_titles_desc":"Destaca con un llavero de madera artesanal y sostenible. Personal\u00edzalo en color para ti o como regalo especial. Pr\u00e1ctico y con estilo \u00fanico.","_seopress_robots_index":"","_seopress_analysis_target_kw":"","site-sidebar-layout":"default","site-content-layout":"","ast-site-content-layout":"default","site-content-style":"default","site-sidebar-style":"default","ast-global-header-display":"","ast-banner-title-visibility":"","ast-main-header-display":"","ast-hfb-above-header-display":"","ast-hfb-below-header-display":"","ast-hfb-mobile-header-display":"","site-post-title":"","ast-breadcrumbs-content":"","ast-featured-img":"","footer-sml-layout":"","ast-disable-related-posts":"","theme-transparent-header-meta":"default","adv-header-id-meta":"","stick-header-meta":"default","header-above-stick-meta":"","header-main-stick-meta":"","header-below-stick-meta":"","astra-migrate-meta-layouts":"set","ast-page-background-enabled":"default","ast-page-background-meta":{"desktop":{"background-color":"","background-image":"","background-repeat":"repeat","background-position":"center center","background-size":"auto","background-attachment":"scroll","background-type":"","background-media":"","overlay-type":"","overlay-color":"","overlay-opacity":"","overlay-gradient":""},"tablet":{"background-color":"","background-image":"","background-repeat":"repeat","background-position":"center center","background-size":"auto","background-attachment":"scroll","background-type":"","background-media":"","overlay-type":"","overlay-color":"","overlay-opacity":"","overlay-gradient":""},"mobile":{"background-color":"","background-image":"","background-repeat":"repeat","background-position":"center center","background-size":"auto","background-attachment":"scroll","background-type":"","background-media":"","overlay-type":"","overlay-color":"","overlay-opacity":"","overlay-gradient":""}},"ast-content-background-meta":{"desktop":{"background-color":"var(--ast-global-color-5)","background-image":"","background-repeat":"repeat","background-position":"center center","background-size":"auto","background-attachment":"scroll","background-type":"","background-media":"","overlay-type":"","overlay-color":"","overlay-opacity":"","overlay-gradient":""},"tablet":{"background-color":"var(--ast-global-color-5)","background-image":"","background-repeat":"repeat","background-position":"center center","background-size":"auto","background-attachment":"scroll","background-type":"","background-media":"","overlay-type":"","overlay-color":"","overlay-opacity":"","overlay-gradient":""},"mobile":{"background-color":"var(--ast-global-color-5)","background-image":"","background-repeat":"repeat","background-position":"center center","background-size":"auto","background-attachment":"scroll","background-type":"","background-media":"","overlay-type":"","overlay-color":"","overlay-opacity":"","overlay-gradient":""}}},"product_brand":[],"product_cat":[33,87],"product_tag":[],"class_list":{"0":"post-2755","1":"product","2":"type-product","3":"status-publish","4":"has-post-thumbnail","6":"product_cat-llaveros-madera","7":"product_cat-mascotas","8":"desktop-align-center","9":"tablet-align-left","10":"mobile-align-center","11":"ast-product-gallery-layout-horizontal","12":"ast-magnify-disabled","13":"ast-product-tabs-layout-horizontal","14":"tm-has-options","16":"first","17":"instock","18":"taxable","19":"shipping-taxable","20":"purchasable","21":"product-type-simple"},"_links":{"self":[{"href":"https:\/\/kiemmi.com\/pl\/wp-json\/wp\/v2\/product\/2755","targetHints":{"allow":["GET"]}}],"collection":[{"href":"https:\/\/kiemmi.com\/pl\/wp-json\/wp\/v2\/product"}],"about":[{"href":"https:\/\/kiemmi.com\/pl\/wp-json\/wp\/v2\/types\/product"}],"version-history":[{"count":0,"href":"https:\/\/kiemmi.com\/pl\/wp-json\/wp\/v2\/product\/2755\/revisions"}],"wp:featuredmedia":[{"embeddable":true,"href":"https:\/\/kiemmi.com\/pl\/wp-json\/wp\/v2\/media\/5362"}],"wp:attachment":[{"href":"https:\/\/kiemmi.com\/pl\/wp-json\/wp\/v2\/media?parent=2755"}],"wp:term":[{"taxonomy":"product_brand","embeddable":true,"href":"https:\/\/kiemmi.com\/pl\/wp-json\/wp\/v2\/product_brand?post=2755"},{"taxonomy":"product_cat","embeddable":true,"href":"https:\/\/kiemmi.com\/pl\/wp-json\/wp\/v2\/product_cat?post=2755"},{"taxonomy":"product_tag","embeddable":true,"href":"https:\/\/kiemmi.com\/pl\/wp-json\/wp\/v2\/product_tag?post=2755"}],"curies":[{"name":"wp","href":"https:\/\/api.w.org\/{rel}","templated":true}]}}