{"id":2684,"date":"2021-08-02T14:31:01","date_gmt":"2021-08-02T14:31:01","guid":{"rendered":"https:\/\/www.tks3d.com\/?post_type=product&#038;p=2684"},"modified":"2025-09-11T21:27:02","modified_gmt":"2025-09-11T21:27:02","slug":"spersonalizowany-drewniany-brelok-do-kluczy-model-1","status":"publish","type":"product","link":"https:\/\/kiemmi.com\/pl\/shop\/llaveros-madera\/llavero-madera-personalizado-modelo-1\/","title":{"rendered":"Spersonalizowany drewniany brelok do kluczy Model 1"},"content":{"rendered":"<p>Drewniane breloki do kluczy wycinane i grawerowane laserowo.<\/p>\n<p>Na naszej stronie mo\u017cesz stworzy\u0107 dowolny projekt, a otrzymasz oryginalny i ca\u0142kowicie ekskluzywny brelok do kluczy.<\/p>\n<p>Idealny, je\u015bli chcesz sprawi\u0107 oryginalny prezent w postaci spersonalizowanego breloczka do kluczy wed\u0142ug w\u0142asnych upodoba\u0144 znajomemu, cz\u0142onkowi rodziny lub na szczeg\u00f3lne wydarzenie.<\/p>\n<p><em><strong>Wymiary:<\/strong><\/em><\/p>\n<ul>\n<li>Wysoko\u015b\u0107: 3mm<\/li>\n<li>\u015arednica: 45mm<\/li>\n<\/ul>\n<p>&nbsp;<\/p>","protected":false},"excerpt":{"rendered":"<p>Drewniane breloki do kluczy wycinane i grawerowane laserowo.<\/p>\n<p>Na naszej stronie mo\u017cesz stworzy\u0107 dowolny projekt, a otrzymasz oryginalny i ca\u0142kowicie ekskluzywny brelok do kluczy.<\/p>\n<p>Idealny, je\u015bli chcesz sprawi\u0107 oryginalny prezent w postaci spersonalizowanego breloczka do kluczy wed\u0142ug w\u0142asnych upodoba\u0144 znajomemu, cz\u0142onkowi rodziny lub na szczeg\u00f3lne wydarzenie.<\/p>","protected":false},"featured_media":8258,"template":"","meta":{"_seopress_robots_primary_cat":"33","_seopress_titles_title":"%%title%% %%page%%","_seopress_titles_desc":"Llaveros de madera cortados y grabados con laser. Dis\u00e9\u00f1alo tu mismo desde nuestra p\u00e1gina. Ideal se quieres hacer una regalo original.","_seopress_robots_index":"","_seopress_analysis_target_kw":"","site-sidebar-layout":"default","site-content-layout":"","ast-site-content-layout":"default","site-content-style":"default","site-sidebar-style":"default","ast-global-header-display":"","ast-banner-title-visibility":"","ast-main-header-display":"","ast-hfb-above-header-display":"","ast-hfb-below-header-display":"","ast-hfb-mobile-header-display":"","site-post-title":"","ast-breadcrumbs-content":"","ast-featured-img":"","footer-sml-layout":"","ast-disable-related-posts":"","theme-transparent-header-meta":"default","adv-header-id-meta":"","stick-header-meta":"default","header-above-stick-meta":"","header-main-stick-meta":"","header-below-stick-meta":"","astra-migrate-meta-layouts":"set","ast-page-background-enabled":"default","ast-page-background-meta":{"desktop":{"background-color":"","background-image":"","background-repeat":"repeat","background-position":"center center","background-size":"auto","background-attachment":"scroll","background-type":"","background-media":"","overlay-type":"","overlay-color":"","overlay-opacity":"","overlay-gradient":""},"tablet":{"background-color":"","background-image":"","background-repeat":"repeat","background-position":"center center","background-size":"auto","background-attachment":"scroll","background-type":"","background-media":"","overlay-type":"","overlay-color":"","overlay-opacity":"","overlay-gradient":""},"mobile":{"background-color":"","background-image":"","background-repeat":"repeat","background-position":"center center","background-size":"auto","background-attachment":"scroll","background-type":"","background-media":"","overlay-type":"","overlay-color":"","overlay-opacity":"","overlay-gradient":""}},"ast-content-background-meta":{"desktop":{"background-color":"var(--ast-global-color-5)","background-image":"","background-repeat":"repeat","background-position":"center center","background-size":"auto","background-attachment":"scroll","background-type":"","background-media":"","overlay-type":"","overlay-color":"","overlay-opacity":"","overlay-gradient":""},"tablet":{"background-color":"var(--ast-global-color-5)","background-image":"","background-repeat":"repeat","background-position":"center center","background-size":"auto","background-attachment":"scroll","background-type":"","background-media":"","overlay-type":"","overlay-color":"","overlay-opacity":"","overlay-gradient":""},"mobile":{"background-color":"var(--ast-global-color-5)","background-image":"","background-repeat":"repeat","background-position":"center center","background-size":"auto","background-attachment":"scroll","background-type":"","background-media":"","overlay-type":"","overlay-color":"","overlay-opacity":"","overlay-gradient":""}}},"product_brand":[],"product_cat":[33],"product_tag":[],"class_list":{"0":"post-2684","1":"product","2":"type-product","3":"status-publish","4":"has-post-thumbnail","6":"product_cat-llaveros-madera","7":"desktop-align-center","8":"tablet-align-left","9":"mobile-align-center","10":"ast-product-gallery-layout-horizontal","11":"ast-magnify-disabled","12":"ast-product-tabs-layout-horizontal","13":"tm-no-options","15":"first","16":"instock","17":"taxable","18":"shipping-taxable","19":"purchasable","20":"product-type-simple"},"_links":{"self":[{"href":"https:\/\/kiemmi.com\/pl\/wp-json\/wp\/v2\/product\/2684","targetHints":{"allow":["GET"]}}],"collection":[{"href":"https:\/\/kiemmi.com\/pl\/wp-json\/wp\/v2\/product"}],"about":[{"href":"https:\/\/kiemmi.com\/pl\/wp-json\/wp\/v2\/types\/product"}],"version-history":[{"count":0,"href":"https:\/\/kiemmi.com\/pl\/wp-json\/wp\/v2\/product\/2684\/revisions"}],"wp:featuredmedia":[{"embeddable":true,"href":"https:\/\/kiemmi.com\/pl\/wp-json\/wp\/v2\/media\/8258"}],"wp:attachment":[{"href":"https:\/\/kiemmi.com\/pl\/wp-json\/wp\/v2\/media?parent=2684"}],"wp:term":[{"taxonomy":"product_brand","embeddable":true,"href":"https:\/\/kiemmi.com\/pl\/wp-json\/wp\/v2\/product_brand?post=2684"},{"taxonomy":"product_cat","embeddable":true,"href":"https:\/\/kiemmi.com\/pl\/wp-json\/wp\/v2\/product_cat?post=2684"},{"taxonomy":"product_tag","embeddable":true,"href":"https:\/\/kiemmi.com\/pl\/wp-json\/wp\/v2\/product_tag?post=2684"}],"curies":[{"name":"wp","href":"https:\/\/api.w.org\/{rel}","templated":true}]}}