{"id":2567,"date":"2021-07-22T21:42:18","date_gmt":"2021-07-22T21:42:18","guid":{"rendered":"https:\/\/www.tks3d.com\/?post_type=product&#038;p=2567"},"modified":"2023-03-07T15:37:46","modified_gmt":"2023-03-07T15:37:46","slug":"spersonalizowana-prostokatna-drewniana-etykieta-1","status":"publish","type":"product","link":"https:\/\/kiemmi.com\/pl\/shop\/etiquetas-madera\/etiqueta-madera-personalizada-rectangulo-1\/","title":{"rendered":"Spersonalizowana drewniana etykieta prostok\u0105tna 1"},"content":{"rendered":"<p>Drewniane etykiety wycinane i grawerowane laserowo, idealne do produkt\u00f3w r\u0119kodzielniczych lub DIY (Zr\u00f3b to sam).<\/p>\n<p>Nadaj swoim produktom wyr\u00f3\u017cnienie, na jakie zas\u0142uguj\u0105.<\/p>\n<p>W pe\u0142ni konfigurowalne etykiety z Twoim projektem, umie\u015b\u0107 \u017c\u0105dany tekst, kszta\u0142ty, tak aby by\u0142y ca\u0142kowicie ekskluzywne.<\/p>\n<p><em><strong>Wymiary:<\/strong><\/em><\/p>\n<ul>\n<li>Wysoko\u015b\u0107: 1,5 mm<\/li>\n<\/ul>\n<p><img decoding=\"async\" class=\"alignnone size-full wp-image-2577\" src=\"https:\/\/kiemmi.com\/wp-content\/uploads\/2021\/07\/Etiqueta-de-madera-Rectangulo-1-Dimensiones.png\" alt=\"\" width=\"270\" height=\"210\" srcset=\"https:\/\/kiemmi.com\/wp-content\/uploads\/2021\/07\/Etiqueta-de-madera-Rectangulo-1-Dimensiones.png 270w, https:\/\/kiemmi.com\/wp-content\/uploads\/2021\/07\/Etiqueta-de-madera-Rectangulo-1-Dimensiones-64x50.png 64w\" sizes=\"(max-width: 270px) 100vw, 270px\" \/><\/p>\n<p><em><strong>Tworzywo:<\/strong><\/em><\/p>\n<ul>\n<li>Sklejka<\/li>\n<\/ul>\n<p><em><strong>Wysy\u0142ka:<\/strong><\/em><\/p>\n<ul>\n<li>Poniewa\u017c jest to produkt, kt\u00f3ry mo\u017cna dostosowa\u0107 do indywidualnych potrzeb, realizacja zam\u00f3wienia zajmie od 2 do 4 dni, w zale\u017cno\u015bci od naszego obci\u0105\u017cenia prac\u0105. Je\u015bli potrzebujesz pilnie zam\u00f3wienia, skontaktuj si\u0119 z nami.<\/li>\n<\/ul>","protected":false},"excerpt":{"rendered":"<p>Minimalne zam\u00f3wienie 10 etykiet.<\/p>\n<p>&nbsp;<\/p>","protected":false},"featured_media":4063,"template":"","meta":{"_seopress_robots_primary_cat":"0","_seopress_titles_title":"Etiqueta de madera personalizada con bordes redondeados","_seopress_titles_desc":"Etiquetas de madera personalizadas con tu dise\u00f1o. Ideal para destacar tu productos hechos a mano. La etiqueta perfecta para productos artesanales.","_seopress_robots_index":"","_seopress_analysis_target_kw":"","site-sidebar-layout":"default","site-content-layout":"","ast-site-content-layout":"default","site-content-style":"default","site-sidebar-style":"default","ast-global-header-display":"","ast-banner-title-visibility":"","ast-main-header-display":"","ast-hfb-above-header-display":"","ast-hfb-below-header-display":"","ast-hfb-mobile-header-display":"","site-post-title":"","ast-breadcrumbs-content":"","ast-featured-img":"","footer-sml-layout":"","ast-disable-related-posts":"","theme-transparent-header-meta":"","adv-header-id-meta":"","stick-header-meta":"","header-above-stick-meta":"","header-main-stick-meta":"","header-below-stick-meta":"","astra-migrate-meta-layouts":"default","ast-page-background-enabled":"default","ast-page-background-meta":{"desktop":{"background-color":"","background-image":"","background-repeat":"repeat","background-position":"center center","background-size":"auto","background-attachment":"scroll","background-type":"","background-media":"","overlay-type":"","overlay-color":"","overlay-opacity":"","overlay-gradient":""},"tablet":{"background-color":"","background-image":"","background-repeat":"repeat","background-position":"center center","background-size":"auto","background-attachment":"scroll","background-type":"","background-media":"","overlay-type":"","overlay-color":"","overlay-opacity":"","overlay-gradient":""},"mobile":{"background-color":"","background-image":"","background-repeat":"repeat","background-position":"center center","background-size":"auto","background-attachment":"scroll","background-type":"","background-media":"","overlay-type":"","overlay-color":"","overlay-opacity":"","overlay-gradient":""}},"ast-content-background-meta":{"desktop":{"background-color":"var(--ast-global-color-5)","background-image":"","background-repeat":"repeat","background-position":"center center","background-size":"auto","background-attachment":"scroll","background-type":"","background-media":"","overlay-type":"","overlay-color":"","overlay-opacity":"","overlay-gradient":""},"tablet":{"background-color":"var(--ast-global-color-5)","background-image":"","background-repeat":"repeat","background-position":"center center","background-size":"auto","background-attachment":"scroll","background-type":"","background-media":"","overlay-type":"","overlay-color":"","overlay-opacity":"","overlay-gradient":""},"mobile":{"background-color":"var(--ast-global-color-5)","background-image":"","background-repeat":"repeat","background-position":"center center","background-size":"auto","background-attachment":"scroll","background-type":"","background-media":"","overlay-type":"","overlay-color":"","overlay-opacity":"","overlay-gradient":""}}},"product_brand":[],"product_cat":[28],"product_tag":[],"class_list":{"0":"post-2567","1":"product","2":"type-product","3":"status-publish","4":"has-post-thumbnail","6":"product_cat-etiquetas-madera","7":"desktop-align-center","8":"tablet-align-left","9":"mobile-align-center","10":"ast-product-gallery-layout-horizontal","11":"ast-magnify-disabled","12":"ast-product-tabs-layout-horizontal","13":"tm-no-options","15":"first","16":"instock","17":"taxable","18":"shipping-taxable","19":"purchasable","20":"product-type-simple"},"_links":{"self":[{"href":"https:\/\/kiemmi.com\/pl\/wp-json\/wp\/v2\/product\/2567","targetHints":{"allow":["GET"]}}],"collection":[{"href":"https:\/\/kiemmi.com\/pl\/wp-json\/wp\/v2\/product"}],"about":[{"href":"https:\/\/kiemmi.com\/pl\/wp-json\/wp\/v2\/types\/product"}],"version-history":[{"count":0,"href":"https:\/\/kiemmi.com\/pl\/wp-json\/wp\/v2\/product\/2567\/revisions"}],"wp:featuredmedia":[{"embeddable":true,"href":"https:\/\/kiemmi.com\/pl\/wp-json\/wp\/v2\/media\/4063"}],"wp:attachment":[{"href":"https:\/\/kiemmi.com\/pl\/wp-json\/wp\/v2\/media?parent=2567"}],"wp:term":[{"taxonomy":"product_brand","embeddable":true,"href":"https:\/\/kiemmi.com\/pl\/wp-json\/wp\/v2\/product_brand?post=2567"},{"taxonomy":"product_cat","embeddable":true,"href":"https:\/\/kiemmi.com\/pl\/wp-json\/wp\/v2\/product_cat?post=2567"},{"taxonomy":"product_tag","embeddable":true,"href":"https:\/\/kiemmi.com\/pl\/wp-json\/wp\/v2\/product_tag?post=2567"}],"curies":[{"name":"wp","href":"https:\/\/api.w.org\/{rel}","templated":true}]}}