{"id":16237,"date":"2025-04-16T20:27:45","date_gmt":"2025-04-16T20:27:45","guid":{"rendered":"https:\/\/kiemmi.com\/?post_type=product&#038;p=16237"},"modified":"2025-05-28T19:31:39","modified_gmt":"2025-05-28T19:31:39","slug":"personalizowany-otwieracz-do-butelek-z-drewna-z-odciskiem-lapy-ekologiczny-prezent-dla-milosnikow-zwierzat","status":"publish","type":"product","link":"https:\/\/kiemmi.com\/pl\/shop\/mascotas\/abrebotellas-de-madera-con-forma-de-huella-personalizada-regalo-ecologico-para-amantes-de-mascotas\/","title":{"rendered":"Personalizowany otwieracz do butelek z drewna z odciskiem \u0142apy \u2013 ekologiczny prezent dla mi\u0142o\u015bnik\u00f3w zwierz\u0105t"},"content":{"rendered":"<p>Szukasz oryginalnego, ekologicznego i spersonalizowanego prezentu dla mi\u0142o\u015bnika zwierz\u0105t? Nasz <strong>r\u0119cznie robiony otwieracz do butelek w kszta\u0142cie \u0142apy zwierzaka<\/strong> jest idealn\u0105 opcj\u0105. R\u0119cznie wykonany z drewna sosnowego i spersonalizowany imieniem Twojego psa lub kota, ten przedmiot \u0142\u0105czy w sobie funkcjonalno\u015b\u0107, design i trosk\u0119 o zwierz\u0119ta.<\/p>\n<p>Ka\u017cdy element jest starannie wykonany i wyko\u0144czony mieszank\u0105 naturalnych, barwionych olej\u00f3w i wosk\u00f3w, kt\u00f3re s\u0105 ca\u0142kowicie przyjazne dla \u015brodowiska i nietoksyczne. Mo\u017cna wybiera\u0107 spo\u015br\u00f3d wielu rodzaj\u00f3w bejcy, kt\u00f3re podkre\u015blaj\u0105 pi\u0119kno drewna i sprawiaj\u0105, \u017ce ka\u017cdy otwieracz do butelek jest niepowtarzalny.<\/p>\n<p>Ponadto zawiera: <strong>dwa zintegrowane magnesy neodymowe<\/strong> z ty\u0142u, co pozwala na \u0142atwe przymocowanie go do metalowych powierzchni, np. lod\u00f3wki lub blatu kuchennego, dzi\u0119ki czemu jest zawsze pod r\u0119k\u0105 i stanowi dekoracyjny akcent.<\/p>\n<p>Ergonomiczny kszta\u0142t sprawia, \u017ce urz\u0105dzenie wygodnie le\u017cy w d\u0142oni, dzi\u0119ki czemu jest praktycznym i stylowym dodatkiem.<\/p>\n<p>Idealny na rocznice lub po prostu jako wyj\u0105tkowy prezent dla kogo\u015b, kto dzieli \u017cycie ze zwierz\u0119ciem.<\/p>\n<h3>\u2728 G\u0142\u00f3wne cechy:<\/h3>\n<p>\ud83d\udc3e <strong>Ekskluzywny projekt<\/strong> w kszta\u0142cie odcisku \u0142apy psa lub kota<br \/>\n\ud83d\udd24 <strong>Mo\u017cliwo\u015b\u0107 dostosowania<\/strong> z imieniem Twojego pupila<br \/>\n\ud83c\udf32 <strong>Naturalne drewno sosnowe<\/strong> pozyskiwane w spos\u00f3b zr\u00f3wnowa\u017cony<br \/>\n\ud83d\udcd0 <strong>Wymiary: <\/strong>\u00a07,5 cm szeroko\u015bci \u2013 6,6 cm wysoko\u015bci \u2013 1,8 cm grubo\u015bci<br \/>\n\ud83c\udfa8 <strong>R\u00f3\u017cne odcienie barwienia<\/strong> wybra\u0107 wed\u0142ug swojego stylu<br \/>\n\ud83c\udf43 <strong>Wyko\u0144czenie przyjazne dla \u015brodowiska i nietoksyczne<\/strong>, z naturalnymi olejami i woskami<br \/>\n\ud83e\uddf2 <strong>Zawiera 2 magnesy neodymowe<\/strong>, aby przymocowa\u0107 go do powierzchni metalowych<br \/>\n\ud83d\udd90\ufe0f <strong>Wygodny i ergonomiczny<\/strong>, idealnie le\u017cy w d\u0142oni<br \/>\n\ud83c\udf81 <strong>Idealny na prezent<\/strong> dla mi\u0142o\u015bnik\u00f3w zwierz\u0105t<br \/>\n\ud83c\uddea\ud83c\uddf8 <strong>Wykonane r\u0119cznie w Hiszpanii<\/strong> z mi\u0142o\u015bci\u0105 i oddaniem<\/p>\n<p>Dzi\u0119ki temu spersonalizowanemu otwieraczowi do butelek b\u0119dziesz pami\u0119ta\u0107 o swoim wiernym, futrzanym towarzyszu.<br \/>\nZ\u0142\u00f3\u017c zam\u00f3wienie ju\u017c dzi\u015b i stw\u00f3rz wyj\u0105tkow\u0105 i funkcjonaln\u0105 pami\u0105tk\u0119!<\/p>","protected":false},"excerpt":{"rendered":"<p>R\u0119cznie wykonany otwieracz do butelek w kszta\u0142cie odcisku \u0142apy psa lub kota, z mo\u017cliwo\u015bci\u0105 umieszczenia imienia Twojego pupila. Wykonane z drewna sosnowego, wyko\u0144czone ekologicznie. Oryginalny i funkcjonalny prezent!<\/p>","protected":false},"featured_media":16241,"template":"","meta":{"_seopress_robots_primary_cat":"none","_seopress_titles_title":"Regalo original: Abrebotellas personalizable y ecol\u00f3gico","_seopress_titles_desc":"Regala un abrebotellas ecol\u00f3gico y personalizado en forma de huella, fabricado a mano en Espa\u00f1a. \u00a1Funcional, \u00fanico y con estilo!","_seopress_robots_index":"","site-sidebar-layout":"default","site-content-layout":"","ast-site-content-layout":"default","site-content-style":"default","site-sidebar-style":"default","ast-global-header-display":"","ast-banner-title-visibility":"","ast-main-header-display":"","ast-hfb-above-header-display":"","ast-hfb-below-header-display":"","ast-hfb-mobile-header-display":"","site-post-title":"","ast-breadcrumbs-content":"","ast-featured-img":"","footer-sml-layout":"","ast-disable-related-posts":"","theme-transparent-header-meta":"default","adv-header-id-meta":"","stick-header-meta":"default","header-above-stick-meta":"","header-main-stick-meta":"","header-below-stick-meta":"","astra-migrate-meta-layouts":"set","ast-page-background-enabled":"default","ast-page-background-meta":{"desktop":{"background-color":"","background-image":"","background-repeat":"repeat","background-position":"center center","background-size":"auto","background-attachment":"scroll","background-type":"","background-media":"","overlay-type":"","overlay-color":"","overlay-opacity":"","overlay-gradient":""},"tablet":{"background-color":"","background-image":"","background-repeat":"repeat","background-position":"center center","background-size":"auto","background-attachment":"scroll","background-type":"","background-media":"","overlay-type":"","overlay-color":"","overlay-opacity":"","overlay-gradient":""},"mobile":{"background-color":"","background-image":"","background-repeat":"repeat","background-position":"center center","background-size":"auto","background-attachment":"scroll","background-type":"","background-media":"","overlay-type":"","overlay-color":"","overlay-opacity":"","overlay-gradient":""}},"ast-content-background-meta":{"desktop":{"background-color":"var(--ast-global-color-5)","background-image":"","background-repeat":"repeat","background-position":"center center","background-size":"auto","background-attachment":"scroll","background-type":"","background-media":"","overlay-type":"","overlay-color":"","overlay-opacity":"","overlay-gradient":""},"tablet":{"background-color":"var(--ast-global-color-5)","background-image":"","background-repeat":"repeat","background-position":"center center","background-size":"auto","background-attachment":"scroll","background-type":"","background-media":"","overlay-type":"","overlay-color":"","overlay-opacity":"","overlay-gradient":""},"mobile":{"background-color":"var(--ast-global-color-5)","background-image":"","background-repeat":"repeat","background-position":"center center","background-size":"auto","background-attachment":"scroll","background-type":"","background-media":"","overlay-type":"","overlay-color":"","overlay-opacity":"","overlay-gradient":""}}},"product_brand":[],"product_cat":[87,49],"product_tag":[],"class_list":{"0":"post-16237","1":"product","2":"type-product","3":"status-publish","4":"has-post-thumbnail","6":"product_cat-mascotas","7":"product_cat-regalos-originales","8":"desktop-align-center","9":"tablet-align-left","10":"mobile-align-center","11":"ast-product-gallery-layout-horizontal","12":"ast-magnify-disabled","13":"ast-product-tabs-layout-horizontal","14":"tm-has-options","16":"first","17":"instock","18":"taxable","19":"shipping-taxable","20":"purchasable","21":"product-type-simple"},"_links":{"self":[{"href":"https:\/\/kiemmi.com\/pl\/wp-json\/wp\/v2\/product\/16237","targetHints":{"allow":["GET"]}}],"collection":[{"href":"https:\/\/kiemmi.com\/pl\/wp-json\/wp\/v2\/product"}],"about":[{"href":"https:\/\/kiemmi.com\/pl\/wp-json\/wp\/v2\/types\/product"}],"version-history":[{"count":0,"href":"https:\/\/kiemmi.com\/pl\/wp-json\/wp\/v2\/product\/16237\/revisions"}],"wp:featuredmedia":[{"embeddable":true,"href":"https:\/\/kiemmi.com\/pl\/wp-json\/wp\/v2\/media\/16241"}],"wp:attachment":[{"href":"https:\/\/kiemmi.com\/pl\/wp-json\/wp\/v2\/media?parent=16237"}],"wp:term":[{"taxonomy":"product_brand","embeddable":true,"href":"https:\/\/kiemmi.com\/pl\/wp-json\/wp\/v2\/product_brand?post=16237"},{"taxonomy":"product_cat","embeddable":true,"href":"https:\/\/kiemmi.com\/pl\/wp-json\/wp\/v2\/product_cat?post=16237"},{"taxonomy":"product_tag","embeddable":true,"href":"https:\/\/kiemmi.com\/pl\/wp-json\/wp\/v2\/product_tag?post=16237"}],"curies":[{"name":"wp","href":"https:\/\/api.w.org\/{rel}","templated":true}]}}