{"id":12248,"date":"2024-12-24T00:56:08","date_gmt":"2024-12-24T00:56:08","guid":{"rendered":"https:\/\/kiemmi.com\/?post_type=product&#038;p=12248"},"modified":"2025-09-12T10:57:05","modified_gmt":"2025-09-12T10:57:05","slug":"drewniana-figurka-3d-w-ksztalcie-owczarka-niemieckiego","status":"publish","type":"product","link":"https:\/\/kiemmi.com\/pl\/shop\/decoracion-del-hogar\/figura-3d-de-madera-en-forma-de-pastor-aleman\/","title":{"rendered":"Drewniana figurka 3D w kszta\u0142cie owczarka niemieckiego"},"content":{"rendered":"<p>Odmie\u0144 sw\u00f3j dom dzi\u0119ki temu <strong>Drewniana figurka 3D w kszta\u0142cie owczarka niemieckiego<\/strong>, wyj\u0105tkowy element dekoracyjny, kt\u00f3ry wnosi elegancj\u0119 i odrobin\u0119 natury do ka\u017cdej przestrzeni. Jego skrupulatny i rzemie\u015blniczy projekt oddaje istot\u0119 tej rasy ps\u00f3w w tr\u00f3jwymiarowym formacie, idealnym dla mi\u0142o\u015bnik\u00f3w zwierz\u0105t i spersonalizowanej dekoracji. Dodatkowo mo\u017cesz doda\u0107 wygrawerowan\u0105 laserowo wiadomo\u015b\u0107, dzi\u0119ki czemu b\u0119dzie to niezapomniany i znacz\u0105cy prezent. Idealny do umieszczenia na stole, p\u00f3\u0142ce lub meblu <strong>Rze\u017aba 3D<\/strong> To nie tylko element dekoracyjny, ale tak\u017ce spersonalizowane dzie\u0142o sztuki, kt\u00f3re b\u0119dzie odzwierciedla\u0107 Tw\u00f3j styl i osobowo\u015b\u0107.<\/p>\n<p><strong>Charakterystyka:<\/strong><\/p>\n<p>\ud83d\udc3e <strong>Szczeg\u00f3\u0142owy i realistyczny projekt<\/strong>: Ka\u017cdy <strong>Drewniana figura 3D<\/strong> Jest precyzyjnie wyrze\u017abiony, aby uchwyci\u0107 pi\u0119kno i charakter owczarka niemieckiego, co czyni go wyj\u0105tkowym dzie\u0142em sztuki.<\/p>\n<p>\ud83c\udfa8 <strong>Personalizacja za pomoc\u0105 graweru laserowego<\/strong>: Mo\u017cesz w ten spos\u00f3b doda\u0107 spersonalizowan\u0105 wiadomo\u015b\u0107 lub nazw\u0119 za pomoc\u0105 graweru laserowego <strong>statuetka<\/strong> by\u0107 jeszcze bardziej wyj\u0105tkowym i niepowtarzalnym.<\/p>\n<p>\ud83c\udf32 <strong>Wysokiej jako\u015bci materia\u0142<\/strong>: Wykonany z wysokiej jako\u015bci drewna, ten element jest wytrzyma\u0142y, trwa\u0142y i ma nienaganne wyko\u0144czenie, kt\u00f3re gwarantuje d\u0142ug\u0105 \u017cywotno\u015b\u0107.<\/p>\n<p>\ud83c\udfe0 <strong>Wszechstronna dekoracja<\/strong>: Idealny do umieszczenia w dowolnym miejscu w domu, czy to na stole, p\u00f3\u0142ce czy meblu, zapewniaj\u0105c elegancki i naturalny akcent Twojej dekoracji.<\/p>\n<p>\ud83c\udf81 <strong>idealny prezent<\/strong>: <strong>posta\u0107<\/strong> Jest to idealny prezent dla mi\u0142o\u015bnik\u00f3w ps\u00f3w lub jako spersonalizowany prezent na specjalne okazje, takie jak urodziny, rocznice czy uroczysto\u015bci.<\/p>","protected":false},"excerpt":{"rendered":"<p>Ten <strong>Drewniana figura 3D<\/strong> w kszta\u0142cie owczarka niemieckiego to wyj\u0105tkowy i szczeg\u00f3\u0142owy element dekoracyjny, idealny dla mi\u0142o\u015bnik\u00f3w ps\u00f3w. Mo\u017cesz spersonalizowa\u0107 go za pomoc\u0105 grawerowanej laserowo wiadomo\u015bci, dzi\u0119ki czemu b\u0119dzie to wyj\u0105tkowy i znacz\u0105cy prezent. Jego skrupulatny projekt oddaje istot\u0119 owczarka niemieckiego, dodaj\u0105c elegancji ka\u017cdej przestrzeni. Wykonany z wysokiej jako\u015bci drewna, jest mocny i trwa\u0142y. Idealny do umieszczenia na stole, meblu lub p\u00f3\u0142ce <strong>Rze\u017aba 3D<\/strong> zmienia ka\u017cde otoczenie dzi\u0119ki naturalnemu i spersonalizowanemu dotykowi.<\/p>","protected":false},"featured_media":12253,"template":"","meta":{"_seopress_robots_primary_cat":"none","_seopress_titles_title":"Figura 3D de Pastor Alem\u00e1n de madera: Elegancia y Personalizaci\u00f3n","_seopress_titles_desc":"A\u00f1ade elegancia y un toque natural con nuestra figura 3D de pastor alem\u00e1n. Personal\u00edzala con grabado l\u00e1ser. Ideal para amantes de perros y decoraci\u00f3n.","_seopress_robots_index":"","_seopress_analysis_target_kw":"","site-sidebar-layout":"default","site-content-layout":"","ast-site-content-layout":"default","site-content-style":"default","site-sidebar-style":"default","ast-global-header-display":"","ast-banner-title-visibility":"","ast-main-header-display":"","ast-hfb-above-header-display":"","ast-hfb-below-header-display":"","ast-hfb-mobile-header-display":"","site-post-title":"","ast-breadcrumbs-content":"","ast-featured-img":"","footer-sml-layout":"","ast-disable-related-posts":"","theme-transparent-header-meta":"default","adv-header-id-meta":"","stick-header-meta":"default","header-above-stick-meta":"","header-main-stick-meta":"","header-below-stick-meta":"","astra-migrate-meta-layouts":"set","ast-page-background-enabled":"default","ast-page-background-meta":{"desktop":{"background-color":"","background-image":"","background-repeat":"repeat","background-position":"center center","background-size":"auto","background-attachment":"scroll","background-type":"","background-media":"","overlay-type":"","overlay-color":"","overlay-opacity":"","overlay-gradient":""},"tablet":{"background-color":"","background-image":"","background-repeat":"repeat","background-position":"center center","background-size":"auto","background-attachment":"scroll","background-type":"","background-media":"","overlay-type":"","overlay-color":"","overlay-opacity":"","overlay-gradient":""},"mobile":{"background-color":"","background-image":"","background-repeat":"repeat","background-position":"center center","background-size":"auto","background-attachment":"scroll","background-type":"","background-media":"","overlay-type":"","overlay-color":"","overlay-opacity":"","overlay-gradient":""}},"ast-content-background-meta":{"desktop":{"background-color":"var(--ast-global-color-5)","background-image":"","background-repeat":"repeat","background-position":"center center","background-size":"auto","background-attachment":"scroll","background-type":"","background-media":"","overlay-type":"","overlay-color":"","overlay-opacity":"","overlay-gradient":""},"tablet":{"background-color":"var(--ast-global-color-5)","background-image":"","background-repeat":"repeat","background-position":"center center","background-size":"auto","background-attachment":"scroll","background-type":"","background-media":"","overlay-type":"","overlay-color":"","overlay-opacity":"","overlay-gradient":""},"mobile":{"background-color":"var(--ast-global-color-5)","background-image":"","background-repeat":"repeat","background-position":"center center","background-size":"auto","background-attachment":"scroll","background-type":"","background-media":"","overlay-type":"","overlay-color":"","overlay-opacity":"","overlay-gradient":""}}},"product_brand":[],"product_cat":[51,87],"product_tag":[],"class_list":{"0":"post-12248","1":"product","2":"type-product","3":"status-publish","4":"has-post-thumbnail","6":"product_cat-decoracion-del-hogar","7":"product_cat-mascotas","8":"desktop-align-center","9":"tablet-align-left","10":"mobile-align-center","11":"ast-product-gallery-layout-horizontal","12":"ast-magnify-disabled","13":"ast-product-tabs-layout-horizontal","14":"tm-has-options","16":"first","17":"instock","18":"taxable","19":"shipping-taxable","20":"purchasable","21":"product-type-simple"},"_links":{"self":[{"href":"https:\/\/kiemmi.com\/pl\/wp-json\/wp\/v2\/product\/12248","targetHints":{"allow":["GET"]}}],"collection":[{"href":"https:\/\/kiemmi.com\/pl\/wp-json\/wp\/v2\/product"}],"about":[{"href":"https:\/\/kiemmi.com\/pl\/wp-json\/wp\/v2\/types\/product"}],"version-history":[{"count":0,"href":"https:\/\/kiemmi.com\/pl\/wp-json\/wp\/v2\/product\/12248\/revisions"}],"wp:featuredmedia":[{"embeddable":true,"href":"https:\/\/kiemmi.com\/pl\/wp-json\/wp\/v2\/media\/12253"}],"wp:attachment":[{"href":"https:\/\/kiemmi.com\/pl\/wp-json\/wp\/v2\/media?parent=12248"}],"wp:term":[{"taxonomy":"product_brand","embeddable":true,"href":"https:\/\/kiemmi.com\/pl\/wp-json\/wp\/v2\/product_brand?post=12248"},{"taxonomy":"product_cat","embeddable":true,"href":"https:\/\/kiemmi.com\/pl\/wp-json\/wp\/v2\/product_cat?post=12248"},{"taxonomy":"product_tag","embeddable":true,"href":"https:\/\/kiemmi.com\/pl\/wp-json\/wp\/v2\/product_tag?post=12248"}],"curies":[{"name":"wp","href":"https:\/\/api.w.org\/{rel}","templated":true}]}}