{"id":3,"date":"2020-07-24T07:11:47","date_gmt":"2020-07-24T07:11:47","guid":{"rendered":"https:\/\/www.tks3d.com\/?page_id=3"},"modified":"2022-02-19T19:04:53","modified_gmt":"2022-02-19T19:04:53","slug":"polityka-prywatnosci","status":"publish","type":"page","link":"https:\/\/kiemmi.com\/pl\/politica-de-privacidad\/","title":{"rendered":"Polityka prywatno\u015bci"},"content":{"rendered":"<h3 class=\"wp-block-heading\" id=\"reglamento-europeo-de-proteccion-de-datos-rgpd\">Europejskie rozporz\u0105dzenie o ochronie danych (RODO)<\/h3>\n\n\n\n<p>Wyra\u017anie informujemy, \u017ce niniejszy punkt dotyczy wy\u0142\u0105cznie przetwarzania danych, jakie Emmanuel Kielichowski (dalej KIEMMI) b\u0119dzie przeprowadza\u0142 na danych osobowych przekazanych za po\u015brednictwem tej witryny, kt\u00f3re zostan\u0105 w\u0142\u0105czone do plik\u00f3w, kt\u00f3re wska\u017cemy Pa\u0144stwu zgodnie z przepisy obowi\u0105zuj\u0105cego prawodawstwa dotycz\u0105cego ochrony danych osobowych (ROZPORZ\u0104DZENIE PARLAMENTU EUROPEJSKIEGO I RADY (UE) 2016\/679 z dnia 27 kwietnia 2016 r. w sprawie ochrony os\u00f3b fizycznych w zwi\u0105zku z przetwarzaniem danych osobowych i swobodnym przep\u0142ywem tych danych, z wej\u015bciem w \u017cycie z dniem 25 maja 2018 r., dalej RGPD, a tak\u017ce ustawodawstwo hiszpa\u0144skie je rozwijaj\u0105ce).<\/p>\n\n\n\n<h3 class=\"wp-block-heading\" id=\"conceptos\">Koncepcje<\/h3>\n\n\n\n<p>Definicje, kt\u00f3rymi b\u0119dziemy si\u0119 pos\u0142ugiwa\u0107 w niniejszej Polityce Prywatno\u015bci:<\/p>\n\n\n\n<ul class=\"wp-block-list\"><li>KIEMMI: Osoba Emmanuel Kielichowski, kt\u00f3ra jest w\u0142a\u015bcicielem tej witryny.<\/li><li>WEB: Odnosi si\u0119 do tej strony internetowej (www.kiemmi.com).<\/li><li>U\u017bYTKOWNIK INTERNETU: U\u017cytkownik serwisu www.kiemmi.com<\/li><li>KLIENT: U\u017cytkownik, kt\u00f3ry zleci\u0142 us\u0142ugi KIEMMI.<\/li><li>PARTNER: wsp\u00f3\u0142pracownik KIEMMI.<\/li><\/ul>\n\n\n\n<h3 class=\"wp-block-heading\" id=\"responsable-del-tratamiento-de-los-datos-personales\">Odpowiedzialny za przetwarzanie danych osobowych<\/h3>\n\n\n\n<p>W\u0142a\u015bcicielem serwisu www.kiemmi.com jest Emmanuel Kielichowski, z NIE:<\/p>\n\n\n\n<p>Zgodnie z przepisami RODO informujemy, \u017ce podane dane, a tak\u017ce dane pochodz\u0105ce z Twojego przegl\u0105dania, b\u0119d\u0105 traktowane i chronione przez KIEMI jako odpowiedzialn\u0105 za przetwarzanie danych osobowych oraz przetwarzane w celu odpowiedzi na Twoj\u0105 pro\u015bb\u0119 i utrzymania relacji ustalonej w umowie, kt\u00f3r\u0105 podpisujesz lub kt\u00f3r\u0105 z nami podpisa\u0142e\u015b.<\/p>\n\n\n\n<h3 class=\"wp-block-heading\" id=\"principios-que-aplicamos-en-el-tratamiento-de-datos-personales\">Zasady jakie stosujemy przy przetwarzaniu danych osobowych<\/h3>\n\n\n\n<p>Zgodnie z postanowieniami rozdzia\u0142u II RODO oraz kodeksami post\u0119powania przy przetwarzaniu danych osobowych, w naszej firmie i procedurach stosujemy nast\u0119puj\u0105ce zasady przy przetwarzaniu danych osobowych w celu ochrony praw i wolno\u015bci u\u017cytkownik\u00f3w:<\/p>\n\n\n\n<ul class=\"wp-block-list\"><li><strong>Minimalne dane:<\/strong>&nbsp;B\u0119dziemy pozyskiwa\u0107 i przetwarza\u0107 jedynie minimum niezb\u0119dnych danych dla ka\u017cdego celu i kategorii os\u00f3b, kt\u00f3rych przetwarzanie dotyczy.<\/li><li><strong>Legalno\u015b\u0107 i przejrzysto\u015b\u0107:<\/strong> Przetwarzaj\u0105c dane, zawsze mamy legitymacj\u0119 do ich wykorzystania: klient nas zatrudni\u0142, u\u017cytkownik poda\u0142 dane w zak\u0142adce kontakt itp. i we wszystkich przypadkach sformalizowa\u0142 umow\u0119 lub wyrazi\u0142 zgod\u0119. I zawsze w celach wskazanych w tym dokumencie.<\/li><li><strong>Ograniczenie okresu przechowywania:<\/strong>&nbsp;Dane b\u0119dziemy przechowywa\u0107 przez niezb\u0119dny minimalny okres czasu, chyba \u017ce najpierw poprosisz nas o ich anulowanie.<\/li><li><strong>Poufno\u015b\u0107 i integralno\u015b\u0107:<\/strong>&nbsp;Gwarantujemy odpowiednie \u015brodki bezpiecze\u0144stwa danych osobowych i ich poufno\u015b\u0107.<\/li><\/ul>\n\n\n\n<h3 class=\"wp-block-heading\" id=\"veracidad-y-exactitud-de-los-datos-personales-facilitados\">Prawdziwo\u015b\u0107 i dok\u0142adno\u015b\u0107 podanych danych osobowych<\/h3>\n\n\n\n<p>U\u017bYTKOWNIK INTERNETU, KLIENT lub PARTNER, kt\u00f3rego dane b\u0119d\u0105 przetwarzane przez firm\u0119, gwarantuje, \u017ce podane dane s\u0105 prawdziwe i dok\u0142adne.<\/p>\n\n\n\n<p>Je\u017celi przekaza\u0142e\u015b dane osobowe innej osoby, gwarantujesz, \u017ce osoba ta upowa\u017cni\u0142a i wyrazi\u0142a zgod\u0119 na przekazanie nam tych danych oraz \u017ce ponosi odpowiedzialno\u015b\u0107 za wszelk\u0105 odpowiedzialno\u015b\u0107 wynikaj\u0105c\u0105 z wykorzystania i przetwarzania tych danych, je\u017celi nie posiada takich danych dane.<\/p>\n\n\n\n<p>Pami\u0119taj, \u017ce jeste\u015b jedynym \u017ar\u00f3d\u0142em informacji o Twoich danych osobowych, dlatego doceniamy, \u017ce w celu ich ci\u0105g\u0142ej aktualizacji i aktualno\u015bci zgodnie z zasadami rozdzia\u0142u II RODO, prosimy o poinformowanie naszego administratora danych o wszelkich ich odmianach, wysy\u0142aj\u0105c wiadomo\u015b\u0107 e-mail na adres info@kiemmi.com.<\/p>\n\n\n\n<p>W dowolnym momencie osoba, kt\u00f3rej dane dotycz\u0105, mo\u017ce zmodyfikowa\u0107 lub anulowa\u0107 przekazane dane, zgodnie z prawami dost\u0119pu, sprostowania, anulowania, sprzeciwu, ograniczenia i przenoszenia.<\/p>\n\n\n\n<h3 class=\"wp-block-heading\" id=\"menores-de-edad\">Nieletni<\/h3>\n\n\n\n<p>Strona www.kiemmi.com nie jest przeznaczona dla os\u00f3b nieletnich. Wszyscy U\u017bYTKOWNICY INTERNETU, KLIENCI lub PARTNERZY witryny internetowej i oferowanych us\u0142ug musz\u0105 by\u0107 pe\u0142noletni. W takim przypadku umowa pomi\u0119dzy KIEMMI a wspomnianym u\u017cytkownikiem lub klientem b\u0119dzie niewa\u017cna, a w ka\u017cdym przypadku jeste\u015bmy zwolnieni z wszelkiej odpowiedzialno\u015bci, kt\u00f3ra mo\u017ce wynikn\u0105\u0107 z nieprzestrzegania tego wymogu.<\/p>\n\n\n\n<h3 class=\"wp-block-heading\" id=\"encargados-del-tratamiento\">Osoby odpowiedzialne za leczenie<\/h3>\n\n\n\n<p>KIEMMI wymaga wsp\u00f3\u0142pracownik\u00f3w do niekt\u00f3rych us\u0142ug. Je\u017celi w ramach \u015bwiadczenia tych us\u0142ug te inne firmy b\u0119d\u0105 przetwarza\u0107 dane, prawo nazywa je podmiotami przetwarzaj\u0105cymi dane.<\/p>\n\n\n\n<p>Aby \u015bwiadczy\u0107 nasze us\u0142ugi, korzystamy z us\u0142ug podwykonawc\u00f3w zewn\u0119trznych dostawc\u00f3w na terenie UE\/EOG, kt\u00f3rzy spe\u0142niaj\u0105 wszystkie obowi\u0105zki i wszystkie wymagania niniejszej polityki prywatno\u015bci.<\/p>\n\n\n\n<p>Dostawcy ci s\u0105 wymienieni poni\u017cej:<\/p>\n\n\n\n<ul class=\"wp-block-list\"><li>Chmura: Us\u0142uga serwera<\/li><\/ul>\n\n\n\n<p>Dlatego gwarantujemy, \u017ce ci i inni podwykonawcy, z kt\u00f3rych mo\u017cna skorzysta\u0107 w przysz\u0142o\u015bci, spe\u0142niaj\u0105 i b\u0119d\u0105 spe\u0142nia\u0107 wszelkie obowi\u0105zki i wszelkie wymagania niniejszej polityki prywatno\u015bci.<\/p>\n\n\n\n<h3 class=\"wp-block-heading\" id=\"cesion-de-datos\">Transfer danych<\/h3>\n\n\n\n<p>Gwarantujemy, \u017ce nie b\u0119dziemy przekazywa\u0107 wykorzystania Twoich danych podmiotom trzecim w celu przesy\u0142ania Ci reklam, a Twoje dane b\u0119dziemy przekazywa\u0107 wy\u0142\u0105cznie administratorom danych, kt\u00f3rych wskazali\u015bmy w poprzednim punkcie i wy\u0142\u0105cznie w ka\u017cdorazowo wskazanych celach.<\/p>\n\n\n\n<p>Zatem zgodnie z art. 13 ust. 1 ust. a) RODO, KIEMMI nie udost\u0119pnia danych i tym samym nie ma ich odbiorcy.<\/p>\n\n\n\n<h3 class=\"wp-block-heading\" id=\"derechos-en-el-tratamiento-de-datos-personales\">Prawa w przetwarzaniu danych osobowych<\/h3>\n\n\n\n<p>Zgodnie z przepisami RODO, w ka\u017cdej chwili mo\u017cesz skontaktowa\u0107 si\u0119 z KIEMMI, jako administratorem danych, w sekcji <strong>Odpowiedzialny za przetwarzanie danych osobowych<\/strong> niniejszej polityki prywatno\u015bci, aby m\u00f3c skorzysta\u0107 z prawa dost\u0119pu, sprostowania, usuni\u0119cia, sprzeciwu, przenoszenia i wycofania zgody na Twoje dane osobowe zawarte w naszych plikach.<\/p>\n\n\n\n<p>A- Prawo do \u017c\u0105dania dost\u0119pu do danych osobowych: mo\u017cesz zapyta\u0107 nas, czy przetwarzamy Twoje dane, jakie konkretnie dane, sk\u0105d je pozyskali\u015bmy itp. Artyku\u0142 15 RODO.<\/p>\n\n\n\n<p>B- Prawo do \u017c\u0105dania ich sprostowania (je\u017celi s\u0105 nieprawid\u0142owe) lub usuni\u0119cia (gdy dane osobowe nie s\u0105 ju\u017c niezb\u0119dne do cel\u00f3w, dla kt\u00f3rych zosta\u0142y zebrane). Artyku\u0142 16 RODO.<\/p>\n\n\n\n<p>C- Prawo do \u017c\u0105dania ograniczenia lub anulowania Twojego leczenia \u2013 w takim przypadku zostan\u0105 one przez nas zatrzymane wy\u0142\u0105cznie w celu dochodzenia lub obrony roszcze\u0144. Artyku\u0142 17 i 18.<\/p>\n\n\n\n<p>D- Prawo do sprzeciwu wobec przetwarzania: Przestaniemy przetwarza\u0107 dane we wskazany przez Ciebie spos\u00f3b, chyba \u017ce z uzasadnionych powod\u00f3w b\u0119dzie konieczne ich dalsze przetwarzanie. Artyku\u0142 21.<\/p>\n\n\n\n<p>E- Prawo do przenoszenia danych: je\u015bli chcesz, aby Twoje dane by\u0142y przetwarzane przez inn\u0105 firm\u0119, u\u0142atwimy przenoszenie Twoich danych do dowolnej innej firmy, kt\u00f3r\u0105 nam wska\u017cesz, w ustrukturyzowanym, zrozumia\u0142ym i zautomatyzowanym formacie. Artyku\u0142 20.<\/p>\n\n\n\n<p>Prawa te maj\u0105 charakter bardzo osobisty i b\u0119d\u0105 wykonywane przez zainteresowan\u0105 stron\u0119, chyba \u017ce wystarczaj\u0105ce pe\u0142nomocnictwo zostanie udzielone innej osobie. Odpowied\u017a w sprawie skorzystania z kt\u00f3regokolwiek z tych praw zostanie udzielona przez Administratora w terminie dziesi\u0119ciu dni od dnia otrzymania \u017c\u0105dania. Je\u017celi Administrator danych uzna, \u017ce udost\u0119pnienie \u017c\u0105dania jest niew\u0142a\u015bciwe, zostanie on Pa\u0144stwu przekazany z uzasadnieniem i w terminie wskazanym w tej sekcji.<\/p>\n\n\n\n<p>Je\u015bli uznasz, \u017ce jest problem w sposobie, w jaki post\u0119pujemy z Twoimi danymi i nie jeste\u015b usatysfakcjonowany odpowiedzi\u0105 na Twoje \u017c\u0105danie, mo\u017cesz skierowa\u0107 swoj\u0105 skarg\u0119 do Hiszpa\u0144skiej Agencji Ochrony Danych, tej wskazanej w przypadku Hiszpanii . (www.agpd.es). Podobnie mo\u017cesz z\u0142o\u017cy\u0107 skarg\u0119 do w\u0142a\u015bciwego organu s\u0105dowego, je\u015bli uznasz to za stosowne.<\/p>\n\n\n\n<h3 class=\"wp-block-heading\" id=\"tiempo-de-conservacion-de-los-datos\">Czas przechowywania danych<\/h3>\n\n\n\n<p>Zgodnie z obowi\u0105zkiem wskazanym w art. 13 ust. 2 lit. a) RODO, w ka\u017cdym przypadku wskazujemy okresy przechowywania danych osobowych:<\/p>\n\n\n\n<p>Dane osobowe przetwarzane przez KIEMMI b\u0119d\u0105 przechowywane do czasu, a\u017c U\u017bYTKOWNIK INTERNETU, KLIENT lub PARTNER poinformuj\u0105 nas o ch\u0119ci rezygnacji z przetwarzania danych.<\/p>\n\n\n\n<h3 class=\"wp-block-heading\" id=\"secreto-y-seguridad-de-los-datos\">Tajemnica i bezpiecze\u0144stwo danych<\/h3>\n\n\n\n<p>Zgodnie z postanowieniami art. 32 RGPD KIEMMite informuje, \u017ce wdro\u017cy\u0142 niezb\u0119dne techniczne i organizacyjne \u015brodki bezpiecze\u0144stwa, aby unikn\u0105\u0107 wszelkich zagro\u017ce\u0144 zwi\u0105zanych z dzia\u0142alno\u015bci\u0105 i us\u0142ugami prowadzonymi przez sp\u00f3\u0142k\u0119 oraz zagwarantowa\u0107 bezpiecze\u0144stwo swoim u\u017cytkownikom danych osobowych i unikn\u0105\u0107 ich zmiany, utraty oraz nieuprawnionego przetwarzania i\/lub dost\u0119pu, bior\u0105c pod uwag\u0119 stan technologii, charakter przechowywanych danych oraz ryzyko, na jakie s\u0105 one nara\u017cone, niezale\u017cnie od tego, czy wynikaj\u0105 one z dzia\u0142ania. cz\u0142owieka lub \u015brodowiska fizycznego lub naturalnego, stale nadzoruj\u0105c, kontroluj\u0105c i oceniaj\u0105c procesy ustanowione w celu zapewnienia poszanowania prywatno\u015bci Twoich danych. Dane te s\u0105 zbierane od u\u017cytkownika za pomoc\u0105 protoko\u0142u bezpiecze\u0144stwa HTTPS (HyperText Transfer Protocol Secure), kt\u00f3ry umo\u017cliwia przesy\u0142anie danych w spos\u00f3b zaszyfrowany pomi\u0119dzy serwerem serwisu a u\u017cytkownikiem i odwrotnie.<\/p>\n\n\n\n<p>KIEMMI przeprowadzi\u0142o analiz\u0119 ryzyka w przetwarzaniu Danych osobowych i jest w stanie zagwarantowa\u0107 poufno\u015b\u0107, integralno\u015b\u0107, dost\u0119pno\u015b\u0107 i trwa\u0142\u0105 odporno\u015b\u0107 system\u00f3w i us\u0142ug przetwarzania; mo\u017cliwo\u015b\u0107 szybkiego przywr\u00f3cenia dost\u0119pno\u015bci i dost\u0119pu do danych osobowych w przypadku zdarzenia fizycznego lub technicznego; oraz z procesem okresowej weryfikacji, oceny i oceny skuteczno\u015bci \u015brodk\u00f3w technicznych i organizacyjnych zapewniaj\u0105cych bezpiecze\u0144stwo leczenia.<\/p>\n\n\n\n<p>Zgodnie z artyku\u0142ami 33 i 34 RGPD KIEMMI gwarantuje, \u017ce w przypadku najmniejszego naruszenia w systemach, kt\u00f3re mog\u0142oby prowadzi\u0107 do naruszenia bezpiecze\u0144stwa danych osobowych, administrator danych powiadomi Hiszpa\u0144sk\u0105 Agencj\u0119 Ochrony Data i zainteresowane strony, w ci\u0105gu maksymalnie 72 godzin.<\/p>\n\n\n\n<h3 class=\"wp-block-heading\" id=\"hipervinculos\">Hiper\u0142\u0105cza<\/h3>\n\n\n\n<p>Chocia\u017c na naszej stronie internetowej mo\u017cemy umieszcza\u0107 linki do innych witryn, kt\u00f3re nie s\u0105 obs\u0142ugiwane ani kontrolowane przez KIEMMI, nale\u017cy pami\u0119ta\u0107, \u017ce nie mo\u017cemy zagwarantowa\u0107 ani nie ponosimy odpowiedzialno\u015bci za legalno\u015b\u0107, niezawodno\u015b\u0107, u\u017cyteczno\u015b\u0107, prawdziwo\u015b\u0107 i aktualno\u015b\u0107 ich tre\u015bci przed udost\u0119pnieniem swoje dane osobowe na stronach internetowych innych ni\u017c KIEMMI, prosimy o zapoznanie si\u0119 z ich praktykami dotycz\u0105cymi prywatno\u015bci i miej \u015bwiadomo\u015b\u0107, \u017ce mog\u0105 si\u0119 one r\u00f3\u017cni\u0107 od naszych.<\/p>\n\n\n\n<h3 class=\"wp-block-heading\" id=\"usuarios-y-accesos-restringidos\">U\u017cytkownicy i ograniczony dost\u0119p<\/h3>\n\n\n\n<p>Aby wej\u015b\u0107 do obszar\u00f3w o ograniczonym dost\u0119pie, u\u017cytkownicy musz\u0105 posiada\u0107 odpowiednie kody dost\u0119pu.<br>KIEMMI zastrzega sobie prawo do swobodnego przyj\u0119cia lub odrzucenia wniosku rejestracyjnego dowolnego u\u017cytkownika. Dane wprowadzane przez u\u017cytkownik\u00f3w musz\u0105 by\u0107 dok\u0142adne, aktualne i zgodne z prawd\u0105 oraz b\u0119d\u0105 przetwarzane i traktowane zgodnie z obowi\u0105zuj\u0105cymi przepisami dotycz\u0105cymi ochrony danych osobowych.<\/p>\n\n\n\n<p>U\u017cytkownicy b\u0119d\u0105 we wszystkich przypadkach odpowiedzialni za przechowywanie swoich kod\u00f3w dost\u0119pu, wi\u0119c ponosz\u0105 wy\u0142\u0105czn\u0105 odpowiedzialno\u015b\u0107 za wszelkie szkody, kt\u00f3re mog\u0105 wynikn\u0105\u0107 z niew\u0142a\u015bciwego ich u\u017cycia, a tak\u017ce z jego utraty lub innych okoliczno\u015bci, kt\u00f3re mog\u0105 wynikn\u0105\u0107 ryzyko dost\u0119pu i wykorzystania przez nieuprawnione osoby trzecie. U\u017cytkownicy musz\u0105 niezw\u0142ocznie powiadomi\u0107 adres kontaktowy KIEMMI, aby\u015bmy mogli przyst\u0105pi\u0107 do ich blokowania i wymiany.<\/p>\n\n\n\n<h3 class=\"wp-block-heading\" id=\"cambios-en-la-politica-de-privacidad\">Zmiany w polityce prywatno\u015bci<\/h3>\n\n\n\n<p>KIEMMI zastrzega sobie prawo do modyfikacji swojej Polityki Prywatno\u015bci, wed\u0142ug w\u0142asnych kryteri\u00f3w lub ze wzgl\u0119du na zmian\u0119 legislacyjn\u0105, orzecznicz\u0105 lub doktrynaln\u0105 Hiszpa\u0144skiej Agencji Ochrony Danych. Wszelkie modyfikacje Polityki prywatno\u015bci zostan\u0105 odnotowane na naszej stronie.<\/p>","protected":false},"excerpt":{"rendered":"<p>Reglamento europeo de protecci\u00f3n de datos (RGPD) Te informamos expresamente de que este apartado est\u00e1 dirigido exclusivamente al tratamiento de datos que Emmanuel Kielichowski (en adelante KIEMMI) realizar\u00e1 sobre los datos personales facilitados por medio de la presente web, que se incorporar\u00e1n a los archivos que te indicaremos de conformidad con lo establecido en la [&hellip;]<\/p>\n","protected":false},"author":1,"featured_media":0,"parent":0,"menu_order":0,"comment_status":"closed","ping_status":"closed","template":"","meta":{"_seopress_robots_primary_cat":"0","_seopress_titles_title":"","_seopress_titles_desc":"","_seopress_robots_index":"","_seopress_analysis_target_kw":"","site-sidebar-layout":"default","site-content-layout":"","ast-site-content-layout":"default","site-content-style":"default","site-sidebar-style":"default","ast-global-header-display":"","ast-banner-title-visibility":"","ast-main-header-display":"","ast-hfb-above-header-display":"","ast-hfb-below-header-display":"","ast-hfb-mobile-header-display":"","site-post-title":"","ast-breadcrumbs-content":"","ast-featured-img":"","footer-sml-layout":"","ast-disable-related-posts":"","theme-transparent-header-meta":"","adv-header-id-meta":"","stick-header-meta":"","header-above-stick-meta":"","header-main-stick-meta":"","header-below-stick-meta":"","astra-migrate-meta-layouts":"default","ast-page-background-enabled":"default","ast-page-background-meta":{"desktop":{"background-color":"","background-image":"","background-repeat":"repeat","background-position":"center center","background-size":"auto","background-attachment":"scroll","background-type":"","background-media":"","overlay-type":"","overlay-color":"","overlay-opacity":"","overlay-gradient":""},"tablet":{"background-color":"","background-image":"","background-repeat":"repeat","background-position":"center center","background-size":"auto","background-attachment":"scroll","background-type":"","background-media":"","overlay-type":"","overlay-color":"","overlay-opacity":"","overlay-gradient":""},"mobile":{"background-color":"","background-image":"","background-repeat":"repeat","background-position":"center center","background-size":"auto","background-attachment":"scroll","background-type":"","background-media":"","overlay-type":"","overlay-color":"","overlay-opacity":"","overlay-gradient":""}},"ast-content-background-meta":{"desktop":{"background-color":"var(--ast-global-color-5)","background-image":"","background-repeat":"repeat","background-position":"center center","background-size":"auto","background-attachment":"scroll","background-type":"","background-media":"","overlay-type":"","overlay-color":"","overlay-opacity":"","overlay-gradient":""},"tablet":{"background-color":"var(--ast-global-color-5)","background-image":"","background-repeat":"repeat","background-position":"center center","background-size":"auto","background-attachment":"scroll","background-type":"","background-media":"","overlay-type":"","overlay-color":"","overlay-opacity":"","overlay-gradient":""},"mobile":{"background-color":"var(--ast-global-color-5)","background-image":"","background-repeat":"repeat","background-position":"center center","background-size":"auto","background-attachment":"scroll","background-type":"","background-media":"","overlay-type":"","overlay-color":"","overlay-opacity":"","overlay-gradient":""}},"footnotes":""},"class_list":["post-3","page","type-page","status-publish","hentry"],"_links":{"self":[{"href":"https:\/\/kiemmi.com\/pl\/wp-json\/wp\/v2\/pages\/3","targetHints":{"allow":["GET"]}}],"collection":[{"href":"https:\/\/kiemmi.com\/pl\/wp-json\/wp\/v2\/pages"}],"about":[{"href":"https:\/\/kiemmi.com\/pl\/wp-json\/wp\/v2\/types\/page"}],"author":[{"embeddable":true,"href":"https:\/\/kiemmi.com\/pl\/wp-json\/wp\/v2\/users\/1"}],"replies":[{"embeddable":true,"href":"https:\/\/kiemmi.com\/pl\/wp-json\/wp\/v2\/comments?post=3"}],"version-history":[{"count":0,"href":"https:\/\/kiemmi.com\/pl\/wp-json\/wp\/v2\/pages\/3\/revisions"}],"wp:attachment":[{"href":"https:\/\/kiemmi.com\/pl\/wp-json\/wp\/v2\/media?parent=3"}],"curies":[{"name":"wp","href":"https:\/\/api.w.org\/{rel}","templated":true}]}}