{"id":2743,"date":"2021-08-18T06:52:10","date_gmt":"2021-08-18T06:52:10","guid":{"rendered":"https:\/\/www.tks3d.com\/?page_id=2743"},"modified":"2022-02-19T20:19:44","modified_gmt":"2022-02-19T20:19:44","slug":"ogolne-warunki-uzytkowania-i-sprzedazy","status":"publish","type":"page","link":"https:\/\/kiemmi.com\/pl\/condiciones-generales-de-uso-y-venta\/","title":{"rendered":"Og\u00f3lne Warunki U\u017cytkowania i Sprzeda\u017cy"},"content":{"rendered":"<h3 class=\"wp-block-heading\" id=\"1-datos-identificativos-de-camaloon\">1. Dane identyfikacyjne KIEMMI<\/h3>\n\n\n\n<p>Us\u0142ugodawc\u0105 serwisu internetowego jest Emmanuel Kielichowski (dalej \u201eKiemmi\u201d), posiadaj\u0105cy wewn\u0105trzwsp\u00f3lnotowy podatek VAT ESX2878559V z siedzib\u0105 pod adresem Calle Claveles 4, 12600 Vall de Ux\u00f3 (Castell\u00f3n), Hiszpania.<\/p>\n\n\n\n<h3 class=\"wp-block-heading\" id=\"2-descripcion-del-servicio\">2. Opis us\u0142ugi<\/h3>\n\n\n\n<p>W Kiemmi zapewniamy naszym u\u017cytkownikom i klientom szereg us\u0142ug za po\u015brednictwem Internetu, takich jak marketing i produkcja artyku\u0142\u00f3w personalizowanych, upomink\u00f3w, artyku\u0142\u00f3w dekoracyjnych: breloczk\u00f3w do kluczy, pude\u0142ek, magnes\u00f3w, toreb, naklejek itp.<\/p>\n\n\n\n<p>U\u017cytkownicy naszego serwisu mog\u0105 nabywa\u0107 produkty na w\u0142asny u\u017cytek lub sprzedawa\u0107 je osobom trzecim.<\/p>\n\n\n\n<h3 class=\"wp-block-heading\" id=\"3-uso-de-las-paginas-web-bajo-la-marca-de-camaloon\">3. Korzystanie z serwisu kiemmi.com<\/h3>\n\n\n\n<h4 class=\"wp-block-heading\" id=\"3-1-edad-minima\">3.1 Minimalny wiek<\/h4>\n\n\n\n<p>Aby by\u0107 u\u017cytkownikiem serwisu Kiemmi musisz by\u0107 pe\u0142noletni (minimum 18 lat).<\/p>\n\n\n\n<h4 class=\"wp-block-heading\" id=\"3-2-licencia-de-uso-de-la-web-y-del-servicio-de-camaloon\">3.2 Licencja na korzystanie ze strony internetowej i us\u0142ugi Kiemmi<\/h4>\n\n\n\n<p>Kiemmi oferuje ograniczon\u0105 i odwo\u0142aln\u0105 licencj\u0119 na dost\u0119p i korzystanie z naszych stron internetowych i us\u0142ug, zgodnie z niniejszymi Og\u00f3lnymi warunkami u\u017cytkowania i sprzeda\u017cy. Licencja ta nie obejmuje prawa do gromadzenia lub wykorzystywania informacji znajduj\u0105cych si\u0119 w serwisie w celach przez nas zabronionych, takich jak konkurowanie z Kiemmi, wykorzystywanie w jakikolwiek spos\u00f3b tre\u015bci Kiemmi czy zapisywanie cz\u0119\u015bciowej lub ca\u0142kowitej kopii naszych stron internetowych.<\/p>\n\n\n\n<h3 class=\"wp-block-heading\" id=\"4-reglas-generales\">4. Zasady og\u00f3lne<\/h3>\n\n\n\n<h4 class=\"wp-block-heading\" id=\"4-1-uso-prohibido\">4.1 Zabronione u\u017cycie<\/h4>\n\n\n\n<p>Nie mo\u017cesz podejmowa\u0107 pr\u00f3b powodowania lub powodowania jakichkolwiek szk\u00f3d na naszych stronach internetowych lub w serwisie Kiemmi. Na przyk\u0142ad, je\u017celi lista ta nie jest kompletna i wyczerpuj\u0105ca, zabrania si\u0119:<\/p>\n\n\n\n<p>Do. Utrudniaj dzia\u0142anie us\u0142ugi Kiemmi, u\u017cywaj\u0105c wirus\u00f3w lub innych program\u00f3w zaprojektowanych w celu spowodowania uszkodzenia oprogramowania lub sprz\u0119tu<\/p>\n\n\n\n<p>B. Modyfikuj lub tw\u00f3rz wersje dowolnej technologii u\u017cywanej na stronach internetowych Kiemmi<\/p>\n\n\n\n<p>C. U\u017cyj dowolnego rodzaju skryptu, robota lub technologii do monitorowania witryny Kiemmi<\/p>\n\n\n\n<p>D. Zbieraj e-maile i inne informacje za po\u015brednictwem us\u0142ugi Kiemmi<\/p>\n\n\n\n<p>I. Podszywa\u0107 si\u0119 pod inn\u0105 osob\u0119 lub podmiot albo fa\u0142szowa\u0107 jakiekolwiek informacje<\/p>\n\n\n\n<p>F. Przegl\u0105daj lub kupuj na stronie Kiemmi, je\u015bli nie jeste\u015b pe\u0142noletni.<\/p>\n\n\n\n<h4 class=\"wp-block-heading\" id=\"4-2-privacidad-y-proteccion-de-datos\">4.2 Prywatno\u015b\u0107 i ochrona danych<\/h4>\n\n\n\n<p>W Kiemmi szczeg\u00f3lnie dbamy o bezpiecze\u0144stwo i gwarancj\u0119 poufno\u015bci danych przekazywanych przez naszych klient\u00f3w. Dok\u0142adamy wszelkich stara\u0144, aby zapewni\u0107 najlepsz\u0105 obs\u0142ug\u0119 i najlepsze do\u015bwiadczenia online. Na stronie mo\u017cesz dowiedzie\u0107 si\u0119, jakie masz prawa i jak z nich skorzysta\u0107&nbsp;<a href=\"https:\/\/kiemmi.com\/politica-de-privacidad\/\">Prywatno\u015b\u0107<\/a>.<\/p>\n\n\n\n<h4 class=\"wp-block-heading\" id=\"4-3-condiciones-de-compra\">4.3 Warunki zakupu<\/h4>\n\n\n\n<h5 class=\"wp-block-heading\" id=\"4-3-1-sistema-de-venta\">4.3.1 System sprzeda\u017cy<\/h5>\n\n\n\n<p>Aby dokona\u0107 zakupu, nale\u017cy przes\u0142a\u0107 nam swoje zam\u00f3wienie online, korzystaj\u0105c z w\u0142\u0105czonego w tym celu procesu zakupowego. Mo\u017cesz skontaktowa\u0107 si\u0119 z nami przez&nbsp;<a href=\"mailto:info@kiemmi.com\">e-mail<\/a>&nbsp;je\u015bli potrzebujesz pomocy.<\/p>\n\n\n\n<h5 class=\"wp-block-heading\" id=\"4-3-2-impuestos-aplicables\">4.3.2 Obowi\u0105zuj\u0105ce podatki<\/h5>\n\n\n\n<p>Ceny produkt\u00f3w wy\u015bwietlane na naszych stronach internetowych znajdziesz w podziale na proces zakupu. Zawsze przed przyj\u0119ciem zakupu podamy Pa\u0144stwu kwoty z VAT oraz cen\u0119 transportu.<\/p>\n\n\n\n<p>Podatek VAT mo\u017ce si\u0119 r\u00f3\u017cni\u0107 w zale\u017cno\u015bci od miejsca zamieszkania, rodzaju produktu, a tak\u017ce jego pochodzenia. Je\u015bli masz pytania dotycz\u0105ce konkretnego zwolnienia z podatku VAT, skontaktuj si\u0119 z nami bezpo\u015brednio, wysy\u0142aj\u0105c e-mail na podany adres&nbsp;<a href=\"mailto:info@kiemmi.com\">info@kiemmi.com<\/a>.<\/p>\n\n\n\n<p>Op\u0142aty importowe, koszty przelewu bankowego, procedury celne lub potr\u0105cenia w miejscu pochodzenia lub te zwi\u0105zane z dostaw\u0105 na terytoria specjalne (patrz sekcja 4.3.4) lub do kraj\u00f3w znajduj\u0105cych si\u0119 poza Uni\u0105 Europejsk\u0105, le\u017c\u0105 po Twojej stronie jako klienta i nie s\u0105 uwzgl\u0119dnione ceny, kt\u00f3re podajemy na stronie internetowej.<\/p>\n\n\n\n<h5 class=\"wp-block-heading\" id=\"4-3-3-forma-de-pago\">4.3.3 Spos\u00f3b p\u0142atno\u015bci<\/h5>\n\n\n\n<p>Sk\u0142adaj\u0105c zam\u00f3wienie, nale\u017cy dokona\u0107 p\u0142atno\u015bci za pomoc\u0105 dowolnej metody p\u0142atno\u015bci akceptowanej na naszej stronie. Tylko w ten spos\u00f3b zaczniemy realizowa\u0107 Twoje zam\u00f3wienie. W niekt\u00f3rych przypadkach, aby zapobiec mo\u017cliwym oszustwom, Kiemmi zastrzegamy sobie prawo do poproszenia naszych klient\u00f3w o skorzystanie z okre\u015blonej metody p\u0142atno\u015bci lub za\u017c\u0105danie dodatkowej dokumentacji.<\/p>\n\n\n\n<h5 class=\"wp-block-heading\" id=\"4-3-4-forma-gastos-y-plazos-de-envio\">4.3.4 Spos\u00f3b, koszty i terminy wysy\u0142ki<\/h5>\n\n\n\n<p>Zam\u00f3wienia do naszych klient\u00f3w zamieszkuj\u0105cych Europ\u0119 i reszt\u0119 \u015bwiata wysy\u0142amy za po\u015brednictwem r\u00f3\u017cnych firm transportowych. Cen\u0119 ka\u017cdej przesy\u0142ki obliczamy automatycznie, gdy poprosisz o wycen\u0119 lub z\u0142o\u017cysz zam\u00f3wienie.<\/p>\n\n\n\n<p>Istniej\u0105 pewne terytoria, kt\u00f3re nawet je\u015bli przynale\u017c\u0105 do konkretnego kraju, mog\u0105 ponie\u015b\u0107 dodatkowe op\u0142aty, poniewa\u017c firmy transportowe zwykle traktuj\u0105 je jako wyj\u0105tkowe. Na przyk\u0142ad Ceuta, Melilla, Guadalupe, Martynika, Wyspy Kanaryjskie itp.<\/p>\n\n\n\n<p>Czasy produkcji widoczne s\u0105 na naszej stronie internetowej. Mo\u017cliwe jest, \u017ce w zam\u00f3wieniu mog\u0105 wyst\u0105pi\u0107 pewne op\u00f3\u017anienia w produkcji spowodowane brakami produkt\u00f3w, p\u00f3\u017anym potwierdzeniem z Twojej strony, nieprawid\u0142owym projektem itp. W ka\u017cdym razie w Kiemmi mamy \u015bwiadomo\u015b\u0107, \u017ce musimy dostarczy\u0107 produkty pod adres wysy\u0142ki, kt\u00f3ry wska\u017cesz nam jako klientowi, w mo\u017cliwie najkr\u00f3tszym czasie, zgodnie z terminami produkcji i czasem wysy\u0142ki, zawsze w ci\u0105gu trzydziestu (30) kalendarzy dni od daty potwierdzenia przez nas zam\u00f3wienia. W przypadku jakichkolwiek op\u00f3\u017anie\u0144 skontaktujemy si\u0119 z Pa\u0144stwem i poinformujemy o ewentualnych zmianach.<\/p>\n\n\n\n<p>Terminy transportu mog\u0105 ulec zmianie w wyniku nadzwyczajnych zdarze\u0144 w transporcie (np. strajk\u00f3w, zjawisk pogodowych, wyj\u0105tkowych sytuacji politycznych itp.) lub ze strony organ\u00f3w celnych, kontroli w kraju docelowym lub trudno\u015bci w dostawie towaru. W Kiemmi nie ponosimy odpowiedzialno\u015bci za op\u00f3\u017anienia spowodowane przez agencj\u0119 transportow\u0105 lub jak\u0105kolwiek procedur\u0119 kontroli celnej. Obiecujemy jednak wymian\u0119 w rozs\u0105dnym terminie ka\u017cdego zam\u00f3wienia, kt\u00f3re zosta\u0142o uszkodzone lub utracone podczas transportu.<\/p>\n\n\n\n<h3 class=\"wp-block-heading\" id=\"5-garantias-cambios-cancelaciones-y-devoluciones\">5. Gwarancje, wymiany, anulacje i zwroty<\/h3>\n\n\n\n<p>Jako u\u017cytkownik mo\u017cesz zmieni\u0107 lub doda\u0107 nowy projekt, zmieni\u0107 adres dostawy i\/lub rozliczeniowy, a tak\u017ce anulowa\u0107 zam\u00f3wienie, o ile nie wesz\u0142o ono faktycznie do procesu produkcyjnego.<\/p>\n\n\n\n<p>W tym celu nale\u017cy wys\u0142a\u0107 e-mail na adres&nbsp;<a href=\"mailto:info@kiemmi.com\">info@kiemmi.com<\/a>, za\u0142\u0105czaj\u0105c numer referencyjny zam\u00f3wienia. Po sprawdzeniu statusu zam\u00f3wienia poinformujemy Ci\u0119, czy zmiana lub mo\u017cliwo\u015b\u0107 anulowania zam\u00f3wienia ma zastosowanie.<\/p>\n\n\n\n<p>Jako u\u017cytkownik i klient b\u0119dziesz mia\u0142 czterna\u015bcie (14) dni kalendarzowych na odst\u0105pienie od zakupu i zwrot produktu lub produkt\u00f3w, licz\u0105c od momentu otrzymania zam\u00f3wienia, o ile nie jest to produkt spersonalizowany, tj. modyfikowane dla naszych klient\u00f3w zgodnie z ich instrukcjami. W przypadku produkt\u00f3w spersonalizowanych nie akceptujemy wymian ani zwrot\u00f3w.<\/p>\n\n\n\n<p>Produkty spersonalizowane mog\u0105 posiada\u0107 niewielkie modyfikacje pod wzgl\u0119dem koloru, wagi, tekstury, materia\u0142\u00f3w, rozmiaru lub projektu, zawsze zgodne z przeznaczeniem i pierwotnym pomys\u0142em przedstawionym na naszych stronach internetowych. Ze swojej strony musisz traktowa\u0107 produkty Kiemmi z najwy\u017csz\u0105 ostro\u017cno\u015bci\u0105, nie u\u017cywa\u0107 ich i nie poddawa\u0107 ich niew\u0142a\u015bciwym lub szkodliwym warunkom ani manipulacjom, kt\u00f3re mog\u0142yby w nienormalny spos\u00f3b pogorszy\u0107 ich stan. Twoim obowi\u0105zkiem jest ich prawid\u0142owe przechowywanie do czasu sprawdzenia ich w Kiemmi, je\u015bli chcesz je zwr\u00f3ci\u0107 lub z\u0142o\u017cy\u0107 reklamacj\u0119.<\/p>\n\n\n\n<p>Koszty wysy\u0142ki zwrotnej le\u017c\u0105 po stronie klienta. W tym celu nale\u017cy wys\u0142a\u0107 e-mail na adres&nbsp;<a href=\"mailto:info@kiemmi.co\">info@kiemmi.com<\/a>&nbsp;z pro\u015bb\u0105 o zwrot zam\u00f3wienia.<\/p>\n\n\n\n<p>Po zwr\u00f3ceniu materia\u0142u i sprawdzeniu jego nieprawid\u0142owego stanu, przyst\u0105pimy do zwrotu op\u0142aconego produktu, opr\u00f3cz zwrotu pocz\u0105tkowych koszt\u00f3w wysy\u0142ki w najbardziej podstawowej formie (wysy\u0142ka standardowa). Je\u017celi zwrot nast\u0105pi\u0142 na skutek naszego b\u0142\u0119du, Kiemmi pokryje koszty przesy\u0142ki zwi\u0105zanej ze zwrotem produktu. W przeciwnym razie b\u0119dziesz musia\u0142 pokry\u0107 koszty przesy\u0142ki zwrotnej.<\/p>\n\n\n\n<p>Zwr\u00f3cimy kwot\u0119 zwrotu w ci\u0105gu czternastu (14) dni od faktycznego otrzymania zwracanego produktu i przy u\u017cyciu tej samej metody p\u0142atno\u015bci, kt\u00f3rej u\u017cy\u0142e\u015b do zakupu.<\/p>\n\n\n\n<h3 class=\"wp-block-heading\" id=\"6-propiedad-intelectual\">6. W\u0142asno\u015b\u0107 intelektualna<\/h3>\n\n\n\n<p>Zastrzegamy sobie wszelkie prawa w\u0142asno\u015bci chronione prawem w\u0142asno\u015bci intelektualnej i przemys\u0142owej zawarte w serwisie Kiemmi, to jest m.in. teksty, obrazy, projekty graficzne, marki, struktur\u0119 nawigacji, informacje i tre\u015bci. Ponosimy wy\u0142\u0105czn\u0105 odpowiedzialno\u015b\u0107 za korzystanie z praw do ich wykorzystania w jakiejkolwiek formie, a w szczeg\u00f3lno\u015bci za prawa do reprodukcji, dystrybucji, publicznego udost\u0119pniania i przekszta\u0142cania, zgodnie z hiszpa\u0144skim ustawodawstwem dotycz\u0105cym praw w\u0142asno\u015bci intelektualnej i przemys\u0142owej.<\/p>\n\n\n\n<p>W przypadku, gdy jako u\u017cytkownik personalizujesz produkt znajduj\u0105cy si\u0119 w serwisie Kiemmi, za pomoc\u0105 zaproponowanego przez Ciebie obrazu, a nie znajduj\u0105cego si\u0119 w katalogu obraz\u00f3w Kiemmi, musisz zagwarantowa\u0107, \u017ce przys\u0142uguj\u0105 Ci wszelkie prawa W\u0142asno\u015bci Intelektualnej i Przemys\u0142owej, a tak\u017ce wszelkie prawa wizerunku lub prywatno\u015bci dotycz\u0105cych ewentualnych istniej\u0105cych os\u00f3b fizycznych lub prawnych, niezb\u0119dnych do wykorzystania wizerunku w wybranej przez Ciebie formie lub w spos\u00f3b. Z kolei jako u\u017cytkownik udzielasz nam ograniczonej licencji na reprodukcj\u0119, komunikowanie, rozpowszechnianie i przekszta\u0142canie zaproponowanego przez Ciebie wizerunku w spersonalizowany produkt lub produkty zam\u00f3wione przez Ciebie. Po wyprodukowaniu i wys\u0142aniu produktu na adres dostawy niniejsza licencja wygasa.<\/p>\n\n\n\n<p>Zwalniaj\u0105 Pa\u0144stwo Kiemmi z wszelkiej odpowiedzialno\u015bci za roszczenia os\u00f3b trzecich wynikaj\u0105ce z nielegalnego lub przest\u0119pczego wykorzystania obraz\u00f3w obj\u0119tych w\u0142asno\u015bci\u0105 intelektualn\u0105 lub przemys\u0142ow\u0105 lub prawami do wizerunku lub prywatno\u015bci os\u00f3b fizycznych w spersonalizowanych produktach za po\u015brednictwem naszych stron internetowych.<\/p>\n\n\n\n<h3 class=\"wp-block-heading\" id=\"7-quejas-y-reclamaciones\">7. Reklamacje i roszczenia<\/h3>\n\n\n\n<p>Jako klient zawsze mo\u017cesz si\u0119 z nami skontaktowa\u0107&nbsp;<a href=\"mailto:info@kiemmi.com\">info@kiemmi.com<\/a>&nbsp;do przekazywania wszelkich skarg, sugestii lub roszcze\u0144 wynikaj\u0105cych ze \u015bwiadczenia naszych us\u0142ug. Aby u\u0142atwi\u0107 przetwarzanie, prosimy o ka\u017cdorazowe podawanie nam faktury lub numeru zam\u00f3wienia. Zobowi\u0105zujemy si\u0119 odpowiedzie\u0107 na \u017c\u0105dania w terminie siedmiu (7) dni roboczych od dnia ich prawid\u0142owego otrzymania przez nas. Je\u017celi reklamacja dotyczy materia\u0142u niepochodz\u0105cego od Kiemmi, mo\u017ce zaistnie\u0107 konieczno\u015b\u0107 wyd\u0142u\u017cenia tego terminu, aby\u015bmy mogli skontaktowa\u0107 si\u0119 z producentem.<\/p>\n\n\n\n<p>Po up\u0142ywie siedmiu (7) dni od dnia ich skutecznej dostawy nie b\u0119d\u0105 Pa\u0144stwo mogli sk\u0142ada\u0107 reklamacji ani roszcze\u0144 dotycz\u0105cych zam\u00f3wie\u0144.<\/p>\n\n\n\n<h3 class=\"wp-block-heading\" id=\"8-derechos-de-camaloon\">8. Prawa Kiemmiego<\/h3>\n\n\n\n<h4 class=\"wp-block-heading\" id=\"8-1-monitorizacion\">8.1 Monitorowanie<\/h4>\n\n\n\n<p>W Kiemmi zastrzegamy sobie prawo (bez podejmowania obowi\u0105zku) do monitorowania wszystkich transakcji i komunikacji, kt\u00f3re maj\u0105 miejsce na naszej stronie internetowej. Je\u015bli uznamy, wed\u0142ug naszego uznania, \u017ce u\u017cytkownik lub klient naruszy lub mo\u017ce naruszy\u0107 jakikolwiek warunek niniejszych Og\u00f3lnych warunk\u00f3w u\u017cytkowania i sprzeda\u017cy lub \u017ce wspomniana transakcja lub komunikacja jest niew\u0142a\u015bciwa, mo\u017cemy anulowa\u0107 lub ograniczy\u0107 dost\u0119p do tego u\u017cytkownika, bez mo\u017cliwo\u015bci \u017c\u0105da\u0107 przysz\u0142o\u015bci.<\/p>\n\n\n\n<h4 class=\"wp-block-heading\" id=\"8-2-modificacion-del-servicio\">8.2 Modyfikacja us\u0142ugi<\/h4>\n\n\n\n<p>W Kiemmi zastrzegamy sobie prawo do modyfikacji dystrybucji, organizacji i wygl\u0105du naszej strony internetowej oraz oferowanych przez nas us\u0142ug, a tak\u017ce mo\u017cemy zmieni\u0107 lub zawiesi\u0107 dowolny aspekt naszych us\u0142ug i\/lub cen bez wcze\u015bniejszego powiadomienia lub mo\u017cliwo\u015bci roszcze\u0144.<\/p>\n\n\n\n<h4 class=\"wp-block-heading\" id=\"8-3-cancelacion-del-contrato\">8.3 Odst\u0105pienie od umowy<\/h4>\n\n\n\n<p>Firma Kiemmi, wed\u0142ug w\u0142asnego uznania i za uprzednim powiadomieniem lub bez niego, mo\u017ce:<\/p>\n\n\n\n<ul class=\"wp-block-list\"><li>Zawiesi\u0107 lub ograniczy\u0107 korzystanie z Kiemmi do konkretnego u\u017cytkownika, a tak\u017ce ca\u0142kowicie zamkn\u0105\u0107 konto lub anulowa\u0107 dost\u0119p do naszych stron internetowych<\/li><li>Zablokuj lub anuluj produkcj\u0119 dowolnego zam\u00f3wienia zawieraj\u0105cego obrazy stanowi\u0105ce przest\u0119pstwo, naruszaj\u0105ce prawa os\u00f3b trzecich, obra\u017aliwe, w z\u0142ym gu\u015bcie, zawieraj\u0105ce przemoc, obelgi, skrajnie radykalne przes\u0142ania polityczne, sekciarskie lub sprzeczne z podstawowymi przes\u0142aniami dotycz\u0105cymi praw cz\u0142owieka .<\/li><li>Zablokuj lub anuluj produkcj\u0119 dowolnego zam\u00f3wienia, kt\u00f3re po sprawdzeniu zawiera b\u0142\u0119dy w projektach, w kalkulacji ceny, kt\u00f3re nie mog\u0105 zapewni\u0107 wystarczaj\u0105cej gwarancji efektu ko\u0144cowego itp.<\/li><li>Zg\u0142aszaj w\u0142a\u015bciwym organom wszelkie nadu\u017cycia lub oszustwa, kt\u00f3re mia\u0142y miejsce na naszych stronach internetowych<\/li><li>Usu\u0144 wszelk\u0105 zawarto\u015b\u0107, kt\u00f3r\u0105 uznamy za odpowiedni\u0105, z serwer\u00f3w i katalog\u00f3w Kiemmi lub tre\u015bci zaproponowanych przez u\u017cytkownika<\/li><li>Zaprzesta\u0107 sprzeda\u017cy jakiegokolwiek konkretnego produktu lub w jakiejkolwiek walucie innej ni\u017c euro (\u20ac).<\/li><li>Zaprzesta\u0107 \u015bwiadczenia us\u0142ugi wed\u0142ug naszego uznania lub oferowa\u0107 j\u0105 w ograniczonym zakresie.<\/li><\/ul>\n\n\n\n<h3 class=\"wp-block-heading\" id=\"9-politica-de-enlaces\">9. Polityka link\u00f3w<\/h3>\n\n\n\n<p>W Kiemmi nie ponosimy odpowiedzialno\u015bci za strony internetowe lub pliki, do kt\u00f3rych mo\u017cna uzyska\u0107 dost\u0119p za po\u015brednictwem \u0142\u0105czy hipertekstowych (\u201elinki\u201d) dost\u0119pnych w naszych tre\u015bciach. Odpowiedzialno\u015b\u0107 ponosz\u0105 ich w\u0142a\u015bciciele. Dlatego nie zatwierdzamy ani nie popieramy produkt\u00f3w, us\u0142ug, tre\u015bci, informacji, danych, plik\u00f3w ani \u017cadnego rodzaju materia\u0142\u00f3w istniej\u0105cych na takich stronach internetowych lub plikach i nie kontrolujemy ani nie jeste\u015bmy odpowiedzialni za jako\u015b\u0107, niezgodno\u015b\u0107 z prawem, niezawodno\u015b\u0107 i u\u017cyteczno\u015b\u0107 informacji, tre\u015bci i us\u0142ug istniej\u0105cych w witrynach, do kt\u00f3rych prowadz\u0105 linki, a kt\u00f3re nie s\u0105 powi\u0105zane z naszymi stronami.<\/p>\n\n\n\n<p>W przypadku, gdy zostanie to uznane za stosowne lub gdy w\u0142a\u015bciwy organ stwierdzi niezgodno\u015b\u0107 danych z prawem, naka\u017ce ich wycofanie lub dost\u0119p do nich jest niemo\u017cliwy, lub stwierdzono istnienie szkody, a my zostali\u015bmy wyra\u017anie powiadomieni, o podj\u0119ciu odpowiedniego postanowienia , natychmiast usuniemy wskazane linki.<\/p>\n\n\n\n<h3 class=\"wp-block-heading\" id=\"10-limitacion-de-responsabilidad\">10. Ograniczenie odpowiedzialno\u015bci<\/h3>\n\n\n\n<p>Wykluczamy jak\u0105kolwiek odpowiedzialno\u015b\u0107 za jakiekolwiek szkody, kt\u00f3re mog\u0105 wynika\u0107 z braku dost\u0119pno\u015bci lub ci\u0105g\u0142o\u015bci dzia\u0142ania naszych stron internetowych. Zrzekamy si\u0119 r\u00f3wnie\u017c wszelkiej odpowiedzialno\u015bci wynikaj\u0105cej z niew\u0142a\u015bciwego lub niew\u0142a\u015bciwego u\u017cycia naszych produkt\u00f3w.<\/p>\n\n\n\n<h3 class=\"wp-block-heading\" id=\"11-cambios-en-las-presentes-condiciones-generales-de-uso-y-venta\">11. Zmiany w niniejszych Og\u00f3lnych Warunkach U\u017cytkowania i Sprzeda\u017cy<\/h3>\n\n\n\n<p>Zastrzegamy sobie prawo do modyfikacji dowolnego aspektu niniejszych Og\u00f3lnych warunk\u00f3w u\u017cytkowania i sprzeda\u017cy, w tym naszych cen, zaakceptowanych projekt\u00f3w lub tre\u015bci, kt\u00f3re mo\u017cna odrzuci\u0107.<\/p>\n\n\n\n<h3 class=\"wp-block-heading\" id=\"12-legislacion-aplicable-y-jurisdiccion-competente\">12. Obowi\u0105zuj\u0105ce prawo i w\u0142a\u015bciwa jurysdykcja<\/h3>\n\n\n\n<p>Niniejsze Og\u00f3lne warunki u\u017cytkowania i sprzeda\u017cy podlegaj\u0105 prawu hiszpa\u0144skiemu.<\/p>\n\n\n\n<p>Je\u017celi zakupu produkt\u00f3w dokonuje osoba fizyczna, w celu rozstrzygni\u0119cia ewentualnych spor\u00f3w strony postanawiaj\u0105 podda\u0107 si\u0119 arbitra\u017cowi konsumenckiemu ustanowionemu w drodze rozporz\u0105dzenia, zrzekaj\u0105c si\u0119 jakiejkolwiek innej jurysdykcji, kt\u00f3ra mo\u017ce ich dotyczy\u0107.<\/p>\n\n\n\n<p>Je\u015bli jest to firma, kt\u00f3ra kupuje produkty, w celu rozstrzygni\u0119cia ewentualnych spor\u00f3w strony zgadzaj\u0105 si\u0119 podda\u0107 s\u0105dom i trybuna\u0142om w\u0142a\u015bciwym w Nules, zrzekaj\u0105c si\u0119 wszelkiej innej jurysdykcji, kt\u00f3ra mo\u017ce ich dotyczy\u0107.<\/p>","protected":false},"excerpt":{"rendered":"<p>1. Datos identificativos de KIEMMI El prestador del servicio del sitio web es Emmanuel Kielichowski (en adelante, &#8220;Kiemmi&#8221;), con VAT intracomunitario ESX2878559V y con domicilio social en Calle Claveles 4, 12600 Vall de Ux\u00f3 (Castell\u00f3n), Spain. 2. Descripci\u00f3n del servicio En Kiemmi proporcionamos una serie de servicios a trav\u00e9s de Internet a nuestros usuarios y [&hellip;]<\/p>\n","protected":false},"author":1,"featured_media":0,"parent":0,"menu_order":0,"comment_status":"closed","ping_status":"closed","template":"","meta":{"_seopress_robots_primary_cat":"0","_seopress_titles_title":"","_seopress_titles_desc":"","_seopress_robots_index":"","_seopress_analysis_target_kw":"","site-sidebar-layout":"default","site-content-layout":"","ast-site-content-layout":"default","site-content-style":"default","site-sidebar-style":"default","ast-global-header-display":"","ast-banner-title-visibility":"","ast-main-header-display":"","ast-hfb-above-header-display":"","ast-hfb-below-header-display":"","ast-hfb-mobile-header-display":"","site-post-title":"","ast-breadcrumbs-content":"","ast-featured-img":"","footer-sml-layout":"","ast-disable-related-posts":"","theme-transparent-header-meta":"","adv-header-id-meta":"","stick-header-meta":"","header-above-stick-meta":"","header-main-stick-meta":"","header-below-stick-meta":"","astra-migrate-meta-layouts":"default","ast-page-background-enabled":"default","ast-page-background-meta":{"desktop":{"background-color":"","background-image":"","background-repeat":"repeat","background-position":"center center","background-size":"auto","background-attachment":"scroll","background-type":"","background-media":"","overlay-type":"","overlay-color":"","overlay-opacity":"","overlay-gradient":""},"tablet":{"background-color":"","background-image":"","background-repeat":"repeat","background-position":"center center","background-size":"auto","background-attachment":"scroll","background-type":"","background-media":"","overlay-type":"","overlay-color":"","overlay-opacity":"","overlay-gradient":""},"mobile":{"background-color":"","background-image":"","background-repeat":"repeat","background-position":"center center","background-size":"auto","background-attachment":"scroll","background-type":"","background-media":"","overlay-type":"","overlay-color":"","overlay-opacity":"","overlay-gradient":""}},"ast-content-background-meta":{"desktop":{"background-color":"var(--ast-global-color-5)","background-image":"","background-repeat":"repeat","background-position":"center center","background-size":"auto","background-attachment":"scroll","background-type":"","background-media":"","overlay-type":"","overlay-color":"","overlay-opacity":"","overlay-gradient":""},"tablet":{"background-color":"var(--ast-global-color-5)","background-image":"","background-repeat":"repeat","background-position":"center center","background-size":"auto","background-attachment":"scroll","background-type":"","background-media":"","overlay-type":"","overlay-color":"","overlay-opacity":"","overlay-gradient":""},"mobile":{"background-color":"var(--ast-global-color-5)","background-image":"","background-repeat":"repeat","background-position":"center center","background-size":"auto","background-attachment":"scroll","background-type":"","background-media":"","overlay-type":"","overlay-color":"","overlay-opacity":"","overlay-gradient":""}},"footnotes":""},"class_list":["post-2743","page","type-page","status-publish","hentry"],"_links":{"self":[{"href":"https:\/\/kiemmi.com\/pl\/wp-json\/wp\/v2\/pages\/2743","targetHints":{"allow":["GET"]}}],"collection":[{"href":"https:\/\/kiemmi.com\/pl\/wp-json\/wp\/v2\/pages"}],"about":[{"href":"https:\/\/kiemmi.com\/pl\/wp-json\/wp\/v2\/types\/page"}],"author":[{"embeddable":true,"href":"https:\/\/kiemmi.com\/pl\/wp-json\/wp\/v2\/users\/1"}],"replies":[{"embeddable":true,"href":"https:\/\/kiemmi.com\/pl\/wp-json\/wp\/v2\/comments?post=2743"}],"version-history":[{"count":0,"href":"https:\/\/kiemmi.com\/pl\/wp-json\/wp\/v2\/pages\/2743\/revisions"}],"wp:attachment":[{"href":"https:\/\/kiemmi.com\/pl\/wp-json\/wp\/v2\/media?parent=2743"}],"curies":[{"name":"wp","href":"https:\/\/api.w.org\/{rel}","templated":true}]}}