{"id":2226,"date":"2020-07-25T11:07:48","date_gmt":"2020-07-25T11:07:48","guid":{"rendered":"https:\/\/www.tks3d.com\/?page_id=2226"},"modified":"2022-01-22T17:54:20","modified_gmt":"2022-01-22T17:54:20","slug":"polityka-plikow-cookie","status":"publish","type":"page","link":"https:\/\/kiemmi.com\/pl\/politica-de-cookies\/","title":{"rendered":"Polityka plik\u00f3w cookies"},"content":{"rendered":"<p>Zgodnie z postanowieniami artyku\u0142u 22.2 ustawy 34\/2002 z dnia 11 lipca o us\u0142ugach spo\u0142ecze\u0144stwa informacyjnego i handlu elektronicznym, niniejsza strona internetowa informuje w tej sekcji o&nbsp;<strong>zasady gromadzenia i przetwarzania plik\u00f3w cookies<\/strong>.<\/p>\n\n\n\n<h4 class=\"wp-block-heading\">Co to s\u0105 pliki cookie?<\/h4>\n\n\n\n<p>Plik cookie to plik pobierany na Tw\u00f3j komputer podczas uzyskiwania dost\u0119pu do niekt\u00f3rych stron internetowych. Pliki cookies umo\u017cliwiaj\u0105 witrynie internetowej m.in. przechowywanie i pobieranie informacji o zwyczajach przegl\u0105dania u\u017cytkownika lub jego sprz\u0119cie oraz, w zale\u017cno\u015bci od zawartych w nich informacji i sposobu, w jaki korzystasz ze swojego sprz\u0119tu, mog\u0105 zosta\u0107 wykorzystane do rozpoznania u\u017cytkownika.<\/p>\n\n\n\n<h4 class=\"wp-block-heading\">Rodzaje plik\u00f3w cookies i ich przeznaczenie<\/h4>\n\n\n\n<p>Podczas przegl\u0105dania tej witryny wykorzystywane s\u0105 pliki cookie sesji, trwa\u0142e pliki cookie, analityczne pliki cookie i personalizacyjne pliki cookie:<\/p>\n\n\n\n<p><strong>Pliki cookie sesji:<\/strong>&nbsp;S\u0105 to pliki cookie przeznaczone do zbierania i przechowywania danych, gdy u\u017cytkownik uzyskuje dost\u0119p do strony internetowej. Zwykle s\u0142u\u017c\u0105 do przechowywania informacji, kt\u00f3re s\u0105 interesuj\u0105ce do przechowywania tylko w celu jednorazowego \u015bwiadczenia us\u0142ugi \u017c\u0105danej przez u\u017cytkownika.<\/p>\n\n\n\n<p><strong>Trwa\u0142e pliki cookie:<\/strong>&nbsp;S\u0105 to rodzaj plik\u00f3w cookie, w kt\u00f3rych dane s\u0105 nadal przechowywane na urz\u0105dzeniu ko\u0144cowym i mo\u017cna uzyska\u0107 do nich dost\u0119p oraz je przetwarza\u0107 przez okres okre\u015blony przez osob\u0119 odpowiedzialn\u0105 za plik cookie, kt\u00f3ry mo\u017ce wynosi\u0107 od kilku minut do kilku lat.<\/p>\n\n\n\n<p><strong>Analityczne pliki cookie<\/strong>: S\u0105 to takie, kt\u00f3re, dobrze traktowane przez nas lub przez strony trzecie, pozwalaj\u0105 nam okre\u015bli\u0107 ilo\u015bciowo liczb\u0119 u\u017cytkownik\u00f3w, a tym samym przeprowadzi\u0107 pomiar i analiz\u0119 statystyczn\u0105 korzystania przez u\u017cytkownik\u00f3w z oferowanej us\u0142ugi. W tym celu analizowana jest Twoja nawigacja na naszej stronie internetowej, aby ulepszy\u0107 ofert\u0119 oferowanych przez nas produkt\u00f3w lub us\u0142ug.<\/p>\n\n\n\n<p><strong>Pliki cookie s\u0142u\u017c\u0105ce do personalizacji<\/strong>: S\u0105 to te, kt\u00f3re umo\u017cliwiaj\u0105 u\u017cytkownikowi dost\u0119p do us\u0142ugi z pewnymi wcze\u015bniej okre\u015blonymi og\u00f3lnymi cechami opartymi na szeregu kryteri\u00f3w w terminalu u\u017cytkownika, takich jak j\u0119zyk lub typ przegl\u0105darki, za po\u015brednictwem kt\u00f3rej u\u017cytkownik \u0142\u0105czy si\u0119 z us\u0142ug\u0105.<\/p>\n\n\n\n<h4 class=\"wp-block-heading\">Aktualizacje i zmiany w Polityce plik\u00f3w cookies<\/h4>\n\n\n\n<p>KIEMMI mo\u017ce modyfikowa\u0107 niniejsz\u0105 Polityk\u0119 plik\u00f3w cookie w oparciu o nowe wymogi prawne lub regulacyjne lub w celu dostosowania tej polityki do instrukcji wydanych przez Hiszpa\u0144sk\u0105 Agencj\u0119 Ochrony Danych.<\/p>\n\n\n\n<p>Je\u015bli chcesz uzyska\u0107 wi\u0119cej informacji na temat sposobu, w jaki wykorzystujemy pliki cookie, mo\u017cesz wys\u0142a\u0107 nam wiadomo\u015b\u0107 e-mail na adres info@tekniservice.com<\/p>","protected":false},"excerpt":{"rendered":"<p>En cumplimiento con lo dispuesto en el art\u00edculo 22.2 de la Ley 34\/2002, de 11 de julio, de Servicios de la Sociedad de la Informaci\u00f3n y de Comercio Electr\u00f3nico, esta p\u00e1gina web le informa, en esta secci\u00f3n, sobre la&nbsp;pol\u00edtica de recogida y tratamiento de cookies. \u00bfQu\u00e9 son las cookies? Una cookie es un fichero que [&hellip;]<\/p>\n","protected":false},"author":1,"featured_media":0,"parent":0,"menu_order":0,"comment_status":"closed","ping_status":"closed","template":"","meta":{"_seopress_robots_primary_cat":"0","_seopress_titles_title":"","_seopress_titles_desc":"","_seopress_robots_index":"","_seopress_analysis_target_kw":"","site-sidebar-layout":"default","site-content-layout":"","ast-site-content-layout":"default","site-content-style":"default","site-sidebar-style":"default","ast-global-header-display":"","ast-banner-title-visibility":"","ast-main-header-display":"","ast-hfb-above-header-display":"","ast-hfb-below-header-display":"","ast-hfb-mobile-header-display":"","site-post-title":"","ast-breadcrumbs-content":"","ast-featured-img":"","footer-sml-layout":"","ast-disable-related-posts":"","theme-transparent-header-meta":"","adv-header-id-meta":"","stick-header-meta":"","header-above-stick-meta":"","header-main-stick-meta":"","header-below-stick-meta":"","astra-migrate-meta-layouts":"default","ast-page-background-enabled":"default","ast-page-background-meta":{"desktop":{"background-color":"","background-image":"","background-repeat":"repeat","background-position":"center center","background-size":"auto","background-attachment":"scroll","background-type":"","background-media":"","overlay-type":"","overlay-color":"","overlay-opacity":"","overlay-gradient":""},"tablet":{"background-color":"","background-image":"","background-repeat":"repeat","background-position":"center center","background-size":"auto","background-attachment":"scroll","background-type":"","background-media":"","overlay-type":"","overlay-color":"","overlay-opacity":"","overlay-gradient":""},"mobile":{"background-color":"","background-image":"","background-repeat":"repeat","background-position":"center center","background-size":"auto","background-attachment":"scroll","background-type":"","background-media":"","overlay-type":"","overlay-color":"","overlay-opacity":"","overlay-gradient":""}},"ast-content-background-meta":{"desktop":{"background-color":"var(--ast-global-color-5)","background-image":"","background-repeat":"repeat","background-position":"center center","background-size":"auto","background-attachment":"scroll","background-type":"","background-media":"","overlay-type":"","overlay-color":"","overlay-opacity":"","overlay-gradient":""},"tablet":{"background-color":"var(--ast-global-color-5)","background-image":"","background-repeat":"repeat","background-position":"center center","background-size":"auto","background-attachment":"scroll","background-type":"","background-media":"","overlay-type":"","overlay-color":"","overlay-opacity":"","overlay-gradient":""},"mobile":{"background-color":"var(--ast-global-color-5)","background-image":"","background-repeat":"repeat","background-position":"center center","background-size":"auto","background-attachment":"scroll","background-type":"","background-media":"","overlay-type":"","overlay-color":"","overlay-opacity":"","overlay-gradient":""}},"footnotes":""},"class_list":["post-2226","page","type-page","status-publish","hentry"],"_links":{"self":[{"href":"https:\/\/kiemmi.com\/pl\/wp-json\/wp\/v2\/pages\/2226","targetHints":{"allow":["GET"]}}],"collection":[{"href":"https:\/\/kiemmi.com\/pl\/wp-json\/wp\/v2\/pages"}],"about":[{"href":"https:\/\/kiemmi.com\/pl\/wp-json\/wp\/v2\/types\/page"}],"author":[{"embeddable":true,"href":"https:\/\/kiemmi.com\/pl\/wp-json\/wp\/v2\/users\/1"}],"replies":[{"embeddable":true,"href":"https:\/\/kiemmi.com\/pl\/wp-json\/wp\/v2\/comments?post=2226"}],"version-history":[{"count":0,"href":"https:\/\/kiemmi.com\/pl\/wp-json\/wp\/v2\/pages\/2226\/revisions"}],"wp:attachment":[{"href":"https:\/\/kiemmi.com\/pl\/wp-json\/wp\/v2\/media?parent=2226"}],"curies":[{"name":"wp","href":"https:\/\/api.w.org\/{rel}","templated":true}]}}