{"id":8907,"date":"2024-10-10T17:42:33","date_gmt":"2024-10-10T17:42:33","guid":{"rendered":"https:\/\/kiemmi.com\/?post_type=product&#038;p=8907"},"modified":"2025-09-02T08:41:16","modified_gmt":"2025-09-02T08:41:16","slug":"salvadanaio-criceto-3d-personalizzabile","status":"publish","type":"product","link":"https:\/\/kiemmi.com\/it\/shop\/huchas\/hucha-hamster-3d-personalizable\/","title":{"rendered":"Salvadanaio a forma di criceto 3D personalizzabile"},"content":{"rendered":"<p>Scopri il nostro affascinante salvadanaio a forma di criceto stampato in 3D, perfetto per chi cerca un regalo originale e pratico. Con un design affascinante e la possibilit\u00e0 di personalizzare i colori e aggiungere un nome, questo salvadanaio si adatta a qualsiasi stile. Ideale per tutte le et\u00e0, unisce funzionalit\u00e0 e creativit\u00e0 in un unico prodotto.<\/p>\n<p><strong>Caratteristiche:<\/strong><\/p>\n<ul>\n<li>\ud83d\udc39 <strong>Bel design a forma di criceto<\/strong>: Un salvadanaio a forma di criceto che aggiunge un tocco divertente e adorabile a qualsiasi spazio.<\/li>\n<li>\ud83c\udfa8 <strong style=\"font-family: -apple-system, BlinkMacSystemFont, 'Segoe UI', Roboto, 'Helvetica Neue', Arial, sans-serif, 'Apple Color Emoji', 'Segoe UI Emoji', 'Segoe UI Symbol'; font-size: 1rem;\">Personalizzazione del colore<\/strong><span style=\"font-family: -apple-system, BlinkMacSystemFont, 'Segoe UI', Roboto, 'Helvetica Neue', Arial, sans-serif, 'Apple Color Emoji', 'Segoe UI Emoji', 'Segoe UI Symbol'; font-size: 1rem;\">: Scegli i colori che preferisci affinch\u00e9 il salvadanaio rispecchi la tua personalit\u00e0 o quella di chi lo ricever\u00e0.<\/span><\/li>\n<li>\u270f\ufe0f <strong style=\"font-family: -apple-system, BlinkMacSystemFont, 'Segoe UI', Roboto, 'Helvetica Neue', Arial, sans-serif, 'Apple Color Emoji', 'Segoe UI Emoji', 'Segoe UI Symbol'; font-size: 1rem;\">Nome personalizzabile<\/strong><span style=\"font-family: -apple-system, BlinkMacSystemFont, 'Segoe UI', Roboto, 'Helvetica Neue', Arial, sans-serif, 'Apple Color Emoji', 'Segoe UI Emoji', 'Segoe UI Symbol'; font-size: 1rem;\">: Aggiungi il nome che desideri rendere il salvadanaio completamente unico e speciale.<\/span><\/li>\n<li>\u2699\ufe0f <strong style=\"font-family: -apple-system, BlinkMacSystemFont, 'Segoe UI', Roboto, 'Helvetica Neue', Arial, sans-serif, 'Apple Color Emoji', 'Segoe UI Emoji', 'Segoe UI Symbol'; font-size: 1rem;\">Meccanismo interattivo per bambini<\/strong><span style=\"font-family: -apple-system, BlinkMacSystemFont, 'Segoe UI', Roboto, 'Helvetica Neue', Arial, sans-serif, 'Apple Color Emoji', 'Segoe UI Emoji', 'Segoe UI Symbol'; font-size: 1rem;\">: Il sistema ad ingranaggi nella chiusura offre un&#039;esperienza divertente per i pi\u00f9 piccoli, trasformando il risparmio in un&#039;attivit\u00e0 giocosa.<\/span><\/li>\n<li>\ud83c\udf81 <strong style=\"font-family: -apple-system, BlinkMacSystemFont, 'Segoe UI', Roboto, 'Helvetica Neue', Arial, sans-serif, 'Apple Color Emoji', 'Segoe UI Emoji', 'Segoe UI Symbol'; font-size: 1rem;\">Un regalo indimenticabile<\/strong><span style=\"font-family: -apple-system, BlinkMacSystemFont, 'Segoe UI', Roboto, 'Helvetica Neue', Arial, sans-serif, 'Apple Color Emoji', 'Segoe UI Emoji', 'Segoe UI Symbol'; font-size: 1rem;\">: \u00c8 perfetto per sorprendere amici, familiari o qualsiasi fan dei criceti, grazie al suo design esclusivo e alle opzioni di personalizzazione.<\/span><\/li>\n<li>\ud83d\udccf <strong style=\"font-family: -apple-system, BlinkMacSystemFont, 'Segoe UI', Roboto, 'Helvetica Neue', Arial, sans-serif, 'Apple Color Emoji', 'Segoe UI Emoji', 'Segoe UI Symbol'; font-size: 1rem;\">Dimensione ideale<\/strong><span style=\"font-family: -apple-system, BlinkMacSystemFont, 'Segoe UI', Roboto, 'Helvetica Neue', Arial, sans-serif, 'Apple Color Emoji', 'Segoe UI Emoji', 'Segoe UI Symbol'; font-size: 1rem;\">: Misura 17,4 cm di lunghezza x 9,4 cm di larghezza e 3,5 cm di spessore, \u00e8 abbastanza compatto da poter essere posizionato ovunque senza occupare molto spazio.<\/span><\/li>\n<li>\ud83c\udfa8 <strong style=\"font-family: -apple-system, BlinkMacSystemFont, 'Segoe UI', Roboto, 'Helvetica Neue', Arial, sans-serif, 'Apple Color Emoji', 'Segoe UI Emoji', 'Segoe UI Symbol'; font-size: 1rem;\">Stampa 3D ad alta precisione<\/strong><span style=\"font-family: -apple-system, BlinkMacSystemFont, 'Segoe UI', Roboto, 'Helvetica Neue', Arial, sans-serif, 'Apple Color Emoji', 'Segoe UI Emoji', 'Segoe UI Symbol'; font-size: 1rem;\">: Prodotto utilizzando la stampa 3D di qualit\u00e0, garantendo una finitura dettagliata e durevole.<\/span><\/li>\n<\/ul>\n<p>Con questo salvadanaio a forma di criceto non avrai solo un pratico spazio dove riporre i tuoi risparmi, ma anche un accessorio decorativo e personalizzato che far\u00e0 sorridere tutti.<\/p>","protected":false},"excerpt":{"rendered":"<p>Questo salvadanaio a forma di criceto \u00e8 un regalo originale e personalizzabile, ideale per ogni occasione. Il suo design affascinante e divertente si distingue grazie alla possibilit\u00e0 di scegliere i colori e aggiungere un nome. La chiusura con meccanismo ad ingranaggi lo rende interattivo e divertente soprattutto per i bambini. Dalle dimensioni compatte e pratiche, \u00e8 facile da collocare in qualsiasi spazio. Inoltre, la stampa 3D di alta qualit\u00e0 garantisce durata e una finitura dettagliata.<\/p>","protected":false},"featured_media":8912,"template":"","meta":{"_seopress_robots_primary_cat":"88","_seopress_titles_title":"Hucha h\u00e1mster 3D personalizable: regalo \u00fanico","_seopress_titles_desc":"Descubre la hucha personalizable perfecta en dise\u00f1o de h\u00e1mster 3D, con colores y nombre \u00fanicos. Un regalo original y pr\u00e1ctico para todas las edades.","_seopress_robots_index":"","_seopress_analysis_target_kw":"hucha,3d,personalizable","site-sidebar-layout":"default","site-content-layout":"","ast-site-content-layout":"default","site-content-style":"default","site-sidebar-style":"default","ast-global-header-display":"","ast-banner-title-visibility":"","ast-main-header-display":"","ast-hfb-above-header-display":"","ast-hfb-below-header-display":"","ast-hfb-mobile-header-display":"","site-post-title":"","ast-breadcrumbs-content":"","ast-featured-img":"","footer-sml-layout":"","ast-disable-related-posts":"","theme-transparent-header-meta":"","adv-header-id-meta":"","stick-header-meta":"","header-above-stick-meta":"","header-main-stick-meta":"","header-below-stick-meta":"","astra-migrate-meta-layouts":"default","ast-page-background-enabled":"default","ast-page-background-meta":{"desktop":{"background-color":"","background-image":"","background-repeat":"repeat","background-position":"center center","background-size":"auto","background-attachment":"scroll","background-type":"","background-media":"","overlay-type":"","overlay-color":"","overlay-opacity":"","overlay-gradient":""},"tablet":{"background-color":"","background-image":"","background-repeat":"repeat","background-position":"center center","background-size":"auto","background-attachment":"scroll","background-type":"","background-media":"","overlay-type":"","overlay-color":"","overlay-opacity":"","overlay-gradient":""},"mobile":{"background-color":"","background-image":"","background-repeat":"repeat","background-position":"center center","background-size":"auto","background-attachment":"scroll","background-type":"","background-media":"","overlay-type":"","overlay-color":"","overlay-opacity":"","overlay-gradient":""}},"ast-content-background-meta":{"desktop":{"background-color":"var(--ast-global-color-5)","background-image":"","background-repeat":"repeat","background-position":"center center","background-size":"auto","background-attachment":"scroll","background-type":"","background-media":"","overlay-type":"","overlay-color":"","overlay-opacity":"","overlay-gradient":""},"tablet":{"background-color":"var(--ast-global-color-5)","background-image":"","background-repeat":"repeat","background-position":"center center","background-size":"auto","background-attachment":"scroll","background-type":"","background-media":"","overlay-type":"","overlay-color":"","overlay-opacity":"","overlay-gradient":""},"mobile":{"background-color":"var(--ast-global-color-5)","background-image":"","background-repeat":"repeat","background-position":"center center","background-size":"auto","background-attachment":"scroll","background-type":"","background-media":"","overlay-type":"","overlay-color":"","overlay-opacity":"","overlay-gradient":""}}},"product_brand":[],"product_cat":[88,87,49],"product_tag":[],"class_list":{"0":"post-8907","1":"product","2":"type-product","3":"status-publish","4":"has-post-thumbnail","6":"product_cat-huchas","7":"product_cat-mascotas","8":"product_cat-regalos-originales","9":"desktop-align-center","10":"tablet-align-left","11":"mobile-align-center","12":"ast-product-gallery-layout-horizontal","13":"ast-magnify-disabled","14":"ast-product-tabs-layout-horizontal","15":"tm-has-options","17":"first","18":"instock","19":"taxable","20":"shipping-taxable","21":"purchasable","22":"product-type-simple"},"_links":{"self":[{"href":"https:\/\/kiemmi.com\/it\/wp-json\/wp\/v2\/product\/8907","targetHints":{"allow":["GET"]}}],"collection":[{"href":"https:\/\/kiemmi.com\/it\/wp-json\/wp\/v2\/product"}],"about":[{"href":"https:\/\/kiemmi.com\/it\/wp-json\/wp\/v2\/types\/product"}],"version-history":[{"count":0,"href":"https:\/\/kiemmi.com\/it\/wp-json\/wp\/v2\/product\/8907\/revisions"}],"wp:featuredmedia":[{"embeddable":true,"href":"https:\/\/kiemmi.com\/it\/wp-json\/wp\/v2\/media\/8912"}],"wp:attachment":[{"href":"https:\/\/kiemmi.com\/it\/wp-json\/wp\/v2\/media?parent=8907"}],"wp:term":[{"taxonomy":"product_brand","embeddable":true,"href":"https:\/\/kiemmi.com\/it\/wp-json\/wp\/v2\/product_brand?post=8907"},{"taxonomy":"product_cat","embeddable":true,"href":"https:\/\/kiemmi.com\/it\/wp-json\/wp\/v2\/product_cat?post=8907"},{"taxonomy":"product_tag","embeddable":true,"href":"https:\/\/kiemmi.com\/it\/wp-json\/wp\/v2\/product_tag?post=8907"}],"curies":[{"name":"wp","href":"https:\/\/api.w.org\/{rel}","templated":true}]}}